{"id":10602,"date":"2014-09-04T19:01:32","date_gmt":"2014-09-04T19:01:32","guid":{"rendered":"http:\/\/theme-fusion.com\/avadaxml\/?page_id=10602"},"modified":"2016-12-19T16:43:37","modified_gmt":"2016-12-19T15:43:37","slug":"noticias","status":"publish","type":"page","link":"https:\/\/www.bombersdv.es\/es\/noticias\/","title":{"rendered":"Noticias"},"content":{"rendered":"<div class=\"fusion-fullwidth fullwidth-box fusion-builder-row-1 nonhundred-percent-fullwidth non-hundred-percent-height-scrolling\" style=\"--awb-background-position:left top;--awb-border-radius-top-left:0px;--awb-border-radius-top-right:0px;--awb-border-radius-bottom-right:0px;--awb-border-radius-bottom-left:0px;--awb-padding-top:20px;--awb-padding-bottom:20px;--awb-border-sizes-top:0px;--awb-border-sizes-bottom:0px;--awb-flex-wrap:wrap;\" ><div class=\"fusion-builder-row fusion-row\"><div class=\"fusion-layout-column fusion_builder_column fusion-builder-column-0 fusion_builder_column_1_1 1_1 fusion-one-full fusion-column-first fusion-column-last fusion-column-no-min-height\" style=\"--awb-bg-size:cover;--awb-margin-bottom:0px;\"><div class=\"fusion-column-wrapper fusion-flex-column-wrapper-legacy\"><div class=\"fusion-blog-shortcode fusion-blog-shortcode-1 fusion-blog-archive fusion-blog-layout-grid-wrapper fusion-blog-pagination\"><style type=\"text\/css\">.fusion-blog-shortcode-1 .fusion-blog-layout-grid .fusion-post-grid{padding:5px;}.fusion-blog-shortcode-1 .fusion-posts-container{margin-left: -5px !important; margin-right:-5px !important;}<\/style><div class=\"fusion-posts-container fusion-posts-container-pagination fusion-blog-rollover fusion-blog-layout-grid fusion-blog-layout-grid-2 isotope\" data-pages=\"83\" data-grid-col-space=\"10\" style=\"margin: -5px -5px 0;min-height:500px;\"><article id=\"blog-1-post-75853\" class=\"fusion-post-grid post-75853 post type-post status-publish format-standard hentry category-news-es tag-avelino-mascarell-es tag-beneficencia-valencia tag-bomberos-jubilaciones tag-veteranos-consorcio-valencia\">\n<div class=\"fusion-post-wrapper\" style=\"background-color:rgba(255,255,255,0);border:1px solid #ebeaea;border-bottom-width:3px;\">\n\n<div class=\"fusion-post-content-wrapper\" style=\"padding:30px 25px 20px 25px;\"><div class=\"fusion-post-content post-content\"><h2 class=\"blog-shortcode-post-title entry-title\"><a href=\"https:\/\/www.bombersdv.es\/es\/el-consorcio-de-bomberos-de-valencia-rinde-homenaje-a-27-profesionales-tras-decadas-de-servicio-a-la-provincia\/\">Homenaje al personal jubilado del Consorcio<\/a><\/h2><p class=\"fusion-single-line-meta\"><span class=\"vcard\" style=\"display: none;\"><span class=\"fn\"><a href=\"https:\/\/www.bombersdv.es\/es\/author\/comunicacion\/\" title=\"Entradas de Gabinete de Comunicaci\u00f3n\" rel=\"author\">Gabinete de Comunicaci\u00f3n<\/a><\/span><\/span><span class=\"updated\" style=\"display:none;\">2026-03-03T14:56:47+01:00<\/span><span>03\/03\/2026<\/span><span class=\"fusion-inline-sep\">|<\/span><\/p><div class=\"fusion-content-sep sep-double sep-solid\"><\/div><div class=\"fusion-post-content-container\"><p>El edificio de la Beneficencia ha acogido el emotivo acto de homenaje al personal jubilado [...]<\/p><\/div><\/div><\/div><div class=\"fusion-clearfix\"><\/div><\/div>\n<\/article>\n<article id=\"blog-1-post-75834\" class=\"fusion-post-grid post-75834 post type-post status-publish format-standard hentry category-news-es\">\n<div class=\"fusion-post-wrapper\" style=\"background-color:rgba(255,255,255,0);border:1px solid #ebeaea;border-bottom-width:3px;\">\n\n<div class=\"fusion-post-content-wrapper\" style=\"padding:30px 25px 20px 25px;\"><div class=\"fusion-post-content post-content\"><h2 class=\"blog-shortcode-post-title entry-title\"><a href=\"https:\/\/www.bombersdv.es\/es\/visita-al-parque-de-bomberos-de-alcobendas\/\">Visita al parque de bomberos de Alcobendas<\/a><\/h2><p class=\"fusion-single-line-meta\"><span class=\"vcard\" style=\"display: none;\"><span class=\"fn\"><a href=\"https:\/\/www.bombersdv.es\/es\/author\/comunicacion\/\" title=\"Entradas de Gabinete de Comunicaci\u00f3n\" rel=\"author\">Gabinete de Comunicaci\u00f3n<\/a><\/span><\/span><span class=\"updated\" style=\"display:none;\">2026-02-28T18:24:57+01:00<\/span><span>28\/02\/2026<\/span><span class=\"fusion-inline-sep\">|<\/span><\/p><div class=\"fusion-content-sep sep-double sep-solid\"><\/div><div class=\"fusion-post-content-container\"><p>El presidente del Consorcio Provincial de Bomberos de Valencia (CPBV), Avelino Mascarell, ha visitado el [...]<\/p><\/div><\/div><\/div><div class=\"fusion-clearfix\"><\/div><\/div>\n<\/article>\n<article id=\"blog-1-post-75827\" class=\"fusion-post-grid post-75827 post type-post status-publish format-standard hentry category-news-es\">\n<div class=\"fusion-post-wrapper\" style=\"background-color:rgba(255,255,255,0);border:1px solid #ebeaea;border-bottom-width:3px;\">\n\n<div class=\"fusion-post-content-wrapper\" style=\"padding:30px 25px 20px 25px;\"><div class=\"fusion-post-content post-content\"><h2 class=\"blog-shortcode-post-title entry-title\"><a href=\"https:\/\/www.bombersdv.es\/es\/llega-a-utiel-el-ciclo-de-jornadas-tecnicas-sobre-brigadas-forestales-y-prevencion-operativa\/\">Llega a Utiel el ciclo de jornadas t\u00e9cnicas sobre brigadas forestales y prevenci\u00f3n operativa<\/a><\/h2><p class=\"fusion-single-line-meta\"><span class=\"vcard\" style=\"display: none;\"><span class=\"fn\"><a href=\"https:\/\/www.bombersdv.es\/es\/author\/comunicacion\/\" title=\"Entradas de Gabinete de Comunicaci\u00f3n\" rel=\"author\">Gabinete de Comunicaci\u00f3n<\/a><\/span><\/span><span class=\"updated\" style=\"display:none;\">2026-02-28T18:21:55+01:00<\/span><span>28\/02\/2026<\/span><span class=\"fusion-inline-sep\">|<\/span><\/p><div class=\"fusion-content-sep sep-double sep-solid\"><\/div><div class=\"fusion-post-content-container\"><p>El Consorcio Provincial de Bomberos de Valencia \u00a0ha celebrado en Utiel una nueva sesi\u00f3n del [...]<\/p><\/div><\/div><\/div><div class=\"fusion-clearfix\"><\/div><\/div>\n<\/article>\n<article id=\"blog-1-post-75811\" class=\"fusion-post-grid post-75811 post type-post status-publish format-standard hentry category-news-es tag-cadena-borrascas tag-viento\">\n<div class=\"fusion-post-wrapper\" style=\"background-color:rgba(255,255,255,0);border:1px solid #ebeaea;border-bottom-width:3px;\">\n\n<div class=\"fusion-post-content-wrapper\" style=\"padding:30px 25px 20px 25px;\"><div class=\"fusion-post-content post-content\"><h2 class=\"blog-shortcode-post-title entry-title\"><a href=\"https:\/\/www.bombersdv.es\/es\/el-consorcio-de-valencia-interviene-en-mas-de-1-000-servicios-por-viento-durante-la-cadena-de-borrascas-vivida-entre-enero-y-febrero\/\">El Consorcio de Valencia interviene en m\u00e1s de 1.000 servicios por viento durante la cadena de borrascas vivida entre enero y febrero<\/a><\/h2><p class=\"fusion-single-line-meta\"><span class=\"vcard\" style=\"display: none;\"><span class=\"fn\"><a href=\"https:\/\/www.bombersdv.es\/es\/author\/comunicacion\/\" title=\"Entradas de Gabinete de Comunicaci\u00f3n\" rel=\"author\">Gabinete de Comunicaci\u00f3n<\/a><\/span><\/span><span class=\"updated\" style=\"display:none;\">2026-02-24T16:29:01+01:00<\/span><span>24\/02\/2026<\/span><span class=\"fusion-inline-sep\">|<\/span><\/p><div class=\"fusion-content-sep sep-double sep-solid\"><\/div><div class=\"fusion-post-content-container\"><p>El Consorcio de Bomberos de Valencia ha intervenido en 1.110 servicios por viento en menos [...]<\/p><\/div><\/div><\/div><div class=\"fusion-clearfix\"><\/div><\/div>\n<\/article>\n<article id=\"blog-1-post-75789\" class=\"fusion-post-grid post-75789 post type-post status-publish format-standard hentry category-news-es\">\n<div class=\"fusion-post-wrapper\" style=\"background-color:rgba(255,255,255,0);border:1px solid #ebeaea;border-bottom-width:3px;\">\n\n<div class=\"fusion-post-content-wrapper\" style=\"padding:30px 25px 20px 25px;\"><div class=\"fusion-post-content post-content\"><h2 class=\"blog-shortcode-post-title entry-title\"><a href=\"https:\/\/www.bombersdv.es\/es\/multitudinaria-participacion-en-la-feria-de-emergencias-del-consorcio-provincial-de-bomberos-celebrada-en-xativa\/\">Multitudinaria participaci\u00f3n en la Feria de Emergencias del Consorcio Provincial de Bomberos celebrada en X\u00e0tiva<\/a><\/h2><p class=\"fusion-single-line-meta\"><span class=\"vcard\" style=\"display: none;\"><span class=\"fn\"><a href=\"https:\/\/www.bombersdv.es\/es\/author\/comunicacion\/\" title=\"Entradas de Gabinete de Comunicaci\u00f3n\" rel=\"author\">Gabinete de Comunicaci\u00f3n<\/a><\/span><\/span><span class=\"updated\" style=\"display:none;\">2026-02-23T13:45:32+01:00<\/span><span>23\/02\/2026<\/span><span class=\"fusion-inline-sep\">|<\/span><\/p><div class=\"fusion-content-sep sep-double sep-solid\"><\/div><div class=\"fusion-post-content-container\"><p>La I Feria de Emergencias organizada por el Consorcio Provincial de Bomberos de Valencia ha [...]<\/p><\/div><\/div><\/div><div class=\"fusion-clearfix\"><\/div><\/div>\n<\/article>\n<article id=\"blog-1-post-75765\" class=\"fusion-post-grid post-75765 post type-post status-publish format-standard hentry category-news-es\">\n<div class=\"fusion-post-wrapper\" style=\"background-color:rgba(255,255,255,0);border:1px solid #ebeaea;border-bottom-width:3px;\">\n\n<div class=\"fusion-post-content-wrapper\" style=\"padding:30px 25px 20px 25px;\"><div class=\"fusion-post-content post-content\"><h2 class=\"blog-shortcode-post-title entry-title\"><a href=\"https:\/\/www.bombersdv.es\/es\/participacion-del-consorcio-de-bomberos-en-el-proyecto-europeo-overheat\/\">Participaci\u00f3n del Consorcio de Bomberos en el proyecto europeo OVERHEAT<\/a><\/h2><p class=\"fusion-single-line-meta\"><span class=\"vcard\" style=\"display: none;\"><span class=\"fn\"><a href=\"https:\/\/www.bombersdv.es\/es\/author\/comunicacion\/\" title=\"Entradas de Gabinete de Comunicaci\u00f3n\" rel=\"author\">Gabinete de Comunicaci\u00f3n<\/a><\/span><\/span><span class=\"updated\" style=\"display:none;\">2026-02-19T18:52:05+01:00<\/span><span>19\/02\/2026<\/span><span class=\"fusion-inline-sep\">|<\/span><\/p><div class=\"fusion-content-sep sep-double sep-solid\"><\/div><div class=\"fusion-post-content-container\"><p>Esta semana efectivos del Consorcio de Bomberos de Valencia han participado en la demostraci\u00f3n de [...]<\/p><\/div><\/div><\/div><div class=\"fusion-clearfix\"><\/div><\/div>\n<\/article>\n<article id=\"blog-1-post-75763\" class=\"fusion-post-grid post-75763 post type-post status-publish format-standard hentry category-news-es\">\n<div class=\"fusion-post-wrapper\" style=\"background-color:rgba(255,255,255,0);border:1px solid #ebeaea;border-bottom-width:3px;\">\n\n<div class=\"fusion-post-content-wrapper\" style=\"padding:30px 25px 20px 25px;\"><div class=\"fusion-post-content post-content\"><h2 class=\"blog-shortcode-post-title entry-title\"><a href=\"https:\/\/www.bombersdv.es\/es\/el-consorcio-de-bomberos-mostrara-en-una-feria-de-emergencias-en-xativa-sus-recursos-de-prevencion-e-intervencion\/\">El Consorcio de Bomberos mostrar\u00e1 en una Feria de Emergencias en X\u00e0tiva sus recursos de prevenci\u00f3n e intervenci\u00f3n<\/a><\/h2><p class=\"fusion-single-line-meta\"><span class=\"vcard\" style=\"display: none;\"><span class=\"fn\"><a href=\"https:\/\/www.bombersdv.es\/es\/author\/comunicacion\/\" title=\"Entradas de Gabinete de Comunicaci\u00f3n\" rel=\"author\">Gabinete de Comunicaci\u00f3n<\/a><\/span><\/span><span class=\"updated\" style=\"display:none;\">2026-02-19T18:46:15+01:00<\/span><span>19\/02\/2026<\/span><span class=\"fusion-inline-sep\">|<\/span><\/p><div class=\"fusion-content-sep sep-double sep-solid\"><\/div><div class=\"fusion-post-content-container\"><p>El Consorcio de Bomberos de la Diputaci\u00f3 de Val\u00e8ncia celebra este s\u00e1bado 21 de febrero [...]<\/p><\/div><\/div><\/div><div class=\"fusion-clearfix\"><\/div><\/div>\n<\/article>\n<article id=\"blog-1-post-75671\" class=\"fusion-post-grid post-75671 post type-post status-publish format-standard hentry category-news-es tag-10-k-bombers-xativa\">\n<div class=\"fusion-post-wrapper\" style=\"background-color:rgba(255,255,255,0);border:1px solid #ebeaea;border-bottom-width:3px;\">\n\n<div class=\"fusion-post-content-wrapper\" style=\"padding:30px 25px 20px 25px;\"><div class=\"fusion-post-content post-content\"><h2 class=\"blog-shortcode-post-title entry-title\"><a href=\"https:\/\/www.bombersdv.es\/es\/reconocimiento-a-la-asociacion-de-bomberos-de-xativa\/\">Reconocimiento a la Asociaci\u00f3n de Bomberos de X\u00e0tiva<\/a><\/h2><p class=\"fusion-single-line-meta\"><span class=\"vcard\" style=\"display: none;\"><span class=\"fn\"><a href=\"https:\/\/www.bombersdv.es\/es\/author\/comunicacion\/\" title=\"Entradas de Gabinete de Comunicaci\u00f3n\" rel=\"author\">Gabinete de Comunicaci\u00f3n<\/a><\/span><\/span><span class=\"updated\" style=\"display:none;\">2026-02-09T16:48:32+01:00<\/span><span>09\/02\/2026<\/span><span class=\"fusion-inline-sep\">|<\/span><\/p><div class=\"fusion-content-sep sep-double sep-solid\"><\/div><div class=\"fusion-post-content-container\"><p>La Asociaci\u00f3n de Bomberos de X\u00e0tiva ha recibido un reconocimiento por su tarea de impulso [...]<\/p><\/div><\/div><\/div><div class=\"fusion-clearfix\"><\/div><\/div>\n<\/article>\n<article id=\"blog-1-post-75669\" class=\"fusion-post-grid post-75669 post type-post status-publish format-standard hentry category-news-es\">\n<div class=\"fusion-post-wrapper\" style=\"background-color:rgba(255,255,255,0);border:1px solid #ebeaea;border-bottom-width:3px;\">\n\n<div class=\"fusion-post-content-wrapper\" style=\"padding:30px 25px 20px 25px;\"><div class=\"fusion-post-content post-content\"><h2 class=\"blog-shortcode-post-title entry-title\"><a href=\"https:\/\/www.bombersdv.es\/es\/las-brigadas-del-consorcio-provincial-de-bomberos-mejoran-la-seguridad-en-el-camino-cohetes-de-bunol\/\">Las brigadas del Consorcio Provincial de Bomberos mejoran la seguridad en el Camino Cohetes de Bu\u00f1ol<\/a><\/h2><p class=\"fusion-single-line-meta\"><span class=\"vcard\" style=\"display: none;\"><span class=\"fn\"><a href=\"https:\/\/www.bombersdv.es\/es\/author\/comunicacion\/\" title=\"Entradas de Gabinete de Comunicaci\u00f3n\" rel=\"author\">Gabinete de Comunicaci\u00f3n<\/a><\/span><\/span><span class=\"updated\" style=\"display:none;\">2026-02-09T16:47:32+01:00<\/span><span>09\/02\/2026<\/span><span class=\"fusion-inline-sep\">|<\/span><\/p><div class=\"fusion-content-sep sep-double sep-solid\"><\/div><div class=\"fusion-post-content-container\"><p>Las brigadas forestales del Consorcio Provincial de Bomberos de la Diputaci\u00f3 de Val\u00e8ncia avanzan en [...]<\/p><\/div><\/div><\/div><div class=\"fusion-clearfix\"><\/div><\/div>\n<\/article>\n<article id=\"blog-1-post-75651\" class=\"fusion-post-grid post-75651 post type-post status-publish format-standard hentry category-news-es\">\n<div class=\"fusion-post-wrapper\" style=\"background-color:rgba(255,255,255,0);border:1px solid #ebeaea;border-bottom-width:3px;\">\n\n<div class=\"fusion-post-content-wrapper\" style=\"padding:30px 25px 20px 25px;\"><div class=\"fusion-post-content post-content\"><h2 class=\"blog-shortcode-post-title entry-title\"><a href=\"https:\/\/www.bombersdv.es\/es\/la-asociacion-de-bomberos-veteranos-inicia-un-ciclo-de-charlas-preventivas\/\">La Asociaci\u00f3n de Bomberos Veteranos inicia un ciclo de charlas preventivas<\/a><\/h2><p class=\"fusion-single-line-meta\"><span class=\"vcard\" style=\"display: none;\"><span class=\"fn\"><a href=\"https:\/\/www.bombersdv.es\/es\/author\/comunicacion\/\" title=\"Entradas de Gabinete de Comunicaci\u00f3n\" rel=\"author\">Gabinete de Comunicaci\u00f3n<\/a><\/span><\/span><span class=\"updated\" style=\"display:none;\">2026-02-06T13:02:30+01:00<\/span><span>06\/02\/2026<\/span><span class=\"fusion-inline-sep\">|<\/span><\/p><div class=\"fusion-content-sep sep-double sep-solid\"><\/div><div class=\"fusion-post-content-container\"><p>La Asociaci\u00f3n de Bomberos Veteranos del Consorcio de Bomberos de Val\u00e8ncia ha empezado este mes [...]<\/p><\/div><\/div><\/div><div class=\"fusion-clearfix\"><\/div><\/div>\n<\/article>\n<div class=\"fusion-clearfix\"><\/div><\/div><div class=\"pagination clearfix\"><span class=\"current\">1<\/span><a href=\"https:\/\/www.bombersdv.es\/es\/wp-json\/wp\/v2\/pages\/10602\/page\/2\/\" class=\"inactive\">2<\/a><a class=\"pagination-next\" rel=\"next\" href=\"https:\/\/www.bombersdv.es\/es\/wp-json\/wp\/v2\/pages\/10602\/page\/2\/\"><span class=\"page-text\">Siguiente<\/span><span class=\"page-next\"><\/span><\/a><\/div><div class=\"fusion-clearfix\"><\/div><\/div><div class=\"fusion-clearfix\"><\/div><\/div><\/div><\/div><\/div>\n","protected":false},"excerpt":{"rendered":"","protected":false},"author":1,"featured_media":0,"parent":0,"menu_order":0,"comment_status":"closed","ping_status":"closed","template":"","meta":{"footnotes":""},"class_list":["post-10602","page","type-page","status-publish","hentry"],"_links":{"self":[{"href":"https:\/\/www.bombersdv.es\/es\/wp-json\/wp\/v2\/pages\/10602"}],"collection":[{"href":"https:\/\/www.bombersdv.es\/es\/wp-json\/wp\/v2\/pages"}],"about":[{"href":"https:\/\/www.bombersdv.es\/es\/wp-json\/wp\/v2\/types\/page"}],"author":[{"embeddable":true,"href":"https:\/\/www.bombersdv.es\/es\/wp-json\/wp\/v2\/users\/1"}],"replies":[{"embeddable":true,"href":"https:\/\/www.bombersdv.es\/es\/wp-json\/wp\/v2\/comments?post=10602"}],"version-history":[{"count":0,"href":"https:\/\/www.bombersdv.es\/es\/wp-json\/wp\/v2\/pages\/10602\/revisions"}],"wp:attachment":[{"href":"https:\/\/www.bombersdv.es\/es\/wp-json\/wp\/v2\/media?parent=10602"}],"curies":[{"name":"wp","href":"https:\/\/api.w.org\/{rel}","templated":true}]}}