{"id":12031,"date":"2016-03-15T12:40:48","date_gmt":"2016-03-15T12:40:48","guid":{"rendered":"http:\/\/www.bombersdv.es\/?page_id=12031"},"modified":"2018-10-22T06:03:41","modified_gmt":"2018-10-22T06:03:41","slug":"saluda-del-presidente","status":"publish","type":"page","link":"https:\/\/www.bombersdv.es\/es\/saluda-del-presidente\/","title":{"rendered":"Saluda del Presidente"},"content":{"rendered":"<div class=\"fusion-fullwidth fullwidth-box fusion-builder-row-1 nonhundred-percent-fullwidth non-hundred-percent-height-scrolling\" style=\"--awb-background-position:left top;--awb-border-radius-top-left:0px;--awb-border-radius-top-right:0px;--awb-border-radius-bottom-right:0px;--awb-border-radius-bottom-left:0px;--awb-padding-top:50px;--awb-padding-bottom:50px;--awb-border-sizes-top:0px;--awb-border-sizes-bottom:0px;--awb-flex-wrap:wrap;\" ><div class=\"fusion-builder-row fusion-row\"><div class=\"fusion-layout-column fusion_builder_column fusion-builder-column-0 fusion_builder_column_1_1 1_1 fusion-one-full fusion-column-first fusion-column-last\" style=\"--awb-bg-size:cover;--awb-margin-bottom:0px;\"><div class=\"fusion-column-wrapper fusion-flex-column-wrapper-legacy\"><div class=\"fusion-content-boxes content-boxes columns row fusion-columns-1 fusion-columns-total-1 fusion-content-boxes-1 content-boxes-icon-on-side content-left\" style=\"--awb-title-color:#d32f13;--awb-margin-bottom:0px;--awb-hover-accent-color:#d32f13;--awb-circle-hover-accent-color:#d32f13;--awb-item-margin-bottom:40px;\" data-animationOffset=\"top-into-view\"><div style=\"--awb-backgroundcolor:rgba(255,255,255,0);--awb-content-padding-left:110px;\" class=\"fusion-column content-box-column content-box-column content-box-column-1 col-lg-12 col-md-12 col-sm-12 fusion-content-box-hover content-box-column-last content-box-column-last-in-row\"><div class=\"col content-box-wrapper content-wrapper link-area-link-icon icon-hover-animation-fade\" data-animationOffset=\"top-into-view\"><div class=\"heading heading-with-icon icon-left\"><div aria-hidden=\"true\" class=\"image\"><img decoding=\"async\" src=\"http:\/\/www.bombersdv.es\/wp-content\/uploads\/2016\/03\/saluda-presidente-icon.png\" width=\"90\" height=\"90\" alt=\"\" \/><\/div><h2 class=\"content-box-heading fusion-responsive-typography-calculated\" style=\"--h2_typography-font-size:34px;--fontSize:34;line-height:1.09;padding-left:110px;\"><strong>Saluda del Presidente<br \/>\nde la Diputaci\u00f3n de Valencia<\/strong><\/h2><\/div><div class=\"fusion-clearfix\"><\/div><div class=\"content-container\">\n<h4 data-fontsize=\"20\" data-lineheight=\"22\"><span style=\"color: #333333;\">Al servicio de la Provincia y sus municipios<\/span><\/h4>\n<\/div><\/div><\/div><div class=\"fusion-clearfix\"><\/div><\/div><div class=\"fusion-clearfix\"><\/div><\/div><\/div><div class=\"fusion-layout-column fusion_builder_column fusion-builder-column-1 fusion_builder_column_1_1 1_1 fusion-one-full fusion-column-first fusion-column-last\" style=\"--awb-padding-top:5px;--awb-padding-right:5px;--awb-padding-bottom:5px;--awb-padding-left:5px;--awb-bg-size:cover;--awb-margin-bottom:0px;\"><div class=\"fusion-column-wrapper fusion-flex-column-wrapper-legacy\"><div class=\"fusion-text fusion-text-1\"><p style=\"text-align: justify;\">Un Consorcio con m\u00e1s de 25 a\u00f1os de trayectoria y una media de 14.000 servicios anuales que lo han posicionado entre los servicios de emergencias m\u00e1s importantes de Espa\u00f1a. Aunque los incendios urbanos, industriales y forestales siguen siendo su actividad principal, el incremento de los rescates de automovilistas atrapados en accidentes de tr\u00e1fico ha hecho aumentar los servicios de salvamento.<\/p>\n<p style=\"text-align: justify;\">La profesionalidad de nuestros bomberos ha quedado demostrada con excelentes clasificaciones en los diferentes cert\u00e1menes nacionales de Excarcelaci\u00f3n y en las sucesivas ediciones del World Rescue Challenge. Lo que convierte a nuestro servicio de bomberos en un cuerpo de \u00e9lite, dispuestos a enfrentarse a situaciones de m\u00e1ximo riesgo para preservar la seguridad de los ciudadanos.<\/p>\n<p style=\"text-align: justify;\">De los m\u00e1s de 700 bomberos que componen el Consorcio, aproximadamente 100 permanecen de guardia en la provincia. Los efectivos del Consorcio son capaces de atender, en menos de 10 minutos, el 81&#8217;14 por ciento de los riesgos que presentan las actividades por Incendios, Salvamentos y Prevenciones por Asistencia T\u00e9cnica.<\/p>\n<p style=\"text-align: justify;\">Adem\u00e1s de los servicios de emergencias y preventivos, los bomberos provinciales mantienen una estrecha relaci\u00f3n de asesoramiento y formaci\u00f3n sobre seguridad con entidades p\u00fablicas y privadas y reciben cada a\u00f1o a m\u00e1s de 7.000 ni\u00f1os de colegios de toda la provincia a los parques del Consorcio.<\/p>\n<p style=\"text-align: justify;\">Desde estas l\u00edneas quisiera reconocer el encomiable trabajo que realizan los bomberos para velar, d\u00eda a d\u00eda, por nuestra seguridad, una labor que realizan con el consiguiente peligro para sus propias vidas y que, a\u00fan as\u00ed, se entregan a su deber de manera incondicional.<\/p>\n<div style=\"text-align: justify;\"><span style=\"color: #d32f13;\"><strong>Presidente de la Diputaci\u00f3n de Valencia<\/strong><\/span><\/div>\n<\/div><div class=\"fusion-clearfix\"><\/div><\/div><\/div><\/div><\/div>\n","protected":false},"excerpt":{"rendered":"","protected":false},"author":1,"featured_media":0,"parent":0,"menu_order":0,"comment_status":"closed","ping_status":"closed","template":"100-width.php","meta":{"footnotes":""},"class_list":["post-12031","page","type-page","status-publish","hentry"],"_links":{"self":[{"href":"https:\/\/www.bombersdv.es\/es\/wp-json\/wp\/v2\/pages\/12031"}],"collection":[{"href":"https:\/\/www.bombersdv.es\/es\/wp-json\/wp\/v2\/pages"}],"about":[{"href":"https:\/\/www.bombersdv.es\/es\/wp-json\/wp\/v2\/types\/page"}],"author":[{"embeddable":true,"href":"https:\/\/www.bombersdv.es\/es\/wp-json\/wp\/v2\/users\/1"}],"replies":[{"embeddable":true,"href":"https:\/\/www.bombersdv.es\/es\/wp-json\/wp\/v2\/comments?post=12031"}],"version-history":[{"count":1,"href":"https:\/\/www.bombersdv.es\/es\/wp-json\/wp\/v2\/pages\/12031\/revisions"}],"predecessor-version":[{"id":40748,"href":"https:\/\/www.bombersdv.es\/es\/wp-json\/wp\/v2\/pages\/12031\/revisions\/40748"}],"wp:attachment":[{"href":"https:\/\/www.bombersdv.es\/es\/wp-json\/wp\/v2\/media?parent=12031"}],"curies":[{"name":"wp","href":"https:\/\/api.w.org\/{rel}","templated":true}]}}