{"id":12038,"date":"2016-03-15T14:25:51","date_gmt":"2016-03-15T14:25:51","guid":{"rendered":"http:\/\/www.bombersdv.es\/?page_id=12038"},"modified":"2018-10-15T07:10:50","modified_gmt":"2018-10-15T07:10:50","slug":"nuestra-historia","status":"publish","type":"page","link":"https:\/\/www.bombersdv.es\/es\/consorcio\/nuestra-historia\/","title":{"rendered":"Nuestra historia"},"content":{"rendered":"<p><div class=\"fusion-fullwidth fullwidth-box fusion-builder-row-1 nonhundred-percent-fullwidth non-hundred-percent-height-scrolling\" style=\"--awb-background-position:left top;--awb-border-radius-top-left:0px;--awb-border-radius-top-right:0px;--awb-border-radius-bottom-right:0px;--awb-border-radius-bottom-left:0px;--awb-padding-top:50px;--awb-padding-bottom:0px;--awb-border-sizes-top:0px;--awb-border-sizes-bottom:0px;--awb-flex-wrap:wrap;\" ><div class=\"fusion-builder-row fusion-row\"><div class=\"fusion-layout-column fusion_builder_column fusion-builder-column-0 fusion_builder_column_1_1 1_1 fusion-one-full fusion-column-first fusion-column-last\" style=\"--awb-padding-top:20px;--awb-padding-right:20px;--awb-padding-bottom:20px;--awb-padding-left:20px;--awb-bg-size:cover;--awb-margin-bottom:0px;\"><div class=\"fusion-column-wrapper fusion-flex-column-wrapper-legacy\"><div class=\"fusion-content-boxes content-boxes columns row fusion-columns-1 fusion-columns-total-1 fusion-content-boxes-1 content-boxes-icon-on-side content-left\" style=\"--awb-title-color:#d32f13;--awb-margin-bottom:0px;--awb-hover-accent-color:#d32f13;--awb-circle-hover-accent-color:#d32f13;--awb-item-margin-bottom:40px;\" data-animationOffset=\"top-into-view\"><div style=\"--awb-backgroundcolor:rgba(255,255,255,0);--awb-content-padding-left:110px;\" class=\"fusion-column content-box-column content-box-column content-box-column-1 col-lg-12 col-md-12 col-sm-12 fusion-content-box-hover content-box-column-last content-box-column-last-in-row\"><div class=\"col content-box-wrapper content-wrapper link-area-link-icon icon-hover-animation-fade\" data-animationOffset=\"top-into-view\"><div class=\"heading heading-with-icon icon-left\"><div aria-hidden=\"true\" class=\"image\"><img decoding=\"async\" src=\"http:\/\/www.bombersdv.es\/wp-content\/uploads\/2014\/11\/prevenci\u00f3n-icon.png\" width=\"90\" height=\"90\" alt=\"\" \/><\/div><h2 class=\"content-box-heading fusion-responsive-typography-calculated\" style=\"--h2_typography-font-size:34px;--fontSize:34;line-height:1.09;padding-left:110px;\"><strong>Nuestra historia<\/strong><\/h2><\/div><div class=\"fusion-clearfix\"><\/div><div class=\"content-container\">\n<h4 data-fontsize=\"20\" data-lineheight=\"22\"><span style=\"color: #333333;\">Los primeros servicios de emergencias fueron los Consorcios Comarcales.\u00a0<\/span><span style=\"color: #333333;\">Funcionaron desde 1982 hasta la creaci\u00f3n del Consorcio Provincial en 1986.<\/span><\/h4>\n<\/div><\/div><\/div><div class=\"fusion-clearfix\"><\/div><\/div><div class=\"fusion-clearfix\"><\/div><\/div><\/div><div class=\"fusion-layout-column fusion_builder_column fusion-builder-column-1 fusion_builder_column_1_1 1_1 fusion-one-full fusion-column-first fusion-column-last\" style=\"--awb-padding-top:20px;--awb-padding-right:20px;--awb-padding-bottom:20px;--awb-padding-left:20px;--awb-bg-size:cover;--awb-margin-bottom:0px;\"><div class=\"fusion-column-wrapper fusion-flex-column-wrapper-legacy\"><div class=\"fusion-text fusion-text-1\"><p style=\"text-align: justify;\">Los primeros servicios de emergencias de la provincia de Valencia, los <strong>Consorcios Comarcales<\/strong> de bomberos, se constituyeron en 1982. La expansi\u00f3n econ\u00f3mica de los a\u00f1os 60 hab\u00eda conllevado en una transformaci\u00f3n socioecon\u00f3mica y un crecimiento de la poblaci\u00f3n y de la industria. Esto deriv\u00f3 en un notable aumento de los riesgos y, por tanto, de la demanda de servicios de emergencias.<\/p>\n<p style=\"text-align: justify;\">La idea de mancomunar varios municipios por comarcas con el objeto exclusivo de prestar un servicio de bomberos da origen a siete Consorcios Comarcales en la provincia de Valencia auspiciados por la Diputaci\u00f3n: Horta Nord, Horta Sud, Camp de Morvedre, Ribera Baixa, Ribera Alta-Valldigna, La Safor y La Costera. La corporaci\u00f3n provincial entra a participar as\u00ed con los municipios en el reparto y financiaci\u00f3n de las cargas econ\u00f3micas derivadas del mantenimiento del servicio de prevenci\u00f3n y extinci\u00f3n de incendios.<\/p>\n<p style=\"text-align: justify;\">Con el paso del tiempo se hizo patente que la f\u00f3rmula de los consorcios comarcales ten\u00eda carencias y problemas de organizaci\u00f3n y coordinaci\u00f3n. As\u00ed, el 31 de octubre de 1986 se constituye el Consorcio Provincial de Bomberos de Valencia tras la aprobaci\u00f3n de sus Estatutos por la Generalitat, la Diputaci\u00f3n de Valencia y los 132 municipios que se integraron en \u00e9l. Su objetivo marcado: prestar servicio a los municipios adheridos y extender de forma paulatina su cobertura a todo el territorio provincial a excepci\u00f3n de la capital, ya con servicio propio consolidado.<\/p>\n<p style=\"text-align: justify;\">Esta nueva entidad de \u00e1mbito provincial, con la incorporaci\u00f3n gestora y financiera de la Generalitat Valenciana, inicia un proceso de coordinaci\u00f3n y homologaci\u00f3n de planes e infraestructuras mediante el Consejo de Coordinaci\u00f3n y supone la absorci\u00f3n de los siete consorcios comarcales. El Consorcio Provincial nace de este modo como un <strong>organismo p\u00fablico cuya misi\u00f3n es la prevenci\u00f3n y extinci\u00f3n de incendios as\u00ed como las tareas de salvamento en la provincia de Valencia<\/strong>.<\/p>\n<\/div><div class=\"fusion-clearfix\"><\/div><\/div><\/div><\/div><\/div><div class=\"fusion-fullwidth fullwidth-box fusion-builder-row-2 hundred-percent-fullwidth non-hundred-percent-height-scrolling fusion-equal-height-columns\" style=\"--awb-background-position:left top;--awb-border-radius-top-left:0px;--awb-border-radius-top-right:0px;--awb-border-radius-bottom-right:0px;--awb-border-radius-bottom-left:0px;--awb-padding-top:30px;--awb-padding-right:0px;--awb-padding-bottom:0px;--awb-padding-left:0px;--awb-border-sizes-top:0px;--awb-border-sizes-bottom:0px;--awb-flex-wrap:wrap;\" ><div class=\"fusion-builder-row fusion-row\"><div class=\"fusion-layout-column fusion_builder_column fusion-builder-column-2 fusion_builder_column_1_1 1_1 fusion-one-full fusion-column-first fusion-column-last fusion-column-no-min-height\" style=\"--awb-bg-size:cover;--awb-margin-bottom:0px;\"><div class=\"fusion-column-wrapper fusion-flex-column-wrapper-legacy\"><div class=\"fusion-clearfix\"><\/div><\/div><\/div><\/div><\/div><\/p>\n","protected":false},"excerpt":{"rendered":"","protected":false},"author":1,"featured_media":0,"parent":3678,"menu_order":0,"comment_status":"closed","ping_status":"closed","template":"100-width.php","meta":{"footnotes":""},"class_list":["post-12038","page","type-page","status-publish","hentry"],"_links":{"self":[{"href":"https:\/\/www.bombersdv.es\/es\/wp-json\/wp\/v2\/pages\/12038"}],"collection":[{"href":"https:\/\/www.bombersdv.es\/es\/wp-json\/wp\/v2\/pages"}],"about":[{"href":"https:\/\/www.bombersdv.es\/es\/wp-json\/wp\/v2\/types\/page"}],"author":[{"embeddable":true,"href":"https:\/\/www.bombersdv.es\/es\/wp-json\/wp\/v2\/users\/1"}],"replies":[{"embeddable":true,"href":"https:\/\/www.bombersdv.es\/es\/wp-json\/wp\/v2\/comments?post=12038"}],"version-history":[{"count":1,"href":"https:\/\/www.bombersdv.es\/es\/wp-json\/wp\/v2\/pages\/12038\/revisions"}],"predecessor-version":[{"id":40505,"href":"https:\/\/www.bombersdv.es\/es\/wp-json\/wp\/v2\/pages\/12038\/revisions\/40505"}],"up":[{"embeddable":true,"href":"https:\/\/www.bombersdv.es\/es\/wp-json\/wp\/v2\/pages\/3678"}],"wp:attachment":[{"href":"https:\/\/www.bombersdv.es\/es\/wp-json\/wp\/v2\/media?parent=12038"}],"curies":[{"name":"wp","href":"https:\/\/api.w.org\/{rel}","templated":true}]}}