{"id":12228,"date":"2016-03-17T12:45:35","date_gmt":"2016-03-17T12:45:35","guid":{"rendered":"http:\/\/www.bombersdv.es\/?page_id=12228"},"modified":"2023-06-23T13:03:25","modified_gmt":"2023-06-23T11:03:25","slug":"vehiculos","status":"publish","type":"page","link":"https:\/\/www.bombersdv.es\/es\/areas-operativas\/vehiculos\/","title":{"rendered":"Veh\u00edculos"},"content":{"rendered":"<p><div class=\"fusion-fullwidth fullwidth-box fusion-builder-row-1 nonhundred-percent-fullwidth non-hundred-percent-height-scrolling\" style=\"--awb-background-position:left top;--awb-border-sizes-top:0px;--awb-border-sizes-bottom:0px;--awb-border-sizes-left:0px;--awb-border-sizes-right:0px;--awb-border-radius-top-left:0px;--awb-border-radius-top-right:0px;--awb-border-radius-bottom-right:0px;--awb-border-radius-bottom-left:0px;--awb-padding-top:30px;--awb-padding-bottom:80px;--awb-flex-wrap:wrap;\" ><div class=\"fusion-builder-row fusion-row\"><div class=\"fusion-layout-column fusion_builder_column fusion-builder-column-0 fusion_builder_column_1_1 1_1 fusion-one-full fusion-column-first fusion-column-last\" style=\"--awb-padding-top:20px;--awb-padding-right:20px;--awb-padding-bottom:20px;--awb-padding-left:20px;--awb-bg-size:cover;--awb-margin-bottom:0px;\"><div class=\"fusion-column-wrapper fusion-flex-column-wrapper-legacy\"><div class=\"fusion-content-boxes content-boxes columns row fusion-columns-1 fusion-columns-total-1 fusion-content-boxes-1 content-boxes-icon-on-side content-left\" style=\"--awb-title-color:#d32f13;--awb-margin-bottom:0px;--awb-hover-accent-color:#d32f13;--awb-circle-hover-accent-color:#d32f13;--awb-item-margin-bottom:40px;\" data-animationOffset=\"top-into-view\"><div style=\"--awb-backgroundcolor:rgba(255,255,255,0);--awb-content-padding-left:110px;\" class=\"fusion-column content-box-column content-box-column content-box-column-1 col-lg-12 col-md-12 col-sm-12 fusion-content-box-hover content-box-column-last content-box-column-last-in-row\"><div class=\"col content-box-wrapper content-wrapper link-area-link-icon icon-hover-animation-fade\" data-animationOffset=\"top-into-view\"><div class=\"heading heading-with-icon icon-left\"><div aria-hidden=\"true\" class=\"image\"><img decoding=\"async\" src=\"https:\/\/www.bombersdv.es\/wp-content\/uploads\/2023\/06\/images.png\" width=\"90\" height=\"90\" alt=\"\" \/><\/div><h2 class=\"content-box-heading fusion-responsive-typography-calculated\" style=\"--h2_typography-font-size:34px;--fontSize:34;line-height:1.09;padding-left:110px;\"><strong>Una flota de 223 veh\u00edculoss<\/strong><\/h2><\/div><div class=\"fusion-clearfix\"><\/div><div class=\"content-container\">\n<h4>La flota de veh\u00edculos est\u00e1 formada por 223 veh\u00edculos: 63 camiones, 5 furgones, 151 ligeros, 3 embarcaciones y 1 helic\u00f3ptero de salvamento y rescate<\/h4>\n<h5><em>Actualizaci\u00f3n junio 2023<\/em><\/h5>\n<\/div><\/div><\/div><div class=\"fusion-clearfix\"><\/div><\/div><div class=\"fusion-clearfix\"><\/div><\/div><\/div><div class=\"fusion-layout-column fusion_builder_column fusion-builder-column-1 fusion_builder_column_1_1 1_1 fusion-one-full fusion-column-first fusion-column-last\" style=\"--awb-padding-top:20px;--awb-padding-right:20px;--awb-padding-bottom:20px;--awb-padding-left:20px;--awb-bg-size:cover;--awb-margin-bottom:0px;\"><div class=\"fusion-column-wrapper fusion-flex-column-wrapper-legacy\"><div class=\"fusion-text fusion-text-1\"><table class=\"aligncenter\" style=\"height: 521px; width: 36.4902%; border-collapse: collapse;\" border=\"1\">\n<tbody>\n<tr style=\"height: 24px; background-color: #fc0a0a;\">\n<td style=\"width: 66.6666%; height: 24px; text-align: center;\" colspan=\"2\"><span style=\"color: #ffffff;\"><strong>AUTOBOMBAS<\/strong><\/span><\/td>\n<td style=\"width: 6.31011%; height: 24px;\"><span style=\"color: #ffffff;\"><strong>52<\/strong><\/span><\/td>\n<\/tr>\n<tr style=\"height: 24px;\">\n<td style=\"width: 53.1156%; height: 24px; text-align: left;\">Bomba Urbana Pesada<\/td>\n<td style=\"width: 13.551%; height: 24px; text-align: left;\">BUP<\/td>\n<td style=\"width: 6.31011%; height: 24px; text-align: left;\">33<\/td>\n<\/tr>\n<tr style=\"height: 24px;\">\n<td style=\"width: 53.1156%; height: 24px; text-align: left;\">Bomba Nodriza Pesada<\/td>\n<td style=\"width: 13.551%; height: 24px; text-align: left;\">BNP<\/td>\n<td style=\"width: 6.31011%; height: 24px; text-align: left;\">9<\/td>\n<\/tr>\n<tr style=\"height: 24px;\">\n<td style=\"width: 53.1156%; height: 24px; text-align: left;\">Bomba Forestal Pesada<\/td>\n<td style=\"width: 13.551%; height: 24px; text-align: left;\">BFP<\/td>\n<td style=\"width: 6.31011%; height: 24px; text-align: left;\">7<\/td>\n<\/tr>\n<tr style=\"height: 24px;\">\n<td style=\"width: 53.1156%; height: 24px; text-align: left;\">Bomba Rural Ligera<\/td>\n<td style=\"width: 13.551%; height: 24px; text-align: left;\">BRL<\/td>\n<td style=\"width: 6.31011%; height: 24px; text-align: left;\">2<\/td>\n<\/tr>\n<tr style=\"height: 24px;\">\n<td style=\"width: 53.1156%; height: 24px; text-align: left;\">Bomba Urbana Ligera<\/td>\n<td style=\"width: 13.551%; height: 24px; text-align: left;\">BUL<\/td>\n<td style=\"width: 6.31011%; height: 24px; text-align: left;\">1<\/td>\n<\/tr>\n<tr style=\"height: 24px; background-color: #fc0a0a;\">\n<td style=\"width: 66.6666%; height: 24px; text-align: center;\" colspan=\"2\"><span style=\"color: #ffffff;\"><strong>VEH\u00cdCULOS DE ALTURA<\/strong><\/span><\/td>\n<td style=\"width: 6.31011%; height: 24px;\"><span style=\"color: #ffffff;\"><strong>7<\/strong><\/span><\/td>\n<\/tr>\n<tr style=\"height: 24px;\">\n<td style=\"width: 53.1156%; height: 24px; text-align: left;\">Autoescalera Autom\u00e1tica<\/td>\n<td style=\"width: 13.551%; height: 24px; text-align: left;\">AEA<\/td>\n<td style=\"width: 6.31011%; height: 24px; text-align: left;\">5<\/td>\n<\/tr>\n<tr style=\"height: 24px;\">\n<td style=\"width: 53.1156%; height: 24px; text-align: left;\">Autobrazo extensible<\/td>\n<td style=\"width: 13.551%; height: 24px; text-align: left;\">ABE<\/td>\n<td style=\"width: 6.31011%; height: 24px; text-align: left;\">2<\/td>\n<\/tr>\n<tr style=\"height: 24px; background-color: #fc0a0a;\">\n<td style=\"width: 66.6666%; height: 24px; text-align: center;\" colspan=\"2\"><span style=\"color: #ffffff;\"><strong>UNIDADES LIGERAS<\/strong><\/span><\/td>\n<td style=\"width: 6.31011%; height: 24px;\"><span style=\"color: #ffffff;\"><strong>151<\/strong><\/span><\/td>\n<\/tr>\n<tr style=\"height: 24px;\">\n<td style=\"width: 53.1156%; height: 24px; text-align: left;\">Unidad de Personal y Carga\/Unidad de Mando y Jefatura<\/td>\n<td style=\"width: 13.551%; height: 24px; text-align: left;\">UPC\/UMJ<\/td>\n<td style=\"width: 6.31011%; height: 24px; text-align: left;\">151<\/td>\n<\/tr>\n<tr style=\"height: 24px; background-color: #fc0a0a;\">\n<td style=\"width: 66.6666%; height: 24px; text-align: center;\" colspan=\"2\"><span style=\"color: #ffffff;\"><strong>OTROS<\/strong><\/span><\/td>\n<td style=\"width: 6.31011%; height: 24px;\"><span style=\"color: #ffffff;\"><strong>13<\/strong><\/span><\/td>\n<\/tr>\n<tr style=\"height: 24px;\">\n<td style=\"width: 53.1156%; height: 24px; text-align: left;\">Barcas de Salvamento<\/td>\n<td style=\"width: 13.551%; height: 24px; text-align: left;\">BSA<\/td>\n<td style=\"width: 6.31011%; height: 24px; text-align: left;\">3<\/td>\n<\/tr>\n<tr style=\"height: 24px;\">\n<td style=\"width: 53.1156%; height: 24px; text-align: left;\">Puesto de Mando Avanzado<\/td>\n<td style=\"width: 13.551%; height: 24px; text-align: left;\">PMA<\/td>\n<td style=\"width: 6.31011%; height: 24px; text-align: left;\">1<\/td>\n<\/tr>\n<tr style=\"height: 24px;\">\n<td style=\"width: 53.1156%; height: 24px; text-align: left;\">Furg\u00f3n de \u00datiles Varios<\/td>\n<td style=\"width: 13.551%; height: 24px; text-align: left;\">FUV<\/td>\n<td style=\"width: 6.31011%; height: 24px; text-align: left;\">5<\/td>\n<\/tr>\n<tr style=\"height: 24px;\">\n<td style=\"width: 53.1156%; height: 24px; text-align: left;\">Galer\u00eda de Entrenamiento<\/td>\n<td style=\"width: 13.551%; height: 24px; text-align: left;\">GAL<\/td>\n<td style=\"width: 6.31011%; height: 24px; text-align: left;\">1<\/td>\n<\/tr>\n<tr style=\"height: 24px;\">\n<td style=\"width: 53.1156%; height: 24px; text-align: left;\">Unidad de Riesgo Tecnol\u00f3gico<\/td>\n<td style=\"width: 13.551%; height: 24px; text-align: left;\">URT<\/td>\n<td style=\"width: 6.31011%; height: 24px; text-align: left;\">1<\/td>\n<\/tr>\n<tr style=\"height: 24px;\">\n<td style=\"width: 53.1156%; text-align: left; height: 24px;\">Unidad de Transporte y Carga<\/td>\n<td style=\"width: 13.551%; text-align: left; height: 24px;\">UTC<\/td>\n<td style=\"width: 6.31011%; text-align: left; height: 24px;\">1<\/td>\n<\/tr>\n<tr style=\"height: 24px;\">\n<td style=\"width: 53.1156%; text-align: left; height: 24px;\">Helic\u00f3ptero de Salvamento y Rescate<\/td>\n<td style=\"width: 13.551%; text-align: left; height: 24px;\">HSR<\/td>\n<td style=\"width: 6.31011%; text-align: left; height: 24px;\">1<\/td>\n<\/tr>\n<\/tbody>\n<\/table>\n<\/div><div class=\"fusion-clearfix\"><\/div><\/div><\/div><\/div><\/div><div class=\"fusion-fullwidth fullwidth-box fusion-builder-row-2 hundred-percent-fullwidth non-hundred-percent-height-scrolling fusion-equal-height-columns\" style=\"--awb-background-position:left top;--awb-border-sizes-top:0px;--awb-border-sizes-bottom:0px;--awb-border-sizes-left:0px;--awb-border-sizes-right:0px;--awb-border-radius-top-left:0px;--awb-border-radius-top-right:0px;--awb-border-radius-bottom-right:0px;--awb-border-radius-bottom-left:0px;--awb-padding-top:30px;--awb-padding-right:0px;--awb-padding-bottom:0px;--awb-padding-left:0px;--awb-flex-wrap:wrap;\" ><div class=\"fusion-builder-row fusion-row\"><div class=\"fusion-layout-column fusion_builder_column fusion-builder-column-2 fusion_builder_column_1_1 1_1 fusion-one-full fusion-column-first fusion-column-last fusion-column-no-min-height\" style=\"--awb-bg-size:cover;--awb-margin-bottom:0px;\"><div class=\"fusion-column-wrapper fusion-flex-column-wrapper-legacy\"><div class=\"fusion-clearfix\"><\/div><\/div><\/div><\/div><\/div><\/p>\n","protected":false},"excerpt":{"rendered":"","protected":false},"author":1,"featured_media":0,"parent":12188,"menu_order":0,"comment_status":"closed","ping_status":"closed","template":"100-width.php","meta":{"footnotes":""},"class_list":["post-12228","page","type-page","status-publish","hentry"],"_links":{"self":[{"href":"https:\/\/www.bombersdv.es\/es\/wp-json\/wp\/v2\/pages\/12228"}],"collection":[{"href":"https:\/\/www.bombersdv.es\/es\/wp-json\/wp\/v2\/pages"}],"about":[{"href":"https:\/\/www.bombersdv.es\/es\/wp-json\/wp\/v2\/types\/page"}],"author":[{"embeddable":true,"href":"https:\/\/www.bombersdv.es\/es\/wp-json\/wp\/v2\/users\/1"}],"replies":[{"embeddable":true,"href":"https:\/\/www.bombersdv.es\/es\/wp-json\/wp\/v2\/comments?post=12228"}],"version-history":[{"count":10,"href":"https:\/\/www.bombersdv.es\/es\/wp-json\/wp\/v2\/pages\/12228\/revisions"}],"predecessor-version":[{"id":65772,"href":"https:\/\/www.bombersdv.es\/es\/wp-json\/wp\/v2\/pages\/12228\/revisions\/65772"}],"up":[{"embeddable":true,"href":"https:\/\/www.bombersdv.es\/es\/wp-json\/wp\/v2\/pages\/12188"}],"wp:attachment":[{"href":"https:\/\/www.bombersdv.es\/es\/wp-json\/wp\/v2\/media?parent=12228"}],"curies":[{"name":"wp","href":"https:\/\/api.w.org\/{rel}","templated":true}]}}