{"id":12234,"date":"2016-03-17T13:05:39","date_gmt":"2016-03-17T13:05:39","guid":{"rendered":"http:\/\/www.bombersdv.es\/?page_id=12234"},"modified":"2022-05-06T10:02:12","modified_gmt":"2022-05-06T08:02:12","slug":"forestales","status":"publish","type":"page","link":"https:\/\/www.bombersdv.es\/es\/areas-operativas\/forestales\/","title":{"rendered":"Forestales"},"content":{"rendered":"<p><div class=\"fusion-fullwidth fullwidth-box fusion-builder-row-1 nonhundred-percent-fullwidth non-hundred-percent-height-scrolling\" style=\"--awb-background-position:left top;--awb-border-sizes-top:0px;--awb-border-sizes-bottom:0px;--awb-border-sizes-left:0px;--awb-border-sizes-right:0px;--awb-border-radius-top-left:0px;--awb-border-radius-top-right:0px;--awb-border-radius-bottom-right:0px;--awb-border-radius-bottom-left:0px;--awb-padding-top:30px;--awb-padding-bottom:80px;--awb-flex-wrap:wrap;\" ><div class=\"fusion-builder-row fusion-row\"><div class=\"fusion-layout-column fusion_builder_column fusion-builder-column-0 fusion_builder_column_1_1 1_1 fusion-one-full fusion-column-first fusion-column-last\" style=\"--awb-padding-top:20px;--awb-padding-right:20px;--awb-padding-bottom:20px;--awb-padding-left:20px;--awb-bg-size:cover;--awb-margin-bottom:0px;\"><div class=\"fusion-column-wrapper fusion-flex-column-wrapper-legacy\"><div class=\"fusion-content-boxes content-boxes columns row fusion-columns-1 fusion-columns-total-1 fusion-content-boxes-1 content-boxes-icon-on-side content-left\" style=\"--awb-title-color:#d32f13;--awb-margin-bottom:0px;--awb-hover-accent-color:#d32f13;--awb-circle-hover-accent-color:#d32f13;--awb-item-margin-bottom:40px;\" data-animationOffset=\"top-into-view\"><div style=\"--awb-backgroundcolor:rgba(255,255,255,0);--awb-content-padding-left:110px;\" class=\"fusion-column content-box-column content-box-column content-box-column-1 col-lg-12 col-md-12 col-sm-12 fusion-content-box-hover content-box-column-last content-box-column-last-in-row\"><div class=\"col content-box-wrapper content-wrapper link-area-link-icon icon-hover-animation-fade\" data-animationOffset=\"top-into-view\"><div class=\"heading heading-with-icon icon-left\"><div aria-hidden=\"true\" class=\"image\"><img decoding=\"async\" src=\"http:\/\/www.bombersdv.es\/wp-content\/uploads\/2014\/11\/oficina-virtual-icon.png\" width=\"90\" height=\"90\" alt=\"\" \/><\/div><h2 class=\"content-box-heading fusion-responsive-typography-calculated\" style=\"--h2_typography-font-size:34px;--fontSize:34;line-height:1.09;padding-left:110px;\"><strong>Efectivos forestales del Consorcio<\/strong><\/h2><\/div><div class=\"fusion-clearfix\"><\/div><div class=\"content-container\">\n<h4>Qui\u00e9nes son, d\u00f3nde est\u00e1n ubicados y qu\u00e9 tareas realizan.<\/h4>\n<\/div><\/div><\/div><div class=\"fusion-clearfix\"><\/div><\/div><div class=\"fusion-text fusion-text-1\"><p><a href=\"https:\/\/www.bombersdv.es\/es\/areas-operativas\/forestales\/videos-campanya-forestal-2020\/\"><strong>Videos campa\u00f1a forestal 2020<\/strong><\/a><\/p>\n<\/div><div class=\"fusion-clearfix\"><\/div><\/div><\/div><div class=\"fusion-layout-column fusion_builder_column fusion-builder-column-1 fusion_builder_column_1_1 1_1 fusion-one-full fusion-column-first fusion-column-last\" style=\"--awb-padding-top:20px;--awb-padding-right:20px;--awb-padding-bottom:20px;--awb-padding-left:20px;--awb-bg-size:cover;--awb-margin-bottom:0px;\"><div class=\"fusion-column-wrapper fusion-flex-column-wrapper-legacy\"><div class=\"fusion-text fusion-text-2\"><div>\n<p style=\"text-align: justify;\">La defensa contra incendios forestales en la Comunidad Valenciana es competencia de la Comunidad Aut\u00f3noma, a trav\u00e9s de la Generalitat Valenciana. En la Generalitat el organismo competente en Protecci\u00f3n Civil\u00a0 es la<a href=\"https:\/\/cjusticia.gva.es\/es\/web\/agencia-valenciana-de-seguridad-y-respuesta-a-emergencias\" target=\"_blank\" rel=\"noopener\"> Agencia de Seguridad y Respuesta a las Emergencias (AVSRE)<\/a>.<\/p>\n<\/div>\n<div style=\"text-align: justify;\">\n<p>La responsabilidad del Consorcio Provincial de Bomberos de Valencia en las tareas de extinci\u00f3n de incendios forestales viene regulada por lo establecido en el <a href=\"https:\/\/www.112cv.gva.es\/documents\/163565706\/163566493\/PE_Incendios.pdf\/d615af2c-8655-4e39-9b0c-2ca4c251c1cf\" target=\"_blank\" rel=\"noopener\">Plan Especial frente al Riesgo de Incendios Forestales en la Comunitat Valenciana<\/a> y lo acordado en los convenios de colaboraci\u00f3n para la Encomienda de Gesti\u00f3n de los medios del servicio de bomberos forestales en la provincia de Val\u00e8ncia.<\/p>\n<\/div>\n<div style=\"text-align: justify;\">\n<p>A trav\u00e9s de estos convenios el Consorcio asume la direcci\u00f3n y gesti\u00f3n operativa y funcional de los medios del Servicio de Bomberos Forestales en la provincia de Valencia, cuya titularidad corresponde a la AVSRE. La firma y renovaci\u00f3n de dichos Convenios se viene produciendo de forma ininterrumpida desde el a\u00f1o 1997 hasta la actualidad.<\/p>\n<\/div>\n<div style=\"text-align: justify;\">\n<p>En la actualidad se mantiene la renovaci\u00f3n de dicho Convenio, en base al cual se realiz\u00f3 la contrataci\u00f3n de 3 T\u00e9cnicos Forestales, 10 Coordinadores Forestales y 1 Coordinador Forestal Auxiliar.<\/p>\n<p><a href=\"https:\/\/www.bombersdv.es\/wp-content\/uploads\/2022\/05\/encomienda-2021.pdf\" target=\"_blank\" rel=\"noopener\">Ultimo convenio publicado : DOGV Num. 9214 \/ 12.11.2021<\/a><\/p>\n<p>El Consorcio Provincial de Bomberos de Val\u00e8ncia, continuando en la l\u00ednea marcada por la encomienda, gestiona, organiza y dirige los trabajos de extinci\u00f3n de incendios forestales en su demarcaci\u00f3n geogr\u00e1fica con la participaci\u00f3n conjunta de sus recursos propios como el personal de la Unidad Forestal, donde se incluyen las <a href=\"https:\/\/www.bombersdv.es\/es\/areas-operativas\/brigadas\/\" target=\"_blank\" rel=\"noopener\">Brigadas Forestales<\/a>, y el resto de personal y medios de los Parques del S.P.E.I.S. Valencia. Adicionalmente gestiona todos los recursos puestos a su disposici\u00f3n por la Agencia Valenciana de Seguridad y Respuesta a las Emergencias (Medios A\u00e9reos y Terrestres).<\/p>\n<\/div>\n<div style=\"text-align: justify;\"><\/div>\n<\/div><div class=\"fusion-clearfix\"><\/div><\/div><\/div><\/div><\/div><div class=\"fusion-fullwidth fullwidth-box fusion-builder-row-2 hundred-percent-fullwidth non-hundred-percent-height-scrolling fusion-equal-height-columns\" style=\"--awb-background-position:left top;--awb-border-sizes-top:0px;--awb-border-sizes-bottom:0px;--awb-border-sizes-left:0px;--awb-border-sizes-right:0px;--awb-border-radius-top-left:0px;--awb-border-radius-top-right:0px;--awb-border-radius-bottom-right:0px;--awb-border-radius-bottom-left:0px;--awb-padding-top:30px;--awb-padding-right:0px;--awb-padding-bottom:0px;--awb-padding-left:0px;--awb-flex-wrap:wrap;\" ><div class=\"fusion-builder-row fusion-row\"><div class=\"fusion-layout-column fusion_builder_column fusion-builder-column-2 fusion_builder_column_1_1 1_1 fusion-one-full fusion-column-first fusion-column-last fusion-column-no-min-height\" style=\"--awb-bg-size:cover;--awb-margin-bottom:0px;\"><div class=\"fusion-column-wrapper fusion-flex-column-wrapper-legacy\"><div class=\"fusion-clearfix\"><\/div><\/div><\/div><\/div><\/div><\/p>\n","protected":false},"excerpt":{"rendered":"","protected":false},"author":1,"featured_media":0,"parent":12188,"menu_order":0,"comment_status":"closed","ping_status":"closed","template":"100-width.php","meta":{"footnotes":""},"class_list":["post-12234","page","type-page","status-publish","hentry"],"_links":{"self":[{"href":"https:\/\/www.bombersdv.es\/es\/wp-json\/wp\/v2\/pages\/12234"}],"collection":[{"href":"https:\/\/www.bombersdv.es\/es\/wp-json\/wp\/v2\/pages"}],"about":[{"href":"https:\/\/www.bombersdv.es\/es\/wp-json\/wp\/v2\/types\/page"}],"author":[{"embeddable":true,"href":"https:\/\/www.bombersdv.es\/es\/wp-json\/wp\/v2\/users\/1"}],"replies":[{"embeddable":true,"href":"https:\/\/www.bombersdv.es\/es\/wp-json\/wp\/v2\/comments?post=12234"}],"version-history":[{"count":9,"href":"https:\/\/www.bombersdv.es\/es\/wp-json\/wp\/v2\/pages\/12234\/revisions"}],"predecessor-version":[{"id":58847,"href":"https:\/\/www.bombersdv.es\/es\/wp-json\/wp\/v2\/pages\/12234\/revisions\/58847"}],"up":[{"embeddable":true,"href":"https:\/\/www.bombersdv.es\/es\/wp-json\/wp\/v2\/pages\/12188"}],"wp:attachment":[{"href":"https:\/\/www.bombersdv.es\/es\/wp-json\/wp\/v2\/media?parent=12234"}],"curies":[{"name":"wp","href":"https:\/\/api.w.org\/{rel}","templated":true}]}}