{"id":12337,"date":"2016-03-21T12:57:13","date_gmt":"2016-03-21T12:57:13","guid":{"rendered":"http:\/\/www.bombersdv.es\/?page_id=12337"},"modified":"2018-10-22T11:48:27","modified_gmt":"2018-10-22T11:48:27","slug":"informe-de-actuacion","status":"publish","type":"page","link":"https:\/\/www.bombersdv.es\/es\/contactanos\/informe-de-actuacion\/","title":{"rendered":"Informe de actuaci\u00f3n"},"content":{"rendered":"<p><div class=\"fusion-fullwidth fullwidth-box fusion-builder-row-1 nonhundred-percent-fullwidth non-hundred-percent-height-scrolling\" style=\"--awb-background-position:left top;--awb-border-radius-top-left:0px;--awb-border-radius-top-right:0px;--awb-border-radius-bottom-right:0px;--awb-border-radius-bottom-left:0px;--awb-padding-top:30px;--awb-padding-bottom:0px;--awb-border-sizes-top:0px;--awb-border-sizes-bottom:0px;--awb-flex-wrap:wrap;\" ><div class=\"fusion-builder-row fusion-row\"><div class=\"fusion-layout-column fusion_builder_column fusion-builder-column-0 fusion_builder_column_1_1 1_1 fusion-one-full fusion-column-first fusion-column-last\" style=\"--awb-padding-top:20px;--awb-padding-right:20px;--awb-padding-bottom:20px;--awb-padding-left:20px;--awb-bg-size:cover;--awb-margin-bottom:0px;\"><div class=\"fusion-column-wrapper fusion-flex-column-wrapper-legacy\"><div class=\"fusion-content-boxes content-boxes columns row fusion-columns-1 fusion-columns-total-1 fusion-content-boxes-1 content-boxes-icon-on-side content-left\" style=\"--awb-title-color:#d32f13;--awb-margin-bottom:0px;--awb-hover-accent-color:#d32f13;--awb-circle-hover-accent-color:#d32f13;--awb-item-margin-bottom:40px;\" data-animationOffset=\"top-into-view\"><div style=\"--awb-backgroundcolor:rgba(255,255,255,0);--awb-content-padding-left:148px;\" class=\"fusion-column content-box-column content-box-column content-box-column-1 col-lg-12 col-md-12 col-sm-12 fusion-content-box-hover content-box-column-last content-box-column-last-in-row\"><div class=\"col content-box-wrapper content-wrapper link-area-link-icon icon-hover-animation-fade\" data-animationOffset=\"top-into-view\"><div class=\"heading heading-with-icon icon-left\"><div aria-hidden=\"true\" class=\"image\"><img decoding=\"async\" src=\"http:\/\/www.bombersdv.es\/wp-content\/uploads\/2014\/11\/visitas-a-colegios-icon.png\" width=\"128\" height=\"128\" alt=\"\" \/><\/div><h2 class=\"content-box-heading fusion-responsive-typography-calculated\" style=\"--h2_typography-font-size:34px;--fontSize:34;line-height:1.09;padding-left:148px;\"><strong>Solicitud de informe de actuaci\u00f3n<\/strong><\/h2><\/div><div class=\"fusion-clearfix\"><\/div><div class=\"content-container\">\n<h5 style=\"text-align: justify;\" data-fontsize=\"18\" data-lineheight=\"20\">Si necesita un informe de actuaci\u00f3n en un siniestro en el que se ha visto involucrado, puede solicitarlo al Consorcio Provincial de Bomberos de Valencia mediante por escrito.<\/h5>\n<\/div><\/div><\/div><div class=\"fusion-clearfix\"><\/div><\/div><div class=\"fusion-clearfix\"><\/div><\/div><\/div><\/div><\/div><div class=\"fusion-fullwidth fullwidth-box fusion-builder-row-2 nonhundred-percent-fullwidth non-hundred-percent-height-scrolling\" style=\"--awb-background-position:left top;--awb-border-radius-top-left:0px;--awb-border-radius-top-right:0px;--awb-border-radius-bottom-right:0px;--awb-border-radius-bottom-left:0px;--awb-padding-top:0px;--awb-padding-bottom:50px;--awb-border-sizes-top:0px;--awb-border-sizes-bottom:0px;--awb-flex-wrap:wrap;\" ><div class=\"fusion-builder-row fusion-row\"><div class=\"fusion-layout-column fusion_builder_column fusion-builder-column-1 fusion_builder_column_1_1 1_1 fusion-one-full fusion-column-first fusion-column-last\" style=\"--awb-padding-top:20px;--awb-padding-right:20px;--awb-padding-bottom:20px;--awb-padding-left:20px;--awb-bg-color:#ffffff;--awb-bg-color-hover:#ffffff;--awb-bg-size:cover;--awb-margin-bottom:0px;\"><div class=\"fusion-column-wrapper fusion-flex-column-wrapper-legacy\"><div class=\"fusion-text fusion-text-1\"><p>Si necesita un informe de actuaci\u00f3n en un siniestro en el que se ha visto involucrado, puede solicitarlo al <strong>Consorcio Provincial de Bomberos de Valencia<\/strong> mediante por escrito.<\/p>\n<p>La ordenanza Fiscal fija la tasa para la emisi\u00f3n de este informe en <strong>74,95\u20ac,<\/strong> que deber\u00e1n ser ingresados en cualquiera de las cuentas que figuran y cuyo recibo deber\u00e1 adjuntar junto con el resto de la documentaci\u00f3n que se especifica en el formulario.<\/p>\n<p class=\"Textoindependiente2\"><strong>Cuentas bancarias donde puede Vd. realizar el ingreso de la Tasa:<\/strong><\/p>\n<ul>\n<li>0049-1827-82-2110389395 (Banc de Santander-Central Hisp\u00e0);<\/li>\n<li>2090-0340-21-0200035408 (SabadellCAM);<\/li>\n<li>2100-4337-83-0200044675 Caixa d\u2019Estalvis i Pensions de Barcelona \u201cLa Caixa\u201d.<\/li>\n<\/ul>\n<\/div><div class=\"fusion-clearfix\"><\/div><\/div><\/div><\/div><\/div><div class=\"fusion-fullwidth fullwidth-box fusion-builder-row-3 hundred-percent-fullwidth non-hundred-percent-height-scrolling\" style=\"--awb-border-radius-top-left:0px;--awb-border-radius-top-right:0px;--awb-border-radius-bottom-right:0px;--awb-border-radius-bottom-left:0px;--awb-padding-top:20px;--awb-padding-right:0px;--awb-padding-bottom:40px;--awb-padding-left:0px;--awb-background-color:#d32f13;--awb-border-sizes-top:0px;--awb-border-sizes-bottom:0px;--awb-flex-wrap:wrap;\" ><div class=\"fusion-builder-row fusion-row\"><div class=\"fusion-layout-column fusion_builder_column fusion-builder-column-2 fusion_builder_column_1_1 1_1 fusion-one-full fusion-column-first fusion-column-last fusion-column-no-min-height\" style=\"--awb-bg-size:cover;--awb-margin-bottom:0px;\"><div class=\"fusion-column-wrapper fusion-flex-column-wrapper-legacy\"><div class=\"fusion-text fusion-text-2\"><h3 style=\"text-align: center;\"><span style=\"color: #ffffff;\">Descarga el Formulario para <\/span><br \/>\n<span style=\"color: #ffffff;\">solicitar el informe de actuaci\u00f3n.<\/span><\/h3>\n<div class=\"fusion-aligncenter\"><a class=\"fusion-button button-flat button-medium button-custom fusion-button-default button-1 fusion-button-span-no \" style=\"--button_accent_color:#ffffff;--button_accent_hover_color:#ffffff;--button_border_hover_color:#ffffff;--button_border_width-top:2px;--button_border_width-right:2px;--button_border_width-bottom:2px;--button_border_width-left:2px;--button_gradient_top_color:#d32f13;--button_gradient_bottom_color:#d32f13;--button_gradient_top_color_hover:#d32f13;--button_gradient_bottom_color_hover:#d32f13;\" target=\"_blank\" rel=\"noopener noreferrer\" title=\"saluda-presidente\" aria-label=\"saluda-presidente\" href=\"\/wp-content\/uploads\/2016\/03\/solicitud_informe.pdf\"><span class=\"fusion-button-text\">Descargar<\/span><\/a><\/div>\n<\/div><div class=\"fusion-clearfix\"><\/div><\/div><\/div><\/div><\/div><\/p>\n","protected":false},"excerpt":{"rendered":"","protected":false},"author":1,"featured_media":0,"parent":40768,"menu_order":0,"comment_status":"closed","ping_status":"closed","template":"100-width.php","meta":{"footnotes":""},"class_list":["post-12337","page","type-page","status-publish","hentry"],"_links":{"self":[{"href":"https:\/\/www.bombersdv.es\/es\/wp-json\/wp\/v2\/pages\/12337"}],"collection":[{"href":"https:\/\/www.bombersdv.es\/es\/wp-json\/wp\/v2\/pages"}],"about":[{"href":"https:\/\/www.bombersdv.es\/es\/wp-json\/wp\/v2\/types\/page"}],"author":[{"embeddable":true,"href":"https:\/\/www.bombersdv.es\/es\/wp-json\/wp\/v2\/users\/1"}],"replies":[{"embeddable":true,"href":"https:\/\/www.bombersdv.es\/es\/wp-json\/wp\/v2\/comments?post=12337"}],"version-history":[{"count":1,"href":"https:\/\/www.bombersdv.es\/es\/wp-json\/wp\/v2\/pages\/12337\/revisions"}],"predecessor-version":[{"id":40795,"href":"https:\/\/www.bombersdv.es\/es\/wp-json\/wp\/v2\/pages\/12337\/revisions\/40795"}],"up":[{"embeddable":true,"href":"https:\/\/www.bombersdv.es\/es\/wp-json\/wp\/v2\/pages\/40768"}],"wp:attachment":[{"href":"https:\/\/www.bombersdv.es\/es\/wp-json\/wp\/v2\/media?parent=12337"}],"curies":[{"name":"wp","href":"https:\/\/api.w.org\/{rel}","templated":true}]}}