{"id":12604,"date":"2016-03-29T07:40:20","date_gmt":"2016-03-29T07:40:20","guid":{"rendered":"http:\/\/www.bombersdv.es\/?page_id=12604"},"modified":"2022-11-23T14:38:28","modified_gmt":"2022-11-23T13:38:28","slug":"contacto","status":"publish","type":"page","link":"https:\/\/www.bombersdv.es\/es\/contactanos\/contacto\/","title":{"rendered":"Formulario de Contacto"},"content":{"rendered":"<p><div class=\"fusion-fullwidth fullwidth-box fusion-builder-row-1 nonhundred-percent-fullwidth non-hundred-percent-height-scrolling\" style=\"--awb-background-position:left top;--awb-border-sizes-top:0px;--awb-border-sizes-bottom:0px;--awb-border-sizes-left:0px;--awb-border-sizes-right:0px;--awb-border-radius-top-left:0px;--awb-border-radius-top-right:0px;--awb-border-radius-bottom-right:0px;--awb-border-radius-bottom-left:0px;--awb-padding-top:30px;--awb-padding-right:20px;--awb-padding-bottom:20px;--awb-padding-left:20px;--awb-background-color:transparent;--awb-flex-wrap:wrap;\" ><div class=\"fusion-builder-row fusion-row\"><div class=\"fusion-layout-column fusion_builder_column fusion-builder-column-0 fusion_builder_column_1_2 1_2 fusion-one-half fusion-column-first\" style=\"--awb-bg-size:cover;width:48%; margin-right: 4%;\"><div class=\"fusion-column-wrapper fusion-flex-column-wrapper-legacy\"><div class=\"fusion-text fusion-text-1\"><h2><span style=\"color: #d32f13;\"><strong>Contacta con nosotros<\/strong><\/span><\/h2>\n<\/div><div class=\"fusion-text fusion-text-2\"><h5 data-fontsize=\"17\" data-lineheight=\"23\">Recuerde que el tel\u00e9fono de emergencias es el <strong>112<\/strong>.\u00a0Util\u00edcelo si su consulta es una emergencia.<\/h5>\n<h5 data-fontsize=\"17\" data-lineheight=\"23\">Hablemos. Si necesita alguna informaci\u00f3n, puede contactar con nosotros mediante este formulario. Dispone, no obstante, de formularios espec\u00edficos otras actividades en la <strong>Oficina Virtual.<\/strong><\/h5>\n<h5 data-fontsize=\"17\" data-lineheight=\"23\">Compruebe si alguna de las operativas espec\u00edficas cubre mejor sus necesidades.<\/h5>\n<\/div><div class=\"fusion-text fusion-text-3\"><table style=\"height: 86px; width: 95.0607%; border-collapse: collapse; border-style: none;\" border=\"0\">\n<tbody>\n<tr style=\"height: 36px;\">\n<td style=\"width: 66.9374%; height: 20px;\">\n<h5 data-fontsize=\"17\" data-lineheight=\"23\">Para quejas y sugerencias recomendamos <strong>preferentemente<\/strong> el uso del formulario situado en la sede electr\u00f3nica:<\/h5>\n<\/td>\n<td style=\"width: 33.0626%; background-color: #d32f13; height: 20px;\">\n<table style=\"height: 114px; width: 100%; border-collapse: collapse; border-style: none;\" border=\"0\">\n<tbody>\n<tr style=\"height: 24px;\">\n<td style=\"width: 100%; height: 24px;\"><\/td>\n<\/tr>\n<tr style=\"height: 66px;\">\n<td style=\"width: 100%; height: 66px;\"><a href=\"https:\/\/sede.bombersdv.es\/\"><img decoding=\"async\" class=\"aligncenter\" src=\"https:\/\/www.bombersdv.es\/wp-content\/uploads\/sedeLogo_es.png\" alt=\"\" width=\"192\" height=\"43\" \/><\/a><\/td>\n<\/tr>\n<tr style=\"height: 24px;\">\n<td style=\"width: 100%; height: 24px;\"><\/td>\n<\/tr>\n<\/tbody>\n<\/table>\n<\/td>\n<\/tr>\n<\/tbody>\n<\/table>\n<\/div><div class=\"fusion-sep-clear\"><\/div><div class=\"fusion-separator fusion-full-width-sep\" style=\"margin-left: auto;margin-right: auto;width:100%;\"><\/div><div class=\"fusion-sep-clear\"><\/div><div class=\"fusion-text fusion-text-4\"><p><span style=\"color: #808080;\">Tel\u00e9fono: 963 46 98 00<\/span><\/p>\n<p><span style=\"color: #808080;\"><strong>HORARIO DE REGISTRO<\/strong><\/span><\/p>\n<p><span style=\"color: #808080;\">Lunes &#8211; Viernes: 09:00 &#8211; 14:00<\/span><\/p>\n<p><span style=\"color: #808080;\"><strong>DIRECCI\u00d3N DE CONTACTO<\/strong><\/span><\/p>\n<p><span style=\"color: #808080;\">Calle Avellanes 14 \u2013 46003 Val\u00e8ncia<\/span><\/p>\n<p class=\"subtitular yanone\"><span style=\"color: #808080;\"><strong>EMAIL\u00a0DE CONTACTO<\/strong><\/span><\/p>\n<p><span class=\"label\" style=\"color: #808080;\">Informaci\u00f3n: <a href=\"mailto:info@bombersdv.es\" target=\"_blank\" rel=\"noopener\">info@bombersdv.es<\/a><a style=\"color: #808080;\" href=\"mailto:mail@gabol.es\" target=\"_blank\" rel=\"noopener\"><br \/>\n<\/a><\/span><\/p>\n<\/div><div class=\"fusion-clearfix\"><\/div><\/div><\/div><div class=\"fusion-layout-column fusion_builder_column fusion-builder-column-1 fusion_builder_column_1_2 1_2 fusion-one-half fusion-column-last\" style=\"--awb-bg-size:cover;width:48%;\"><div class=\"fusion-column-wrapper fusion-flex-column-wrapper-legacy\">\n<div class=\"wpcf7 no-js\" id=\"wpcf7-f12614-o1\" lang=\"es-ES\" dir=\"ltr\">\n<div class=\"screen-reader-response\"><p role=\"status\" aria-live=\"polite\" aria-atomic=\"true\"><\/p> <ul><\/ul><\/div>\n<form action=\"\/es\/wp-json\/wp\/v2\/pages\/12604#wpcf7-f12614-o1\" method=\"post\" class=\"wpcf7-form init\" aria-label=\"Formulario de contacto\" novalidate=\"novalidate\" data-status=\"init\">\n<div style=\"display: none;\">\n<input type=\"hidden\" name=\"_wpcf7\" value=\"12614\" \/>\n<input type=\"hidden\" name=\"_wpcf7_version\" value=\"5.9.7\" \/>\n<input type=\"hidden\" name=\"_wpcf7_locale\" value=\"es_ES\" \/>\n<input type=\"hidden\" name=\"_wpcf7_unit_tag\" value=\"wpcf7-f12614-o1\" \/>\n<input type=\"hidden\" name=\"_wpcf7_container_post\" value=\"0\" \/>\n<input type=\"hidden\" name=\"_wpcf7_posted_data_hash\" value=\"\" \/>\n<input type=\"hidden\" name=\"_wpcf7cf_hidden_group_fields\" value=\"[]\" \/>\n<input type=\"hidden\" name=\"_wpcf7cf_hidden_groups\" value=\"[]\" \/>\n<input type=\"hidden\" name=\"_wpcf7cf_visible_groups\" value=\"[]\" \/>\n<input type=\"hidden\" name=\"_wpcf7cf_repeaters\" value=\"[]\" \/>\n<input type=\"hidden\" name=\"_wpcf7cf_steps\" value=\"{}\" \/>\n<input type=\"hidden\" name=\"_wpcf7cf_options\" value=\"{&quot;form_id&quot;:12614,&quot;conditions&quot;:[],&quot;settings&quot;:{&quot;animation&quot;:&quot;yes&quot;,&quot;animation_intime&quot;:200,&quot;animation_outtime&quot;:200,&quot;conditions_ui&quot;:&quot;normal&quot;,&quot;notice_dismissed&quot;:false,&quot;notice_dismissed_update-cf7-5.4&quot;:true}}\" \/>\n<input type=\"hidden\" name=\"_wpcf7_recaptcha_response\" value=\"\" \/>\n<\/div>\n<p><span class=\"wpcf7-form-control-wrap\" data-name=\"nombre\"><input size=\"40\" maxlength=\"400\" class=\"wpcf7-form-control wpcf7-text wpcf7-validates-as-required\" aria-required=\"true\" aria-invalid=\"false\" placeholder=\"Nombre y Apellido\" value=\"\" type=\"text\" name=\"nombre\" \/><\/span>\n<\/p>\n<p><span id=\"wpcf7-69e56bb057089-wrapper\" class=\"wpcf7-form-control-wrap website-wrap\" style=\"display:none !important; visibility:hidden !important;\"><label for=\"wpcf7-69e56bb057089-field\" class=\"hp-message\">Please leave this field empty.<\/label><input id=\"wpcf7-69e56bb057089-field\"  class=\"wpcf7-form-control wpcf7-text\" type=\"text\" name=\"website\" value=\"\" size=\"40\" tabindex=\"-1\" autocomplete=\"new-password\" \/><\/span>\n<\/p>\n<p><span class=\"wpcf7-form-control-wrap\" data-name=\"dni\"><input size=\"40\" maxlength=\"400\" class=\"wpcf7-form-control wpcf7-text wpcf7-validates-as-required\" aria-required=\"true\" aria-invalid=\"false\" placeholder=\"NIF \/ DNI \/ NIE\" value=\"\" type=\"text\" name=\"dni\" \/><\/span>\n<\/p>\n<p><span class=\"wpcf7-form-control-wrap\" data-name=\"direccion\"><input size=\"40\" maxlength=\"400\" class=\"wpcf7-form-control wpcf7-text\" aria-invalid=\"false\" placeholder=\"Direcci\u00f3n\" value=\"\" type=\"text\" name=\"direccion\" \/><\/span>\n<\/p>\n<p><span class=\"wpcf7-form-control-wrap\" data-name=\"cp\"><input size=\"40\" maxlength=\"400\" class=\"wpcf7-form-control wpcf7-text\" aria-invalid=\"false\" placeholder=\"C\u00f3digo postal\" value=\"\" type=\"text\" name=\"cp\" \/><\/span>\n<\/p>\n<p><span class=\"wpcf7-form-control-wrap\" data-name=\"poblacion\"><input size=\"40\" maxlength=\"400\" class=\"wpcf7-form-control wpcf7-text\" aria-invalid=\"false\" placeholder=\"Poblaci\u00f3n\" value=\"\" type=\"text\" name=\"poblacion\" \/><\/span>\n<\/p>\n<p><span class=\"wpcf7-form-control-wrap\" data-name=\"telefono\"><input size=\"40\" maxlength=\"400\" class=\"wpcf7-form-control wpcf7-tel wpcf7-text wpcf7-validates-as-tel\" aria-invalid=\"false\" value=\"963 00 00 00\" type=\"tel\" name=\"telefono\" \/><\/span>\n<\/p>\n<p><span id=\"wpcf7-69e56bb057248-wrapper\" class=\"wpcf7-form-control-wrap emailcontribuyente-wrap\" ><label for=\"wpcf7-69e56bb057248-field\" class=\"hp-message\">Please leave this field empty.<\/label><input id=\"wpcf7-69e56bb057248-field\"  class=\"wpcf7-form-control wpcf7-text\" type=\"text\" name=\"emailcontribuyente\" value=\"\" size=\"40\" tabindex=\"-1\" autocomplete=\"new-password\" \/><\/span>\n<\/p>\n<p><span class=\"wpcf7-form-control-wrap\" data-name=\"email\"><input size=\"40\" maxlength=\"400\" class=\"wpcf7-form-control wpcf7-email wpcf7-validates-as-required wpcf7-text wpcf7-validates-as-email\" aria-required=\"true\" aria-invalid=\"false\" placeholder=\"Correo electr\u00f3nico\" value=\"\" type=\"email\" name=\"email\" \/><\/span>\n<\/p>\n<p> Asunto de la Consulta<br \/>\n<span class=\"wpcf7-form-control-wrap\" data-name=\"asunto\"><select class=\"wpcf7-form-control wpcf7-select wpcf7-validates-as-required\" aria-required=\"true\" aria-invalid=\"false\" name=\"asunto\"><option value=\"\">&#8212;Por favor, elige una opci\u00f3n&#8212;<\/option><option value=\"Consulta\">Consulta<\/option><option value=\"Sugerencia\">Sugerencia<\/option><option value=\"Agradecimiento\">Agradecimiento<\/option><option value=\"Queja\">Queja<\/option><\/select><\/span>\n<\/p>\n<p><span class=\"wpcf7-form-control-wrap\" data-name=\"motivo\"><textarea cols=\"40\" rows=\"10\" maxlength=\"2000\" class=\"wpcf7-form-control wpcf7-textarea\" aria-invalid=\"false\" placeholder=\"Introduce el motivo del escrito\" name=\"motivo\"><\/textarea><\/span>\n<\/p>\n<p style=\"font-size: 12px;\"><strong>Consideraciones importantes<\/strong><br \/>\nEste formulario de consulta, sugerencia, agradecimiento o queja no tienen en ning\u00fan caso la cualificaci\u00f3n de denuncia o recurso administrativo, ni paraliza los plazos que establece la legislaci\u00f3n vigente para el ejercicio de cualquier recurso, acci\u00f3n o derecho a que pueda existir. Ser\u00e1 tratado individualmente, preservando la confidencialidad de nuestros datos, con el objetivo de mejorar la calidad del servicio.\n<\/p>\n<p style=\"font-size: 12px;\">Los datos de car\u00e1cter personal que consten en la consulta ser\u00e1n tratados por el Consorcio dentro de la actividad de tratamiento \u201cConsultas\u201d y\/o \u201cAQS\u201d, cuya finalidad es registrar y tramitar las consultas, agradecimientos, quejas o sugerencias que le dirijan los ciudadanos, asociaciones, organizaciones profesionales, empresas y administraciones p\u00fablicas.\n<\/p>\n<p style=\"font-size: 12px;\">Finalidad basada en el ejercicio de una misi\u00f3n de inter\u00e9s p\u00fablico por parte del Consorcio.\n<\/p>\n<p style=\"font-size: 12px;\">Los datos de car\u00e1cter personal se mantendr\u00e1n durante el tiempo necesario para cumplir con la finalidad para la que se ha recabado y para determinar las posibles responsabilidades que se pudieran derivar de dicha finalidad y del tratamiento de los datos. Ser\u00e1 de aplicaci\u00f3n la normativa de archivos y patrimonio documental espa\u00f1ol.\n<\/p>\n<p style=\"font-size: 12px;\">Para solicitar el acceso, la rectificaci\u00f3n, supresi\u00f3n o limitaci\u00f3n del tratamiento de los datos personales o a oponerse al tratamiento, en el caso de que se den los requisitos establecidos en el Reglamento General de Protecci\u00f3n de Datos, as\u00ed como en la Ley Org\u00e1nica 3\/2018, de 5 de diciembre, de Protecci\u00f3n de Datos Personal y garant\u00eda de los derechos digitales, puede dirigir un escrito al responsable del tratamiento, en este caso, al Consorcio Provincial de Bomberos a nuestra direcci\u00f3n en la Calle Avellanas 14; 46003 Val\u00e8ncia o en la sede electr\u00f3nica del Consorcio (https:\/\/sede.bombersdv.es\/)<br \/>\nDatos de contacto del DPD: dpd@bombersdv.es\n<\/p>\n<p style=\"font-size: 12px;\"> En caso de que saliera el aviso de que faltan campos por rellenar, por favor, recarge la p\u00e1gina para que el captcha vuelva a habilitarse.\n<\/p>\n<span class=\"wpcf7-form-control-wrap recaptcha\" data-name=\"recaptcha\"><span data-sitekey=\"6LdwmZAUAAAAAOGkpXrf-VzdvLsyaiu2QRjUpfh7\" class=\"wpcf7-form-control wpcf7-recaptcha g-recaptcha\"><\/span>\r\n<noscript>\r\n\t<div class=\"grecaptcha-noscript\">\r\n\t\t<iframe src=\"https:\/\/www.google.com\/recaptcha\/api\/fallback?k=6LdwmZAUAAAAAOGkpXrf-VzdvLsyaiu2QRjUpfh7\" frameborder=\"0\" scrolling=\"no\" width=\"310\" height=\"430\">\r\n\t\t<\/iframe>\r\n\t\t<textarea name=\"g-recaptcha-response\" rows=\"3\" cols=\"40\" placeholder=\"Aqu\u00ed la respuesta de reCAPTCHA\">\r\n\t\t<\/textarea>\r\n\t<\/div>\r\n<\/noscript>\r\n<\/span>\n<p><input class=\"wpcf7-form-control wpcf7-submit has-spinner\" type=\"submit\" value=\"Enviar\" \/>\n<\/p><div class=\"fusion-alert alert custom alert-custom fusion-alert-center wpcf7-response-output fusion-alert-capitalize awb-alert-native-link-color alert-dismissable awb-alert-close-boxed\" style=\"--awb-border-top-left-radius:0px;--awb-border-top-right-radius:0px;--awb-border-bottom-left-radius:0px;--awb-border-bottom-right-radius:0px;\" role=\"alert\"><div class=\"fusion-alert-content-wrapper\"><span class=\"fusion-alert-content\"><\/span><\/div><button type=\"button\" class=\"close toggle-alert\" data-dismiss=\"alert\" aria-label=\"Close\">&times;<\/button><\/div>\n<\/form>\n<\/div>\n<div class=\"fusion-clearfix\"><\/div><\/div><\/div><\/div><\/div><div class=\"fusion-fullwidth fullwidth-box fusion-builder-row-2 hundred-percent-fullwidth non-hundred-percent-height-scrolling\" style=\"--awb-background-position:left top;--awb-border-sizes-top:0px;--awb-border-sizes-bottom:0px;--awb-border-sizes-left:0px;--awb-border-sizes-right:0px;--awb-border-radius-top-left:0px;--awb-border-radius-top-right:0px;--awb-border-radius-bottom-right:0px;--awb-border-radius-bottom-left:0px;--awb-padding-top:0px;--awb-padding-right:20px;--awb-padding-bottom:0px;--awb-padding-left:20px;--awb-background-color:transparent;--awb-flex-wrap:wrap;\" ><div class=\"fusion-builder-row fusion-row\"><div class=\"fusion-layout-column fusion_builder_column fusion-builder-column-2 fusion_builder_column_1_1 1_1 fusion-one-full fusion-column-first fusion-column-last fusion-column-no-min-height\" style=\"--awb-bg-size:cover;--awb-margin-bottom:0px;\"><div class=\"fusion-column-wrapper fusion-flex-column-wrapper-legacy\">\t\t\t\t\t<script type=\"text\/javascript\">\n\t\t\t\t\t\tvar map_fusion_map_69e56bb057eab;\n\t\t\t\t\t\tvar markers = [];\n\t\t\t\t\t\tvar counter = 0;\n\t\t\t\t\t\t\t\t\t\t\t\t\t\t\t\t\t\t\t\tvar fusionMapNonce = 'bd3dcbffdf';\n\t\t\t\t\t\t\t\t\t\t\t\tfunction fusion_run_map_fusion_map_69e56bb057eab() {\n\t\t\t\t\t\t\tjQuery('#fusion_map_69e56bb057eab').fusion_maps({\n\t\t\t\t\t\t\t\taddresses: [{\"address\":\"Cam\\u00ed de Montcada, 24, 46009 Valencia\",\"infobox_content\":\"Cam\\u00ed de Montcada, 24, 46009 Valencia\",\"marker\":\"\\\/wp-content\\\/uploads\\\/2016\\\/05\\\/map_avatar_gabol.png\",\"coordinates\":false,\"cache\":true,\"latitude\":\"39.4898142\",\"longitude\":\"-0.3778892000000269\"}],\n\t\t\t\t\t\t\t\tanimations: true,\n\t\t\t\t\t\t\t\tinfobox_background_color: '#000000',\n\t\t\t\t\t\t\t\tinfobox_styling: 'custom',\n\t\t\t\t\t\t\t\tinfobox_text_color: '',\n\t\t\t\t\t\t\t\tmap_style: 'default',\n\t\t\t\t\t\t\t\tmap_type: 'roadmap',\n\t\t\t\t\t\t\t\tmarker_icon: '\/wp-content\/uploads\/2016\/05\/map_avatar_gabol.png',\n\t\t\t\t\t\t\t\toverlay_color: '',\n\t\t\t\t\t\t\t\toverlay_color_hsl: {\"hue\":0,\"sat\":0,\"lum\":100},\n\t\t\t\t\t\t\t\tpan_control: true,\n\t\t\t\t\t\t\t\tshow_address: false,\n\t\t\t\t\t\t\t\tscale_control: true,\n\t\t\t\t\t\t\t\tscrollwheel: false,\n\t\t\t\t\t\t\t\tzoom: 16,\n\t\t\t\t\t\t\t\tzoom_control: true,\n\t\t\t\t\t\t\t});\n\t\t\t\t\t\t}\n\n\t\t\t\t\t\tgoogle.maps.event.addDomListener(window, 'load', fusion_run_map_fusion_map_69e56bb057eab);\n\t\t\t\t\t<\/script>\n\t\t\t\t\t<div class=\"shortcode-map fusion-google-map fusion-maps-js-type\" style=\"--awb-height:400px;\" id=\"fusion_map_69e56bb057eab\"><\/div><div class=\"fusion-clearfix\"><\/div><\/div><\/div><\/div><\/div><\/p>\n","protected":false},"excerpt":{"rendered":"","protected":false},"author":1,"featured_media":0,"parent":40768,"menu_order":0,"comment_status":"closed","ping_status":"closed","template":"100-width.php","meta":{"footnotes":""},"class_list":["post-12604","page","type-page","status-publish","hentry"],"_links":{"self":[{"href":"https:\/\/www.bombersdv.es\/es\/wp-json\/wp\/v2\/pages\/12604"}],"collection":[{"href":"https:\/\/www.bombersdv.es\/es\/wp-json\/wp\/v2\/pages"}],"about":[{"href":"https:\/\/www.bombersdv.es\/es\/wp-json\/wp\/v2\/types\/page"}],"author":[{"embeddable":true,"href":"https:\/\/www.bombersdv.es\/es\/wp-json\/wp\/v2\/users\/1"}],"replies":[{"embeddable":true,"href":"https:\/\/www.bombersdv.es\/es\/wp-json\/wp\/v2\/comments?post=12604"}],"version-history":[{"count":9,"href":"https:\/\/www.bombersdv.es\/es\/wp-json\/wp\/v2\/pages\/12604\/revisions"}],"predecessor-version":[{"id":62171,"href":"https:\/\/www.bombersdv.es\/es\/wp-json\/wp\/v2\/pages\/12604\/revisions\/62171"}],"up":[{"embeddable":true,"href":"https:\/\/www.bombersdv.es\/es\/wp-json\/wp\/v2\/pages\/40768"}],"wp:attachment":[{"href":"https:\/\/www.bombersdv.es\/es\/wp-json\/wp\/v2\/media?parent=12604"}],"curies":[{"name":"wp","href":"https:\/\/api.w.org\/{rel}","templated":true}]}}