{"id":14529,"date":"2016-06-15T13:01:06","date_gmt":"2016-06-15T11:01:06","guid":{"rendered":"http:\/\/www.bombersdv.es\/es\/mapa-web\/"},"modified":"2020-05-28T08:13:09","modified_gmt":"2020-05-28T06:13:09","slug":"mapa-web","status":"publish","type":"page","link":"https:\/\/www.bombersdv.es\/es\/mapa-web\/","title":{"rendered":"Mapa Web"},"content":{"rendered":"<div class=\"fusion-fullwidth fullwidth-box fusion-builder-row-1 hundred-percent-fullwidth non-hundred-percent-height-scrolling\" style=\"--awb-border-radius-top-left:0px;--awb-border-radius-top-right:0px;--awb-border-radius-bottom-right:0px;--awb-border-radius-bottom-left:0px;--awb-overflow:visible;--awb-flex-wrap:wrap;\" ><div class=\"fusion-builder-row fusion-row\"><div class=\"fusion-layout-column fusion_builder_column fusion-builder-column-0 fusion_builder_column_1_1 1_1 fusion-one-full fusion-column-first fusion-column-last fusion-column-no-min-height\" style=\"--awb-bg-size:cover;--awb-margin-bottom:0px;\"><div class=\"fusion-column-wrapper fusion-flex-column-wrapper-legacy\"><div class=\"fusion-text fusion-text-1\"><ul><li><a href=\"https:\/\/www.bombersdv.es\/es\/areas-operativas\/\">\u00c1reas Operativas<\/a>\n<ul class='children'>\n\t<li><a href=\"https:\/\/www.bombersdv.es\/es\/areas-operativas\/bomberos-voluntarios\/\">Bomberos Voluntarios<\/a><\/li>\n\t<li><a href=\"https:\/\/www.bombersdv.es\/es\/areas-operativas\/brigadas\/\">Brigadas<\/a><\/li>\n\t<li><a href=\"https:\/\/www.bombersdv.es\/es\/areas-operativas\/forestales\/\">Forestales<\/a><\/li>\n\t<li><a href=\"https:\/\/www.bombersdv.es\/es\/areas-operativas\/parques\/\">Parques<\/a><\/li>\n\t<li><a href=\"https:\/\/www.bombersdv.es\/es\/areas-operativas\/urec\/\">UREC<\/a><\/li>\n\t<li><a href=\"https:\/\/www.bombersdv.es\/es\/areas-operativas\/uritec\/\">URITEC<\/a><\/li>\n\t<li><a href=\"https:\/\/www.bombersdv.es\/es\/areas-operativas\/vehiculos\/\">Veh\u00edculos<\/a><\/li>\n<\/ul>\n<\/li>\n<li><a href=\"https:\/\/www.bombersdv.es\/es\/aviso-legal\/\">Aviso Legal<\/a><\/li>\n<li><a href=\"https:\/\/www.bombersdv.es\/es\/banco-normativo-interno\/\">BANCO NORMATIVO INTERNO<\/a>\n<ul class='children'>\n\t<li><a href=\"https:\/\/www.bombersdv.es\/es\/banco-normativo-interno\/instrucciones-de-contratacion-2023-v2\/\">Instrucciones de contrataci\u00f3n 2023 (v2)<\/a><\/li>\n<\/ul>\n<\/li>\n<li><a href=\"https:\/\/www.bombersdv.es\/es\/buscador\/\">Buscador<\/a><\/li>\n<li><a href=\"https:\/\/www.bombersdv.es\/es\/cita-previa-registre\/\">Cita previa registro<\/a><\/li>\n<li><a href=\"https:\/\/www.bombersdv.es\/es\/comenex\/\">comenex<\/a>\n<ul class='children'>\n\t<li><a href=\"https:\/\/www.bombersdv.es\/es\/comenex\/eventos-comenex\/\">Eventos COMENEX<\/a><\/li>\n\t<li><a href=\"https:\/\/www.bombersdv.es\/es\/comenex\/eventos-comenex-pasados\/\">Eventos COMENEX pasados<\/a><\/li>\n<\/ul>\n<\/li>\n<li><a href=\"https:\/\/www.bombersdv.es\/es\/compatibilidades-personal\/\">Compatibilidades personal<\/a><\/li>\n<li><a href=\"https:\/\/www.bombersdv.es\/es\/consorcio\/\">Consorcio<\/a>\n<ul class='children'>\n\t<li><a href=\"https:\/\/www.bombersdv.es\/es\/consorcio\/que-hacen-los-bomberos\/\">\u00bfQu\u00e9 hacen los Bomberos?<\/a><\/li>\n\t<li><a href=\"https:\/\/www.bombersdv.es\/es\/consorcio\/entidades-que-componen-el-consorcio\/\">Entidades que componen el consorcio<\/a><\/li>\n\t<li><a href=\"https:\/\/www.bombersdv.es\/es\/consorcio\/memorias-de-actividad\/\">Memorias de Actividad<\/a><\/li>\n\t<li><a href=\"https:\/\/www.bombersdv.es\/es\/consorcio\/normativas\/\">Normativas<\/a><\/li>\n\t<li><a href=\"https:\/\/www.bombersdv.es\/es\/consorcio\/nuestra-historia\/\">Nuestra historia<\/a><\/li>\n<\/ul>\n<\/li>\n<li><a href=\"https:\/\/www.bombersdv.es\/es\/contactanos\/\">Contacto<\/a>\n<ul class='children'>\n\t<li><a href=\"https:\/\/www.bombersdv.es\/es\/contactanos\/colegios\/\">Colegios<\/a><\/li>\n\t<li><a href=\"https:\/\/www.bombersdv.es\/es\/contactanos\/formulario-colegios-e-institutos\/\">Formulario Colegios e Institutos<\/a><\/li>\n\t<li><a href=\"https:\/\/www.bombersdv.es\/es\/contactanos\/formulario-comunicado-accidente\/\">Formulario Comunicado de accidente<\/a><\/li>\n\t<li><a href=\"https:\/\/www.bombersdv.es\/es\/contactanos\/formulario-de-actividades-deportivo-culturales\/\">Formulario de Actividades Deportivo-Culturales<\/a><\/li>\n\t<li><a href=\"https:\/\/www.bombersdv.es\/es\/contactanos\/formulario-de-asistencia-tecnica\/\">Formulario de Asistencia T\u00e9cnica<\/a><\/li>\n\t<li><a href=\"https:\/\/www.bombersdv.es\/es\/contactanos\/contacto\/\">Formulario de Contacto<\/a><\/li>\n\t<li><a href=\"https:\/\/www.bombersdv.es\/es\/contactanos\/formulario-de-espectaculos-pirotecnicos\/\">Formulario de Espect\u00e1culos Pirot\u00e9cnicos<\/a><\/li>\n\t<li><a href=\"https:\/\/www.bombersdv.es\/es\/contactanos\/formulario-prevencion-de-fallas\/\">Formulario Prevenci\u00f3n de Fallas<\/a><\/li>\n\t<li><a href=\"https:\/\/www.bombersdv.es\/es\/contactanos\/formulari-prevencio-fogueres\/\">Formulario Prevenci\u00f3n Hogueras<\/a><\/li>\n\t<li><a href=\"https:\/\/www.bombersdv.es\/es\/contactanos\/informe-de-actuacion\/\">Informe de actuaci\u00f3n<\/a><\/li>\n\t<li><a href=\"https:\/\/www.bombersdv.es\/es\/contactanos\/solicitud-de-actuacion-preventiva-en-zonas-forestales-y-o-lechos-publicos\/\">Solicitud de Actuaci\u00f3n Preventiva en zonas forestales y\/o lechos p\u00fablicos<\/a><\/li>\n<\/ul>\n<\/li>\n<li><a href=\"https:\/\/www.bombersdv.es\/es\/cuestionario-de-deteccion-de-necesidades-formativas-julio-2023\/\">CUESTIONARIO DE DETECCI\u00d3N DE NECESIDADES FORMATIVAS &#8211; julio 2023<\/a><\/li>\n<li><a href=\"https:\/\/www.bombersdv.es\/es\/diploma-confinament\/\">Diploma confinament<\/a><\/li>\n<li><a href=\"https:\/\/www.bombersdv.es\/es\/dv-29\/\">dv 29<\/a><\/li>\n<li><a href=\"https:\/\/www.bombersdv.es\/es\/dv-31\/\">dv 31<\/a><\/li>\n<li><a href=\"https:\/\/www.bombersdv.es\/es\/dv-32\/\">dv 32<\/a><\/li>\n<li><a href=\"https:\/\/www.bombersdv.es\/es\/dv-33\/\">dv 33<\/a><\/li>\n<li><a href=\"https:\/\/www.bombersdv.es\/es\/dv-34\/\">dv 34<\/a><\/li>\n<li><a href=\"https:\/\/www.bombersdv.es\/es\/dv-35\/\">dv 35<\/a><\/li>\n<li><a href=\"https:\/\/www.bombersdv.es\/es\/dv-36\/\">dv 36<\/a><\/li>\n<li><a href=\"https:\/\/www.bombersdv.es\/es\/dv-37\/\">dv 37<\/a><\/li>\n<li><a href=\"https:\/\/www.bombersdv.es\/es\/dv-38\/\">dv 38<\/a><\/li>\n<li><a href=\"https:\/\/www.bombersdv.es\/es\/dv-39\/\">dv 39<\/a><\/li>\n<li><a href=\"https:\/\/www.bombersdv.es\/es\/dv-40\/\">dv 40<\/a><\/li>\n<li><a href=\"https:\/\/www.bombersdv.es\/es\/dv-41\/\">dv 41<\/a><\/li>\n<li><a href=\"https:\/\/www.bombersdv.es\/es\/dv-42\/\">dv 42<\/a><\/li>\n<li><a href=\"https:\/\/www.bombersdv.es\/es\/dv-43\/\">dv 43<\/a><\/li>\n<li><a href=\"https:\/\/www.bombersdv.es\/es\/dv-44\/\">dv 44<\/a><\/li>\n<li><a href=\"https:\/\/www.bombersdv.es\/es\/dv-45\/\">dv 45<\/a><\/li>\n<li><a href=\"https:\/\/www.bombersdv.es\/es\/dv-46\/\">dv 46<\/a><\/li>\n<li><a href=\"https:\/\/www.bombersdv.es\/es\/dv-contratacion\/\">dv CONTRATACION<\/a>\n<ul class='children'>\n\t<li><a href=\"https:\/\/www.bombersdv.es\/es\/dv-contratacion\/dv-contratos\/\">dv contratos<\/a><\/li>\n\t<li><a href=\"https:\/\/www.bombersdv.es\/es\/dv-contratacion\/convenios\/\">dv convenios<\/a><\/li>\n<\/ul>\n<\/li>\n<li><a href=\"https:\/\/www.bombersdv.es\/es\/dv-4\/\">dv Delegaci\u00f3n de competencias a la Junta de Gobierno<\/a><\/li>\n<li><a href=\"https:\/\/www.bombersdv.es\/es\/estadisticas-contratacion\/\">dv Estad\u00edsticas de Contrataci\u00f3n<\/a><\/li>\n<li><a href=\"https:\/\/www.bombersdv.es\/es\/dv-informacion-economica\/\">dv INFORMACION ECONOMICA<\/a>\n<ul class='children'>\n\t<li><a href=\"https:\/\/www.bombersdv.es\/es\/dv-informacion-economica\/dv-ayudas-y-subvenciones\/\">dv ayudas y subvenciones<\/a><\/li>\n<\/ul>\n<\/li>\n<li><a href=\"https:\/\/www.bombersdv.es\/es\/dv-organizacion-administrativa-y-personal\/\">dv ORGANIZACI\u00d3N ADMINISTRATIVA Y PERSONAL<\/a>\n<ul class='children'>\n\t<li><a href=\"https:\/\/www.bombersdv.es\/es\/dv-organizacion-administrativa-y-personal\/dv-gerencia-del-consorcio\/\">dv gerencia del consorcio<\/a><\/li>\n\t<li><a href=\"https:\/\/www.bombersdv.es\/es\/dv-organizacion-administrativa-y-personal\/dv-rrhh\/\">dv rrhh<\/a><\/li>\n<\/ul>\n<\/li>\n<li><a href=\"https:\/\/www.bombersdv.es\/es\/composicion-asamblea-general\/\">dv Participaci\u00f3n de las entidades consorciadas<\/a><\/li>\n<li><a href=\"https:\/\/www.bombersdv.es\/es\/dv-procesos-selectivos\/\">dv Procesos selectivos<\/a><\/li>\n<li><a href=\"https:\/\/www.bombersdv.es\/es\/protocolos-acuerdos\/\">dv Protocolos y acuerdos de colaboraci\u00f3n<\/a><\/li>\n<li><a href=\"https:\/\/www.bombersdv.es\/es\/sesiones-asamblea-2020\/\">dv Sesiones de la Asamblea General 2020 borrar<\/a><\/li>\n<li><a href=\"https:\/\/www.bombersdv.es\/es\/dv-subvenciones-entregadas\/\">dv Subvenciones entregadas<\/a><\/li>\n<li><a href=\"https:\/\/www.bombersdv.es\/es\/elecciones-sindicales-2023\/\">Elecciones sindicales 2022<\/a><\/li>\n<li><a href=\"https:\/\/www.bombersdv.es\/es\/formulario-herramientas\/\">Formulario Herramientas<\/a><\/li>\n<li><a href=\"https:\/\/www.bombersdv.es\/es\/formulario-maquinaria\/\">Formulario Maquinaria<\/a><\/li>\n<li><a href=\"https:\/\/www.bombersdv.es\/es\/formulario-maquinaria-bomba-achique\/\">Formulario Maquinaria Bomba Achique<\/a><\/li>\n<li><a href=\"https:\/\/www.bombersdv.es\/es\/formulario-maquinaria-desbrozadora\/\">Formulario Maquinaria Desbrozadora<\/a><\/li>\n<li><a href=\"https:\/\/www.bombersdv.es\/es\/formulario-maquinaria-general\/\">Formulario Maquinaria GENERAL<\/a><\/li>\n<li><a href=\"https:\/\/www.bombersdv.es\/es\/formulario-maquinaria-motosierra\/\">Formulario Maquinaria Motosierra<\/a><\/li>\n<li><a href=\"https:\/\/www.bombersdv.es\/es\/formulario-maquinaria-podadora\/\">Formulario Maquinaria Podadora<\/a><\/li>\n<li><a href=\"https:\/\/www.bombersdv.es\/es\/formulario-maquinaria-otros\/\">Formulario Otras Maquinarias<\/a><\/li>\n<li><a href=\"https:\/\/www.bombersdv.es\/es\/gera\/\">GERA<\/a><\/li>\n<li><a href=\"https:\/\/www.bombersdv.es\/es\/informacion-para-el-tratamiento-de-datos-en-altas-terceros\/\">Informaci\u00f3n para el tratamiento de datos en altas de terceros en contabilidad<\/a><\/li>\n<li><a href=\"https:\/\/www.bombersdv.es\/es\/rgpd2018-op001\/\">Informaci\u00f3n para el tratamiento de datos en el proceso 2018\/OP001<\/a><\/li>\n<li><a href=\"https:\/\/www.bombersdv.es\/es\/informacion-pd-general\/\">Informaci\u00f3n para el tratamiento de datos en instancia general<\/a><\/li>\n<li><a href=\"https:\/\/www.bombersdv.es\/es\/informacion-tratamiento-datos-prevencion\/\">Informaci\u00f3n para el tratamiento de datos en servicios de prevenci\u00f3n operativa<\/a><\/li>\n<li><a href=\"https:\/\/www.bombersdv.es\/es\/informacion-para-el-tratamiento-de-datos-en-solicitudes-de-compatibilidad\/\">Informaci\u00f3n para el tratamiento de datos en solicitudes de compatibilidad<\/a><\/li>\n<li><a href=\"https:\/\/www.bombersdv.es\/es\/informacion-para-el-tratamiento-de-imagenes-en-campanas-preventivas-del-consorcio\/\">Informaci\u00f3n para el tratamiento de im\u00e1genes en campa\u00f1as preventivas del Consorcio<\/a><\/li>\n<li><a href=\"https:\/\/www.bombersdv.es\/es\/informacion-sobre-proteccion-de-datos-en-relacion-con-las-polizas-colectivas-de-seguro-de-vida-y-accidentes\/\">Informaci\u00f3n sobre protecci\u00f3n de datos en relaci\u00f3n con las p\u00f3lizas colectivas de seguro de vida y accidentes<\/a><\/li>\n<li><a href=\"https:\/\/www.bombersdv.es\/es\/\">Inicio<\/a><\/li>\n<li><a href=\"https:\/\/www.bombersdv.es\/es\/instruccion-procedimiento-de-gestion-informaciones-en-el-sistema-interno-de-informacion\/\">Instrucci\u00f3n procedimiento de gesti\u00f3n informaciones en el sistema  interno de informacion<\/a><\/li>\n<li><a href=\"https:\/\/www.bombersdv.es\/es\/mapa-web\/\">Mapa Web<\/a><\/li>\n<li><a href=\"https:\/\/www.bombersdv.es\/es\/medidas-excepcionales-de-organizacion-y-prestacion-de-los-servicios-del-consorcio\/\">Medidas excepcionales de organizaci\u00f3n y prestaci\u00f3n de los servicios del Consorcio<\/a><\/li>\n<li><a href=\"https:\/\/www.bombersdv.es\/es\/normativa-rrhh-v-ext\/\">Normativa RRHH V. EXT<\/a><\/li>\n<li><a href=\"https:\/\/www.bombersdv.es\/es\/noticias\/\">Noticias<\/a><\/li>\n<li><a href=\"https:\/\/www.bombersdv.es\/es\/noticias-ctaf\/\">Noticias CTAF<\/a><\/li>\n<li><a href=\"https:\/\/www.bombersdv.es\/es\/noticias-portada\/\">Noticias portada<\/a><\/li>\n<li><a href=\"https:\/\/www.bombersdv.es\/es\/oposiciones\/\">Oposiciones<\/a>\n<ul class='children'>\n\t<li><a href=\"https:\/\/www.bombersdv.es\/es\/oposiciones\/procesos-en-marcha\/\">Procesos en Marcha<\/a><\/li>\n\t<li><a href=\"https:\/\/www.bombersdv.es\/es\/oposiciones\/procesos-finalizados\/\">Procesos Finalizados<\/a><\/li>\n<\/ul>\n<\/li>\n<li><a href=\"https:\/\/www.bombersdv.es\/es\/perfil-del-contratante\/\">Perfil del Contratante<\/a>\n<ul class='children'>\n\t<li><a href=\"https:\/\/www.bombersdv.es\/es\/perfil-del-contratante\/contrataciones-anteriores\/\">Contrataciones anteriores<\/a><\/li>\n\t<li><a href=\"https:\/\/www.bombersdv.es\/es\/perfil-del-contratante\/gestion-patrimonial\/\">Gesti\u00f3n Patrimonial<\/a><\/li>\n<\/ul>\n<\/li>\n<li><a href=\"https:\/\/www.bombersdv.es\/es\/personal-de-confianza-y-p-directivo\/\">Personal de confianza y P. directivo<\/a><\/li>\n<li><a href=\"https:\/\/www.bombersdv.es\/es\/personal-interino\/\">Personal Interino<\/a><\/li>\n<li><a href=\"https:\/\/www.bombersdv.es\/es\/plan-desescalada-consorcio-antes-de-ir-al-trabajo\/\">Plan Desescalada Consorcio. Antes de ir al trabajo<\/a><\/li>\n<li><a href=\"https:\/\/www.bombersdv.es\/es\/plantilla-del-consorcio\/\">Plantilla del Consorcio<\/a><\/li>\n<li><a href=\"https:\/\/www.bombersdv.es\/es\/politica-de-privacidad\/\">Pol\u00edtica de Privacidad<\/a><\/li>\n<li><a href=\"https:\/\/www.bombersdv.es\/es\/politica-del-sistema-interno-de-informacion-del-consorcio\/\">POLITICA DEL SISTEMA INTERNO DE INFORMACION DEL CONSORCIO<\/a><\/li>\n<li><a href=\"https:\/\/www.bombersdv.es\/es\/entidades\/\">Portal de las Entidades Consorciadas<\/a>\n<ul class='children'>\n\t<li><a href=\"https:\/\/www.bombersdv.es\/es\/entidades\/asamblea-general\/\">Asamblea General<\/a><\/li>\n\t<li><a href=\"https:\/\/www.bombersdv.es\/es\/entidades\/comissio-informativa\/\">Comisi\u00f3n Informativa<\/a><\/li>\n\t<li><a href=\"https:\/\/www.bombersdv.es\/es\/entidades\/junta-govern\/\">Junta de Gobierno<\/a><\/li>\n<\/ul>\n<\/li>\n<li><a href=\"https:\/\/www.bombersdv.es\/es\/portal-de-transparencia\/\">Portal de Transparencia<\/a>\n<ul class='children'>\n\t<li><a href=\"https:\/\/www.bombersdv.es\/es\/portal-de-transparencia\/actividad-de-tratamiento-de-datos-bomberos-voluntarios\/\">ACTIVIDAD DE TRATAMIENTO DE DATOS: Bomberos Voluntarios<\/a><\/li>\n\t<li><a href=\"https:\/\/www.bombersdv.es\/es\/portal-de-transparencia\/actividad-de-tratamiento-de-datos-gestion-de-recursos-humanos\/\">ACTIVIDAD DE TRATAMIENTO DE DATOS: GESTI\u00d3N DE RECURSOS HUMANOS<\/a><\/li>\n\t<li><a href=\"https:\/\/www.bombersdv.es\/es\/portal-de-transparencia\/actividad-de-tratamiento-de-datos-gestion-informatica-y-de-la-seguridad-de-la-informacion\/\">ACTIVIDAD DE TRATAMIENTO DE DATOS: Gesti\u00f3n inform\u00e1tica y de la seguridad de la informaci\u00f3n.<\/a><\/li>\n\t<li><a href=\"https:\/\/www.bombersdv.es\/es\/portal-de-transparencia\/actividad-de-tratamiento-de-datos-gestion-presupuestaria-y-contable\/\">ACTIVIDAD DE TRATAMIENTO DE DATOS: Gesti\u00f3n Presupuestaria y Contable<\/a><\/li>\n\t<li><a href=\"https:\/\/www.bombersdv.es\/es\/portal-de-transparencia\/actividad-de-tratamiento-de-datos-gestion-tributaria-y-recaudacion\/\">ACTIVIDAD DE TRATAMIENTO DE DATOS: Gesti\u00f3n tributaria y recaudaci\u00f3n<\/a><\/li>\n\t<li><a href=\"https:\/\/www.bombersdv.es\/es\/portal-de-transparencia\/actividad-de-tratamiento-de-datos-prevencion-de-riesgos-laborales\/\">ACTIVIDAD DE TRATAMIENTO DE DATOS: Prevenci\u00f3n de Riesgos Laborales<\/a><\/li>\n\t<li><a href=\"https:\/\/www.bombersdv.es\/es\/portal-de-transparencia\/actividad-de-tratamiento-de-datos-servicios-del-cuerpo-de-bomberos-y-brigadas-forestales\/\">ACTIVIDAD DE TRATAMIENTO DE DATOS: SERVICIOS DEL CUERPO DE BOMBEROS Y BRIGADAS FORESTALES<\/a><\/li>\n\t<li><a href=\"https:\/\/www.bombersdv.es\/es\/portal-de-transparencia\/actividad-de-tratamiento-de-datos-videovigilancia\/\">ACTIVIDAD DE TRATAMIENTO DE DATOS: Videovigilancia<\/a><\/li>\n\t<li><a href=\"https:\/\/www.bombersdv.es\/es\/portal-de-transparencia\/atencion-e-informacion-al-ciudadano\/\">Atenci\u00f3n e informaci\u00f3n al Ciudadano<\/a><\/li>\n\t<li><a href=\"https:\/\/www.bombersdv.es\/es\/portal-de-transparencia\/canales-de-informacion\/\">Canales de Informaci\u00f3n<\/a><\/li>\n\t<li><a href=\"https:\/\/www.bombersdv.es\/es\/portal-de-transparencia\/cargos-electos-y-organos-de-gobierno\/\">Cargos Electos y \u00d3rganos de Gobierno<\/a><\/li>\n\t<li><a href=\"https:\/\/www.bombersdv.es\/es\/portal-de-transparencia\/contratacion\/\">Contrataci\u00f3n<\/a><\/li>\n\t<li><a href=\"https:\/\/www.bombersdv.es\/es\/portal-de-transparencia\/funciones-y-normativas\/\">Funciones y Normativas<\/a><\/li>\n\t<li><a href=\"https:\/\/www.bombersdv.es\/es\/portal-de-transparencia\/funciones-y-normativas-2023\/\">Funciones y Normativas 2023<\/a><\/li>\n\t<li><a href=\"https:\/\/www.bombersdv.es\/es\/portal-de-transparencia\/informacion-economica\/\">Informaci\u00f3n Econ\u00f3mica<\/a><\/li>\n\t<li><a href=\"https:\/\/www.bombersdv.es\/es\/portal-de-transparencia\/inventario-de-actividades-de-tratamiento\/\">INVENTARIO DE ACTIVIDADES DE TRATAMIENTO<\/a><\/li>\n\t<li><a href=\"https:\/\/www.bombersdv.es\/es\/portal-de-transparencia\/ofertas-de-empleo-publico\/\">Ofertas de empleo p\u00fablico<\/a><\/li>\n\t<li><a href=\"https:\/\/www.bombersdv.es\/es\/portal-de-transparencia\/organizacion-administrativa-y-personal\/\">Organizaci\u00f3n Administrativa y Personal<\/a><\/li>\n\t<li><a href=\"https:\/\/www.bombersdv.es\/es\/portal-de-transparencia\/organizacion-administrativa-y-personal-v2\/\">Organizaci\u00f3n Administrativa y Personal v2<\/a><\/li>\n\t<li><a href=\"https:\/\/www.bombersdv.es\/es\/portal-de-transparencia\/registro-de-actividades-de-tramamiento-de-datos\/\">Registro de Actividades de Tramamiento de Datos<\/a><\/li>\n<\/ul>\n<\/li>\n<li><a href=\"https:\/\/www.bombersdv.es\/es\/portal-empleado\/\">Portal Empleado<\/a><\/li>\n<li><a href=\"https:\/\/www.bombersdv.es\/es\/protocolos-de-actuacion\/\">Protocolos de actuaci\u00f3n<\/a>\n<ul class='children'>\n\t<li><a href=\"https:\/\/www.bombersdv.es\/es\/protocolos-de-actuacion\/normas-pendientes-de-aprobacion-definitiva\/\">Normas pendientes de aprobaci\u00f3n definitiva<\/a><\/li>\n<\/ul>\n<\/li>\n<li><a href=\"https:\/\/www.bombersdv.es\/es\/repositorio-de-normas-y-noticias-internas-en-relacion-con-el-covid-19\/\">REPOSITORIO DE NORMAS Y NOTICIAS INTERNAS EN RELACI\u00d3N CON EL COVID-19<\/a><\/li>\n<li><a href=\"https:\/\/www.bombersdv.es\/es\/saluda-del-presidente\/\">Saluda del Presidente<\/a><\/li>\n<li><a href=\"https:\/\/www.bombersdv.es\/es\/servicio-tic-ayuda-2\/\">Servicio de Sistemas y T.I. &#8211; Ayuda y Soporte<\/a><\/li>\n<li><a href=\"https:\/\/www.bombersdv.es\/es\/tablon-de-anuncios\/\">Tabl\u00f3n de Anuncios<\/a><\/li>\n<li><a href=\"https:\/\/www.bombersdv.es\/es\/video-editado-por-el-parque-de-alzira-procedimiento-retirada-epi\/\">Video editado por el Parque de Alzira: Procedimiento retirada EPI<\/a><\/li>\n<li><a href=\"https:\/\/www.bombersdv.es\/es\/workshop\/\">Workshop Riesgos Tecnol\u00f3gicos<\/a>\n<ul class='children'>\n\t<li><a href=\"https:\/\/www.bombersdv.es\/es\/workshop\/vi-workshop-intervencion-operativa-en-riesgos-tecnologicos\/\">VI Workshop Intervenci\u00f3n Operativa en Riesgos Tecnol\u00f3gicos.<\/a><\/li>\n<\/ul>\n<\/li>\n<\/ul>\n<\/div><div class=\"fusion-clearfix\"><\/div><\/div><\/div><\/div><\/div>\n","protected":false},"excerpt":{"rendered":"","protected":false},"author":1,"featured_media":0,"parent":0,"menu_order":0,"comment_status":"closed","ping_status":"closed","template":"","meta":{"footnotes":""},"class_list":["post-14529","page","type-page","status-publish","hentry"],"_links":{"self":[{"href":"https:\/\/www.bombersdv.es\/es\/wp-json\/wp\/v2\/pages\/14529"}],"collection":[{"href":"https:\/\/www.bombersdv.es\/es\/wp-json\/wp\/v2\/pages"}],"about":[{"href":"https:\/\/www.bombersdv.es\/es\/wp-json\/wp\/v2\/types\/page"}],"author":[{"embeddable":true,"href":"https:\/\/www.bombersdv.es\/es\/wp-json\/wp\/v2\/users\/1"}],"replies":[{"embeddable":true,"href":"https:\/\/www.bombersdv.es\/es\/wp-json\/wp\/v2\/comments?post=14529"}],"version-history":[{"count":13,"href":"https:\/\/www.bombersdv.es\/es\/wp-json\/wp\/v2\/pages\/14529\/revisions"}],"predecessor-version":[{"id":51217,"href":"https:\/\/www.bombersdv.es\/es\/wp-json\/wp\/v2\/pages\/14529\/revisions\/51217"}],"wp:attachment":[{"href":"https:\/\/www.bombersdv.es\/es\/wp-json\/wp\/v2\/media?parent=14529"}],"curies":[{"name":"wp","href":"https:\/\/api.w.org\/{rel}","templated":true}]}}