{"id":14908,"date":"2016-07-05T13:23:20","date_gmt":"2016-07-05T11:23:20","guid":{"rendered":"http:\/\/www.bombersdv.es\/es\/?page_id=14908"},"modified":"2024-11-21T11:37:04","modified_gmt":"2024-11-21T10:37:04","slug":"politica-de-privacidad","status":"publish","type":"page","link":"https:\/\/www.bombersdv.es\/es\/politica-de-privacidad\/","title":{"rendered":"Pol\u00edtica de Privacidad"},"content":{"rendered":"<div class=\"fusion-fullwidth fullwidth-box fusion-builder-row-1 nonhundred-percent-fullwidth non-hundred-percent-height-scrolling\" style=\"--awb-background-position:left top;--awb-border-sizes-top:0px;--awb-border-sizes-bottom:0px;--awb-border-sizes-left:0px;--awb-border-sizes-right:0px;--awb-border-radius-top-left:0px;--awb-border-radius-top-right:0px;--awb-border-radius-bottom-right:0px;--awb-border-radius-bottom-left:0px;--awb-padding-top:20px;--awb-padding-bottom:20px;--awb-flex-wrap:wrap;\" ><div class=\"fusion-builder-row fusion-row\"><div class=\"fusion-layout-column fusion_builder_column fusion-builder-column-0 fusion_builder_column_1_1 1_1 fusion-one-full fusion-column-first fusion-column-last fusion-column-no-min-height\" style=\"--awb-bg-size:cover;--awb-margin-bottom:0px;\"><div class=\"fusion-column-wrapper fusion-flex-column-wrapper-legacy\"><div class=\"fusion-text fusion-text-1\"><h2>POL\u00cdTICA DE PRIVACIDAD<\/h2>\n<\/div><div class=\"fusion-clearfix\"><\/div><\/div><\/div><div class=\"fusion-layout-column fusion_builder_column fusion-builder-column-1 fusion_builder_column_1_4 1_4 fusion-one-fourth fusion-column-first\" style=\"--awb-bg-size:cover;width:22%; margin-right: 4%;\"><div class=\"fusion-column-wrapper fusion-flex-column-wrapper-legacy\"><div class=\"fusion-image-element in-legacy-container\" style=\"--awb-caption-title-font-family:var(--h2_typography-font-family);--awb-caption-title-font-weight:var(--h2_typography-font-weight);--awb-caption-title-font-style:var(--h2_typography-font-style);--awb-caption-title-size:var(--h2_typography-font-size);--awb-caption-title-transform:var(--h2_typography-text-transform);--awb-caption-title-line-height:var(--h2_typography-line-height);--awb-caption-title-letter-spacing:var(--h2_typography-letter-spacing);\"><span class=\" fusion-imageframe imageframe-none imageframe-1 hover-type-none\"><img decoding=\"async\" alt=\"Privacidad\" src=\"http:\/\/www.bombersdv.es\/wp-content\/uploads\/2016\/07\/Privacy-300x179.jpg\" class=\"img-responsive\"\/><\/span><\/div><div class=\"fusion-clearfix\"><\/div><\/div><\/div><div class=\"fusion-layout-column fusion_builder_column fusion-builder-column-2 fusion_builder_column_3_4 3_4 fusion-three-fourth fusion-column-last\" style=\"--awb-bg-size:cover;width:74%;\"><div class=\"fusion-column-wrapper fusion-flex-column-wrapper-legacy\"><div class=\"fusion-text fusion-text-2\"><p style=\"text-align: justify;\">El Consorcio para el Servicio de Prevenci\u00f3n Extinci\u00f3n de Incendios y de Salvamento de la provincia de Valencia (en adelante el Consorcio) tiene como una de sus prioridades garantizar el derecho fundamental a la protecci\u00f3n de los datos personales, tanto de los usuarios que se relacionan con su Administraci\u00f3n como de los propios empleados p\u00fablicos a su servicio.<\/p>\n<p style=\"text-align: justify;\">En este sentido, el Consorcio manifiesta que el tratamiento de los datos de car\u00e1cter personal que pueda resultar necesario para el desarrollo de sus competencias a trav\u00e9s de su portal web se ajustar\u00e1 escrupulosamente al que dispone \u00a0el Reglamento (EU) 2016\/679 del Parlamento Europeo y del Consejo (RGPD) que ha sido adaptado al ordenamiento jur\u00eddico espa\u00f1ol mediante la Ley Org\u00e1nica 3\/2018 de 5 de diciembre, de Protecci\u00f3n de Datos de Car\u00e1cter Personal y garant\u00eda de los derechos digitales (LOPDGDD)\u00a0, y a la normativa de despliegue o conexo que pueda resultar de aplicaci\u00f3n en la actualidad o en un futuro.<\/p>\n<p style=\"text-align: justify;\">En concreto, todos los datos personales que puedan suministrarse por los interesados a trav\u00e9s de este portal no ser\u00e1n destinadas a finalidades diferentes de las expresadas en el momento de su aportaci\u00f3n, seg\u00fan el supuesto espec\u00edfico de que se trate, ni comunicadas a terceros excepto en aquellos supuestos legales en qu\u00e9 pueda procederse a la dicha comunicaci\u00f3n o se cuento con el consentimiento expreso del interesado. Del mismo modo, su tratamiento se efectuar\u00e1 de manera confidencial. En todo caso, el Consorcio podr\u00e1 hacer uso de los datos contenidos en sus ficheros con finalidades hist\u00f3ricas, estad\u00edsticas o cient\u00edficas. Los interesados ser\u00e1n informados de la incorporaci\u00f3n de sus datos personales a ficheros, automatizados o no, de las finalidades, usos y, si es el caso, de las posibles cesiones de sus datos en el momento que se piden.<\/p>\n<p style=\"text-align: justify;\">Sin embargo, y a todos los efectos, se informa todos los usuarios que en el caso de aportar datos personales podr\u00e1n ejercitar los derechos de acceso, rectificaci\u00f3n, cancelaci\u00f3n y oposici\u00f3n dirigi\u00e9ndose por escrito al Registro de Entrada del Consorcio, situado en la Calle Avellanas, n\u00fam. 14, CP 46003, Valencia.<\/p>\n<p style=\"text-align: justify;\">Igualmente, el Consorcio informa que ha desarrollado una normativa interna, de obligado cumplimiento para todos los empleados p\u00fablicos que tratan datos de car\u00e1cter personal, en la cual se describen los procedimientos y las pautas que tienen que observarse para el cumplimiento de la normativa legal sobre protecci\u00f3n de datos de car\u00e1cter personal. Y, especialmente, normas de informaci\u00f3n y procedimientos para el tratamiento de este tipo de datos y normas de seguridad (equipos, instalaciones, etc) para asegurar la integridad, confidencialidad y disponibilidad de la informaci\u00f3n.<\/p>\n<p style=\"text-align: justify;\">Para cualquier duda sobre la pol\u00edtica de privacidad anteriormente expresada puede un correo electr\u00f3nico a la direcci\u00f3n <a href=\"mailto:info@bombersdv.es\">info@bombersdv.es<\/a>, indicando en el campo Asunto: \u201cProtecci\u00f3n de datos personales\u201d.<\/p>\n<\/div><div class=\"fusion-clearfix\"><\/div><\/div><\/div><\/div><\/div>\n","protected":false},"excerpt":{"rendered":"","protected":false},"author":27,"featured_media":0,"parent":0,"menu_order":0,"comment_status":"closed","ping_status":"closed","template":"","meta":{"footnotes":""},"class_list":["post-14908","page","type-page","status-publish","hentry"],"_links":{"self":[{"href":"https:\/\/www.bombersdv.es\/es\/wp-json\/wp\/v2\/pages\/14908"}],"collection":[{"href":"https:\/\/www.bombersdv.es\/es\/wp-json\/wp\/v2\/pages"}],"about":[{"href":"https:\/\/www.bombersdv.es\/es\/wp-json\/wp\/v2\/types\/page"}],"author":[{"embeddable":true,"href":"https:\/\/www.bombersdv.es\/es\/wp-json\/wp\/v2\/users\/27"}],"replies":[{"embeddable":true,"href":"https:\/\/www.bombersdv.es\/es\/wp-json\/wp\/v2\/comments?post=14908"}],"version-history":[{"count":2,"href":"https:\/\/www.bombersdv.es\/es\/wp-json\/wp\/v2\/pages\/14908\/revisions"}],"predecessor-version":[{"id":71236,"href":"https:\/\/www.bombersdv.es\/es\/wp-json\/wp\/v2\/pages\/14908\/revisions\/71236"}],"wp:attachment":[{"href":"https:\/\/www.bombersdv.es\/es\/wp-json\/wp\/v2\/media?parent=14908"}],"curies":[{"name":"wp","href":"https:\/\/api.w.org\/{rel}","templated":true}]}}