{"id":14914,"date":"2016-07-05T13:28:10","date_gmt":"2016-07-05T11:28:10","guid":{"rendered":"http:\/\/www.bombersdv.es\/es\/?page_id=14914"},"modified":"2016-12-19T16:43:31","modified_gmt":"2016-12-19T15:43:31","slug":"aviso-legal","status":"publish","type":"page","link":"https:\/\/www.bombersdv.es\/es\/aviso-legal\/","title":{"rendered":"Aviso Legal"},"content":{"rendered":"<div class=\"fusion-fullwidth fullwidth-box fusion-builder-row-1 nonhundred-percent-fullwidth non-hundred-percent-height-scrolling\" style=\"--awb-background-position:left top;--awb-border-radius-top-left:0px;--awb-border-radius-top-right:0px;--awb-border-radius-bottom-right:0px;--awb-border-radius-bottom-left:0px;--awb-padding-top:20px;--awb-padding-bottom:20px;--awb-border-sizes-top:0px;--awb-border-sizes-bottom:0px;--awb-flex-wrap:wrap;\" ><div class=\"fusion-builder-row fusion-row\"><div class=\"fusion-layout-column fusion_builder_column fusion-builder-column-0 fusion_builder_column_1_1 1_1 fusion-one-full fusion-column-first fusion-column-last fusion-column-no-min-height\" style=\"--awb-bg-size:cover;--awb-margin-bottom:0px;\"><div class=\"fusion-column-wrapper fusion-flex-column-wrapper-legacy\"><div class=\"fusion-text fusion-text-1\"><h2>AVISO LEGAL<\/h2>\n<\/div><div class=\"fusion-clearfix\"><\/div><\/div><\/div><div class=\"fusion-layout-column fusion_builder_column fusion-builder-column-1 fusion_builder_column_1_4 1_4 fusion-one-fourth fusion-column-first\" style=\"--awb-bg-size:cover;width:22%; margin-right: 4%;\"><div class=\"fusion-column-wrapper fusion-flex-column-wrapper-legacy\"><div class=\"fusion-image-element in-legacy-container\" style=\"--awb-caption-title-font-family:var(--h2_typography-font-family);--awb-caption-title-font-weight:var(--h2_typography-font-weight);--awb-caption-title-font-style:var(--h2_typography-font-style);--awb-caption-title-size:var(--h2_typography-font-size);--awb-caption-title-transform:var(--h2_typography-text-transform);--awb-caption-title-line-height:var(--h2_typography-line-height);--awb-caption-title-letter-spacing:var(--h2_typography-letter-spacing);\"><span class=\" fusion-imageframe imageframe-none imageframe-1 hover-type-none\"><img decoding=\"async\" src=\"http:\/\/www.bombersdv.es\/wp-content\/uploads\/2016\/07\/legal-300x225.jpg\" alt class=\"img-responsive\"\/><\/span><\/div><div class=\"fusion-clearfix\"><\/div><\/div><\/div><div class=\"fusion-layout-column fusion_builder_column fusion-builder-column-2 fusion_builder_column_3_4 3_4 fusion-three-fourth fusion-column-last\" style=\"--awb-bg-size:cover;width:74%;\"><div class=\"fusion-column-wrapper fusion-flex-column-wrapper-legacy\"><div class=\"fusion-text fusion-text-2\"><p style=\"text-align: justify;\"><strong>1. Titularidad del sitio web.<\/strong><\/p>\n<p style=\"text-align: justify;\">Bombersdv.es es un dominio en internet de titularidad del Consorcio para el Servicio de Prevenci\u00f3n Extinci\u00f3n de Incendios y de Salvamento de la provincia de Valencia (en adelante el Consorcio), CIF P4600022J, con sede y domicilio social en Valencia, Calle Cami de Moncada n\u00fam. 24, CP 46009, Tf. (34) 96 346 98 00, fax (34) 96 346 77 55, correo-email: <a href=\"mailto:info@bombersdv.es\">info@bombersdv.es<\/a><\/p>\n<p style=\"text-align: justify;\"><strong>2. Objeto<\/strong><\/p>\n<p style=\"text-align: justify;\">El Consorcio, a trav\u00e9s de este espacio web, pone a disposici\u00f3n de los diferentes usuarios el acceso y utilizaci\u00f3n de servicios e informaci\u00f3n referidos tanto a su \u00e1mbito de actuaci\u00f3n como, si es el caso, proporcionados por terceros.<\/p>\n<p style=\"text-align: justify;\"><strong>3. T\u00e9rminos y condiciones de uso<\/strong><\/p>\n<p style=\"text-align: justify;\">Se considera usuario del presente sitio web cualquiera que acceda y lo utilice. La condici\u00f3n de usuario comporta la total aceptaci\u00f3n de las condiciones establecidas en el presente Aviso Legal y en las especiales que puedan establecerse para determinados servicios y utilidades. Los usuarios adquieren el compromiso de ajustar su actuaci\u00f3n a las mencionadas condiciones y a observar aquello que se ha dispuesto por la normativa legal, as\u00ed como a las instrucciones y avisos que se ponen en su conocimiento.<\/p>\n<p style=\"text-align: justify;\">Cuando sea necesaria la utilizaci\u00f3n de una contrase\u00f1a o nombre de usuario para acceder a alg\u00fan contenido o servicio de este sitio web, el usuario queda obligado a mantenerlos en secreto y a hacer un uso diligente. En caso de p\u00e9rdida o utilizaci\u00f3n negligente de la contrase\u00f1a, el usuario responder\u00e1 de la utilizaci\u00f3n que hayan podido hacer terceras personas.<\/p>\n<p style=\"text-align: justify;\">La propiedad intelectual del contenido, informaci\u00f3n, gr\u00e1ficos, dise\u00f1o, multimedia, aplicaciones, productos, servicios y cualquiera otro material de este sitio web es del Consorcio, salvo que se especifique lo contrario. Queda, por lo tanto, prohibida su copia, reproducci\u00f3n, distribuci\u00f3n, publicaci\u00f3n, descarga, exhibici\u00f3n o transmisi\u00f3n en cualquier formato o medio, incluyendo medios electr\u00f3nicos, mec\u00e1nicos, reprogr\u00e1ficos, de grabaci\u00f3n o cualquier otro, sin el permiso previo por escrito del Consorcio y, si procede, del propietario del copyright o derechos de autor.<\/p>\n<p style=\"text-align: justify;\">Cualquier uso no autorizado de materiales contenidos en esta web puede vulnerar leyes de copyright, de registro de marcas, de derechos de propiedad intelectual, de privacidad, publicidad, y el resto de legislaci\u00f3n sobre comunicaci\u00f3n. Queda prohibida la utilizaci\u00f3n de los contenidos de este sitio web con fines comerciales o publicitarios.<\/p>\n<p style=\"text-align: justify;\">Los usuarios de Internet que accedan a este sitio web pueden visualizar la informaci\u00f3n contenida en el mismo y efectuar descargas o reproducciones privadas en su sistema inform\u00e1tico; sin embargo, tal autorizaci\u00f3n no llega a la cesi\u00f3n posterior a terceros de los elementos reproducidos ni su instalaci\u00f3n en un servidor conectado a Internet o en una red local. Queda absolutamente prohibida la distribuci\u00f3n, modificaci\u00f3n, alteraci\u00f3n, cesi\u00f3n, comunicaci\u00f3n p\u00fablica y cualquiera otro acto que no sea expresamente autorizado por el Consorcio.<\/p>\n<p style=\"text-align: justify;\">El Consorcio no es responsable del mal uso que los usuarios realicen de los contenidos de su sitio web y se reserva el derecho de actualizar, modificar, conservar, eliminar, o impedir el acceso a cualquier contenido que aparezca o de cerrarlo sin aviso previo.<\/p>\n<p style=\"text-align: justify;\">El Consorcio no es responsable de los contenidos situados fuera de su web, en los sitios web de terceros, a los cuales se pueda acceder por medio de enlaces situados en el sitio web del Consorcio. El Consorcio informa que tales enlaces que aparecen en su web tan s\u00f3lo constituyen una informaci\u00f3n al usuario sobre la existencia otras fuentes de informaci\u00f3n y servicios en Internet sobre las materias a que se refieren, donde el visitante podr\u00e1, si es el caso, ampliar o complementar los datos ofrecidos en esta web, advirtiendo expresamente que esto no supone una sugerencia, invitaci\u00f3n o recomendaci\u00f3n para la visita de tales lugares de destino y, por lo tanto, se declina toda la responsabilidad relativa al resultado obtenido a trav\u00e9s de tales enlaces hipertextuales; en particular, el visitante declara conocer que el Consorcio no garantiza de ninguna forma las condiciones y\/o correcta prestaci\u00f3n de los servicios o la calidad de los productos ofrecidos al usuario por terceros ajenos a ella, a los sitios web de los cuales pueda accederse por medio de enlaces establecidos en cualquier de las p\u00e1ginas del Consorcio, por lo cual esta no ser\u00e1 responsable en ning\u00fan caso de la disponibilidad y de los contenidos facilitados por los otros sitios web visitados a trav\u00e9s de tales enlaces, como tampoco lo ser\u00e1 del eventual incumplimiento por parte de tales terceros de la normativa vigente, y particularmente de aquella que regula el comercio electr\u00f3nico, la defensa y protecci\u00f3n de consumidores y usuarios y la relativa a protecci\u00f3n de datos de car\u00e1cter personal.<\/p>\n<p style=\"text-align: justify;\">En el caso de foros abiertos o espacios de opini\u00f3n en sus p\u00e1ginas web, el Consorcio no se obliga a controlar las opiniones o informaciones abocadas por los usuarios, pero se reserva el derecho a eliminar aquellas que puedan resultar contrarias a la legalidad vigente, especialmente cuando implican una vulneraci\u00f3n de los derechos y libertades fundamentales, a los buenos usos y a los presentes t\u00e9rminos y condiciones.<\/p>\n<p style=\"text-align: justify;\">El Consorcio no ser\u00e1 responsable de posibles da\u00f1os o perjuicios que se pudieran derivar de interferencias, omisiones, interrupciones, aver\u00edas o desconexiones en el funcionamiento operativo de este sistema electr\u00f3nico, motivadas por causas ajenas al Consorcio, o como consecuencia de ajustes o problemas t\u00e9cnicos propios; as\u00ed como tampoco de da\u00f1os que puedan ser causados por virus inform\u00e1ticos y por terceras personas por medio de intromisiones ileg\u00edtimas fuera del control del Consorcio.<\/p>\n<p style=\"text-align: justify;\">La informaci\u00f3n administrativa publicada en este sitio web tiene car\u00e1cter meramente orientativo; por lo tanto, ni sustituye la publicidad de los documentos que tengan que publicarse en Diarios y Boletines Oficiales, la edici\u00f3n de la cual es el \u00fanico instrumento que da fe de su autenticidad y de su contenido, ni se puede derivar ning\u00fan efecto jur\u00eddico vinculante, debiendo el usuario contrastar la mencionada informaci\u00f3n con el existente en los Diarios y Boletines Oficiales, si es el caso, o con la que consta en las dependencias pertinentes de la Administraci\u00f3n. En concreto, esta informaci\u00f3n no podr\u00e1 ser vinculante en la resoluci\u00f3n de procedimientos administrativos ni alegarse en procesos contradictorios con la Administraci\u00f3n P\u00fablica. En consecuencia, el Consorcio no se hace responsable de los posibles da\u00f1os y perjuicios que el uso de la mencionada informaci\u00f3n pudiera ocasionar.<\/p>\n<p style=\"text-align: justify;\">Las directrices seguidas por el Consorcio en materia de Protecci\u00f3n de Datos de Car\u00e1cter Personal son las expuestas en el apartado Pol\u00edtica de privacidad de este sitio web.<\/p>\n<p style=\"text-align: justify;\">El Consorcio se reserva el derecho de modificar los t\u00e9rminos y condiciones establecidos en el presente Aviso legal.<\/p>\n<\/div><div class=\"fusion-clearfix\"><\/div><\/div><\/div><\/div><\/div>\n","protected":false},"excerpt":{"rendered":"","protected":false},"author":27,"featured_media":0,"parent":0,"menu_order":0,"comment_status":"closed","ping_status":"closed","template":"","meta":{"footnotes":""},"class_list":["post-14914","page","type-page","status-publish","hentry"],"_links":{"self":[{"href":"https:\/\/www.bombersdv.es\/es\/wp-json\/wp\/v2\/pages\/14914"}],"collection":[{"href":"https:\/\/www.bombersdv.es\/es\/wp-json\/wp\/v2\/pages"}],"about":[{"href":"https:\/\/www.bombersdv.es\/es\/wp-json\/wp\/v2\/types\/page"}],"author":[{"embeddable":true,"href":"https:\/\/www.bombersdv.es\/es\/wp-json\/wp\/v2\/users\/27"}],"replies":[{"embeddable":true,"href":"https:\/\/www.bombersdv.es\/es\/wp-json\/wp\/v2\/comments?post=14914"}],"version-history":[{"count":0,"href":"https:\/\/www.bombersdv.es\/es\/wp-json\/wp\/v2\/pages\/14914\/revisions"}],"wp:attachment":[{"href":"https:\/\/www.bombersdv.es\/es\/wp-json\/wp\/v2\/media?parent=14914"}],"curies":[{"name":"wp","href":"https:\/\/api.w.org\/{rel}","templated":true}]}}