{"id":15129,"date":"2016-07-21T10:20:21","date_gmt":"2016-07-21T10:20:21","guid":{"rendered":"https:\/\/www.bombersdv.es\/es\/oposiciones\/2014op001-41-places-de-bomber-conductor\/"},"modified":"2022-04-04T08:43:32","modified_gmt":"2022-04-04T06:43:32","slug":"2014op001-41-plazas-de-bombero-conductor","status":"publish","type":"page","link":"https:\/\/www.bombersdv.es\/es\/oposiciones\/procesos-finalizados\/2014op001-41-plazas-de-bombero-conductor\/","title":{"rendered":"2014\/OP001: 41 plazas de bombero-conductor"},"content":{"rendered":"<div class=\"fusion-fullwidth fullwidth-box fusion-builder-row-1 nonhundred-percent-fullwidth non-hundred-percent-height-scrolling\" style=\"--awb-border-radius-top-left:0px;--awb-border-radius-top-right:0px;--awb-border-radius-bottom-right:0px;--awb-border-radius-bottom-left:0px;--awb-flex-wrap:wrap;\" ><div class=\"fusion-builder-row fusion-row\"><div class=\"fusion-layout-column fusion_builder_column fusion-builder-column-0 fusion_builder_column_1_1 1_1 fusion-one-full fusion-column-first fusion-column-last\" style=\"--awb-bg-size:cover;--awb-margin-bottom:0px;\"><div class=\"fusion-column-wrapper fusion-flex-column-wrapper-legacy\"><div class=\"fusion-text fusion-text-1\"><h2>2014\/OP001: 41 plazas de bombero-conductor<\/h2>\n<\/div><div class=\"fusion-text fusion-text-2\"><div class=\"table-2\">\n<p>Convocatoria realizaci\u00f3n quinto ejercicio. Reconocimiento M\u00e9dico.13\/05\/2020<a href=\"https:\/\/www.bombersdv.es\/wp-content\/uploads\/2020\/05\/Anuncio-reconocimiento-medico-Eugenia-1valoraprevencion.pdf\" rel=\"noopener\">Anuncio del Tribunal<\/a>Resultado Reconocimiento M\u00e9dico y Fase Oposici\u00f3n.17\/06\/2020<a href=\"https:\/\/www.bombersdv.es\/wp-content\/uploads\/2020\/06\/anuncio-def.pdf\" rel=\"noopener\">Anuncio del Tribunal<\/a>Anuncio Servicio de Recursos Humanos.22\/06\/2020<a href=\"https:\/\/www.bombersdv.es\/wp-content\/uploads\/2020\/06\/Anuncio-RRHH_copia_autentica.pdf\" rel=\"noopener\">Anuncio de RRHH<\/a>Instancia presentaci\u00f3n de documentos acreditativos.22\/06\/2020<a href=\"https:\/\/www.bombersdv.es\/wp-content\/uploads\/2020\/06\/instancia-documentos-acreditativos-2014.pdf\" rel=\"noopener\"> Instancia <\/a><\/p>\n<table width=\"100%\">\n<thead>\n<tr>\n<th>Tr\u00e1mite<\/th>\n<th>Fecha<\/th>\n<th>Documento(s)<\/th>\n<\/tr>\n<\/thead>\n<tbody>\n<tr>\n<td>Informaci\u00f3n general y FAQ<\/td>\n<td>13\/02\/2015<\/td>\n<td><a href=\"http:\/\/www.bombersdv.es\/wp-content\/uploads\/sites\/2\/2016\/07\/2014OP001_InstruccionesYFAQ.pdf\" target=\"_blank\" rel=\"noopener noreferrer\">Documento<\/a><\/td>\n<\/tr>\n<tr>\n<td>Documentos del temario<\/td>\n<td>17\/06\/2015<\/td>\n<td><a href=\"https:\/\/www.bombersdv.es\/es\/oposiciones\/proceso-2014op001-41-plazas-de-bombero-conductor-documentos-del-temario\/\">Listado de documentos<\/a><\/td>\n<\/tr>\n<tr>\n<td>Bases<\/td>\n<td>04\/12\/2014<br \/>\n29\/01\/2015<br \/>\n13\/02\/2015<\/td>\n<td><a href=\"https:\/\/bop.dival.es\/bop\/drvisapi.dll?LO=00000001a6b7c8d9000000050000001e00002e71434c4fb8000000000001000000000000000000000000000000000000000000000000000000000000000000000000000000000000&amp;type=application\/pdf\" target=\"_blank\" rel=\"noopener noreferrer\">Publicadas en BOPV n\u00ba 288\/2014<\/a><br \/>\n<a href=\"https:\/\/bop.dival.es\/bop\/drvisapi.dll?LO=00000001a6b7c8d9000000050000001a00003e1c434c754b000000000001000000000000000000000000000000000000000000000000000000000000000000000000000000000000&amp;type=application\/pdf\" target=\"_blank\" rel=\"noopener noreferrer\">Modificadas en BOPV n\u00ba 19\/2015<\/a><br \/>\n<a href=\"http:\/\/www.boe.es\/boe\/dias\/2015\/02\/13\/pdfs\/BOE-A-2015-1427.pdf\" target=\"_blank\" rel=\"noopener noreferrer\">Anuncio en BOE 38\/2015<\/a><br \/>\n<a href=\"http:\/\/www.bombersdv.es\/wp-content\/uploads\/sites\/2\/2016\/07\/2014OP001_Bases_es.pdf\" target=\"_blank\" rel=\"noopener noreferrer\">Bases Biling\u00fces<\/a><\/td>\n<\/tr>\n<tr>\n<td>Apertura del Plazo de Presentaci\u00f3n de Instancias<\/td>\n<td>Del 14\/02\/2015<\/td>\n<td>al 05\/03\/2015 (inclusive)<\/td>\n<\/tr>\n<tr>\n<td>Lista Provisional de Admitidos y Exclu\u00eddos<\/td>\n<td>04\/05\/2015<\/td>\n<td><a href=\"https:\/\/bop.dival.es\/bop\/drvisapi.dll?LO=00000001a6b7c8d900000005000000060000a219434cc2a3000000000001000000000000000000000000000000000000000000000000000000000000000000000000000000000000&amp;type=application\/pdf\" target=\"_blank\" rel=\"noopener noreferrer\">Publicada en el BOP Valencia<\/a><br \/>\nPlazo para subsanaci\u00f3n: del 5 al 15 de mayo de 2015, ambos inclusive<\/td>\n<\/tr>\n<tr>\n<td>Nombramiento del \u00d3rgano T\u00e9cnico de Selecci\u00f3n<\/td>\n<td>04\/05\/2015<br \/>\n06\/08\/2015<br \/>\n07\/10\/2015<br \/>\n02\/11\/2015<\/td>\n<td><a href=\"https:\/\/bop.dival.es\/bop\/drvisapi.dll?LO=00000001a6b7c8d900000005000000060000a21a434cc2a4000000000001000000000000000000000000000000000000000000000000000000000000000000000000000000000000&amp;type=application\/pdf\" target=\"_blank\" rel=\"noopener noreferrer\">Publicado en el BOP Valencia<\/a><br \/>\n<a href=\"https:\/\/bop.dival.es\/bop\/drvisapi.dll?LO=00000001a6b7c8d90000000500000029000013e1434d0494000000000001000000000000000000000000000000000000000000000000000000000000000000000000000000000000&amp;type=application\/pdf\" target=\"_blank\" rel=\"noopener noreferrer\">Sustituci\u00f3n de un miembro del OTS<\/a><br \/>\n<a href=\"https:\/\/bop.dival.es\/bop\/drvisapi.dll?LO=00000001a6b7c8d900000005000000230000308d434d17bb000000000001000000000000000000000000000000000000000000000000000000000000000000000000000000000000&amp;type=application\/pdf\" target=\"_blank\" rel=\"noopener noreferrer\">Sustituci\u00f3n de cuatro miembros del OTS<\/a><br \/>\n<a href=\"https:\/\/bop.dival.es\/bop\/drvisapi.dll?LO=00000001a6b7c8d90000000500000036000006e3434d2518000000000001000000000000000000000000000000000000000000000000000000000000000000000000000000000000&amp;type=application\/pdf\" target=\"_blank\" rel=\"noopener noreferrer\">Sustituci\u00f3n de un miembro del OTS<\/a><\/td>\n<\/tr>\n<tr>\n<td>Lista Definitiva de Admitidos y Exclu\u00eddos, y fecha del 1er. ejercicio<\/td>\n<td>26\/06\/2015<\/td>\n<td><a href=\"https:\/\/bop.dival.es\/bop\/drvisapi.dll?LO=00000001a6b7c8d900000005000000160000437e434cec63000000000001000000000000000000000000000000000000000000000000000000000000000000000000000000000000&amp;type=application\/pdf\" target=\"_blank\" rel=\"noopener noreferrer\">Publicada en el BOP Valencia<\/a><\/td>\n<\/tr>\n<tr>\n<td>Instrucciones Pruebas F\u00edsicas<\/td>\n<td>14\/07\/2015<\/td>\n<td>1. Accesos a la Universidad Polit\u00e9cnica de Valencia<br \/>\n1.1 <a href=\"http:\/\/www.bombersdv.es\/wp-content\/uploads\/sites\/2\/2016\/07\/2014OP001_PF_PlanoGeneralUPV.pdf\" target=\"_blank\" rel=\"noopener noreferrer\">Plano General de la UPV<\/a><br \/>\n1.2 Accesos y punto de llamamiento:<br \/>\n&#8211; <a href=\"http:\/\/www.bombersdv.es\/wp-content\/uploads\/sites\/2\/2016\/07\/2014OP001_PF_Accesos-UPV_PuntoLlamamiento.pdf\" target=\"_blank\" rel=\"noopener noreferrer\">Instrucciones sobre puntos de llamamiento<\/a><br \/>\n&#8211; <a href=\"http:\/\/www.bombersdv.es\/wp-content\/uploads\/sites\/2\/2016\/07\/2014OP001_PF_Acceso-Edificio7C_CaminoVera.jpg\" target=\"_blank\" rel=\"noopener noreferrer\">Acceso F<\/a><br \/>\n&#8211; <a href=\"http:\/\/www.bombersdv.es\/wp-content\/uploads\/sites\/2\/2016\/07\/2014OP001_PF_AccesoM_EntradaPeatonalAvenidaTarongers.jpg\" target=\"_blank\" rel=\"noopener noreferrer\">Acceso M<\/a><br \/>\n&#8211; <a href=\"http:\/\/www.bombersdv.es\/wp-content\/uploads\/sites\/2\/2016\/07\/2014OP001_PF_AccesoG_ParkingP7A.jpg\" target=\"_blank\" rel=\"noopener noreferrer\">Acceso G<\/a><br \/>\n&#8211; <a href=\"http:\/\/www.bombersdv.es\/wp-content\/uploads\/sites\/2\/2016\/07\/2014OP001_PF_Acceso-Edificio7C_CaminoVera-1.jpg\" target=\"_blank\" rel=\"noopener noreferrer\">Acceso edificio 7c<\/a><br \/>\n&#8211; <a href=\"http:\/\/www.bombersdv.es\/wp-content\/uploads\/sites\/2\/2016\/07\/2014OP001_PF_Edificio6A_PabellonDeportivo.jpg\" target=\"_blank\" rel=\"noopener noreferrer\">edificio 6 A (pabell\u00f3n)<\/a><br \/>\n&#8211; <a href=\"http:\/\/www.bombersdv.es\/wp-content\/uploads\/sites\/2\/2016\/07\/2014OP001_PF_CallePuntoLlamamientoIdentificacion.jpg\" target=\"_blank\" rel=\"noopener noreferrer\">Punto de llamamiento (calle)<\/a><br \/>\n&#8211; <a href=\"http:\/\/www.bombersdv.es\/wp-content\/uploads\/sites\/2\/2016\/07\/2014OP001_PF_PuntoLlamamientoIdentificacion.jpg\" target=\"_blank\" rel=\"noopener noreferrer\">Punto de llamamiento e identificaci\u00f3n<br \/>\n<\/a>2. <a href=\"http:\/\/www.bombersdv.es\/wp-content\/uploads\/sites\/2\/2016\/07\/2014OP001_PF_NormasAdicionalesEjecucion.pdf\" target=\"_blank\" rel=\"noopener noreferrer\">Normas Adicionales de Ejecuci\u00f3n de las Pruebas F\u00edsicas<\/a><br \/>\n3. <a href=\"http:\/\/www.bombersdv.es\/wp-content\/uploads\/sites\/2\/2016\/07\/2014OP001_PF_InstruccionesGenerales.pdf\" target=\"_blank\" rel=\"noopener noreferrer\">Instrucciones Generales<\/a><br \/>\n4. <a href=\"http:\/\/www.bombersdv.es\/wp-content\/uploads\/sites\/2\/2016\/07\/2014OP001_PF_AccesosPiscinaCarpesa.pdf\" target=\"_blank\" rel=\"noopener noreferrer\">Acceso Piscina Carpesa<\/a><br \/>\n&#8211; Im\u00e1genes: <a href=\"http:\/\/www.bombersdv.es\/wp-content\/uploads\/sites\/2\/2016\/07\/2014OP001_PF_Piscina_AccesoRecinto.jpg\" target=\"_blank\" rel=\"noopener noreferrer\">1<\/a>, <a href=\"http:\/\/www.bombersdv.es\/wp-content\/uploads\/sites\/2\/2016\/07\/2014OP001_PF_Piscina_AccesoInstalaciones.jpg\" target=\"_blank\" rel=\"noopener noreferrer\">2<\/a>, <a href=\"http:\/\/www.bombersdv.es\/wp-content\/uploads\/sites\/2\/2016\/07\/2014OP001_PF_Piscina_Piscina.jpg\" target=\"_blank\" rel=\"noopener noreferrer\">3<\/a> y <a href=\"http:\/\/www.bombersdv.es\/wp-content\/uploads\/sites\/2\/2016\/07\/2014OP001_PF_Piscina_Logo.jpg\" target=\"_blank\" rel=\"noopener noreferrer\">4<\/a><br \/>\n&#8211; <a href=\"http:\/\/www.bombersdv.es\/wp-content\/uploads\/sites\/2\/2016\/07\/2014OP001_PF_NormativaAforoPiscina.pdf\" target=\"_blank\" rel=\"noopener noreferrer\">Normativa de Aforo<\/a><\/td>\n<\/tr>\n<tr>\n<td>1er. ejercicio<\/td>\n<td>23\/07\/2015<br \/>\n28\/07\/2015<br \/>\n30\/07\/2015<br \/>\n06\/08\/2015<\/td>\n<td><a href=\"http:\/\/www.bombersdv.es\/wp-content\/uploads\/sites\/2\/2016\/07\/2014OP001_Anuncio20150723.pdf\" target=\"_blank\" rel=\"noopener noreferrer\">Resultados 3.000 m.<\/a><br \/>\n<a href=\"http:\/\/www.bombersdv.es\/wp-content\/uploads\/sites\/2\/2016\/07\/2014OP001_Anuncio20150728.pdf\" target=\"_blank\" rel=\"noopener noreferrer\">Resultados 60 m., Cuerda y Peso<\/a> (PDF 17 MB)<br \/>\n<a href=\"http:\/\/www.bombersdv.es\/wp-content\/uploads\/sites\/2\/2016\/07\/2014OP001_Anuncio20150730.pdf\" target=\"_blank\" rel=\"noopener noreferrer\">Resultados Nataci\u00f3n 50 m.<\/a> (PDF 45 MB)<br \/>\n<a href=\"http:\/\/www.bombersdv.es\/wp-content\/uploads\/sites\/2\/2016\/07\/2014OP001_Anuncio20150806.pdf\" target=\"_blank\" rel=\"noopener noreferrer\">Anuncio OTS sobre criterios para la Resoluci\u00f3n de Reclamaciones<\/a><br \/>\n<a href=\"http:\/\/www.bombersdv.es\/wp-content\/uploads\/sites\/2\/2016\/07\/2014OP001_Anuncio20150806_2.pdf\" target=\"_blank\" rel=\"noopener noreferrer\">Comunicado del \u00d3rgano T\u00e9cnico de Selecci\u00f3n<\/a><\/td>\n<\/tr>\n<tr>\n<td>Anuncio del 2\u00ba ejercicio Turno Libre<\/td>\n<td>20\/10\/2015<\/td>\n<td><a href=\"http:\/\/www.bombersdv.es\/wp-content\/uploads\/sites\/2\/2016\/07\/2014OP001_Anuncio20151016.pdf\" target=\"_blank\" rel=\"noopener noreferrer\">Anuncio<\/a><br \/>\n<a href=\"http:\/\/www.bombersdv.es\/wp-content\/uploads\/sites\/2\/2016\/07\/2014OP001_Anuncio20151016_AnexoI.pdf\" target=\"_blank\" rel=\"noopener noreferrer\">Anexo anuncio<\/a><br \/>\nMapa de Localizaci\u00f3n<\/td>\n<\/tr>\n<tr>\n<td>Valoraci\u00f3n de m\u00e9ritos Turno Movilidad<\/td>\n<td>20\/10\/2015<\/td>\n<td><a href=\"http:\/\/www.bombersdv.es\/wp-content\/uploads\/sites\/2\/2016\/07\/2014OP001_Anuncio20151016_2.pdf\" target=\"_blank\" rel=\"noopener noreferrer\">Anuncio<\/a><\/td>\n<\/tr>\n<tr>\n<td>Anuncio del OTS (Turno Movilidad)<\/td>\n<td>17\/11\/2015<\/td>\n<td><a href=\"http:\/\/www.bombersdv.es\/wp-content\/uploads\/sites\/2\/2016\/07\/2014OP001_Anuncio20151117_1.pdf\" target=\"_blank\" rel=\"noopener noreferrer\">Anuncio<\/a><\/td>\n<\/tr>\n<tr>\n<td>Resultados test Psicot\u00e9cnico (T. Libre)<\/td>\n<td>17\/11\/2015<\/td>\n<td><a href=\"http:\/\/www.bombersdv.es\/wp-content\/uploads\/sites\/2\/2016\/07\/2014OP001_Anuncio20151117_2.pdf\" target=\"_blank\" rel=\"noopener noreferrer\">Anuncio<br \/>\n<\/a><a href=\"http:\/\/www.bombersdv.es\/wp-content\/uploads\/sites\/2\/2016\/07\/2014OP001_Anuncio20151117_2_Anexo.pdf\" target=\"_blank\" rel=\"noopener noreferrer\">Anexo<\/a><\/td>\n<\/tr>\n<tr>\n<td>ATENCI\u00d3N: Cambio en la hora de celebraci\u00f3n del sorteo<\/td>\n<td>23\/11\/2015<\/td>\n<td><a href=\"http:\/\/www.bombersdv.es\/wp-content\/uploads\/sites\/2\/2016\/07\/2014OP001_Anuncio20151123.pdf\" target=\"_blank\" rel=\"noopener noreferrer\">Anuncio<\/a><\/td>\n<\/tr>\n<tr>\n<td>Calificaciones 3er. ejercicio y convocatoria 4o. ejercicio (T. Libre)<\/td>\n<td>09\/12\/2015<\/td>\n<td><a href=\"http:\/\/www.bombersdv.es\/wp-content\/uploads\/sites\/2\/2016\/07\/2014OP001_Anuncio20151209_2.pdf\" target=\"_blank\" rel=\"noopener noreferrer\">Anuncio<\/a><br \/>\n<a href=\"http:\/\/www.bombersdv.es\/wp-content\/uploads\/sites\/2\/2016\/07\/2014OP001_Anuncio20151209_2_anexo1.pdf\" target=\"_blank\" rel=\"noopener noreferrer\">Anexo I<\/a><br \/>\n<a href=\"http:\/\/www.bombersdv.es\/wp-content\/uploads\/sites\/2\/2016\/07\/2014OP001_Anuncio20151209_2_plantillacorrectora.pdf\" target=\"_blank\" rel=\"noopener noreferrer\">Plantilla de correcci\u00f3n ejercicio 3<\/a><\/td>\n<\/tr>\n<tr>\n<td>Resultados Reconocimiento M\u00e9dico (T. Movilidad)<\/td>\n<td>09\/12\/2015<\/td>\n<td><a href=\"http:\/\/www.bombersdv.es\/wp-content\/uploads\/sites\/2\/2016\/07\/2014OP001_Anuncio20151209_1.pdf\" target=\"_blank\" rel=\"noopener noreferrer\">Anuncio<\/a><br \/>\n<a href=\"http:\/\/www.bombersdv.es\/wp-content\/uploads\/sites\/2\/2016\/07\/2014OP001_Anuncio20151209_1_Requisitos.pdf\" target=\"_blank\" rel=\"noopener noreferrer\">Instancia Aporte Documentaci\u00f3n Requisitos<\/a><\/td>\n<\/tr>\n<tr>\n<td>Resultados 4\u00ba Ejercicio y Convocatoria reconocimiento M\u00e9dico (T. Libre)<\/td>\n<td>28\/12\/2015<\/td>\n<td><a href=\"http:\/\/www.bombersdv.es\/wp-content\/uploads\/sites\/2\/2016\/07\/2014OP001_Anuncio20151228.pdf\" target=\"_blank\" rel=\"noopener noreferrer\">Anuncio<\/a><\/td>\n<\/tr>\n<tr>\n<td>Resultados Reconocimiento M\u00e9dico (T. Libre) y Resultados Finales<\/td>\n<td>21\/01\/2016<\/td>\n<td><a href=\"http:\/\/www.bombersdv.es\/wp-content\/uploads\/sites\/2\/2016\/07\/2014OP001_Anuncio20160120.pdf\" target=\"_blank\" rel=\"noopener noreferrer\">Anuncio<\/a><br \/>\n&#8211; Anexo I: <a href=\"http:\/\/www.bombersdv.es\/wp-content\/uploads\/sites\/2\/2016\/07\/2014OP001_Anuncio20160120_Anexo1.pdf\" target=\"_blank\" rel=\"noopener noreferrer\">Correcci\u00f3n de errores detectados en el Anuncio del OTS de 28\/12\/2015<\/a><br \/>\n&#8211; Anexo II: <a href=\"http:\/\/www.bombersdv.es\/wp-content\/uploads\/sites\/2\/2016\/07\/2014OP001_Anuncio20160120_Anexo2.pdf\" target=\"_blank\" rel=\"noopener noreferrer\">Resultados del Reconocimiento M\u00e9dico<\/a><br \/>\n&#8211; Anexo III: <a href=\"http:\/\/www.bombersdv.es\/wp-content\/uploads\/sites\/2\/2016\/07\/2014OP001_Anuncio20160120_Anexo3.pdf\" target=\"_blank\" rel=\"noopener noreferrer\">Lista de Aspirantes Propuestos<\/a><br \/>\n&#8211; Anexo IV: <a href=\"http:\/\/www.bombersdv.es\/wp-content\/uploads\/sites\/2\/2016\/07\/2014OP001_Anuncio20160120_Anexo4.pdf\" target=\"_blank\" rel=\"noopener noreferrer\">Instancia para la presentaci\u00f3n de documentos acreditativos<\/a><br \/>\n&#8211; Anexo V: <a href=\"http:\/\/www.bombersdv.es\/wp-content\/uploads\/sites\/2\/2016\/07\/2014OP001_Anuncio20160120_Anexo5.pdf\" target=\"_blank\" rel=\"noopener noreferrer\">Aspirantes propuestos para la bolsa de trabajo<\/a><\/td>\n<\/tr>\n<tr>\n<td>Anuncio<\/td>\n<td>12\/02\/2016<\/td>\n<td>\n<p>Con el objetivo de conformar la estructura del curso selectivo de formaci\u00f3n de la oposici\u00f3n 2014\/OP001, se requiere a los 36 aspirantes propuestos para el mismo a fin de que aporten CERTIFICADO de todos los cursos realizados u homologados por el IVASPE de contenido ajustable a la funci\u00f3n de bombero conductor, todo ello a los efectos de lo previsto en el DECRETO 22\/2015, de 22 de diciembre, del president de la Generalitat, por el que se regula el Curso Selectivo de Formaci\u00f3n para el personal bombero de nuevo acceso a los Servicios de Prevenci\u00f3n, Extinci\u00f3n de Incendios y Salvamento de la Comunitat Valenciana. Los interesados presentar\u00e1n los citados cursos y los relacionar\u00e1n en hoja adjunta. Asimismo, se presentar\u00e1n relacionados de forma diferenciada, los cursos realizados que hayan sido impartidos u homologados por organismos similares al IVASPE de otras Comunidades Aut\u00f3nomas.<\/p>\n<p>Lugar de presentaci\u00f3n: DEPARTAMENTO DE RRHH DEL CONSORCIO PROVINCIAL DE BOMBEROS DE VALENCIA<br \/>\nFechas de presentaci\u00f3n: DEL 15 DE FEBRERO DE 2016 AL 19 DE FEBRERO DE 2016<\/p>\n<p>En caso de no poder presentarse de forma presencial, contactar con el Departamento de RRHH para su gesti\u00f3n diferenciada.<\/p>\n<p>Asimismo, se les requiere a fin de que se informe al citado departamento sobre la situaci\u00f3n administrativa y laboral actual (funcionarios en otras administraciones&#8230;etc)<\/td>\n<\/tr>\n<tr>\n<td>Anuncio<\/td>\n<td>31\/03\/2016<\/td>\n<td>\n<p>CONVOCATORIA CURSO SELECTIVO<\/p>\n<p>Por <a href=\"http:\/\/www.bombersdv.es\/wp-content\/uploads\/sites\/2\/2016\/07\/2014OP001_Anuncio20160331.pdf\" target=\"_blank\" rel=\"noopener noreferrer\">resoluci\u00f3n del Instituto Valenciano de Seguridad P\u00fablica y Emergencias<\/a> de fecha 21.03.2016 se convoca a los aspirantes propuestos por el \u00d3rgano T\u00e9cnico de Selecci\u00f3n en Anuncio de fecha 21.01.2016, publicado en la misma fecha, al curso selectivo de conformidad con lo previsto en la base d\u00e9cima de las bases de la convocatoria y art\u00edculo 28.6 de la Ley 7\/2011, de 1 de abril, de la Generalitat, de los Servicios de Prevenci\u00f3n, Extinci\u00f3n de Incendios y Salvamento de la Comunitat Valenciana.<\/p>\n<p>El curso selectivo dar\u00e1 comienzo el d\u00eda 5 de abril de 2016 a las 8.00 horas en las instalaciones del IVASPE sitas en la Carretera de Valencia-Cheste, s\/n, 46380 Cheste, (Valencia), estando prevista su finalizaci\u00f3n el d\u00eda 8 de julio de 2016.<\/p>\n<p>En la citada resoluci\u00f3n, se requiere a los aspirantes a fin de que presenten fotocopia compulsada de los siguientes documentos:<\/p>\n<p>&#8211;\u00a0\u00a0\u00a0 Carnet de conducir<br \/>\n&#8211;\u00a0\u00a0\u00a0 Titulaci\u00f3n acad\u00e9mica<br \/>\n&#8211;\u00a0\u00a0\u00a0 Matr\u00edcula del veh\u00edculo en caso de que vayan a desplazarse al curso por este medio<\/p>\n<p>En relaci\u00f3n a los dos primeros documentos que ya obran en poder de la administraci\u00f3n, \u00e9stos ser\u00e1n facilitados por el Consorcio Provincial de Bomberos al IVASPE con anterioridad al comienzo del curso.<\/p>\n<p>En cuanto al dato de la matr\u00edcula del veh\u00edculo, en caso de que el desplazamiento sea por ese medio, deber\u00e1 hacerse directamente al IVASPE.<\/p>\n<p>Asimismo se adjunta el <a href=\"http:\/\/www.bombersdv.es\/wp-content\/uploads\/sites\/2\/2016\/07\/2014OP001_Anuncio20160331_2.pdf\" target=\"_blank\" rel=\"noopener noreferrer\">calendario del citado curso CSFB\/1\/2016<\/a>.<\/td>\n<\/tr>\n<tr>\n<td>Anuncio BOP<\/td>\n<td>05\/08\/2016<\/td>\n<td><a href=\"https:\/\/www.bombersdv.es\/wp-content\/uploads\/2017\/01\/Anuncio-Toma-Posesi\u00f3n-36.pdf\">Anuncio sobre nombramiento como funcionarios de carrera<\/a><\/td>\n<\/tr>\n<tr>\n<td>En cumplimiento de la Sentencia n\u00ba 282\/2018, del Juzgado de lo Contencioso Administrativo N\u00ba5. Como situaci\u00f3n Juridica Individualizada.<\/td>\n<td>14\/01\/2020<\/td>\n<td><a href=\"https:\/\/www.bombersdv.es\/wp-content\/uploads\/2020\/01\/Anuncio-del-Tribunal-2014-OP001-1.pdf\" rel=\"noopener\">Anuncio del Tribunal 4\u00ba ejercicio<\/a><\/td>\n<\/tr>\n<tr>\n<td>Convocatoria realizaci\u00f3n quinto ejercicio. Reconocimiento M\u00e9dico.<\/td>\n<td>13\/05\/2020<\/td>\n<td><a href=\"https:\/\/www.bombersdv.es\/wp-content\/uploads\/2020\/05\/Anuncio-reconocimiento-medico-Eugenia-1valoraprevencion.pdf\" rel=\"noopener\">Anuncio del Tribunal<\/a><\/td>\n<\/tr>\n<tr>\n<td>Resultado Reconocimiento M\u00e9dico y Fase Oposici\u00f3n.<\/td>\n<td>17\/06\/2020<\/td>\n<td><a href=\"https:\/\/www.bombersdv.es\/wp-content\/uploads\/2020\/06\/anuncio-def.pdf\" rel=\"noopener\">Anuncio del Tribunal<\/a><\/td>\n<\/tr>\n<tr>\n<td>Anuncio Servicio de Recursos Humanos.<\/td>\n<td>22\/06\/2020<\/td>\n<td><a href=\"https:\/\/www.bombersdv.es\/wp-content\/uploads\/2020\/06\/Anuncio-RRHH_copia_autentica.pdf\" rel=\"noopener\">Anuncio de RRHH<\/a><\/td>\n<\/tr>\n<tr>\n<td>Instancia presentaci\u00f3n de documentos acreditativos.<\/td>\n<td>22\/06\/2020<\/td>\n<td><a href=\"https:\/\/www.bombersdv.es\/wp-content\/uploads\/2020\/06\/instancia-documentos-acreditativos-2014.pdf\" rel=\"noopener\"> Instancia <\/a><\/td>\n<\/tr>\n<tr>\n<td><span id=\"ep1\"><span id=\"et1\">Convocatoria aspirante realizaci\u00f3n\u00a0 examen en cumplimiento de la Sentencia n\u00ba 466\/2020, de la Secci\u00f3n Segunda de la Sala de lo Contencioso-Administrativo del Tribunal Superior de Justicia de la Comunidad Valenciana, como situaci\u00f3n Jur\u00eddica Individualizada.<br \/>\n<\/span><\/span><\/td>\n<td>24\/02\/2021<\/td>\n<td><a href=\"https:\/\/www.bombersdv.es\/wp-content\/uploads\/2021\/02\/2014-OP001_-Convocatoria-aspirante-ejercicio-4-situacion-juridica-indiv.pdf\" target=\"_blank\" rel=\"noopener\">Decreto<\/a><\/td>\n<\/tr>\n<tr>\n<td><span id=\"ep1\"><span id=\"et1\">Anuncio OTS: resultados supuesto pr\u00e1ctico y convocatoria reconocimiento m\u00e9dico<\/span><\/span><\/td>\n<td>25\/03\/2021<\/td>\n<td><a href=\"https:\/\/www.bombersdv.es\/wp-content\/uploads\/2021\/03\/2014_OP001_Anunci.pdf\" target=\"_blank\" rel=\"noopener\">Anuncio<\/a><\/td>\n<\/tr>\n<tr>\n<td>Anuncio OTS: resultados supuesto pr\u00e1ctico tras alegaciones presentadas <span id=\"ep1\"><span id=\"et1\"><br \/>\n<\/span><\/span><\/td>\n<td>19\/04\/2021<\/td>\n<td><a href=\"https:\/\/www.bombersdv.es\/wp-content\/uploads\/2021\/04\/Anuncio-alegaciones-ots-ok.pdf\" target=\"_blank\" rel=\"noopener\">Anuncio<\/a><\/td>\n<\/tr>\n<tr>\n<td>Anuncio OTS: resultado Curso Selectivo IVAPSE y propuesta nombramiento funcionario de carrera en cumplimiento de la Sentencia n\u00ba 282\/2018, del Juzgado de lo Contencioso Administrativo N\u00ba 5<\/td>\n<td>20\/05\/2021<\/td>\n<td><a href=\"https:\/\/www.bombersdv.es\/wp-content\/uploads\/2021\/05\/2014_OP001_Anuncio-OTS-propuesta-nombramiento-Funcionario-Carrera-2-Copia-autentica1.pdf\" target=\"_blank\" rel=\"noopener\">Anuncio<\/a><\/td>\n<\/tr>\n<tr>\n<td>Anuncio OTS: resultados Reconocimiento M\u00e9dico, Fase Oposici\u00f3n y propuesta nombramiento funcionario en pr\u00e1cticas en cumplimiento de la Sent\u00e8ncia n\u00fam. 466\/2020, de la Secci\u00f3n Segunda de la Sala Contenciosa Administrativa del Tribunal Superior de Justicia de la Comunitat Valenciana<\/td>\n<td>20\/05\/2021<\/td>\n<td><a href=\"https:\/\/www.bombersdv.es\/wp-content\/uploads\/2021\/05\/2014_OP001_Anuncio-OTS-prop-nombramiento-func-en-practicas.pdf\" target=\"_blank\" rel=\"noopener\">Anuncio<\/a><\/td>\n<\/tr>\n<tr>\n<td>Anuncio RRHH: requerimiento documentaci\u00f3n en cumplimento de la Sentencia n\u00fam. 466\/2020, de la Secci\u00f3n Segunda de la Sala Contenciosa Administrativa del Tribunal Superior de Just\u00edcia de la Comunitat Valenciana<\/td>\n<td>20\/05\/2021<\/td>\n<td><a href=\"https:\/\/www.bombersdv.es\/wp-content\/uploads\/2021\/05\/Requerimiento-RRHH-inf-relativa-a-cursos-ivaspe-y-documentacion-acredit-requisitos.pdf\" target=\"_blank\" rel=\"noopener\">Requerimiento RRHH<\/a><\/td>\n<\/tr>\n<tr>\n<td>Instancia presentaci\u00f3n de documentos acreditativos<\/td>\n<td>20\/05\/2021<\/td>\n<td><a href=\"https:\/\/www.bombersdv.es\/wp-content\/uploads\/2021\/05\/2014_OP001_instancia-documentos-acreditativos-2014.pdf\" target=\"_blank\" rel=\"noopener\">Instancia<\/a><\/td>\n<\/tr>\n<tr>\n<td>Anuncio RRHH: Relaci\u00f3n de plazas Bombero\/a-Conductor\/a ofertadas<\/td>\n<td>20\/05\/2021<\/td>\n<td><a href=\"https:\/\/www.bombersdv.es\/wp-content\/uploads\/2021\/05\/VACANTES-tras-resultas-CT-Bombero-Copia-autentica2.pdf\" target=\"_blank\" rel=\"noopener\">Anuncio de RRHH<\/a><\/td>\n<\/tr>\n<\/tr>\n<tr>\n<td>Anuncio OTS: resultado Curso Selectivo IVAPSE y propuesta nombramiento funcionario de carrera en cumplimiento de la Sentencia n\u00ba 466\/2020, de la Secci\u00f3n Segunda de la Sala Contenciosa Administrativa del Tribunal Superior de Justicia de la Comunitat Valenciana.<\/td>\n<td>11\/03\/2022<\/td>\n<td><a href=\"https:\/\/www.bombersdv.es\/wp-content\/uploads\/2022\/03\/ANUNCIO-OTS-bombero-2014_OP001-11032022-Copia-autentica.pdf\" target=\"_blank\" rel=\"noopener\">Anuncio<\/a><\/td>\n<tr>\n<td> Publicaci\u00f3n BOP nombramiento funcionario de carrera.<\/td>\n<td>04\/04\/2022<\/td>\n<td><a href=\"https:\/\/www.bombersdv.es\/wp-content\/uploads\/2022\/04\/Publicacion-nombr-alfredo-bailen.pdf\" target=\"_blank\" rel=\"noopener\">BOP<\/a><\/td>\n<\/tr>\n<\/tr>\n<\/tbody>\n<\/table>\n<\/div>\n<\/div><div class=\"fusion-text fusion-text-3\"><\/div><div class=\"fusion-text fusion-text-4\"><\/div><div class=\"fusion-clearfix\"><\/div><\/div><\/div><\/div><\/div>\n","protected":false},"excerpt":{"rendered":"","protected":false},"author":1,"featured_media":0,"parent":15127,"menu_order":0,"comment_status":"closed","ping_status":"closed","template":"","meta":{"footnotes":""},"class_list":["post-15129","page","type-page","status-publish","hentry"],"_links":{"self":[{"href":"https:\/\/www.bombersdv.es\/es\/wp-json\/wp\/v2\/pages\/15129"}],"collection":[{"href":"https:\/\/www.bombersdv.es\/es\/wp-json\/wp\/v2\/pages"}],"about":[{"href":"https:\/\/www.bombersdv.es\/es\/wp-json\/wp\/v2\/types\/page"}],"author":[{"embeddable":true,"href":"https:\/\/www.bombersdv.es\/es\/wp-json\/wp\/v2\/users\/1"}],"replies":[{"embeddable":true,"href":"https:\/\/www.bombersdv.es\/es\/wp-json\/wp\/v2\/comments?post=15129"}],"version-history":[{"count":19,"href":"https:\/\/www.bombersdv.es\/es\/wp-json\/wp\/v2\/pages\/15129\/revisions"}],"predecessor-version":[{"id":58137,"href":"https:\/\/www.bombersdv.es\/es\/wp-json\/wp\/v2\/pages\/15129\/revisions\/58137"}],"up":[{"embeddable":true,"href":"https:\/\/www.bombersdv.es\/es\/wp-json\/wp\/v2\/pages\/15127"}],"wp:attachment":[{"href":"https:\/\/www.bombersdv.es\/es\/wp-json\/wp\/v2\/media?parent=15129"}],"curies":[{"name":"wp","href":"https:\/\/api.w.org\/{rel}","templated":true}]}}