{"id":15147,"date":"2016-07-21T10:49:28","date_gmt":"2016-07-21T10:49:28","guid":{"rendered":"https:\/\/www.bombersdv.es\/es\/oposiciones\/2014bt001-1-plaza-de-tecnico-auxiliar-de-informatica-interinaje\/"},"modified":"2017-01-24T15:53:53","modified_gmt":"2017-01-24T14:53:53","slug":"2014bt001-1-plaza-de-tecnico-auxiliar-de-informatica-interinaje","status":"publish","type":"page","link":"https:\/\/www.bombersdv.es\/es\/oposiciones\/procesos-finalizados\/2014bt001-1-plaza-de-tecnico-auxiliar-de-informatica-interinaje\/","title":{"rendered":"2014\/BT001: 1 plaza de T\u00e9cnico Auxiliar de Inform\u00e1tica (Interinaje)"},"content":{"rendered":"<div class=\"fusion-fullwidth fullwidth-box fusion-builder-row-1 nonhundred-percent-fullwidth non-hundred-percent-height-scrolling\" style=\"--awb-border-radius-top-left:0px;--awb-border-radius-top-right:0px;--awb-border-radius-bottom-right:0px;--awb-border-radius-bottom-left:0px;--awb-flex-wrap:wrap;\" ><div class=\"fusion-builder-row fusion-row\"><div class=\"fusion-layout-column fusion_builder_column fusion-builder-column-0 fusion_builder_column_1_1 1_1 fusion-one-full fusion-column-first fusion-column-last\" style=\"--awb-bg-size:cover;--awb-margin-bottom:0px;\"><div class=\"fusion-column-wrapper fusion-flex-column-wrapper-legacy\"><div class=\"fusion-text fusion-text-1\"><h2>2014\/BT001: 1 plaza de T\u00e9cnico Auxiliar de Inform\u00e1tica (Interinaje)<\/h2>\n<\/div><div class=\"fusion-text fusion-text-2\"><div class=\"table-2\">\n<table width=\"100%\">\n<thead>\n<tr>\n<th>Tr\u00e1mite<\/th>\n<th>Fecha<\/th>\n<th>Documento(s)<\/th>\n<\/tr>\n<\/thead>\n<tbody>\n<tr>\n<td>Informaci\u00f3n general y FAQ<\/td>\n<td><\/td>\n<td><\/td>\n<\/tr>\n<tr>\n<td>Bases<\/td>\n<td>14\/01\/2015<\/td>\n<td><a href=\"https:\/\/bop.dival.es\/bop\/drvisapi.dll?LO=00000001a6b7c8d9000000050000003200001af0434c69f5000000000001000000000000000000000000000000000000000000000000000000000000000000000000000000000000&amp;type=application\/pdf\" target=\"_blank\">Publicadas en BOP Valencia<\/a><\/td>\n<\/tr>\n<tr>\n<td>Apertura del Plazo de Presentaci\u00f3n de Instancias<\/td>\n<td>15\/01\/2015<\/td>\n<td>Fin del plazo: 24\/01\/2015<\/td>\n<\/tr>\n<tr>\n<td>Lista Provisional de Admitidos y Exclu\u00eddos<\/td>\n<td>28\/01\/2015<\/td>\n<td><a href=\"http:\/\/www.bombersdv.es\/wp-content\/uploads\/sites\/2\/2016\/07\/2014BT001_TribunalYListaProvisional.pdf\" target=\"_blank\">Decreto<\/a><\/td>\n<\/tr>\n<tr>\n<td>Nombramiento del \u00d3rgano T\u00e9cnico de Selecci\u00f3n<\/td>\n<td>28\/01\/2015<\/td>\n<td><a href=\"http:\/\/www.bombersdv.es\/wp-content\/uploads\/sites\/2\/2016\/07\/2014BT001_TribunalYListaProvisional.pdf\" target=\"_blank\">Decreto<\/a><\/td>\n<\/tr>\n<tr>\n<td>Lista Definitiva de Admitidos y Exclu\u00eddos, y fecha del 1er. ejercicio<\/td>\n<td>09\/02\/2015<\/td>\n<td><a href=\"http:\/\/www.bombersdv.es\/wp-content\/uploads\/sites\/2\/2016\/07\/2014BT001_ListaDefYFechaExamen.pdf\" target=\"_blank\">Decreto<\/a><\/td>\n<\/tr>\n<tr>\n<td>Notas del 1er. ejercicio<\/td>\n<td>17\/02\/2015<br \/>\n18\/02\/2015<\/td>\n<td><a href=\"http:\/\/www.bombersdv.es\/wp-content\/uploads\/sites\/2\/2016\/07\/2014BT001_Anuncio20150217_1.pdf\" target=\"_blank\">Anuncio OTS<\/a><br \/>\n<a href=\"http:\/\/www.bombersdv.es\/wp-content\/uploads\/sites\/2\/2016\/07\/2014BT001_PlantillaRespuestas.pdf\" target=\"_blank\">Plantilla de Respuestas<\/a><\/td>\n<\/tr>\n<tr>\n<td>Notas del Concurso de Meritos y Convocatoria Entrevista<\/td>\n<td>17\/02\/2015<\/td>\n<td><a href=\"http:\/\/www.bombersdv.es\/wp-content\/uploads\/sites\/2\/2016\/07\/2014BT001_Anuncio20150217_2.pdf\" target=\"_blank\">Anuncio OTS<\/a><\/td>\n<\/tr>\n<tr>\n<td>Final del procedimiento<\/td>\n<td>23\/02\/2015<\/td>\n<td><a href=\"http:\/\/www.bombersdv.es\/wp-content\/uploads\/sites\/2\/2016\/07\/2014BT001_AnuncioFinal.pdf\" target=\"_blank\">Anuncio OTS<\/a><\/td>\n<\/tr>\n<\/tbody>\n<\/table>\n<\/div>\n<\/div><div class=\"fusion-clearfix\"><\/div><\/div><\/div><\/div><\/div>\n","protected":false},"excerpt":{"rendered":"","protected":false},"author":1,"featured_media":0,"parent":15127,"menu_order":0,"comment_status":"closed","ping_status":"closed","template":"","meta":{"footnotes":""},"class_list":["post-15147","page","type-page","status-publish","hentry"],"_links":{"self":[{"href":"https:\/\/www.bombersdv.es\/es\/wp-json\/wp\/v2\/pages\/15147"}],"collection":[{"href":"https:\/\/www.bombersdv.es\/es\/wp-json\/wp\/v2\/pages"}],"about":[{"href":"https:\/\/www.bombersdv.es\/es\/wp-json\/wp\/v2\/types\/page"}],"author":[{"embeddable":true,"href":"https:\/\/www.bombersdv.es\/es\/wp-json\/wp\/v2\/users\/1"}],"replies":[{"embeddable":true,"href":"https:\/\/www.bombersdv.es\/es\/wp-json\/wp\/v2\/comments?post=15147"}],"version-history":[{"count":0,"href":"https:\/\/www.bombersdv.es\/es\/wp-json\/wp\/v2\/pages\/15147\/revisions"}],"up":[{"embeddable":true,"href":"https:\/\/www.bombersdv.es\/es\/wp-json\/wp\/v2\/pages\/15127"}],"wp:attachment":[{"href":"https:\/\/www.bombersdv.es\/es\/wp-json\/wp\/v2\/media?parent=15147"}],"curies":[{"name":"wp","href":"https:\/\/api.w.org\/{rel}","templated":true}]}}