{"id":15149,"date":"2016-07-21T10:51:45","date_gmt":"2016-07-21T10:51:45","guid":{"rendered":"https:\/\/www.bombersdv.es\/es\/oposiciones\/2014pi003-1-plaza-de-tecnico-superior-de-informatica-promocion-interna\/"},"modified":"2018-10-18T17:42:21","modified_gmt":"2018-10-18T17:42:21","slug":"2014pi003-1-plaza-de-tecnico-superior-de-informatica-promocion-interna","status":"publish","type":"page","link":"https:\/\/www.bombersdv.es\/es\/oposiciones\/procesos-finalizados\/2014pi003-1-plaza-de-tecnico-superior-de-informatica-promocion-interna\/","title":{"rendered":"2014\/PI003: 1 plaza de t\u00e9cnico superior de Inform\u00e1tica, promoci\u00f3n interna"},"content":{"rendered":"<div class=\"fusion-fullwidth fullwidth-box fusion-builder-row-1 nonhundred-percent-fullwidth non-hundred-percent-height-scrolling\" style=\"--awb-border-radius-top-left:0px;--awb-border-radius-top-right:0px;--awb-border-radius-bottom-right:0px;--awb-border-radius-bottom-left:0px;--awb-flex-wrap:wrap;\" ><div class=\"fusion-builder-row fusion-row\"><div class=\"fusion-layout-column fusion_builder_column fusion-builder-column-0 fusion_builder_column_1_1 1_1 fusion-one-full fusion-column-first fusion-column-last\" style=\"--awb-bg-size:cover;--awb-margin-bottom:0px;\"><div class=\"fusion-column-wrapper fusion-flex-column-wrapper-legacy\"><div class=\"fusion-text fusion-text-1\"><h2>2014\/PI003: 1 plaza de t\u00e9cnico superior de Inform\u00e1tica, promoci\u00f3n interna<\/h2>\n<\/div><div class=\"fusion-text fusion-text-2\"><div class=\"table-2\">\n<table width=\"100%\">\n<thead>\n<tr>\n<th>Tr\u00e1mite<\/th>\n<th>Fecha<\/th>\n<th>Documento(s)<\/th>\n<\/tr>\n<\/thead>\n<tbody>\n<tr>\n<td>Informaci\u00f3n general y FAQ<\/td>\n<td><\/td>\n<td><\/td>\n<\/tr>\n<tr>\n<td>Bases<\/td>\n<td>04\/12\/2014<\/td>\n<td><a href=\"https:\/\/bop.dival.es\/bop\/drvisapi.dll?LO=00000001a6b7c8d9000000050000001e00002e84434c4fcb000000000001000000000000000000000000000000000000000000000000000000000000000000000000000000000000&amp;type=application\/pdf\" target=\"_blank\">Publicadas en BOP Valencia<\/a><\/td>\n<\/tr>\n<tr>\n<td>Apertura del Plazo de Presentaci\u00f3n de Instancias<\/td>\n<td>13\/12\/2014<\/td>\n<td>Fin del plazo: 02\/01\/2015<\/td>\n<\/tr>\n<tr>\n<td>Lista Provisional de Admitidos y Exclu\u00eddos<\/td>\n<td>22\/01\/2015<\/td>\n<td><a href=\"https:\/\/bop.dival.es\/bop\/drvisapi.dll?LO=00000001a6b7c8d900000005000000380000090d434c6efa000000000001000000000000000000000000000000000000000000000000000000000000000000000000000000000000&amp;type=application\/pdf\" target=\"_blank\">Publicada en BOP Valencia<\/a><\/td>\n<\/tr>\n<tr>\n<td>Nombramiento del \u00d3rgano T\u00e9cnico de Selecci\u00f3n<\/td>\n<td>06\/02\/2015<\/td>\n<td><a href=\"https:\/\/bop.dival.es\/bop\/drvisapi.dll?LO=00000001a6b7c8d900000005000000280000130d434c7c12000000000001000000000000000000000000000000000000000000000000000000000000000000000000000000000000&amp;type=application\/pdf\" target=\"_blank\">Publicado en BOP Valencia<\/a><\/td>\n<\/tr>\n<tr>\n<td>Lista Definitiva de Admitidos y Exclu\u00eddos, y fecha del 1er. ejercicio<\/td>\n<td>13\/02\/2015<\/td>\n<td><a href=\"http:\/\/bop.dival.es\/bop\/drvisapi.dll?LO=00000001a6b7c8d9000000050000002100002633434c829b000000000001000000000000000000000000000000000000000000000000000000000000000000000000000000000000&amp;type=application\/pdf\" target=\"_blank\">Publicada en BOP Valencia<\/a><\/td>\n<\/tr>\n<tr>\n<td>Notas del 1er. ejercicio y convocatoria del 2\u00ba ejercicio<\/td>\n<td>09\/03\/2015<\/td>\n<td><a href=\"http:\/\/www.bombersdv.es\/wp-content\/uploads\/sites\/2\/2016\/07\/2014PI003_Anuncio20150306.pdf\" target=\"_blank\">Anuncio<\/a><\/td>\n<\/tr>\n<tr>\n<td>Notas del 2\u00ba ejercicio<\/td>\n<td>13\/03\/2015<\/td>\n<td><a href=\"http:\/\/www.bombersdv.es\/wp-content\/uploads\/sites\/2\/2016\/07\/2014PI003_Anuncio20150313.pdf\" target=\"_blank\">Anuncio<\/a><\/td>\n<\/tr>\n<tr>\n<td>Concurso de m\u00e9ritos<\/td>\n<td>09\/04\/2015<\/td>\n<td><a href=\"http:\/\/www.bombersdv.es\/wp-content\/uploads\/sites\/2\/2016\/07\/2014PI003_Anuncio20150409.pdf\" target=\"_blank\">Anuncio<\/a><\/td>\n<\/tr>\n<\/tbody>\n<\/table>\n<\/div>\n<\/div><div class=\"fusion-clearfix\"><\/div><\/div><\/div><\/div><\/div>\n","protected":false},"excerpt":{"rendered":"","protected":false},"author":1,"featured_media":0,"parent":15127,"menu_order":0,"comment_status":"closed","ping_status":"closed","template":"","meta":{"footnotes":""},"class_list":["post-15149","page","type-page","status-publish","hentry"],"_links":{"self":[{"href":"https:\/\/www.bombersdv.es\/es\/wp-json\/wp\/v2\/pages\/15149"}],"collection":[{"href":"https:\/\/www.bombersdv.es\/es\/wp-json\/wp\/v2\/pages"}],"about":[{"href":"https:\/\/www.bombersdv.es\/es\/wp-json\/wp\/v2\/types\/page"}],"author":[{"embeddable":true,"href":"https:\/\/www.bombersdv.es\/es\/wp-json\/wp\/v2\/users\/1"}],"replies":[{"embeddable":true,"href":"https:\/\/www.bombersdv.es\/es\/wp-json\/wp\/v2\/comments?post=15149"}],"version-history":[{"count":1,"href":"https:\/\/www.bombersdv.es\/es\/wp-json\/wp\/v2\/pages\/15149\/revisions"}],"predecessor-version":[{"id":40553,"href":"https:\/\/www.bombersdv.es\/es\/wp-json\/wp\/v2\/pages\/15149\/revisions\/40553"}],"up":[{"embeddable":true,"href":"https:\/\/www.bombersdv.es\/es\/wp-json\/wp\/v2\/pages\/15127"}],"wp:attachment":[{"href":"https:\/\/www.bombersdv.es\/es\/wp-json\/wp\/v2\/media?parent=15149"}],"curies":[{"name":"wp","href":"https:\/\/api.w.org\/{rel}","templated":true}]}}