{"id":15150,"date":"2016-07-21T10:52:50","date_gmt":"2016-07-21T10:52:50","guid":{"rendered":"https:\/\/www.bombersdv.es\/es\/oposiciones\/2014pi004-6-plazas-de-tecnico-medio-promocion-interna-y-t-l-consolidacion-de-empleo-temporal\/"},"modified":"2017-01-24T15:57:32","modified_gmt":"2017-01-24T14:57:32","slug":"2014pi004-6-plazas-de-tecnico-medio-promocion-interna-y-t-l-consolidacion-de-empleo-temporal","status":"publish","type":"page","link":"https:\/\/www.bombersdv.es\/es\/oposiciones\/procesos-finalizados\/2014pi004-6-plazas-de-tecnico-medio-promocion-interna-y-t-l-consolidacion-de-empleo-temporal\/","title":{"rendered":"2014\/PI004: 6 plazas de t\u00e9cnico medio, promoci\u00f3n interna y t.l. consolidaci\u00f3n de empleo temporal"},"content":{"rendered":"<div class=\"fusion-fullwidth fullwidth-box fusion-builder-row-1 nonhundred-percent-fullwidth non-hundred-percent-height-scrolling\" style=\"--awb-border-radius-top-left:0px;--awb-border-radius-top-right:0px;--awb-border-radius-bottom-right:0px;--awb-border-radius-bottom-left:0px;--awb-flex-wrap:wrap;\" ><div class=\"fusion-builder-row fusion-row\"><div class=\"fusion-layout-column fusion_builder_column fusion-builder-column-0 fusion_builder_column_1_1 1_1 fusion-one-full fusion-column-first fusion-column-last\" style=\"--awb-bg-size:cover;--awb-margin-bottom:0px;\"><div class=\"fusion-column-wrapper fusion-flex-column-wrapper-legacy\"><div class=\"fusion-text fusion-text-1\"><h2>2014\/PI004: 6 plazas de t\u00e9cnico medio, promoci\u00f3n interna y t.l. consolidaci\u00f3n de empleo temporal<\/h2>\n<\/div><div class=\"fusion-text fusion-text-2\"><div class=\"table-2\">\n<table width=\"100%\">\n<thead>\n<tr>\n<th>Tr\u00e1mite<\/th>\n<th>Fecha<\/th>\n<th>Documento(s)<\/th>\n<\/tr>\n<\/thead>\n<tbody>\n<tr>\n<td>Informaci\u00f3n general y FAQ<\/td>\n<td><\/td>\n<td><\/td>\n<\/tr>\n<tr>\n<td>Bases<\/td>\n<td>04\/12\/2014<br \/>\n13\/02\/2015<\/td>\n<td><a href=\"https:\/\/bop.dival.es\/bop\/drvisapi.dll?LO=00000001a6b7c8d9000000050000001e00002e87434c4fce000000000001000000000000000000000000000000000000000000000000000000000000000000000000000000000000&amp;type=application\/pdf\" target=\"_blank\">Publicadas en BOP Valencia<\/a><br \/>\n<a href=\"http:\/\/www.boe.es\/boe\/dias\/2015\/02\/13\/pdfs\/BOE-A-2015-1426.pdf\" target=\"_blank\">Anuncio en BOE<\/a><\/td>\n<\/tr>\n<tr>\n<td>Apertura del Plazo de Presentaci\u00f3n de Instancias (Promoci\u00f3n Interna)<\/td>\n<td>13\/12\/2014<\/td>\n<td>Fin del plazo: 02\/01\/2015<\/td>\n<\/tr>\n<tr>\n<td>Apertura del Plazo de Presentaci\u00f3n de Instancias (T.L.C.)<\/td>\n<td>14\/02\/2014<\/td>\n<td>Fin del plazo: 05\/03\/2015<\/td>\n<\/tr>\n<tr>\n<td>Lista Provisional de Admitidos y Exclu\u00eddos (P.I.)<\/td>\n<td>22\/01\/2015<\/td>\n<td><a href=\"https:\/\/bop.dival.es\/bop\/drvisapi.dll?LO=00000001a6b7c8d900000005000000380000090e434c6efb000000000001000000000000000000000000000000000000000000000000000000000000000000000000000000000000&amp;type=application\/pdf\" target=\"_blank\">Publicada en BOP Valencia<\/a><\/td>\n<\/tr>\n<tr>\n<td>Lista Provisional de Admitidos y Exclu\u00eddos (T.L.C.)<\/td>\n<td>30\/03\/2015<\/td>\n<td><a href=\"https:\/\/bop.dival.es\/bop\/drvisapi.dll?LO=00000001a6b7c8d900000005000000270000132a434ca3b1000000000001000000000000000000000000000000000000000000000000000000000000000000000000000000000000&amp;type=application\/pdf\" target=\"_blank\">Publicada en BOP Valencia<\/a><\/td>\n<\/tr>\n<tr>\n<td>Nombramiento del \u00d3rgano T\u00e9cnico de Selecci\u00f3n<\/td>\n<td>06\/02\/2015<\/td>\n<td><a href=\"https:\/\/bop.dival.es\/bop\/drvisapi.dll?LO=00000001a6b7c8d900000005000000280000130c434c7c11000000000001000000000000000000000000000000000000000000000000000000000000000000000000000000000000&amp;type=application\/pdf\" target=\"_blank\">Publicado en BOP Valencia<\/a><\/td>\n<\/tr>\n<tr>\n<td>Lista Definitiva de Admitidos y Exclu\u00eddos, y fecha del 1er. ejercicio (P.I.)<\/td>\n<td>13\/02\/2015<\/td>\n<td><a href=\"https:\/\/bop.dival.es\/bop\/drvisapi.dll?LO=00000001a6b7c8d9000000050000002100002634434c829c000000000001000000000000000000000000000000000000000000000000000000000000000000000000000000000000&amp;type=application\/pdf\" target=\"_blank\">Publicada en BOP Valencia<\/a><\/td>\n<\/tr>\n<tr>\n<td>Lista Definitiva de Admitidos y Exclu\u00eddos, y fecha del 1er. ejercicio (T.L.C.)<\/td>\n<td>23\/04\/2015<\/td>\n<td><a href=\"https:\/\/bop.dival.es\/bop\/drvisapi.dll?LO=00000001a6b7c8d9000000050000003000001527434cb9c4000000000001000000000000000000000000000000000000000000000000000000000000000000000000000000000000&amp;type=application\/pdf\" target=\"_blank\">Publicada en BOP Valencia<\/a><\/td>\n<\/tr>\n<tr>\n<td>Notas del 1er. ejercicio y convocatoria del 2\u00ba ejercicio (P.I.)<\/td>\n<td>09\/03\/2015<\/td>\n<td><a href=\"http:\/\/www.bombersdv.es\/wp-content\/uploads\/sites\/2\/2016\/07\/2014PI004_Anuncio20150306.pdf\" target=\"_blank\">Anuncio<\/a><\/td>\n<\/tr>\n<tr>\n<td>Notas del 1er. ejercicio y convocatoria del 2\u00ba ejercicio (T.L.C.)<\/td>\n<td>15\/05\/2015<\/td>\n<td><a href=\"http:\/\/www.bombersdv.es\/wp-content\/uploads\/sites\/2\/2016\/07\/2014PI004_Anuncio20150515.pdf\" target=\"_blank\">Anuncio (lectura de ejercicios)<br \/>\n<\/a><a href=\"http:\/\/www.bombersdv.es\/wp-content\/uploads\/sites\/2\/2016\/07\/2014PI004_Anuncio20150519.pdf\" target=\"_blank\">Anuncio (calificaciones)<\/a><\/td>\n<\/tr>\n<tr>\n<td>Notas del 2\u00ba Ejercicio (P.I.)<\/td>\n<td>13\/03\/2015<\/td>\n<td><a href=\"http:\/\/www.bombersdv.es\/wp-content\/uploads\/sites\/2\/2016\/07\/2014PI004_Anuncio20150313.pdf\" target=\"_blank\">Anuncio<\/a><\/td>\n<\/tr>\n<tr>\n<td>Notas del 2\u00ba Ejercicio (T.L.C.)<\/td>\n<td>29\/05\/2015<\/td>\n<td><a href=\"http:\/\/www.bombersdv.es\/wp-content\/uploads\/sites\/2\/2016\/07\/2014PI004_Anuncio20150529.pdf\" target=\"_blank\">Anuncio<\/a><\/td>\n<\/tr>\n<tr>\n<td>Concurso de m\u00e9ritos (P.I.)<\/td>\n<td>09\/04\/2015<\/td>\n<td><a href=\"http:\/\/www.bombersdv.es\/wp-content\/uploads\/sites\/2\/2016\/07\/2014PI004_Anuncio20150409.pdf\" target=\"_blank\">Anuncio<\/a><\/td>\n<\/tr>\n<tr>\n<td>Concurso de m\u00e9ritos (T.L.C.)<\/td>\n<td>05\/06\/2015<\/td>\n<td><a href=\"http:\/\/www.bombersdv.es\/wp-content\/uploads\/sites\/2\/2016\/07\/2014PI004_Anuncio20150605.pdf\" target=\"_blank\">Anuncio<\/a><\/td>\n<\/tr>\n<tr>\n<td>Propuesta de Nombramiento (T.L.C.)<\/td>\n<td>08\/06\/2015<\/td>\n<td><a href=\"http:\/\/www.bombersdv.es\/wp-content\/uploads\/sites\/2\/2016\/07\/2014PI004_Anuncio20150608.pdf\" target=\"_blank\">Anuncio<\/a><\/td>\n<\/tr>\n<\/tbody>\n<\/table>\n<\/div>\n<\/div><div class=\"fusion-clearfix\"><\/div><\/div><\/div><\/div><\/div>\n","protected":false},"excerpt":{"rendered":"","protected":false},"author":1,"featured_media":0,"parent":15127,"menu_order":0,"comment_status":"closed","ping_status":"closed","template":"","meta":{"footnotes":""},"class_list":["post-15150","page","type-page","status-publish","hentry"],"_links":{"self":[{"href":"https:\/\/www.bombersdv.es\/es\/wp-json\/wp\/v2\/pages\/15150"}],"collection":[{"href":"https:\/\/www.bombersdv.es\/es\/wp-json\/wp\/v2\/pages"}],"about":[{"href":"https:\/\/www.bombersdv.es\/es\/wp-json\/wp\/v2\/types\/page"}],"author":[{"embeddable":true,"href":"https:\/\/www.bombersdv.es\/es\/wp-json\/wp\/v2\/users\/1"}],"replies":[{"embeddable":true,"href":"https:\/\/www.bombersdv.es\/es\/wp-json\/wp\/v2\/comments?post=15150"}],"version-history":[{"count":0,"href":"https:\/\/www.bombersdv.es\/es\/wp-json\/wp\/v2\/pages\/15150\/revisions"}],"up":[{"embeddable":true,"href":"https:\/\/www.bombersdv.es\/es\/wp-json\/wp\/v2\/pages\/15127"}],"wp:attachment":[{"href":"https:\/\/www.bombersdv.es\/es\/wp-json\/wp\/v2\/media?parent=15150"}],"curies":[{"name":"wp","href":"https:\/\/api.w.org\/{rel}","templated":true}]}}