{"id":15151,"date":"2016-07-21T10:53:58","date_gmt":"2016-07-21T10:53:58","guid":{"rendered":"https:\/\/www.bombersdv.es\/es\/oposiciones\/2015op001-gerente\/"},"modified":"2016-12-19T16:43:26","modified_gmt":"2016-12-19T15:43:26","slug":"2015op001-gerente","status":"publish","type":"page","link":"https:\/\/www.bombersdv.es\/es\/oposiciones\/procesos-finalizados\/2015op001-gerente\/","title":{"rendered":"2015\/OP001: Gerente"},"content":{"rendered":"<div class=\"fusion-fullwidth fullwidth-box fusion-builder-row-1 nonhundred-percent-fullwidth non-hundred-percent-height-scrolling\" style=\"--awb-background-position:left top;--awb-border-radius-top-left:0px;--awb-border-radius-top-right:0px;--awb-border-radius-bottom-right:0px;--awb-border-radius-bottom-left:0px;--awb-padding-top:20px;--awb-padding-bottom:20px;--awb-border-sizes-top:0px;--awb-border-sizes-bottom:0px;--awb-flex-wrap:wrap;\" ><div class=\"fusion-builder-row fusion-row\"><div class=\"fusion-layout-column fusion_builder_column fusion-builder-column-0 fusion_builder_column_1_1 1_1 fusion-one-full fusion-column-first fusion-column-last fusion-column-no-min-height\" style=\"--awb-bg-size:cover;--awb-margin-bottom:0px;\"><div class=\"fusion-column-wrapper fusion-flex-column-wrapper-legacy\"><div class=\"fusion-title title fusion-title-1 fusion-sep-none fusion-title-text fusion-title-size-two\"><h2 class=\"fusion-title-heading title-heading-left fusion-responsive-typography-calculated\" style=\"margin:0;--fontSize:34;line-height:1.09;\">2015\/OP001: Gerente<\/h2><\/div><div class=\"fusion-text fusion-text-1\"><div class=\"table-2\">\n<table width=\"100%\">\n<thead>\n<tr>\n<th>Tr\u00e1mite<\/th>\n<th>Fecha<\/th>\n<th>Documento(s)<\/th>\n<\/tr>\n<\/thead>\n<tbody>\n<tr>\n<td>Informaci\u00f3n general y FAQ<\/td>\n<td><\/td>\n<td><\/td>\n<\/tr>\n<tr>\n<td>Bases<\/td>\n<td>06\/10\/2015<br \/>\n19\/10\/2015<\/td>\n<td><a href=\"https:\/\/bop.dival.es\/bop\/drvisapi.dll?LO=00000001a6b7c8d9000000050000002300002fff434d16da000000000001000000000000000000000000000000000000000000000000000000000000000000000000000000000000&amp;type=application\/pdf\" target=\"_blank\">Publicadas en BOP Valencia<\/a><br \/>\n<a href=\"https:\/\/bop.dival.es\/bop\/drvisapi.dll?LO=00000001a6b7c8d9000000050000002a000010b0434d1c6c000000000001000000000000000000000000000000000000000000000000000000000000000000000000000000000000&amp;type=application\/pdf\" target=\"_blank\">Correcci\u00f3n de errores<\/a><\/td>\n<\/tr>\n<tr>\n<td>Apertura del Plazo de Presentaci\u00f3n de Instancias<\/td>\n<td>20\/10\/2015<\/td>\n<td>Fin del plazo: 03\/11\/2015<\/td>\n<\/tr>\n<tr>\n<td>Lista Definitiva de Admitidos y Exclu\u00eddos y Nombramiento del \u00d3rgano T\u00e9cnico de Selecci\u00f3n<\/td>\n<td>19\/11\/2015<\/td>\n<td><a href=\"http:\/\/www.bombersdv.es\/wp-content\/uploads\/sites\/2\/2016\/07\/2015OP001_Anuncio20151119.pdf\" target=\"_blank\">Anuncio<\/a><\/td>\n<\/tr>\n<tr>\n<td>Aspirantes propuestos por el \u00d3rgano T\u00e9cnico de Selecci\u00f3n<\/td>\n<td>04\/12\/2015<\/td>\n<td><a href=\"http:\/\/www.bombersdv.es\/wp-content\/uploads\/sites\/2\/2016\/07\/2015OP001_Anuncio20151202.pdf\" target=\"_blank\">Anuncio<\/a><\/td>\n<\/tr>\n<tr>\n<td>Convocatoria de entrevista a los aspirantes propuestos<\/td>\n<td>04\/12\/2015<\/td>\n<td><a href=\"http:\/\/www.bombersdv.es\/wp-content\/uploads\/sites\/2\/2016\/07\/2015OP001_Anuncio20151204.pdf\" target=\"_blank\">Anuncio<\/a><\/td>\n<\/tr>\n<tr>\n<td>Resoluci\u00f3n de la Selecci\u00f3n<\/td>\n<td>04\/01\/2016<\/td>\n<td><a href=\"http:\/\/www.bombersdv.es\/wp-content\/uploads\/sites\/2\/2016\/07\/2015OP001_Anuncio20160104.pdf\" target=\"_blank\">Anuncio<\/a><\/td>\n<\/tr>\n<\/tbody>\n<\/table>\n<\/div>\n<\/div><div class=\"fusion-clearfix\"><\/div><\/div><\/div><\/div><\/div>\n","protected":false},"excerpt":{"rendered":"","protected":false},"author":1,"featured_media":0,"parent":15127,"menu_order":0,"comment_status":"closed","ping_status":"closed","template":"","meta":{"footnotes":""},"class_list":["post-15151","page","type-page","status-publish","hentry"],"_links":{"self":[{"href":"https:\/\/www.bombersdv.es\/es\/wp-json\/wp\/v2\/pages\/15151"}],"collection":[{"href":"https:\/\/www.bombersdv.es\/es\/wp-json\/wp\/v2\/pages"}],"about":[{"href":"https:\/\/www.bombersdv.es\/es\/wp-json\/wp\/v2\/types\/page"}],"author":[{"embeddable":true,"href":"https:\/\/www.bombersdv.es\/es\/wp-json\/wp\/v2\/users\/1"}],"replies":[{"embeddable":true,"href":"https:\/\/www.bombersdv.es\/es\/wp-json\/wp\/v2\/comments?post=15151"}],"version-history":[{"count":0,"href":"https:\/\/www.bombersdv.es\/es\/wp-json\/wp\/v2\/pages\/15151\/revisions"}],"up":[{"embeddable":true,"href":"https:\/\/www.bombersdv.es\/es\/wp-json\/wp\/v2\/pages\/15127"}],"wp:attachment":[{"href":"https:\/\/www.bombersdv.es\/es\/wp-json\/wp\/v2\/media?parent=15151"}],"curies":[{"name":"wp","href":"https:\/\/api.w.org\/{rel}","templated":true}]}}