{"id":15153,"date":"2016-07-21T10:56:16","date_gmt":"2016-07-21T10:56:16","guid":{"rendered":"https:\/\/www.bombersdv.es\/es\/oposiciones\/2014pi002-11-plazas-de-cabo-promocion-interna-y-movilidad\/"},"modified":"2018-10-18T17:42:13","modified_gmt":"2018-10-18T17:42:13","slug":"2014pi002-11-plazas-de-cabo-promocion-interna-y-movilidad","status":"publish","type":"page","link":"https:\/\/www.bombersdv.es\/es\/oposiciones\/procesos-finalizados\/2014pi002-11-plazas-de-cabo-promocion-interna-y-movilidad\/","title":{"rendered":"2014\/PI002: 11 plazas de cabo, promoci\u00f3n interna y movilidad"},"content":{"rendered":"<div class=\"fusion-fullwidth fullwidth-box fusion-builder-row-1 nonhundred-percent-fullwidth non-hundred-percent-height-scrolling\" style=\"--awb-background-position:left top;--awb-border-radius-top-left:0px;--awb-border-radius-top-right:0px;--awb-border-radius-bottom-right:0px;--awb-border-radius-bottom-left:0px;--awb-padding-top:20px;--awb-padding-bottom:20px;--awb-border-sizes-top:0px;--awb-border-sizes-bottom:0px;--awb-flex-wrap:wrap;\" ><div class=\"fusion-builder-row fusion-row\"><div class=\"fusion-layout-column fusion_builder_column fusion-builder-column-0 fusion_builder_column_1_1 1_1 fusion-one-full fusion-column-first fusion-column-last fusion-column-no-min-height\" style=\"--awb-bg-size:cover;--awb-margin-bottom:0px;\"><div class=\"fusion-column-wrapper fusion-flex-column-wrapper-legacy\"><div class=\"fusion-title title fusion-title-1 fusion-sep-none fusion-title-text fusion-title-size-two\"><h2 class=\"fusion-title-heading title-heading-left fusion-responsive-typography-calculated\" style=\"margin:0;--fontSize:34;line-height:1.09;\">2014\/PI002: 11 plazas de cabo, promoci\u00f3n interna y movilidad<\/h2><\/div><div class=\"fusion-text fusion-text-1\"><div class=\"table-2\">\n<table width=\"100%\">\n<thead>\n<tr>\n<th>Tr\u00e1mite<\/th>\n<th>Fecha<\/th>\n<th>Documento(s)<\/th>\n<\/tr>\n<\/thead>\n<tbody>\n<tr>\n<td>Informaci\u00f3n general y FAQ<\/td>\n<td><\/td>\n<td><\/td>\n<\/tr>\n<tr>\n<td>Bases<\/td>\n<td>04\/12\/2014<\/td>\n<td><a href=\"https:\/\/bop.dival.es\/bop\/drvisapi.dll?LO=00000001a6b7c8d9000000050000001e00002e81434c4fc8000000000001000000000000000000000000000000000000000000000000000000000000000000000000000000000000&amp;type=application\/pdf\" target=\"_blank\">Publicadas en BOP Valencia<\/a><\/td>\n<\/tr>\n<tr>\n<td>Apertura del Plazo de Presentaci\u00f3n de Instancias<\/td>\n<td>13\/12\/2015<\/td>\n<td>Fin del plazo: 02\/01\/2015<\/td>\n<\/tr>\n<tr>\n<td>Lista Provisional de Admitidos y Exclu\u00eddos<\/td>\n<td>22\/01\/2015<\/td>\n<td><a href=\"https:\/\/bop.dival.es\/bop\/drvisapi.dll?LO=00000001a6b7c8d900000005000000380000090c434c6ef9000000000001000000000000000000000000000000000000000000000000000000000000000000000000000000000000&amp;type=application\/pdf\" target=\"_blank\">Publicada en BOP Valencia<\/a><\/td>\n<\/tr>\n<tr>\n<td>Nombramiento del \u00d3rgano T\u00e9cnico de Selecci\u00f3n<\/td>\n<td>23\/03\/2015<\/td>\n<td><a href=\"https:\/\/bop.dival.es\/bop\/drvisapi.dll?LO=00000001a6b7c8d9000000050000003a00000841434c9e87000000000001000000000000000000000000000000000000000000000000000000000000000000000000000000000000&amp;type=application\/pdf\" target=\"_blank\">Publicado en BOP<\/a><\/td>\n<\/tr>\n<tr>\n<td>Lista Definitiva de Admitidos y Exclu\u00eddos, y fecha del 1er. ejercicio<\/td>\n<td>02\/04\/2015<br \/>\n09\/04\/2015<\/td>\n<td><a href=\"http:\/\/www.bombersdv.es\/wp-content\/uploads\/sites\/2\/2016\/07\/2014PI002_ListaDef.pdf\" target=\"_blank\">Anuncio<\/a><br \/>\n<a href=\"http:\/\/www.bombersdv.es\/wp-content\/uploads\/sites\/2\/2016\/07\/2014PI002_PlanoPruebas.png\" target=\"_blank\">Plano Pruebas<\/a><\/td>\n<\/tr>\n<tr>\n<td>Instrucciones para las Pruebas Fisicas<\/td>\n<td>27\/04\/2015<\/td>\n<td><a href=\"http:\/\/www.bombersdv.es\/wp-content\/uploads\/sites\/2\/2016\/07\/2014PI001_2014PI002_InstPruebasFisicas.pdf\" target=\"_blank\">Instrucciones<\/a><\/td>\n<\/tr>\n<tr>\n<td>Notas del 1er. ejercicio y convocatoria del 2\u00ba ejercicio<\/td>\n<td>30\/04\/2015<\/td>\n<td><a href=\"http:\/\/www.bombersdv.es\/wp-content\/uploads\/sites\/2\/2016\/07\/2014PI001_Anuncio20150430.pdf\" target=\"_blank\">Anuncio<\/a><br \/>\n<a href=\"http:\/\/www.bombersdv.es\/wp-content\/uploads\/sites\/2\/2016\/07\/2014PI001_2014PI002_MapaCampusBurjasot.pdf\" target=\"_blank\">Plano Pruebas<\/a><\/td>\n<\/tr>\n<tr>\n<td>Notas del 2\u00ba ejercicio y convocatoria del 3er. ejercicio<\/td>\n<td>13\/05\/2015<\/td>\n<td><a href=\"http:\/\/www.bombersdv.es\/wp-content\/uploads\/sites\/2\/2016\/07\/2014PI002_Anuncio20150513.pdf\" target=\"_blank\">Anuncio<\/a><\/td>\n<\/tr>\n<tr>\n<td>Notas del 3er. ejercicio y convocatoria del 4\u00ba ejercicio<\/td>\n<td>25\/05\/2015<\/td>\n<td><a href=\"http:\/\/www.bombersdv.es\/wp-content\/uploads\/sites\/2\/2016\/07\/2014PI002_Anuncio20150525.pdf\" target=\"_blank\">Anuncio<\/a><\/td>\n<\/tr>\n<tr>\n<td>Notas del 4\u00ba ejercicio y convocatoria del reconocimiento m\u00e9dico<\/td>\n<td>19\/06\/2015<\/td>\n<td><a href=\"http:\/\/www.bombersdv.es\/wp-content\/uploads\/sites\/2\/2016\/07\/2014PI002_Anuncio20150619.pdf\" target=\"_blank\">Anuncio<\/a><\/td>\n<\/tr>\n<tr>\n<td>Notas del reconocimiento m\u00e9dico y apertura de plazo para presentaci\u00f3n de m\u00e9ritos<\/td>\n<td>03\/07\/2015<\/td>\n<td><a href=\"http:\/\/www.bombersdv.es\/wp-content\/uploads\/sites\/2\/2016\/07\/2014PI002_Anuncio20150703.pdf\" target=\"_blank\">Anuncio<\/a><br \/>\n<a href=\"http:\/\/www.bombersdv.es\/wp-content\/uploads\/sites\/2\/2016\/07\/2014PI002_InstanciaMeritos.pdf\" target=\"_blank\">Instancia M\u00e9ritos<\/a><\/td>\n<\/tr>\n<tr>\n<td>Resultados de la Fase de Concurso y Propuesta de Aprobados<\/td>\n<td>25\/09\/2015<\/td>\n<td><a href=\"http:\/\/www.bombersdv.es\/wp-content\/uploads\/sites\/2\/2016\/07\/2014PI002_Anuncio20150925.pdf\" target=\"_blank\">Anuncio<\/a><\/td>\n<\/tr>\n<tr>\n<td>Anuncio del OTS, Propuesta Final de Aprobados y presentaci\u00f3n de documentaci\u00f3n<\/td>\n<td>19\/10\/2015<\/td>\n<td><a href=\"http:\/\/www.bombersdv.es\/wp-content\/uploads\/sites\/2\/2016\/07\/2014PI002_Anuncio20151019.pdf\" target=\"_blank\">Anuncio<\/a><br \/>\n<a href=\"http:\/\/www.bombersdv.es\/wp-content\/uploads\/sites\/2\/2016\/07\/2014PI002_InstanciaDocumentacion.pdf\" target=\"_blank\">Instancia<\/a><\/td>\n<\/tr>\n<tr>\n<td>Anuncio del OTS, Propuesta Final de Aprobados y presentaci\u00f3n de documentaci\u00f3n<\/td>\n<td>19\/10\/2015<\/td>\n<td><a href=\"http:\/\/www.bombersdv.es\/wp-content\/uploads\/sites\/2\/2016\/07\/2014PI002_Anuncio20151019.pdf\" target=\"_blank\">Anuncio<\/a><br \/>\n<a href=\"http:\/\/www.bombersdv.es\/wp-content\/uploads\/sites\/2\/2016\/07\/2014PI002_InstanciaDocumentacion.pdf\" target=\"_blank\">Instancia<\/a><\/td>\n<\/tr>\n<\/tbody>\n<\/table>\n<\/div>\n<\/div><div class=\"fusion-clearfix\"><\/div><\/div><\/div><\/div><\/div>\n","protected":false},"excerpt":{"rendered":"","protected":false},"author":1,"featured_media":0,"parent":15127,"menu_order":0,"comment_status":"closed","ping_status":"closed","template":"","meta":{"footnotes":""},"class_list":["post-15153","page","type-page","status-publish","hentry"],"_links":{"self":[{"href":"https:\/\/www.bombersdv.es\/es\/wp-json\/wp\/v2\/pages\/15153"}],"collection":[{"href":"https:\/\/www.bombersdv.es\/es\/wp-json\/wp\/v2\/pages"}],"about":[{"href":"https:\/\/www.bombersdv.es\/es\/wp-json\/wp\/v2\/types\/page"}],"author":[{"embeddable":true,"href":"https:\/\/www.bombersdv.es\/es\/wp-json\/wp\/v2\/users\/1"}],"replies":[{"embeddable":true,"href":"https:\/\/www.bombersdv.es\/es\/wp-json\/wp\/v2\/comments?post=15153"}],"version-history":[{"count":1,"href":"https:\/\/www.bombersdv.es\/es\/wp-json\/wp\/v2\/pages\/15153\/revisions"}],"predecessor-version":[{"id":40552,"href":"https:\/\/www.bombersdv.es\/es\/wp-json\/wp\/v2\/pages\/15153\/revisions\/40552"}],"up":[{"embeddable":true,"href":"https:\/\/www.bombersdv.es\/es\/wp-json\/wp\/v2\/pages\/15127"}],"wp:attachment":[{"href":"https:\/\/www.bombersdv.es\/es\/wp-json\/wp\/v2\/media?parent=15153"}],"curies":[{"name":"wp","href":"https:\/\/api.w.org\/{rel}","templated":true}]}}