{"id":15156,"date":"2016-07-21T10:44:51","date_gmt":"2016-07-21T10:44:51","guid":{"rendered":"https:\/\/www.bombersdv.es\/es\/oposiciones\/proceso-2014op001-41-plazas-de-bombero-conductor-documentos-del-temario\/"},"modified":"2017-01-24T16:01:26","modified_gmt":"2017-01-24T15:01:26","slug":"proceso-2014op001-41-plazas-de-bombero-conductor-documentos-del-temario","status":"publish","type":"page","link":"https:\/\/www.bombersdv.es\/es\/oposiciones\/procesos-finalizados\/proceso-2014op001-41-plazas-de-bombero-conductor-documentos-del-temario\/","title":{"rendered":"Proceso 2014\/OP001: 41 plazas de Bombero-Conductor &#8211; Documentos del Temario"},"content":{"rendered":"<p><div class=\"fusion-fullwidth fullwidth-box fusion-builder-row-1 nonhundred-percent-fullwidth non-hundred-percent-height-scrolling\" style=\"--awb-border-radius-top-left:0px;--awb-border-radius-top-right:0px;--awb-border-radius-bottom-right:0px;--awb-border-radius-bottom-left:0px;--awb-flex-wrap:wrap;\" ><div class=\"fusion-builder-row fusion-row\"><div class=\"fusion-layout-column fusion_builder_column fusion-builder-column-0 fusion_builder_column_1_1 1_1 fusion-one-full fusion-column-first fusion-column-last\" style=\"--awb-bg-size:cover;--awb-margin-bottom:0px;\"><div class=\"fusion-column-wrapper fusion-flex-column-wrapper-legacy\"><div class=\"fusion-text fusion-text-1\"><h2>Proceso 2014\/OP001: 41 plazas de Bombero-Conductor &#8211; Documentos del Temario<\/h2>\n<\/div><div class=\"fusion-text fusion-text-2\"><p><div class=\"fusion-text fusion-text-2\"><\/div>Relaci\u00f3n de Puesto de Trabajo:<\/p>\n<ul>\n<li><a href=\"http:\/\/www.bombersdv.es\/wp-content\/uploads\/sites\/2\/2016\/07\/BOP-220-2005_16-09-2005_RPT.pdf\" target=\"_blank\">BOP 16\/09\/2005: Aprobaci\u00f3n de la RPT<\/a><\/li>\n<li><a href=\"http:\/\/www.bombersdv.es\/wp-content\/uploads\/sites\/2\/2016\/07\/BOP-84-2011_09-04-2011_ModificacionRPT.pdf\" target=\"_blank\">BOP 09\/04\/2011: Modificaci\u00f3n RPT 2011<\/a><\/li>\n<li><a href=\"http:\/\/www.bombersdv.es\/wp-content\/uploads\/sites\/2\/2016\/07\/BOP-187-2012_07-08-2012_ModificacionRPT.pdf\" target=\"_blank\">BOP 07\/08\/2012: Modificaci\u00f3n RPT 2012<\/a><\/li>\n<li><a href=\"http:\/\/www.bombersdv.es\/wp-content\/uploads\/sites\/2\/2016\/07\/BOP-296-2012_12-12-2012_RectificacionRPT.pdf\">BOP 12\/12\/2012: Rectificaci\u00f3n Modificaci\u00f3n RPT 2012<\/a><\/li>\n<li><a href=\"http:\/\/www.bombersdv.es\/wp-content\/uploads\/sites\/2\/2016\/07\/BOP-60-2014_12-03-2014-Ppto2014_AnexoPlantillaPlazas_Modif-RPT.pdf\" target=\"_blank\">BOP 12\/03\/2014: Modificaci\u00f3n RPT 2014<\/a><\/li>\n<li><a href=\"http:\/\/www.bombersdv.es\/wp-content\/uploads\/sites\/2\/2016\/07\/BOP-159-2014_07-07-2014-ModificacionRPT.pdf\" target=\"_blank\">BOP 07\/07\/2014: Modificaci\u00f3n RPT 2014 (2)<\/a><\/li>\n<li><a href=\"http:\/\/www.bombersdv.es\/wp-content\/uploads\/sites\/2\/2016\/07\/BOP-245-2014_15-10-2014-ModificacionRPTPuestosCB24CB31.pdf\" target=\"_blank\">BOP 15\/10\/2014: Modificaci\u00f3n RPT 2014 (3)<\/a><\/li>\n<li><a href=\"http:\/\/www.bombersdv.es\/wp-content\/uploads\/sites\/2\/2016\/07\/RPT2015.pdf\" target=\"_blank\">BOP 20\/03\/2015: RPT 2015<\/a><\/li>\n<li><a href=\"http:\/\/www.bombersdv.es\/wp-content\/uploads\/sites\/2\/2016\/07\/RPT2015_2.pdf\" target=\"_blank\">BOP 20\/03\/2015: Modificaci\u00f3n RPT 2015<\/a><\/li>\n<\/ul>\n<p>&nbsp;<\/p>\n<p>Estatutos del Consorcio<\/p>\n<ul>\n<li><a href=\"http:\/\/www.bombersdv.es\/wp-content\/uploads\/sites\/2\/2016\/07\/EstatutosConsorcio-1991.pdf\" target=\"_blank\">Estatutos de 1991<\/a><\/li>\n<li><a href=\"http:\/\/www.bombersdv.es\/wp-content\/uploads\/sites\/2\/2016\/07\/EstatutosConsorcio_ModificacionPuntual-2014.pdf\" target=\"_blank\">Modificaci\u00f3n puntual de 2014<\/a><\/li>\n<li>Estatutos 2015 (<a href=\"http:\/\/www.bombersdv.es\/wp-content\/uploads\/sites\/2\/2016\/07\/EstatutosConsorcio_2015_es_BOP20150915.pdf\" target=\"_blank\">castellano<\/a>\n<\/div><div class=\"fusion-clearfix\"><\/div><\/div><\/div><\/div><\/div><div class=\"fusion-fullwidth fullwidth-box fusion-builder-row-2 nonhundred-percent-fullwidth non-hundred-percent-height-scrolling\" style=\"--awb-border-radius-top-left:0px;--awb-border-radius-top-right:0px;--awb-border-radius-bottom-right:0px;--awb-border-radius-bottom-left:0px;--awb-flex-wrap:wrap;\" ><div class=\"fusion-builder-row fusion-row\"><div class=\"fusion-layout-column fusion_builder_column fusion-builder-column-1 fusion_builder_column_1_1 1_1 fusion-one-full fusion-column-first fusion-column-last\" style=\"--awb-bg-size:cover;--awb-margin-bottom:0px;\"><div class=\"fusion-column-wrapper fusion-flex-column-wrapper-legacy\"><div class=\"fusion-text fusion-text-4\"><p><a href=\"http:\/\/www.bombersdv.es\/wp-content\/uploads\/sites\/2\/2016\/07\/EstatutosConsorcio_2015_val_BOP20150915.pdf\" target=\"_blank\">valenci\u00e0<\/a>)<\/li>\n<\/ul>\n<p>&nbsp;<\/p>\n<p>Directrices, protocolos y procedimientos<\/p>\n<ul>\n<li><a href=\"http:\/\/www.bombersdv.es\/wp-content\/uploads\/sites\/2\/2016\/07\/NSTOP41_ProtocoloMovilizacionRecursos.pdf\" target=\"_blank\">Protocolo de Movilizaci\u00f3n de Recursos<\/a><\/li>\n<li><a href=\"http:\/\/www.bombersdv.es\/wp-content\/uploads\/sites\/2\/2016\/07\/ISO-09-005-16-01-2009_ModificacionProtocoloMovilizacionRecursos.pdf\" target=\"_blank\">Modificaci\u00f3n del Protocolo de Movilizaci\u00f3n de Recursos (2009)<\/a><\/li>\n<li>Norma de vestuario (<a href=\"http:\/\/www.bombersdv.es\/wp-content\/uploads\/sites\/2\/2016\/07\/IDT-15-008_RevisionNormaVestuario_Feb-2015.pdf\" target=\"_blank\">instrucci\u00f3n t\u00e9cnica <\/a>y <a href=\"http:\/\/www.bombersdv.es\/wp-content\/uploads\/sites\/2\/2016\/07\/NormaVestuario_Feb-2015.pdf\" target=\"_blank\">texto completo<\/a>)<\/li>\n<li><a href=\"http:\/\/www.bombersdv.es\/wp-content\/uploads\/sites\/2\/2016\/07\/1-4_Reglamento_GruposVoluntarios.pdf\" target=\"_blank\">Reglamento de los Grupos de Voluntarios<\/a><\/li>\n<li>Trabajos en altura (<a href=\"http:\/\/www.bombersdv.es\/wp-content\/uploads\/sites\/2\/2016\/07\/GuiaTacticaTrabajosAltura.pdf\" target=\"_blank\">gu\u00eda t\u00e1ctica<\/a> y <a href=\"http:\/\/www.bombersdv.es\/wp-content\/uploads\/sites\/2\/2016\/07\/GuiaM\u00e9todoProgresionSeguridadAltura.pdf\" target=\"_blank\">gu\u00eda del m\u00e9todo de progresi\u00f3n<\/a>)<\/li>\n<li><a href=\"http:\/\/www.bombersdv.es\/wp-content\/uploads\/sites\/2\/2016\/07\/ProcedimientoActuacionAccidentesTrafico-2011.pdf\" target=\"_blank\">Procedimiento de Actuaci\u00f3n ante Accidentes de Tr\u00e1fico (2011)<\/a><\/li>\n<li><a href=\"http:\/\/www.bombersdv.es\/wp-content\/uploads\/sites\/2\/2016\/07\/ProcedimientoActuacionHimenopteros.pdf\" target=\"_blank\">Procedimiento de Actuaci\u00f3n ante Himen\u00f3pteros<\/a><\/li>\n<li><a href=\"http:\/\/www.bombersdv.es\/wp-content\/uploads\/sites\/2\/2016\/07\/CodigosVehiculosCPBV.pdf\" target=\"_blank\">C\u00f3digos de los veh\u00edculos<\/a><\/li>\n<\/ul>\n<p>&nbsp;<\/p>\n<p>Otros documentos (que no forman parte del temario)<\/p>\n<ul>\n<li>Procedimiento de Actuaci\u00f3n Conjunta Bomberos Valencia &#8211; Consorcio Prov. de Bomberos:\n<ul>\n<li><a href=\"http:\/\/www.bombersdv.es\/wp-content\/uploads\/sites\/2\/2016\/07\/ProcActCjta_BValencia-BConsorcio.pdf\" target=\"_blank\">Procedimiento<\/a><\/li>\n<li><a href=\"http:\/\/www.bombersdv.es\/wp-content\/uploads\/sites\/2\/2016\/07\/ProcActCjta_BValencia-BConsorcio_Convenio.pdf\" target=\"_blank\">Convenio<\/a><\/li>\n<li><a href=\"http:\/\/www.bombersdv.es\/wp-content\/uploads\/sites\/2\/2016\/07\/ProcActCjta_BValencia-BConsorcio_EntradaEnVigor.pdf\" target=\"_blank\">Entrada en vigor<\/a><\/li>\n<\/ul>\n<\/li>\n<li><a href=\"http:\/\/www.bombersdv.es\/wp-content\/uploads\/sites\/2\/2016\/07\/ProcActCjta_Consorcio-Policia.pdf\" target=\"_blank\">Procedimiento de Actuaci\u00f3n Conjunta Consorcio Prov. de Bomberos &#8211; Polic\u00edas Locales<\/a><\/li>\n<\/ul>\n<\/div><div class=\"fusion-clearfix\"><\/div><\/div><\/div><\/div><\/div><\/p>\n","protected":false},"excerpt":{"rendered":"","protected":false},"author":1,"featured_media":0,"parent":15127,"menu_order":0,"comment_status":"closed","ping_status":"closed","template":"","meta":{"footnotes":""},"class_list":["post-15156","page","type-page","status-publish","hentry"],"_links":{"self":[{"href":"https:\/\/www.bombersdv.es\/es\/wp-json\/wp\/v2\/pages\/15156"}],"collection":[{"href":"https:\/\/www.bombersdv.es\/es\/wp-json\/wp\/v2\/pages"}],"about":[{"href":"https:\/\/www.bombersdv.es\/es\/wp-json\/wp\/v2\/types\/page"}],"author":[{"embeddable":true,"href":"https:\/\/www.bombersdv.es\/es\/wp-json\/wp\/v2\/users\/1"}],"replies":[{"embeddable":true,"href":"https:\/\/www.bombersdv.es\/es\/wp-json\/wp\/v2\/comments?post=15156"}],"version-history":[{"count":0,"href":"https:\/\/www.bombersdv.es\/es\/wp-json\/wp\/v2\/pages\/15156\/revisions"}],"up":[{"embeddable":true,"href":"https:\/\/www.bombersdv.es\/es\/wp-json\/wp\/v2\/pages\/15127"}],"wp:attachment":[{"href":"https:\/\/www.bombersdv.es\/es\/wp-json\/wp\/v2\/media?parent=15156"}],"curies":[{"name":"wp","href":"https:\/\/api.w.org\/{rel}","templated":true}]}}