{"id":15159,"date":"2016-07-21T13:01:41","date_gmt":"2016-07-21T11:01:41","guid":{"rendered":"https:\/\/www.bombersdv.es\/es\/portal-de-transparencia\/"},"modified":"2023-11-09T11:14:28","modified_gmt":"2023-11-09T10:14:28","slug":"portal-de-transparencia","status":"publish","type":"page","link":"https:\/\/www.bombersdv.es\/es\/portal-de-transparencia\/","title":{"rendered":"Portal de Transparencia"},"content":{"rendered":"<p><div class=\"fusion-fullwidth fullwidth-box fusion-builder-row-1 hundred-percent-fullwidth non-hundred-percent-height-scrolling fusion-equal-height-columns\" style=\"--awb-background-position:left top;--awb-border-sizes-top:0px;--awb-border-sizes-bottom:0px;--awb-border-sizes-left:0px;--awb-border-sizes-right:0px;--awb-border-radius-top-left:0px;--awb-border-radius-top-right:0px;--awb-border-radius-bottom-right:0px;--awb-border-radius-bottom-left:0px;--awb-padding-top:0px;--awb-padding-right:30px;--awb-padding-bottom:0px;--awb-padding-left:30px;--awb-flex-wrap:wrap;\" ><div class=\"fusion-builder-row fusion-row\"><div class=\"fusion-layout-column fusion_builder_column fusion-builder-column-0 fusion_builder_column_1_2 1_2 fusion-one-half fusion-column-first\" style=\"--awb-bg-size:cover;--awb-margin-bottom:0px;\"><div class=\"fusion-column-wrapper fusion-flex-column-wrapper-legacy\"><div class=\"fusion-column-content-centered\"><div class=\"fusion-column-content\"><div class=\"fusion-image-element in-legacy-container\" style=\"--awb-caption-title-font-family:var(--h2_typography-font-family);--awb-caption-title-font-weight:var(--h2_typography-font-weight);--awb-caption-title-font-style:var(--h2_typography-font-style);--awb-caption-title-size:var(--h2_typography-font-size);--awb-caption-title-transform:var(--h2_typography-text-transform);--awb-caption-title-line-height:var(--h2_typography-line-height);--awb-caption-title-letter-spacing:var(--h2_typography-letter-spacing);\"><span class=\" fusion-imageframe imageframe-none imageframe-1 hover-type-none\"><img decoding=\"async\" src=\"https:\/\/www.bombersdv.es\/wp-content\/uploads\/sites\/6\/2017\/02\/menu-transparencia2.jpg\" alt class=\"img-responsive\"\/><\/span><\/div><\/div><\/div><div class=\"fusion-clearfix\"><\/div><\/div><\/div><div class=\"fusion-layout-column fusion_builder_column fusion-builder-column-1 fusion_builder_column_1_2 1_2 fusion-one-half fusion-column-last\" style=\"--awb-padding-top:60px;--awb-padding-right:60px;--awb-padding-bottom:60px;--awb-padding-left:60px;--awb-bg-size:cover;--awb-margin-bottom:0px;width:48%;\"><div class=\"fusion-column-wrapper fusion-flex-column-wrapper-legacy\"><div class=\"fusion-text fusion-text-1\"><h2><strong><span style=\"color: #d32f13;\">Funciones y Normativa<\/span><\/strong><\/h2>\n<p style=\"text-align: justify;\" align=\"justify\">Primero de los seis apartados en los que se subdivide nuestro portal de transparencia.<\/p>\n<ul>\n<li style=\"text-align: justify;\">Se detallan las funciones contenidas en nuestros Estatutos y las que nos vienen dadas por la legislaci\u00f3n de la Generalitat, por planes de protecci\u00f3n civil o por acuerdos o encomiendas espec\u00edficas.<\/li>\n<li style=\"text-align: justify;\">En el apartado normativa se relaciona la que nos regula como Consorcio y como Servicio de Bomberos. Se incluyen \u00edntegramente los textos de la normativa aprobada por el Consorcio: Estatutos, Reglamentos Org\u00e1nico y de Voluntarios y Ordenanza Fiscal de nuestra tasa por prestaci\u00f3n de servicios.<\/li>\n<\/ul>\n<p><strong>Los documentos disponibles en este apartado son los siguientes:<\/strong><div class=\"fusion-alignleft\"><a class=\"fusion-button button-flat button-medium button-default fusion-button-default button-1 fusion-button-default-span \" target=\"_self\" href=\"\/es\/portal-de-transparencia\/funciones-y-normativas-2023\/\"><span class=\"fusion-button-text\">Leer M\u00e1s<\/span><\/a><\/div><\/p>\n<\/div><div class=\"fusion-clearfix\"><\/div><\/div><\/div><\/div><\/div><div class=\"fusion-fullwidth fullwidth-box fusion-builder-row-2 hundred-percent-fullwidth non-hundred-percent-height-scrolling fusion-equal-height-columns\" style=\"--awb-background-position:left top;--awb-border-sizes-top:0px;--awb-border-sizes-bottom:0px;--awb-border-sizes-left:0px;--awb-border-sizes-right:0px;--awb-border-radius-top-left:0px;--awb-border-radius-top-right:0px;--awb-border-radius-bottom-right:0px;--awb-border-radius-bottom-left:0px;--awb-padding-top:0px;--awb-padding-right:30px;--awb-padding-bottom:0px;--awb-padding-left:30px;--awb-flex-wrap:wrap;\" ><div class=\"fusion-builder-row fusion-row\"><div class=\"fusion-layout-column fusion_builder_column fusion-builder-column-2 fusion_builder_column_1_2 1_2 fusion-one-half fusion-column-first\" style=\"--awb-padding-top:60px;--awb-padding-right:60px;--awb-padding-bottom:60px;--awb-padding-left:60px;--awb-bg-color:#d32f13;--awb-bg-color-hover:#d32f13;--awb-bg-size:cover;--awb-margin-bottom:0px;\"><div class=\"fusion-column-wrapper fusion-flex-column-wrapper-legacy\"><div class=\"fusion-column-content-centered\"><div class=\"fusion-column-content\"><div class=\"fusion-text fusion-text-2\"><h2 style=\"text-align: justify;\"><span style=\"color: #ffffff;\"><strong>Cargos Electos y\u00a0\u00d3rganos de Gobierno<\/strong><\/span><\/h2>\n<p style=\"text-align: justify;\" align=\"justify\"><span style=\"color: #ffffff;\">Segundo de los seis apartados en los que se subdivide nuestro portal de transparencia.<\/span><\/p>\n<ul>\n<li style=\"text-align: justify;\"><span style=\"color: #ffffff;\">Contiene la enumeraci\u00f3n, composici\u00f3n y funciones de los diferentes \u00f3rganos de gobierno y complementarios. Se identifican los <b>representantes de cada municipio en la Asamblea<\/b> del Consorcio y sus porcentajes de voto y los <b>\u00f3rdenes del d\u00eda<\/b> <b>y acuerdos<\/b> de ese \u00f3rgano plenario.<\/span><\/li>\n<li style=\"text-align: justify;\"><span style=\"color: #ffffff;\">Se cuantifican las indemnizaciones percibidas por asistencia a las sesiones de los \u00f3rganos de gobierno y el importe de los gastos protocolarios y de desplazamiento de sus miembros.<\/span><\/li>\n<\/ul>\n<p><span style=\"color: #ffffff;\"><strong>Los documentos disponibles en este apartado son los siguientes:<\/strong><\/span><div class=\"fusion-alignleft\"><a class=\"fusion-button button-flat button-medium button-custom fusion-button-default button-2 fusion-button-span-no \" style=\"--button_accent_color:#ffffff;--button_accent_hover_color:#ffffff;--button_border_hover_color:#ffffff;--button_border_width-top:2px;--button_border_width-right:2px;--button_border_width-bottom:2px;--button_border_width-left:2px;--button_gradient_top_color:#d32f13;--button_gradient_bottom_color:#d32f13;--button_gradient_top_color_hover:#d32f13;--button_gradient_bottom_color_hover:#d32f13;\" target=\"_self\" title=\"saluda-presidente\" aria-label=\"saluda-presidente\" href=\"\/es\/portal-de-transparencia\/cargos-electos-y-organos-de-gobierno\/\"><span class=\"fusion-button-text\">Leer m\u00e1s<\/span><\/a><\/div><\/p>\n<\/div><\/div><\/div><div class=\"fusion-clearfix\"><\/div><\/div><\/div><div class=\"fusion-layout-column fusion_builder_column fusion-builder-column-3 fusion_builder_column_1_2 1_2 fusion-one-half fusion-column-last\" style=\"--awb-bg-size:cover;--awb-margin-bottom:0px;width:48%;\"><div class=\"fusion-column-wrapper fusion-flex-column-wrapper-legacy\"><div class=\"fusion-column-content-centered\"><div class=\"fusion-column-content\"><div class=\"fusion-image-element in-legacy-container\" style=\"--awb-caption-title-font-family:var(--h2_typography-font-family);--awb-caption-title-font-weight:var(--h2_typography-font-weight);--awb-caption-title-font-style:var(--h2_typography-font-style);--awb-caption-title-size:var(--h2_typography-font-size);--awb-caption-title-transform:var(--h2_typography-text-transform);--awb-caption-title-line-height:var(--h2_typography-line-height);--awb-caption-title-letter-spacing:var(--h2_typography-letter-spacing);\"><span class=\" fusion-imageframe imageframe-none imageframe-2 hover-type-none\"><img decoding=\"async\" alt=\"Bombers Consorci Provincial de valencia\" src=\"http:\/\/www.bombersdv.es\/wp-content\/uploads\/2013\/05\/bg-bomberos-02.jpg\" class=\"img-responsive\"\/><\/span><\/div><\/div><\/div><div class=\"fusion-clearfix\"><\/div><\/div><\/div><\/div><\/div><div class=\"fusion-fullwidth fullwidth-box fusion-builder-row-3 hundred-percent-fullwidth non-hundred-percent-height-scrolling fusion-equal-height-columns\" style=\"--awb-background-position:left top;--awb-border-sizes-top:0px;--awb-border-sizes-bottom:0px;--awb-border-sizes-left:0px;--awb-border-sizes-right:0px;--awb-border-radius-top-left:0px;--awb-border-radius-top-right:0px;--awb-border-radius-bottom-right:0px;--awb-border-radius-bottom-left:0px;--awb-padding-top:0px;--awb-padding-right:30px;--awb-padding-bottom:0px;--awb-padding-left:30px;--awb-flex-wrap:wrap;\" ><div class=\"fusion-builder-row fusion-row\"><div class=\"fusion-layout-column fusion_builder_column fusion-builder-column-4 fusion_builder_column_1_2 1_2 fusion-one-half fusion-column-first\" style=\"--awb-bg-size:cover;--awb-margin-bottom:0px;\"><div class=\"fusion-column-wrapper fusion-flex-column-wrapper-legacy\"><div class=\"fusion-column-content-centered\"><div class=\"fusion-column-content\"><div class=\"fusion-image-element in-legacy-container\" style=\"--awb-caption-title-font-family:var(--h2_typography-font-family);--awb-caption-title-font-weight:var(--h2_typography-font-weight);--awb-caption-title-font-style:var(--h2_typography-font-style);--awb-caption-title-size:var(--h2_typography-font-size);--awb-caption-title-transform:var(--h2_typography-text-transform);--awb-caption-title-line-height:var(--h2_typography-line-height);--awb-caption-title-letter-spacing:var(--h2_typography-letter-spacing);\"><span class=\" fusion-imageframe imageframe-none imageframe-3 hover-type-none\"><img decoding=\"async\" alt=\"Bombers Consorci Provincial de valencia\" src=\"http:\/\/www.bombersdv.es\/wp-content\/uploads\/2013\/05\/bg-bomberos-04.jpg\" class=\"img-responsive\"\/><\/span><\/div><\/div><\/div><div class=\"fusion-clearfix\"><\/div><\/div><\/div><div class=\"fusion-layout-column fusion_builder_column fusion-builder-column-5 fusion_builder_column_1_2 1_2 fusion-one-half fusion-column-last\" style=\"--awb-padding-top:60px;--awb-padding-right:60px;--awb-padding-bottom:60px;--awb-padding-left:60px;--awb-bg-size:cover;--awb-margin-bottom:0px;width:48%;\"><div class=\"fusion-column-wrapper fusion-flex-column-wrapper-legacy\"><div class=\"fusion-text fusion-text-3\"><h2><strong><span style=\"color: #d32f13;\">Organizaci\u00f3n Administrativa y Personal<\/span><\/strong><\/h2>\n<p style=\"text-align: justify;\" align=\"justify\">Tercero de los seis apartados en los que se divide el portal de transparencia.<\/p>\n<ul>\n<li style=\"text-align: justify;\">Competencias e identificaci\u00f3n del personal directivo (Gerencia)<\/li>\n<li style=\"text-align: justify;\">Relaci\u00f3n de puestos de trabajo y acuerdos y\/o convenios que regulan las condiciones de trabajo. Enlace a la informaci\u00f3n de los procesos selectivos en marcha o finalizados.<\/li>\n<li>Compatibilidades<\/li>\n<li style=\"text-align: justify;\">Informaci\u00f3n sobre los \u00f3rganos de representaci\u00f3n de los empleados: Distribuci\u00f3n y cr\u00e9dito horario anual.<\/li>\n<\/ul>\n<p><strong>Los documentos disponibles en este apartado son los siguientes:<\/strong><div class=\"fusion-alignleft\"><a class=\"fusion-button button-flat button-medium button-default fusion-button-default button-3 fusion-button-default-span \" target=\"_self\" href=\"\/es\/portal-de-transparencia\/organizacion-administrativa-y-personal-v2\/\"><span class=\"fusion-button-text\">Leer M\u00e1s<\/span><\/a><\/div><\/p>\n<\/div><div class=\"fusion-clearfix\"><\/div><\/div><\/div><\/div><\/div><div class=\"fusion-fullwidth fullwidth-box fusion-builder-row-4 hundred-percent-fullwidth non-hundred-percent-height-scrolling fusion-equal-height-columns\" style=\"--awb-background-position:left top;--awb-border-sizes-top:0px;--awb-border-sizes-bottom:0px;--awb-border-sizes-left:0px;--awb-border-sizes-right:0px;--awb-border-radius-top-left:0px;--awb-border-radius-top-right:0px;--awb-border-radius-bottom-right:0px;--awb-border-radius-bottom-left:0px;--awb-padding-top:0px;--awb-padding-right:30px;--awb-padding-bottom:0px;--awb-padding-left:30px;--awb-flex-wrap:wrap;\" ><div class=\"fusion-builder-row fusion-row\"><div class=\"fusion-layout-column fusion_builder_column fusion-builder-column-6 fusion_builder_column_1_2 1_2 fusion-one-half fusion-column-first\" style=\"--awb-padding-top:60px;--awb-padding-right:60px;--awb-padding-bottom:60px;--awb-padding-left:60px;--awb-bg-color:#ff3f00;--awb-bg-color-hover:#ff3f00;--awb-bg-size:cover;--awb-margin-bottom:0px;\"><div class=\"fusion-column-wrapper fusion-flex-column-wrapper-legacy\"><div class=\"fusion-column-content-centered\"><div class=\"fusion-column-content\"><div class=\"fusion-text fusion-text-4\"><h2><span style=\"color: #ffffff;\"><strong>Informaci\u00f3n Econ\u00f3mica<\/strong><\/span><\/h2>\n<p><span style=\"color: #ffffff;\">Cuarto de los seis apartados en los que se divide el portal de transparencia.<\/span><\/p>\n<ul>\n<li><span style=\"color: #ffffff;\">Informaci\u00f3n sobre los presupuestos y cuentas anuales del Consorcio.<\/span><\/li>\n<li><span style=\"color: #ffffff;\">Ayudas y subvenciones concedidas.<\/span><\/li>\n<li><span style=\"color: #ffffff;\">Estad\u00edsticas de servicios de a\u00f1os anteriores.<\/span><\/li>\n<\/ul>\n<p><span style=\"color: #ffffff;\">\u00a0<strong>Los documentos disponibles en este apartado son los siguientes:<\/strong><\/span><div class=\"fusion-alignleft\"><a class=\"fusion-button button-flat button-medium button-custom fusion-button-default button-4 fusion-button-span-no \" style=\"--button_accent_color:#ffffff;--button_accent_hover_color:#ffffff;--button_border_hover_color:#ffffff;--button_border_width-top:2px;--button_border_width-right:2px;--button_border_width-bottom:2px;--button_border_width-left:2px;--button_gradient_top_color:transparent;--button_gradient_bottom_color:transparent;--button_gradient_top_color_hover:transparent;--button_gradient_bottom_color_hover:transparent;\" target=\"_self\" href=\"\/es\/portal-de-transparencia\/informacion-economica\/\"><span class=\"fusion-button-text\">Leer M\u00e1s<\/span><\/a><\/div><\/p>\n<\/div><\/div><\/div><div class=\"fusion-clearfix\"><\/div><\/div><\/div><div class=\"fusion-layout-column fusion_builder_column fusion-builder-column-7 fusion_builder_column_1_2 1_2 fusion-one-half fusion-column-last\" style=\"--awb-bg-size:cover;--awb-margin-bottom:0px;width:48%;\"><div class=\"fusion-column-wrapper fusion-flex-column-wrapper-legacy\"><div class=\"fusion-image-element in-legacy-container\" style=\"--awb-caption-title-font-family:var(--h2_typography-font-family);--awb-caption-title-font-weight:var(--h2_typography-font-weight);--awb-caption-title-font-style:var(--h2_typography-font-style);--awb-caption-title-size:var(--h2_typography-font-size);--awb-caption-title-transform:var(--h2_typography-text-transform);--awb-caption-title-line-height:var(--h2_typography-line-height);--awb-caption-title-letter-spacing:var(--h2_typography-letter-spacing);\"><span class=\" fusion-imageframe imageframe-none imageframe-4 hover-type-none\"><img decoding=\"async\" alt=\"Bombers Consorci Provincial de valencia\" src=\"http:\/\/www.bombersdv.es\/wp-content\/uploads\/2013\/05\/bg-bomberos-03.jpg\" class=\"img-responsive\"\/><\/span><\/div><div class=\"fusion-clearfix\"><\/div><\/div><\/div><\/div><\/div><div class=\"fusion-fullwidth fullwidth-box fusion-builder-row-5 hundred-percent-fullwidth non-hundred-percent-height-scrolling fusion-equal-height-columns\" style=\"--awb-background-position:left top;--awb-border-sizes-top:0px;--awb-border-sizes-bottom:0px;--awb-border-sizes-left:0px;--awb-border-sizes-right:0px;--awb-border-radius-top-left:0px;--awb-border-radius-top-right:0px;--awb-border-radius-bottom-right:0px;--awb-border-radius-bottom-left:0px;--awb-padding-top:0px;--awb-padding-right:30px;--awb-padding-bottom:0px;--awb-padding-left:30px;--awb-flex-wrap:wrap;\" ><div class=\"fusion-builder-row fusion-row\"><div class=\"fusion-layout-column fusion_builder_column fusion-builder-column-8 fusion_builder_column_1_2 1_2 fusion-one-half fusion-column-first\" style=\"--awb-bg-size:cover;--awb-margin-bottom:0px;\"><div class=\"fusion-column-wrapper fusion-flex-column-wrapper-legacy\"><div class=\"fusion-column-content-centered\"><div class=\"fusion-column-content\"><div class=\"fusion-image-element in-legacy-container\" style=\"--awb-caption-title-font-family:var(--h2_typography-font-family);--awb-caption-title-font-weight:var(--h2_typography-font-weight);--awb-caption-title-font-style:var(--h2_typography-font-style);--awb-caption-title-size:var(--h2_typography-font-size);--awb-caption-title-transform:var(--h2_typography-text-transform);--awb-caption-title-line-height:var(--h2_typography-line-height);--awb-caption-title-letter-spacing:var(--h2_typography-letter-spacing);\"><span class=\" fusion-imageframe imageframe-none imageframe-5 hover-type-none\"><img decoding=\"async\" src=\"https:\/\/www.bombersdv.es\/wp-content\/uploads\/sites\/6\/2017\/02\/menu-transparencia1.jpg\" alt class=\"img-responsive\"\/><\/span><\/div><\/div><\/div><div class=\"fusion-clearfix\"><\/div><\/div><\/div><div class=\"fusion-layout-column fusion_builder_column fusion-builder-column-9 fusion_builder_column_1_2 1_2 fusion-one-half fusion-column-last\" style=\"--awb-padding-top:60px;--awb-padding-right:60px;--awb-padding-bottom:60px;--awb-padding-left:60px;--awb-bg-size:cover;--awb-margin-bottom:0px;width:48%;\"><div class=\"fusion-column-wrapper fusion-flex-column-wrapper-legacy\"><div class=\"fusion-text fusion-text-5\"><h2><strong><span style=\"color: #d32f13;\">Contrataci\u00f3n<\/span><\/strong><\/h2>\n<p style=\"text-align: justify;\" align=\"justify\">Quinto de los seis apartados en los que se divide el portal de transparencia.<\/p>\n<ul>\n<li style=\"text-align: justify;\">Contiene la informaci\u00f3n sobre la <strong>composici\u00f3n y acuerdos de la Mesa de Contrataci\u00f3n<\/strong>, la relaci\u00f3n de <strong>contratos formalizados<\/strong> y las <strong>estad\u00edsticas<\/strong> de contrataci\u00f3n de a\u00f1os anteriores.<\/li>\n<li style=\"text-align: justify;\">Relaci\u00f3n ordenada y cuantificada de los <strong>principales proveedores<\/strong> del Consorcio.<\/li>\n<li style=\"text-align: justify;\">Texto \u00edntegro de los <strong>convenios<\/strong> suscritos por el Consorcio.<\/li>\n<\/ul>\n<p><strong>Los documentos disponibles en este apartado son los siguientes:<\/strong><div class=\"fusion-alignleft\"><a class=\"fusion-button button-flat button-medium button-default fusion-button-default button-5 fusion-button-default-span \" target=\"_self\" href=\"\/es\/portal-de-transparencia\/contratacion\/\"><span class=\"fusion-button-text\">Leer M\u00e1s<\/span><\/a><\/div><\/p>\n<\/div><div class=\"fusion-clearfix\"><\/div><\/div><\/div><\/div><\/div><div class=\"fusion-fullwidth fullwidth-box fusion-builder-row-6 hundred-percent-fullwidth non-hundred-percent-height-scrolling fusion-equal-height-columns\" style=\"--awb-background-position:left top;--awb-border-sizes-top:0px;--awb-border-sizes-bottom:0px;--awb-border-sizes-left:0px;--awb-border-sizes-right:0px;--awb-border-radius-top-left:0px;--awb-border-radius-top-right:0px;--awb-border-radius-bottom-right:0px;--awb-border-radius-bottom-left:0px;--awb-padding-top:0px;--awb-padding-right:30px;--awb-padding-bottom:0px;--awb-padding-left:30px;--awb-flex-wrap:wrap;\" ><div class=\"fusion-builder-row fusion-row\"><div class=\"fusion-layout-column fusion_builder_column fusion-builder-column-10 fusion_builder_column_1_2 1_2 fusion-one-half fusion-column-first\" style=\"--awb-padding-top:60px;--awb-padding-right:60px;--awb-padding-bottom:60px;--awb-padding-left:60px;--awb-bg-color:#d32f13;--awb-bg-color-hover:#d32f13;--awb-bg-size:cover;--awb-margin-bottom:0px;\"><div class=\"fusion-column-wrapper fusion-flex-column-wrapper-legacy\"><div class=\"fusion-column-content-centered\"><div class=\"fusion-column-content\"><div class=\"fusion-text fusion-text-6\"><h2><span style=\"color: #ffffff;\"><strong>Atenci\u00f3n e informaci\u00f3n al Ciudadano<\/strong><\/span><\/h2>\n<p style=\"text-align: justify;\"><span style=\"color: #ffffff;\">\u00daltimo de los seis apartados en los que se divide el Portal de Transparencia. Contiene informaciones diversas como son:<\/span><\/p>\n<ul>\n<li style=\"text-align: justify;\"><span style=\"color: #ffffff;\">Informaci\u00f3n sobre el tel\u00e9fono <strong>1 1 2<\/strong> de atenci\u00f3n a emergencias.<\/span><\/li>\n<li style=\"text-align: justify;\"><span style=\"color: #ffffff;\">Relaci\u00f3n de <strong>Oficinas y Parques<\/strong> del Consorcio, <strong>tiempos de respuesta<\/strong> previstos para los diferentes municipios de la provincia y <strong>protocolo de movilizaci\u00f3n<\/strong> en funci\u00f3n del tipo de emergencia.<\/span><\/li>\n<li style=\"text-align: justify;\"><span style=\"color: #ffffff;\">En su caso, <strong>expedientes en per\u00edodo de informaci\u00f3n p\u00fablica<\/strong>.<\/span><\/li>\n<\/ul>\n<p><span style=\"color: #ffffff;\"><strong>Los documentos disponibles en este apartado son los siguientes:<\/strong><\/span><div class=\"fusion-alignleft\"><a class=\"fusion-button button-flat button-medium button-custom fusion-button-default button-6 fusion-button-span-no \" style=\"--button_accent_color:#ffffff;--button_accent_hover_color:#ffffff;--button_border_hover_color:#ffffff;--button_border_width-top:2px;--button_border_width-right:2px;--button_border_width-bottom:2px;--button_border_width-left:2px;--button_gradient_top_color:#d32f13;--button_gradient_bottom_color:#d32f13;--button_gradient_top_color_hover:#d32f13;--button_gradient_bottom_color_hover:#d32f13;\" target=\"_self\" title=\"saluda-presidente\" aria-label=\"saluda-presidente\" href=\"\/es\/portal-de-transparencia\/atencion-e-informacion-al-ciudadano\/\"><span class=\"fusion-button-text\">Leer m\u00e1s<\/span><\/a><\/div><\/p>\n<\/div><\/div><\/div><div class=\"fusion-clearfix\"><\/div><\/div><\/div><div class=\"fusion-layout-column fusion_builder_column fusion-builder-column-11 fusion_builder_column_1_2 1_2 fusion-one-half fusion-column-last\" style=\"--awb-bg-size:cover;--awb-margin-bottom:0px;width:48%;\"><div class=\"fusion-column-wrapper fusion-flex-column-wrapper-legacy\"><div class=\"fusion-column-content-centered\"><div class=\"fusion-column-content\"><div class=\"fusion-image-element in-legacy-container\" style=\"--awb-caption-title-font-family:var(--h2_typography-font-family);--awb-caption-title-font-weight:var(--h2_typography-font-weight);--awb-caption-title-font-style:var(--h2_typography-font-style);--awb-caption-title-size:var(--h2_typography-font-size);--awb-caption-title-transform:var(--h2_typography-text-transform);--awb-caption-title-line-height:var(--h2_typography-line-height);--awb-caption-title-letter-spacing:var(--h2_typography-letter-spacing);\"><span class=\" fusion-imageframe imageframe-none imageframe-6 hover-type-none\"><img decoding=\"async\" src=\"https:\/\/www.bombersdv.es\/wp-content\/uploads\/sites\/6\/2017\/02\/menu-transparencia3.jpg\" alt class=\"img-responsive\"\/><\/span><\/div><\/div><\/div><div class=\"fusion-clearfix\"><\/div><\/div><\/div><\/div><\/div><\/p>\n","protected":false},"excerpt":{"rendered":"","protected":false},"author":1,"featured_media":0,"parent":0,"menu_order":0,"comment_status":"closed","ping_status":"closed","template":"100-width.php","meta":{"footnotes":""},"class_list":["post-15159","page","type-page","status-publish","hentry"],"_links":{"self":[{"href":"https:\/\/www.bombersdv.es\/es\/wp-json\/wp\/v2\/pages\/15159"}],"collection":[{"href":"https:\/\/www.bombersdv.es\/es\/wp-json\/wp\/v2\/pages"}],"about":[{"href":"https:\/\/www.bombersdv.es\/es\/wp-json\/wp\/v2\/types\/page"}],"author":[{"embeddable":true,"href":"https:\/\/www.bombersdv.es\/es\/wp-json\/wp\/v2\/users\/1"}],"replies":[{"embeddable":true,"href":"https:\/\/www.bombersdv.es\/es\/wp-json\/wp\/v2\/comments?post=15159"}],"version-history":[{"count":3,"href":"https:\/\/www.bombersdv.es\/es\/wp-json\/wp\/v2\/pages\/15159\/revisions"}],"predecessor-version":[{"id":67098,"href":"https:\/\/www.bombersdv.es\/es\/wp-json\/wp\/v2\/pages\/15159\/revisions\/67098"}],"wp:attachment":[{"href":"https:\/\/www.bombersdv.es\/es\/wp-json\/wp\/v2\/media?parent=15159"}],"curies":[{"name":"wp","href":"https:\/\/api.w.org\/{rel}","templated":true}]}}