{"id":15161,"date":"2016-07-21T13:10:28","date_gmt":"2016-07-21T11:10:28","guid":{"rendered":"https:\/\/www.bombersdv.es\/es\/portal-de-transparencia\/funciones-y-normativas\/"},"modified":"2023-04-21T09:12:22","modified_gmt":"2023-04-21T07:12:22","slug":"funciones-y-normativas","status":"publish","type":"page","link":"https:\/\/www.bombersdv.es\/es\/portal-de-transparencia\/funciones-y-normativas\/","title":{"rendered":"Funciones y Normativas"},"content":{"rendered":"<p><div class=\"fusion-fullwidth fullwidth-box fusion-builder-row-1 nonhundred-percent-fullwidth non-hundred-percent-height-scrolling\" style=\"--awb-background-position:left top;--awb-border-sizes-top:0px;--awb-border-sizes-bottom:0px;--awb-border-sizes-left:0px;--awb-border-sizes-right:0px;--awb-border-radius-top-left:0px;--awb-border-radius-top-right:0px;--awb-border-radius-bottom-right:0px;--awb-border-radius-bottom-left:0px;--awb-padding-top:30px;--awb-padding-bottom:0px;--awb-flex-wrap:wrap;\" ><div class=\"fusion-builder-row fusion-row\"><div class=\"fusion-layout-column fusion_builder_column fusion-builder-column-0 fusion_builder_column_1_1 1_1 fusion-one-full fusion-column-first fusion-column-last\" style=\"--awb-bg-size:cover;--awb-margin-bottom:0px;\"><div class=\"fusion-column-wrapper fusion-flex-column-wrapper-legacy\"><div class=\"fusion-content-boxes content-boxes columns row fusion-columns-1 fusion-columns-total-1 fusion-content-boxes-1 content-boxes-icon-on-side content-left\" style=\"--awb-title-color:#d32f13;--awb-margin-bottom:0px;--awb-hover-accent-color:#d32f13;--awb-circle-hover-accent-color:#d32f13;--awb-item-margin-bottom:40px;\" data-animationOffset=\"top-into-view\"><div style=\"--awb-backgroundcolor:rgba(255,255,255,0);--awb-content-padding-left:140px;\" class=\"fusion-column content-box-column content-box-column content-box-column-1 col-lg-12 col-md-12 col-sm-12 fusion-content-box-hover content-box-column-last content-box-column-last-in-row\"><div class=\"col content-box-wrapper content-wrapper link-area-link-icon icon-hover-animation-fade\" data-animationOffset=\"top-into-view\"><div class=\"heading heading-with-icon icon-left\"><div aria-hidden=\"true\" class=\"image\"><img decoding=\"async\" src=\"http:\/\/www.bombersdv.es\/wp-content\/uploads\/2014\/11\/visitas-a-colegios-icon.png\" width=\"120\" height=\"120\" alt=\"\" \/><\/div><h2 class=\"content-box-heading fusion-responsive-typography-calculated\" style=\"--h2_typography-font-size:34px;--fontSize:34;line-height:1.09;padding-left:140px;\"><strong>Funciones y Normativas<\/strong><\/h2><\/div><div class=\"fusion-clearfix\"><\/div><div class=\"content-container\">\n<h4 style=\"text-align: justify;\">Els documents disponibles en este apartat s\u00f3n els seg\u00fcents:<\/h4>\n<\/div><\/div><\/div><div class=\"fusion-clearfix\"><\/div><\/div><div class=\"fusion-clearfix\"><\/div><\/div><\/div><\/div><\/div><div class=\"fusion-fullwidth fullwidth-box fusion-builder-row-2 nonhundred-percent-fullwidth non-hundred-percent-height-scrolling\" style=\"--awb-background-position:left top;--awb-border-sizes-top:0px;--awb-border-sizes-bottom:0px;--awb-border-sizes-left:0px;--awb-border-sizes-right:0px;--awb-border-radius-top-left:0px;--awb-border-radius-top-right:0px;--awb-border-radius-bottom-right:0px;--awb-border-radius-bottom-left:0px;--awb-padding-top:20px;--awb-padding-bottom:20px;--awb-flex-wrap:wrap;\" ><div class=\"fusion-builder-row fusion-row\"><div class=\"fusion-layout-column fusion_builder_column fusion-builder-column-1 fusion_builder_column_1_1 1_1 fusion-one-full fusion-column-first fusion-column-last\" style=\"--awb-padding-top:20px;--awb-padding-right:20px;--awb-padding-bottom:20px;--awb-padding-left:20px;--awb-bg-size:cover;--awb-margin-top:30px;\"><div class=\"fusion-column-wrapper fusion-flex-column-wrapper-legacy\"><div class=\"accordian fusion-accordian\" style=\"--awb-border-size:1px;--awb-icon-size:13px;--awb-content-font-size:15px;--awb-icon-alignment:left;--awb-hover-color:#f9f9f9;--awb-border-color:#cccccc;--awb-background-color:#ffffff;--awb-divider-color:#e0dede;--awb-divider-hover-color:#e0dede;--awb-icon-color:#ffffff;--awb-title-color:#333333;--awb-content-color:#747474;--awb-icon-box-color:#333333;--awb-toggle-hover-accent-color:#d32f13;--awb-title-font-family:&quot;Raleway&quot;;--awb-title-font-weight:500;--awb-title-font-style:normal;--awb-title-font-size:20px;--awb-content-font-family:&quot;Raleway&quot;;--awb-content-font-style:normal;--awb-content-font-weight:500;\"><div class=\"panel-group fusion-toggle-icon-boxed\" id=\"accordion-15161-1\"><div class=\"fusion-panel panel-default panel-2610fb553b0a1b583 fusion-toggle-has-divider\"><div class=\"panel-heading\"><h4 class=\"panel-title toggle\" id=\"toggle_2610fb553b0a1b583\"><a aria-expanded=\"false\" aria-controls=\"2610fb553b0a1b583\" role=\"button\" data-toggle=\"collapse\" data-parent=\"#accordion-15161-1\" data-target=\"#2610fb553b0a1b583\" href=\"#2610fb553b0a1b583\"><span class=\"fusion-toggle-icon-wrapper\" aria-hidden=\"true\"><i class=\"fa-fusion-box active-icon awb-icon-minus\" aria-hidden=\"true\"><\/i><i class=\"fa-fusion-box inactive-icon awb-icon-plus\" aria-hidden=\"true\"><\/i><\/span><span class=\"fusion-toggle-heading\">Funciones<\/span><\/a><\/h4><\/div><div id=\"2610fb553b0a1b583\" class=\"panel-collapse collapse \" aria-labelledby=\"toggle_2610fb553b0a1b583\"><div class=\"panel-body toggle-content fusion-clearfix\">\n<ul>\n<li>\n<h5><span style=\"color: #808080;\"><a style=\"color: #808080; text-decoration: underline;\" href=\"http:\/\/www.bombersdv.es\/wp-content\/uploads\/sites\/6\/2016\/07\/1101_01_es.pdf\" target=\"_blank\" rel=\"noopener noreferrer\">Funciones definidas en los Estatutos del Consorcio<\/a><\/span><\/h5>\n<\/li>\n<li>\n<h5><a href=\"https:\/\/www.bombersdv.es\/es\/consorcio\/normativas\/asuncion-de-la-gestion-directa-del-servicio-de-prevencion-de-incendios-forestales-que-realizan-las-brigadas-forestales-y-de-los-servicios-comunes-de-apoyo-a-las-brigadas-de-divalterra-s-a\/\" target=\"_blank\" rel=\"noopener\">Acuerdo para la gesti\u00f3n directa del servicio de prevenci\u00f3n de incendios forestales que realizan las Brigadas Forestales y de los servicios comunes de apoyo de la empresa Divalterra S.A.<\/a> (Actualizado enero de 2022)<\/h5>\n<\/li>\n<li>\n<h5><span style=\"color: #808080;\"><a style=\"color: #808080; text-decoration: underline;\" href=\"http:\/\/www.bombersdv.es\/wp-content\/uploads\/sites\/6\/2016\/07\/1102_01_es.pdf\" target=\"_blank\" rel=\"noopener noreferrer\">Funciones establecidas en la Ley de Bomberos de la CV<\/a><\/span><\/h5>\n<\/li>\n<li>\n<h5><span style=\"color: #808080;\"><a style=\"color: #808080; text-decoration: underline;\" href=\"https:\/\/www.bombersdv.es\/es\/portal-de-transparencia\/funcions-i-normatives\/fines-y-obligaciones-relacionadas-con-los-instrumentos-de-proteccion-civil\/\" target=\"_blank\" rel=\"noopener noreferrer\">Obligaciones derivadas de planes de Protecci\u00f3n Civil<\/a><\/span><\/h5>\n<\/li>\n<li>\n<h5><span style=\"color: #808080;\"><a style=\"color: #808080; text-decoration: underline;\" href=\"http:\/\/www.bombersdv.es\/wp-content\/uploads\/sites\/6\/2016\/07\/1104_01_es.pdf\" target=\"_blank\" rel=\"noopener noreferrer\">Funciones asignadas mediante acuerdos o encomiendas de gesti\u00f3n (Forestal)<\/a><\/span><\/h5>\n<\/li>\n<\/ul>\n<\/div><\/div><\/div><div class=\"fusion-panel panel-default panel-65c4619c1f3d1753f fusion-toggle-has-divider\"><div class=\"panel-heading\"><h4 class=\"panel-title toggle\" id=\"toggle_65c4619c1f3d1753f\"><a aria-expanded=\"false\" aria-controls=\"65c4619c1f3d1753f\" role=\"button\" data-toggle=\"collapse\" data-parent=\"#accordion-15161-1\" data-target=\"#65c4619c1f3d1753f\" href=\"#65c4619c1f3d1753f\"><span class=\"fusion-toggle-icon-wrapper\" aria-hidden=\"true\"><i class=\"fa-fusion-box active-icon awb-icon-minus\" aria-hidden=\"true\"><\/i><i class=\"fa-fusion-box inactive-icon awb-icon-plus\" aria-hidden=\"true\"><\/i><\/span><span class=\"fusion-toggle-heading\">Normativas<\/span><\/a><\/h4><\/div><div id=\"65c4619c1f3d1753f\" class=\"panel-collapse collapse \" aria-labelledby=\"toggle_65c4619c1f3d1753f\"><div class=\"panel-body toggle-content fusion-clearfix\">\n<ul>\n<li>\n<h5><span style=\"color: #808080;\"><a href=\"https:\/\/www.bombersdv.es\/wp-content\/uploads\/2021\/10\/bop-estatutos.pdf\" target=\"_blank\" rel=\"noopener\">Estatutos del Consorcio<\/a> (Actualizado 4\/10\/2021)<\/span><\/h5>\n<ul>\n<li><a href=\"https:\/\/www.bombersdv.es\/wp-content\/uploads\/2023\/03\/2021_14255-estatutos.pdf\" target=\"_blank\" rel=\"noopener\">BOP<\/a><\/li>\n<li><a href=\"https:\/\/www.bombersdv.es\/es\/portal-de-transparencia\/funciones-y-normativas\/estatutos-del-consorcio\/\" target=\"_blank\" rel=\"noopener\">Texto<\/a><\/li>\n<\/ul>\n<\/li>\n<li>\n<h5><a href=\"https:\/\/www.bombersdv.es\/wp-content\/uploads\/2019\/04\/10_PDFsam_2017_03_15-BOP-n\u00ba-52-Reglamento-Organico-i-Funcionamento-CONSORCIO-cast.pdf\" target=\"_blank\" rel=\"noopener noreferrer\"><span style=\"color: #808080;\">Reglamento Org\u00e1nico del Consorcio<\/span><\/a><\/h5>\n<\/li>\n<li>\n<h5><span style=\"color: #808080;\"><a style=\"color: #808080;\" href=\"http:\/\/www.bombersdv.es\/wp-content\/uploads\/sites\/6\/2016\/07\/1-4_Reglamento_GruposVoluntarios.pdf\" target=\"_blank\" rel=\"noopener noreferrer\">Reglamento Bomberos Voluntarios del Consorcio<\/a><\/span><\/h5>\n<\/li>\n<li><a href=\"https:\/\/www.bombersdv.es\/download\/reglamento-cssl\/\" target=\"_blank\" rel=\"noopener noreferrer\"><span style=\"color: #808080;\">\u00a0Reglamento de Funcionamiento del Comit\u00e9 de Seguridad y Salud<\/span><\/a><\/li>\n<li>\n<h5><a href=\"https:\/\/www.bombersdv.es\/wp-content\/uploads\/2020\/01\/reglamento-segunda-actividad.pdf\" target=\"_blank\" rel=\"noopener noreferrer\">Reglamento Regulador de la Movilidad Profesional por raz\u00f3n de edad\/salud en el Consorcio (2005)<\/a><\/h5>\n<ul>\n<li>\n<h5><a href=\"https:\/\/www.bombersdv.es\/wp-content\/uploads\/2020\/01\/plan-de-reordenacion-de-la-segunda-actividad.pdf\" target=\"_blank\" rel=\"noopener noreferrer\">Plan de reordenaci\u00f3n de la segunda actividad (2011)<\/a><\/h5>\n<\/li>\n<\/ul>\n<\/li>\n<li>\n<h5><a href=\"https:\/\/www.bombersdv.es\/wp-content\/uploads\/2021\/01\/reglamento-publicado.pdf\" target=\"_blank\" rel=\"noopener\">Reglamento del Sistema de Carrera Profesional Horizontal y Evaluaci\u00f3n del Desempe\u00f1o del personal del Consorcio.<\/a><\/h5>\n<\/li>\n<li>\n<h5><a href=\"https:\/\/www.bombersdv.es\/wp-content\/uploads\/2021\/01\/reglamento-publicado-mesa-de-negociacion.pdf\" target=\"_blank\" rel=\"noopener\">Reglamento de Mesa General de Negociaci\u00f3n de Materias Comunes del Consorcio<\/a><\/h5>\n<\/li>\n<li>\n<h5><a href=\"https:\/\/www.bombersdv.es\/wp-content\/uploads\/2020\/06\/Publicacion-BOP-104-2020-06-02-Politica-seg-Informacion.pdf\" target=\"_blank\" rel=\"noopener noreferrer\">Pol\u00edtica de seguridad de la informaci\u00f3n<\/a> (actualizado junio 2020)<\/h5>\n<\/li>\n<li>\n<h5><a href=\"https:\/\/www.bombersdv.es\/wp-content\/uploads\/2021\/01\/Publicacion-creacion-OAMR-BOP-179-de-2020-09-15.pdf\" target=\"_blank\" rel=\"noopener\">Creaci\u00f3n de la Oficina de Asistencia en Materia de Registro del Consorcio<\/a> (actualizado enero 2021)<\/h5>\n<\/li>\n<li>\n<h5><a href=\"https:\/\/www.bombersdv.es\/wp-content\/uploads\/2021\/01\/publicacion-BOP-decreto-funcionarios-habilitados.pdf\" target=\"_blank\" rel=\"noopener\">Nombramiento de funcionarios habilitados para la asistencia en el uso de medios electr\u00f3nicos a los interesados y expedici\u00f3n de copias aut\u00e9nticas de los documentos p\u00fablicos administrativos o privados<\/a> (actualizado enero 2021)<\/h5>\n<\/li>\n<li>\n<h5><a href=\"https:\/\/www.bombersdv.es\/wp-content\/uploads\/2021\/04\/bop-fondos-tesoreria.pdf\" target=\"_blank\" rel=\"noopener\">Plan de Disposici\u00f3n de Fondos de Tesorer\u00eda<\/a>. (actualizado marzo 2021)<\/h5>\n<\/li>\n<li>\n<h5><a href=\"https:\/\/www.bombersdv.es\/es\/consorcio\/normativas\/reglamento-de-las-relaciones-electronicas-de-los-empleados-y-empleadas-publicas-con-el-consorcio-provincial-de-bomberos-de-valencia\/\" target=\"_blank\" rel=\"noopener\">Reglamento de las Relaciones Electr\u00f3nicas de los empleados y empleadas p\u00fablicas con el Consorcio<\/a> (actualizado 08\/10\/2021)<\/h5>\n<\/li>\n<li>\n<h5><a href=\"https:\/\/www.bombersdv.es\/wp-content\/uploads\/2023\/04\/I-PLAN-DE-IGUALDAD-BOMBERAS-OFICIAL-para-publicar.pdf\" target=\"_blank\" rel=\"noopener\">I Plan de Igualdad 2022-2025<\/a> (\u00daltima publicaci\u00f3n 21\/04\/2023)<\/h5>\n<\/li>\n<li>\n<h3><strong><span style=\"color: #ff0000;\">Ordenanzas Fiscales<\/span><\/strong><\/h3>\n<ul>\n<li>\n<h5><span style=\"color: #808080;\"><a style=\"color: #808080;\" href=\"http:\/\/www.bombersdv.es\/wp-content\/uploads\/sites\/6\/2016\/07\/ordenanza_tasas.pdf\" target=\"_blank\" rel=\"noopener noreferrer\">Ordenanza Fiscal reguladora de la Tasa por prestaci\u00f3n de servicios por parte del Consorcio<\/a><\/span><\/h5>\n<\/li>\n<li>\n<h5><a href=\"https:\/\/www.bombersdv.es\/wp-content\/uploads\/2022\/04\/BOP-2016-08-99-Ordenanza-Tasa-Seleccion-Personal.pdf\" target=\"_blank\" rel=\"noopener\">Ordenanza fiscal reguladora de la Tasa por concurrencia a las pruebas selectivas para el ingreso de personal en el Consorcio.<\/a><\/h5>\n<\/li>\n<li>\n<h5><a href=\"https:\/\/www.bombersdv.es\/wp-content\/uploads\/2022\/09\/ordenanza-certificados.pdf\" target=\"_blank\" rel=\"noopener\">Ordenanza fiscal reguladora de la Tasa por expedici\u00f3n de documentos administrativos<\/a><\/h5>\n<\/li>\n<\/ul>\n<\/li>\n<li>\n<h5><a href=\"https:\/\/www.bombersdv.es\/wp-content\/uploads\/sites\/6\/2017\/10\/1201_01-act-10-2017.pdf\" target=\"_blank\" rel=\"noopener noreferrer\"><span style=\"color: #808080;\">Enumeraci\u00f3n de las principales normas que determinan el r\u00e9gimen jur\u00eddico del Consorcio<\/span><\/a>\u00a0 \u00a0<em>(en proceso de actualizaci\u00f3n)<\/em><\/h5>\n<\/li>\n<li><\/li>\n<\/ul>\n<\/div><\/div><\/div><\/div><\/div><div class=\"fusion-clearfix\"><\/div><\/div><\/div><\/div><\/div><\/p>\n","protected":false},"excerpt":{"rendered":"","protected":false},"author":1,"featured_media":0,"parent":15159,"menu_order":0,"comment_status":"closed","ping_status":"closed","template":"100-width.php","meta":{"footnotes":""},"class_list":["post-15161","page","type-page","status-publish","hentry"],"_links":{"self":[{"href":"https:\/\/www.bombersdv.es\/es\/wp-json\/wp\/v2\/pages\/15161"}],"collection":[{"href":"https:\/\/www.bombersdv.es\/es\/wp-json\/wp\/v2\/pages"}],"about":[{"href":"https:\/\/www.bombersdv.es\/es\/wp-json\/wp\/v2\/types\/page"}],"author":[{"embeddable":true,"href":"https:\/\/www.bombersdv.es\/es\/wp-json\/wp\/v2\/users\/1"}],"replies":[{"embeddable":true,"href":"https:\/\/www.bombersdv.es\/es\/wp-json\/wp\/v2\/comments?post=15161"}],"version-history":[{"count":34,"href":"https:\/\/www.bombersdv.es\/es\/wp-json\/wp\/v2\/pages\/15161\/revisions"}],"predecessor-version":[{"id":64924,"href":"https:\/\/www.bombersdv.es\/es\/wp-json\/wp\/v2\/pages\/15161\/revisions\/64924"}],"up":[{"embeddable":true,"href":"https:\/\/www.bombersdv.es\/es\/wp-json\/wp\/v2\/pages\/15159"}],"wp:attachment":[{"href":"https:\/\/www.bombersdv.es\/es\/wp-json\/wp\/v2\/media?parent=15161"}],"curies":[{"name":"wp","href":"https:\/\/api.w.org\/{rel}","templated":true}]}}