{"id":15168,"date":"2016-07-21T12:11:39","date_gmt":"2016-07-21T11:11:39","guid":{"rendered":"https:\/\/www.bombersdv.es\/es\/portal-de-transparencia\/informacion-economica\/"},"modified":"2026-03-25T13:27:47","modified_gmt":"2026-03-25T12:27:47","slug":"informacion-economica","status":"publish","type":"page","link":"https:\/\/www.bombersdv.es\/es\/portal-de-transparencia\/informacion-economica\/","title":{"rendered":"Informaci\u00f3n Econ\u00f3mica"},"content":{"rendered":"<p><div class=\"fusion-fullwidth fullwidth-box fusion-builder-row-1 nonhundred-percent-fullwidth non-hundred-percent-height-scrolling\" style=\"--awb-border-radius-top-left:0px;--awb-border-radius-top-right:0px;--awb-border-radius-bottom-right:0px;--awb-border-radius-bottom-left:0px;--awb-flex-wrap:wrap;\" ><div class=\"fusion-builder-row fusion-row\"><div class=\"fusion-layout-column fusion_builder_column fusion-builder-column-0 fusion_builder_column_1_1 1_1 fusion-one-full fusion-column-first fusion-column-last\" style=\"--awb-bg-size:cover;--awb-margin-bottom:0px;\"><div class=\"fusion-column-wrapper fusion-flex-column-wrapper-legacy\"><div class=\"fusion-text fusion-text-1\"><\/div><div class=\"fusion-clearfix\"><\/div><\/div><\/div><\/div><\/div><div class=\"fusion-fullwidth fullwidth-box fusion-builder-row-2 nonhundred-percent-fullwidth non-hundred-percent-height-scrolling\" style=\"--awb-background-position:left top;--awb-border-sizes-top:0px;--awb-border-sizes-bottom:0px;--awb-border-sizes-left:0px;--awb-border-sizes-right:0px;--awb-border-radius-top-left:0px;--awb-border-radius-top-right:0px;--awb-border-radius-bottom-right:0px;--awb-border-radius-bottom-left:0px;--awb-padding-top:30px;--awb-padding-bottom:0px;--awb-flex-wrap:wrap;\" ><div class=\"fusion-builder-row fusion-row\"><div class=\"fusion-layout-column fusion_builder_column fusion-builder-column-1 fusion_builder_column_1_1 1_1 fusion-one-full fusion-column-first fusion-column-last\" style=\"--awb-bg-size:cover;--awb-margin-bottom:0px;\"><div class=\"fusion-column-wrapper fusion-flex-column-wrapper-legacy\"><div class=\"fusion-content-boxes content-boxes columns row fusion-columns-1 fusion-columns-total-1 fusion-content-boxes-1 content-boxes-icon-on-side content-left\" style=\"--awb-title-color:#d32f13;--awb-margin-bottom:0px;--awb-hover-accent-color:#d32f13;--awb-circle-hover-accent-color:#d32f13;--awb-item-margin-bottom:40px;\" data-animationOffset=\"top-into-view\"><div style=\"--awb-backgroundcolor:rgba(255,255,255,0);--awb-content-padding-left:140px;\" class=\"fusion-column content-box-column content-box-column content-box-column-1 col-lg-12 col-md-12 col-sm-12 fusion-content-box-hover content-box-column-last content-box-column-last-in-row\"><div class=\"col content-box-wrapper content-wrapper link-area-link-icon icon-hover-animation-fade\" data-animationOffset=\"top-into-view\"><div class=\"heading heading-with-icon icon-left\"><div aria-hidden=\"true\" class=\"image\"><img decoding=\"async\" src=\"http:\/\/www.bombersdv.es\/wp-content\/uploads\/2014\/11\/visitas-a-colegios-icon.png\" width=\"120\" height=\"120\" alt=\"\" \/><\/div><h2 class=\"content-box-heading fusion-responsive-typography-calculated\" style=\"--h2_typography-font-size:34px;--fontSize:34;line-height:1.09;padding-left:140px;\"><strong>Informaci\u00f3n Econ\u00f3mica<\/strong><\/h2><\/div><div class=\"fusion-clearfix\"><\/div><div class=\"content-container\">\n<h4 style=\"text-align: justify;\">Los documentos disponibles en este apartado son los siguientes:<\/h4>\n<\/div><\/div><\/div><div class=\"fusion-clearfix\"><\/div><\/div><div class=\"fusion-clearfix\"><\/div><\/div><\/div><\/div><\/div><div class=\"fusion-fullwidth fullwidth-box fusion-builder-row-3 nonhundred-percent-fullwidth non-hundred-percent-height-scrolling\" style=\"--awb-background-position:left top;--awb-border-sizes-top:0px;--awb-border-sizes-bottom:0px;--awb-border-sizes-left:0px;--awb-border-sizes-right:0px;--awb-border-radius-top-left:0px;--awb-border-radius-top-right:0px;--awb-border-radius-bottom-right:0px;--awb-border-radius-bottom-left:0px;--awb-padding-top:20px;--awb-padding-bottom:20px;--awb-flex-wrap:wrap;\" ><div class=\"fusion-builder-row fusion-row\"><div class=\"fusion-layout-column fusion_builder_column fusion-builder-column-2 fusion_builder_column_1_1 1_1 fusion-one-full fusion-column-first fusion-column-last\" style=\"--awb-padding-top:20px;--awb-padding-right:20px;--awb-padding-bottom:20px;--awb-padding-left:20px;--awb-bg-size:cover;--awb-margin-top:30px;\"><div class=\"fusion-column-wrapper fusion-flex-column-wrapper-legacy\"><div class=\"accordian fusion-accordian\" style=\"--awb-border-size:1px;--awb-icon-size:13px;--awb-content-font-size:15px;--awb-icon-alignment:left;--awb-hover-color:#f9f9f9;--awb-border-color:#cccccc;--awb-background-color:#ffffff;--awb-divider-color:#e0dede;--awb-divider-hover-color:#e0dede;--awb-icon-color:#ffffff;--awb-title-color:#333333;--awb-content-color:#747474;--awb-icon-box-color:#333333;--awb-toggle-hover-accent-color:#d32f13;--awb-title-font-family:&quot;Raleway&quot;;--awb-title-font-weight:500;--awb-title-font-style:normal;--awb-title-font-size:20px;--awb-title-letter-spacing:0px;--awb-title-line-height:1.1;--awb-content-font-family:&quot;Raleway&quot;;--awb-content-font-style:normal;--awb-content-font-weight:500;\"><div class=\"panel-group fusion-toggle-icon-boxed\" id=\"accordion-15168-1\"><div class=\"fusion-panel panel-default panel-ebe9bbedf195d24c6 fusion-toggle-no-divider fusion-toggle-boxed-mode\" style=\"--awb-title-color:#333333;\"><div class=\"panel-heading\"><h4 class=\"panel-title toggle\" id=\"toggle_ebe9bbedf195d24c6\"><a aria-expanded=\"false\" aria-controls=\"ebe9bbedf195d24c6\" role=\"button\" data-toggle=\"collapse\" data-parent=\"#accordion-15168-1\" data-target=\"#ebe9bbedf195d24c6\" href=\"#ebe9bbedf195d24c6\"><span class=\"fusion-toggle-icon-wrapper\" aria-hidden=\"true\"><i class=\"fa-fusion-box active-icon awb-icon-minus\" aria-hidden=\"true\"><\/i><i class=\"fa-fusion-box inactive-icon awb-icon-plus\" aria-hidden=\"true\"><\/i><\/span><span class=\"fusion-toggle-heading\">Presupuesto<\/span><\/a><\/h4><\/div><div id=\"ebe9bbedf195d24c6\" class=\"panel-collapse collapse \" aria-labelledby=\"toggle_ebe9bbedf195d24c6\"><div class=\"panel-body toggle-content fusion-clearfix\">\n<h3 id=\"Presupuesto2024\" class=\"fusion-responsive-typography-calculated\" data-fontsize=\"24\" data-lineheight=\"25.92px\"><span style=\"color: #ff0000;\"><strong>Presupuesto del Consorcio para el ejercicio 2026<\/strong><\/span><\/h3>\n<p>La<strong>\u00a0Asamblea General\u00a0<\/strong>del Consorcio en sesi\u00f3n celebrada el d\u00eda\u00a0<strong>22<\/strong><b> de diciembre de 2025 <\/b>acord\u00f3 aprobar el Presupuesto del Consorcio para 2026, sus bases de ejecuci\u00f3n y el resto de documentos anexos y exponerlo\u00a0 al p\u00fablico \u00a0en el <a href=\"https:\/\/www.bombersdv.es\/wp-content\/uploads\/2026\/01\/anuncio-bop.pdf\">Bolet\u00edn Oficial de la Provincia (lo que se ha producido el 24 de diciembre de 2025) p<\/a>or el plazo de quince d\u00edas h\u00e1biles a contar desde el siguiente a su publicaci\u00f3n, plazo durante el cual los interesados podr\u00e1n examinar el proyecto que se encuentra de manifiesto en los Servicios Econ\u00f3micos del Consorcio, y presentar reclamaciones ante la Asamblea General del Consorcio, consider\u00e1ndose definitivamente adoptado el acuerdo en el supuesto de que no se hubiera formulado reclamaci\u00f3n alguna.<\/p>\n<p>Documentos de los expedientes aprobados por la Asamblea General del Consorcio<\/p>\n<ul>\n<li><a href=\"https:\/\/www.bombersdv.es\/wp-content\/uploads\/2026\/01\/1-Memoria-Copia-autentica-2.pdf\" target=\"_blank\" rel=\"noopener\">Memoria<\/a><\/li>\n<li><a href=\"https:\/\/www.bombersdv.es\/wp-content\/uploads\/2026\/01\/7-Estado-de-gastos-Copia-autentica-2.pdf\" target=\"_blank\" rel=\"noopener\">Estado de gastos<\/a><\/li>\n<li><a href=\"https:\/\/www.bombersdv.es\/wp-content\/uploads\/2026\/01\/8-Estado-de-ingressos-Copia-autentica.pdf\" target=\"_blank\" rel=\"noopener\">Estado de ingresos<\/a><\/li>\n<li><a href=\"https:\/\/www.bombersdv.es\/wp-content\/uploads\/2026\/01\/2-Anexo-de-Inversiones-tras-la-enmienda-Copia-autentica.pdf\" target=\"_blank\" rel=\"noopener\">Anexo de Inversiones<\/a><\/li>\n<li><a href=\"https:\/\/www.bombersdv.es\/wp-content\/uploads\/2026\/01\/6-Bases-de-ejecucion-Copia-autentica.pdf\" target=\"_blank\" rel=\"noopener\">Bases de ejecuci\u00f3n<\/a><\/li>\n<li><a href=\"https:\/\/www.bombersdv.es\/wp-content\/uploads\/2026\/01\/12-Aportaciones-de-los-municipios-consorciados-Copia-autentica.pdf\" target=\"_blank\" rel=\"noopener\">Aportaciones de los municipios consorciados<\/a><\/li>\n<li><a href=\"https:\/\/www.bombersdv.es\/wp-content\/uploads\/2026\/01\/9-Porcentaje-de-votos-Copia-autentica.pdf\" target=\"_blank\" rel=\"noopener\">Porcentaje de votos entidades consorciadas<\/a><\/li>\n<li><a href=\"https:\/\/www.bombersdv.es\/wp-content\/uploads\/2026\/01\/10-Liquidacion-2024-y-avance-2025_-Liquidacio-2024-i-avanc-2025-Copia-autentica.pdf\" target=\"_blank\" rel=\"noopener\">Liquidaci\u00f3n 2024 y avance 2025<\/a><\/li>\n<li><a href=\"https:\/\/www.bombersdv.es\/wp-content\/uploads\/2026\/01\/5-Informe-sobre-la-carga-financiera-y-la-evolucion-de-la-deuda-Copia-autentica.pdf\" target=\"_blank\" rel=\"noopener\">Informe sobre la carga financiera<\/a><\/li>\n<li><a href=\"https:\/\/www.bombersdv.es\/wp-content\/uploads\/2026\/01\/4-Informe-de-Intervencion-Copia-autentica.pdf\" target=\"_blank\" rel=\"noopener\">Informe de Intervenci\u00f3n<\/a><\/li>\n<li><a href=\"https:\/\/www.bombersdv.es\/wp-content\/uploads\/2026\/01\/3-Informe-economico-financiero-Copia-autentica.pdf\" target=\"_blank\" rel=\"noopener\">Informe Econ\u00f3mico Financiero<\/a><\/li>\n<li><a href=\"https:\/\/www.bombersdv.es\/wp-content\/uploads\/2026\/01\/Isocronas-2026-Copia-autentica-1.pdf\" target=\"_blank\" rel=\"noopener\">Isocronas<\/a><\/li>\n<li><a href=\"https:\/\/www.bombersdv.es\/download\/anexo-presupuesto-2026-personal-empleado-publico\/?tmstv=1768985023\" target=\"_blank\" rel=\"noopener\">Anexo personal empleado p\u00fablico<\/a><\/li>\n<li><a href=\"https:\/\/www.bombersdv.es\/download\/anexo-presupuesto-2026-personal-no-empleado-publico\/?tmstv=1768985023\" target=\"_blank\" rel=\"noopener\">Anexo personal no empleado p\u00fablico<\/a><\/li>\n<li><a href=\"https:\/\/www.bombersdv.es\/wp-content\/uploads\/2026\/01\/Certificado-2025_SEE_S985_00001-Copia-autentica-1.pdf\" target=\"_blank\" rel=\"noopener\">Acuerdo aprobaci\u00f3n presupuesto<\/a><\/li>\n<li><a href=\"https:\/\/www.bombersdv.es\/wp-content\/uploads\/2026\/01\/Plantilla-de-plazas-del-CPBV-2026-Copia-autentica.pdf\" target=\"_blank\" rel=\"noopener\">Plantilla 2026<\/a><\/li>\n<li><a href=\"https:\/\/www.bombersdv.es\/wp-content\/uploads\/2026\/01\/acuerdo-plantilla-2026.pdf\" target=\"_blank\" rel=\"noopener\">Acuerdo aprobaci\u00f3n plantilla<\/a><\/li>\n<\/ul>\n<div><\/div>\n<div><\/div>\n<h3><span style=\"color: #ff0000;\"><a style=\"color: #ff0000;\" href=\"https:\/\/www.bombersdv.es\/wp-content\/uploads\/2021\/04\/bop-fondos-tesoreria.pdf\" target=\"_blank\" rel=\"noopener\">Plan de Disposici\u00f3n de Fondos de Tesorer\u00eda<\/a>. (actualizado marzo 2021)<\/span><\/h3>\n<h3><\/h3>\n<\/div><\/div><\/div><div class=\"fusion-panel panel-default panel-f423efef28d4b5bed fusion-toggle-no-divider fusion-toggle-boxed-mode\" style=\"--awb-title-color:#333333;\"><div class=\"panel-heading\"><h4 class=\"panel-title toggle\" id=\"toggle_f423efef28d4b5bed\"><a aria-expanded=\"false\" aria-controls=\"f423efef28d4b5bed\" role=\"button\" data-toggle=\"collapse\" data-parent=\"#accordion-15168-1\" data-target=\"#f423efef28d4b5bed\" href=\"#f423efef28d4b5bed\"><span class=\"fusion-toggle-icon-wrapper\" aria-hidden=\"true\"><i class=\"fa-fusion-box active-icon awb-icon-minus\" aria-hidden=\"true\"><\/i><i class=\"fa-fusion-box inactive-icon awb-icon-plus\" aria-hidden=\"true\"><\/i><\/span><span class=\"fusion-toggle-heading\">Per\u00edodo medio de pago<\/span><\/a><\/h4><\/div><div id=\"f423efef28d4b5bed\" class=\"panel-collapse collapse \" aria-labelledby=\"toggle_f423efef28d4b5bed\"><div class=\"panel-body toggle-content fusion-clearfix\">\n<p><img decoding=\"async\" class=\"aligncenter size-full wp-image-75392\" src=\"https:\/\/www.bombersdv.es\/wp-content\/uploads\/2026\/01\/desde-2023-hasta-hoy.png\" alt=\"\" width=\"1596\" height=\"1041\" srcset=\"https:\/\/www.bombersdv.es\/wp-content\/uploads\/2026\/01\/desde-2023-hasta-hoy-66x43.png 66w, https:\/\/www.bombersdv.es\/wp-content\/uploads\/2026\/01\/desde-2023-hasta-hoy-177x115.png 177w, https:\/\/www.bombersdv.es\/wp-content\/uploads\/2026\/01\/desde-2023-hasta-hoy-200x130.png 200w, https:\/\/www.bombersdv.es\/wp-content\/uploads\/2026\/01\/desde-2023-hasta-hoy-300x196.png 300w, https:\/\/www.bombersdv.es\/wp-content\/uploads\/2026\/01\/desde-2023-hasta-hoy-320x209.png 320w, https:\/\/www.bombersdv.es\/wp-content\/uploads\/2026\/01\/desde-2023-hasta-hoy-400x261.png 400w, https:\/\/www.bombersdv.es\/wp-content\/uploads\/2026\/01\/desde-2023-hasta-hoy-460x300.png 460w, https:\/\/www.bombersdv.es\/wp-content\/uploads\/2026\/01\/desde-2023-hasta-hoy-540x352.png 540w, https:\/\/www.bombersdv.es\/wp-content\/uploads\/2026\/01\/desde-2023-hasta-hoy-600x391.png 600w, https:\/\/www.bombersdv.es\/wp-content\/uploads\/2026\/01\/desde-2023-hasta-hoy-669x436.png 669w, https:\/\/www.bombersdv.es\/wp-content\/uploads\/2026\/01\/desde-2023-hasta-hoy-700x457.png 700w, https:\/\/www.bombersdv.es\/wp-content\/uploads\/2026\/01\/desde-2023-hasta-hoy-768x501.png 768w, https:\/\/www.bombersdv.es\/wp-content\/uploads\/2026\/01\/desde-2023-hasta-hoy-800x522.png 800w, https:\/\/www.bombersdv.es\/wp-content\/uploads\/2026\/01\/desde-2023-hasta-hoy-940x613.png 940w, https:\/\/www.bombersdv.es\/wp-content\/uploads\/2026\/01\/desde-2023-hasta-hoy-1024x668.png 1024w, https:\/\/www.bombersdv.es\/wp-content\/uploads\/2026\/01\/desde-2023-hasta-hoy-1200x783.png 1200w, https:\/\/www.bombersdv.es\/wp-content\/uploads\/2026\/01\/desde-2023-hasta-hoy-1536x1002.png 1536w, https:\/\/www.bombersdv.es\/wp-content\/uploads\/2026\/01\/desde-2023-hasta-hoy.png 1596w\" sizes=\"(max-width: 1596px) 100vw, 1596px\" \/><\/p>\n<p style=\"text-align: center;\"><strong>A\u00d1OS ANTERIORES:<\/strong><\/p>\n<p><img decoding=\"async\" class=\"alignnone size-large wp-image-63590\" src=\"https:\/\/www.bombersdv.es\/wp-content\/uploads\/2023\/01\/pmp-fin-2022-1024x668.png\" alt=\"\" width=\"1024\" height=\"668\" srcset=\"https:\/\/www.bombersdv.es\/wp-content\/uploads\/2023\/01\/pmp-fin-2022-200x130.png 200w, https:\/\/www.bombersdv.es\/wp-content\/uploads\/2023\/01\/pmp-fin-2022-300x196.png 300w, https:\/\/www.bombersdv.es\/wp-content\/uploads\/2023\/01\/pmp-fin-2022-400x261.png 400w, https:\/\/www.bombersdv.es\/wp-content\/uploads\/2023\/01\/pmp-fin-2022-600x391.png 600w, https:\/\/www.bombersdv.es\/wp-content\/uploads\/2023\/01\/pmp-fin-2022-768x501.png 768w, https:\/\/www.bombersdv.es\/wp-content\/uploads\/2023\/01\/pmp-fin-2022-800x522.png 800w, https:\/\/www.bombersdv.es\/wp-content\/uploads\/2023\/01\/pmp-fin-2022-1024x668.png 1024w, https:\/\/www.bombersdv.es\/wp-content\/uploads\/2023\/01\/pmp-fin-2022-1200x783.png 1200w, https:\/\/www.bombersdv.es\/wp-content\/uploads\/2023\/01\/pmp-fin-2022-1536x1002.png 1536w, https:\/\/www.bombersdv.es\/wp-content\/uploads\/2023\/01\/pmp-fin-2022.png 1596w\" sizes=\"(max-width: 1024px) 100vw, 1024px\" \/><\/p>\n<\/div><\/div><\/div><div class=\"fusion-panel panel-default panel-d2923ea38e1e6c38a fusion-toggle-no-divider fusion-toggle-boxed-mode\"><div class=\"panel-heading\"><h4 class=\"panel-title toggle\" id=\"toggle_d2923ea38e1e6c38a\"><a aria-expanded=\"false\" aria-controls=\"d2923ea38e1e6c38a\" role=\"button\" data-toggle=\"collapse\" data-parent=\"#accordion-15168-1\" data-target=\"#d2923ea38e1e6c38a\" href=\"#d2923ea38e1e6c38a\"><span class=\"fusion-toggle-icon-wrapper\" aria-hidden=\"true\"><i class=\"fa-fusion-box active-icon awb-icon-minus\" aria-hidden=\"true\"><\/i><i class=\"fa-fusion-box inactive-icon awb-icon-plus\" aria-hidden=\"true\"><\/i><\/span><span class=\"fusion-toggle-heading\">Cuentas Anuales y presupuestos anteriores<\/span><\/a><\/h4><\/div><div id=\"d2923ea38e1e6c38a\" class=\"panel-collapse collapse \" aria-labelledby=\"toggle_d2923ea38e1e6c38a\"><div class=\"panel-body toggle-content fusion-clearfix\">\n<p>En <strong><span style=\"color: #0000ff;\"><a style=\"color: #0000ff;\" href=\"https:\/\/www.bombersdv.es\/es\/portal-de-transparencia\/informacion-economica\/informacion-presupuestaria-anos-anteriores\/\" target=\"_blank\" rel=\"noopener\">ESTE ENLACE<\/a><\/span><\/strong> puede encontrar la informaci\u00f3n sobre las liquidaciones y cuentas anuales de ejercicios anteriores y la informaci\u00f3n sobre presupuestos de esos ejercicios.<\/p>\n<\/div><\/div><\/div><div class=\"fusion-panel panel-default panel-0f86c958cdeaf2591 fusion-toggle-no-divider fusion-toggle-boxed-mode\" style=\"--awb-title-color:#333333;\"><div class=\"panel-heading\"><h4 class=\"panel-title toggle\" id=\"toggle_0f86c958cdeaf2591\"><a aria-expanded=\"false\" aria-controls=\"0f86c958cdeaf2591\" role=\"button\" data-toggle=\"collapse\" data-parent=\"#accordion-15168-1\" data-target=\"#0f86c958cdeaf2591\" href=\"#0f86c958cdeaf2591\"><span class=\"fusion-toggle-icon-wrapper\" aria-hidden=\"true\"><i class=\"fa-fusion-box active-icon awb-icon-minus\" aria-hidden=\"true\"><\/i><i class=\"fa-fusion-box inactive-icon awb-icon-plus\" aria-hidden=\"true\"><\/i><\/span><span class=\"fusion-toggle-heading\">Ayudas y Subvenciones<\/span><\/a><\/h4><\/div><div id=\"0f86c958cdeaf2591\" class=\"panel-collapse collapse \" aria-labelledby=\"toggle_0f86c958cdeaf2591\"><div class=\"panel-body toggle-content fusion-clearfix\">\n<h3>Recibidas<\/h3>\n<p><strong>2024<\/strong><\/p>\n<p><strong>Entidad Concedente:<\/strong> Diputaci\u00f3n Provincial de Val\u00e8ncia<\/p>\n<ul>\n<li>Finalidad: Ejecuci\u00f3n de las actuaciones solicitadas por el Consorcio de Bomberos en el ejercicio 2024 para actualizar y renovar equipos.<\/li>\n<li>Efectos: Prestaci\u00f3n de los servicios propios del Consorcio con las debidas garant\u00edas y la calidad suficiente.<\/li>\n<li>Importe: 1.820.184,83 euros<\/li>\n<li>Realizaci\u00f3n de las siguientes actuaciones:\n<ul>\n<li>1.Inversiones en elementos de transporte:449.999,00 \u20ac\n<ul>\n<li>Suministro de 7 veh\u00edculos UPC para Jefaturas parque<\/li>\n<\/ul>\n<\/li>\n<li>2. Maquinaria, instalaciones y utillaje: 1.370.185,83 \u20ac\n<ul>\n<li>Suministro de 118 lanzas de agua: 64.694,63 \u20ac<\/li>\n<li>Suministro de herramientas de excarcelaci\u00f3n a bater\u00edas: 35.695,00 \u20ac<\/li>\n<li>Suministro de herramientas para veh\u00edculos de primera salida: 27.490,62 \u20ac<\/li>\n<li>Suministro de 850 trajes de Intervenci\u00f3n y servicio de mantenimiento, descontaminaci\u00f3n y reparaci\u00f3n: 1.242.305,58 \u20ac<\/li>\n<\/ul>\n<\/li>\n<\/ul>\n<\/li>\n<\/ul>\n<p>Lo que supone un total de 1.820.184,83 euros.<\/p>\n<p><a href=\"https:\/\/www.bombersdv.es\/wp-content\/uploads\/2025\/09\/Acuerdo-de-concesion-Copia-autentica-6.pdf\" target=\"_blank\" rel=\"noopener\">Enlace acuerdo de concesi\u00f3n<\/a><\/p>\n<p><strong>2023<\/strong><\/p>\n<p><strong>Entidad Concedente:<\/strong> Diputaci\u00f3n Provincial de Val\u00e8ncia<\/p>\n<ul>\n<li>Finalidad: Ejecuci\u00f3n de las actuaciones solicitadas por el Consorcio de Bomberos en el ejercicio 2023 para actualizar y renovar equipos.<\/li>\n<li>Efectos: Prestaci\u00f3n de los servicios propios del Consorcio con las debidas garant\u00edas y la calidad suficiente.<\/li>\n<li>Importe: 804.019,43 euros:<\/li>\n<li>Realizaci\u00f3n de las siguientes actuaciones:\n<ul>\n<li>1.Inversiones en elementos de transporte: 105.828,96 \u20ac<\/li>\n<li>2. Maquinaria, instalaciones y utillaje: 206.771,33\u20ac<\/li>\n<li>3. Obras de ampliaci\u00f3n del parque de bomberos de Torrent 79.149,85 \u20ac<\/li>\n<li>4. Red de comunicaciones y equipos 122.59357\u20ac<\/li>\n<li>5. Equipos inform\u00e1ticos: Renovaci\u00f3n de equipos de Software y gesti\u00f3n de redes de soporte y mantenimiento. 289.675,72\u20ac<\/li>\n<\/ul>\n<\/li>\n<\/ul>\n<p>Lo que supone un total de 804.019,43 euros<\/p>\n<p><a href=\"https:\/\/www.bombersdv.es\/wp-content\/uploads\/2023\/12\/Diligencia-acuerdo-aprobacion-subv-CB-para-inversiones-en-2023.pdf\" target=\"_blank\" rel=\"noopener\">Enlace acuerdo de concesi\u00f3n<\/a><\/p>\n<p style=\"text-align: left;\"><strong>2021<\/strong><\/p>\n<p><strong>Entidad Concedente:<\/strong> Diputaci\u00f3n Provincial de Val\u00e8ncia<\/p>\n<p><strong>Finalidad:<\/strong> Renovaci\u00f3n de la flota de veh\u00edculos del Consorcio<\/p>\n<p>Actuaci\u00f3n:<\/p>\n<ul>\n<li>Dos autoescaleras extensibles.<\/li>\n<li>Equipamiento para recarga aire respirable<\/li>\n<li>70 terminales port\u00e1tiles de comunicaciones, cargadores y kit de programaci\u00f3n<\/li>\n<li>70 terminales de radiocomunicaciones\u00a0 y cargadores<\/li>\n<\/ul>\n<p><strong>Importe concedido<\/strong>: 2.266.504,23\u20ac<\/p>\n<p style=\"padding-left: 40px;\"><a href=\"https:\/\/www.bombersdv.es\/wp-content\/uploads\/2022\/03\/Decreto-subvencion-Diputacion-Copia-autentica.pdf\" target=\"_blank\" rel=\"noopener\">Enlace acuerdo de concesi\u00f3n<\/a><\/p>\n<p><strong>Importe justificado:<\/strong> 2.248.811,66\u20ac<\/p>\n<h3>Concedidas<\/h3>\n<p><strong>Regulaci\u00f3n subvenciones en el Consorcio:<\/strong> <a href=\"https:\/\/www.bombersdv.es\/es\/?page_id=50681&amp;preview=true\" target=\"_blank\" rel=\"noopener noreferrer\"><span style=\"color: #0000ff;\">Base 52 de las de ejecuci\u00f3n del presupuesto (2020)\u00a0<\/span><\/a><\/p>\n<p style=\"text-align: justify;\"><strong>Programa 2020.<\/strong> Memoria presupuesto: .&#8221; Cap\u00edtulo IV Transferencias corrientes. El Consorcio consigna en sus presupuestos cr\u00e9ditos por importe de <strong>48.000,00 \u20ac<\/strong> para la concesi\u00f3n de subvenciones de inter\u00e9s p\u00fablico, social y humanitario. Anualmente suelen concederse peque\u00f1as subvenciones para financiar actividades deportivas y culturales del personal (que se canalizan a trav\u00e9s de las distintas Asociaciones Deportivo Culturales de Bomberos), colaborar con la Asociaci\u00f3n de Bomberos Veteranos y otras causas solidarias.&#8221;<\/p>\n<p><a href=\"https:\/\/www.bombersdv.es\/es\/portal-de-transparencia\/informacion-economica\/regimen-de-las-subvenciones\/subvenciones-2019\/\" target=\"_blank\" rel=\"noopener noreferrer\">2019<\/a><\/p>\n<p><a href=\"https:\/\/www.bombersdv.es\/es\/portal-de-transparencia\/informacion-economica\/regimen-de-las-subvenciones\/subvenciones-2018\/\" target=\"_blank\" rel=\"noopener noreferrer\">2018<\/a><\/p>\n<p><a href=\"https:\/\/www.bombersdv.es\/es\/portal-de-transparencia\/informacion-economica\/regimen-de-las-subvenciones\/subvenciones-2017\/\" target=\"_blank\" rel=\"noopener noreferrer\">2017<\/a><\/p>\n<p><a href=\"https:\/\/www.bombersdv.es\/es\/portal-de-transparencia\/informacion-economica\/regimen-de-las-subvenciones\/subvenciones-2016\/\" target=\"_blank\" rel=\"noopener noreferrer\">2016<\/a><\/p>\n<p><a href=\"http:\/\/www.bombersdv.es\/wp-content\/uploads\/sites\/6\/2016\/07\/7402_01.pdf\">2015<\/a><\/p>\n<p><a href=\"http:\/\/www.bombersdv.es\/wp-content\/uploads\/sites\/6\/2016\/07\/7401_01.pdf\" target=\"_blank\" rel=\"noopener noreferrer\">2014<\/a><\/p>\n<\/div><\/div><\/div><div class=\"fusion-panel panel-default panel-83c7a85ff7c267245 fusion-toggle-no-divider fusion-toggle-boxed-mode\"><div class=\"panel-heading\"><h4 class=\"panel-title toggle\" id=\"toggle_83c7a85ff7c267245\"><a aria-expanded=\"false\" aria-controls=\"83c7a85ff7c267245\" role=\"button\" data-toggle=\"collapse\" data-parent=\"#accordion-15168-1\" data-target=\"#83c7a85ff7c267245\" href=\"#83c7a85ff7c267245\"><span class=\"fusion-toggle-icon-wrapper\" aria-hidden=\"true\"><i class=\"fa-fusion-box active-icon awb-icon-minus\" aria-hidden=\"true\"><\/i><i class=\"fa-fusion-box inactive-icon awb-icon-plus\" aria-hidden=\"true\"><\/i><\/span><span class=\"fusion-toggle-heading\">Eficacia y Eficiencia<\/span><\/a><\/h4><\/div><div id=\"83c7a85ff7c267245\" class=\"panel-collapse collapse \" aria-labelledby=\"toggle_83c7a85ff7c267245\"><div class=\"panel-body toggle-content fusion-clearfix\">\n<ul>\n<li>\n<h4><a href=\"https:\/\/www.bombersdv.es\/wp-content\/uploads\/2023\/01\/PDFsam_cuentas-21-eficacia.pdf\" target=\"_blank\" rel=\"noopener\"><strong>Indicadores EFICACIA. (\u00daltimo ejercicio cerrado: 2021)<\/strong><\/a><\/h4>\n<\/li>\n<li>\n<h4><a href=\"https:\/\/www.bombersdv.es\/wp-content\/uploads\/2023\/01\/PDFsam_cuentas-21-eficiencia.pdf\" target=\"_blank\" rel=\"noopener\"><strong>Indicadores EFICIENCIA y otros de gesti\u00f3n (\u00daltimo ejercicio cerrado: 2021)<\/strong><\/a><\/h4>\n<\/li>\n<li>\n<h4><a href=\"https:\/\/www.bombersdv.es\/wp-content\/uploads\/2023\/01\/13.Resumen-servicios-ANO-2022-Con-Tanto-Por-Cien.pdf\" target=\"_blank\" rel=\"noopener\"><strong>Resumen anual de servicios realizados (2022)<\/strong><\/a><\/h4>\n<\/li>\n<li>\n<h4><a href=\"https:\/\/www.bombersdv.es\/wp-content\/uploads\/2023\/01\/TABLAS-ESTADISTICAS-BCV_Anos-2004-2022_.pdf\" target=\"_blank\" rel=\"noopener\">Evoluci\u00f3n servicios desde 2004<\/a><\/h4>\n<\/li>\n<\/ul>\n<\/div><\/div><\/div><\/div><\/div><div class=\"fusion-clearfix\"><\/div><\/div><\/div><\/div><\/div><\/p>\n","protected":false},"excerpt":{"rendered":"","protected":false},"author":1,"featured_media":0,"parent":15159,"menu_order":0,"comment_status":"closed","ping_status":"closed","template":"100-width.php","meta":{"footnotes":""},"class_list":["post-15168","page","type-page","status-publish","hentry"],"_links":{"self":[{"href":"https:\/\/www.bombersdv.es\/es\/wp-json\/wp\/v2\/pages\/15168"}],"collection":[{"href":"https:\/\/www.bombersdv.es\/es\/wp-json\/wp\/v2\/pages"}],"about":[{"href":"https:\/\/www.bombersdv.es\/es\/wp-json\/wp\/v2\/types\/page"}],"author":[{"embeddable":true,"href":"https:\/\/www.bombersdv.es\/es\/wp-json\/wp\/v2\/users\/1"}],"replies":[{"embeddable":true,"href":"https:\/\/www.bombersdv.es\/es\/wp-json\/wp\/v2\/comments?post=15168"}],"version-history":[{"count":123,"href":"https:\/\/www.bombersdv.es\/es\/wp-json\/wp\/v2\/pages\/15168\/revisions"}],"predecessor-version":[{"id":76100,"href":"https:\/\/www.bombersdv.es\/es\/wp-json\/wp\/v2\/pages\/15168\/revisions\/76100"}],"up":[{"embeddable":true,"href":"https:\/\/www.bombersdv.es\/es\/wp-json\/wp\/v2\/pages\/15159"}],"wp:attachment":[{"href":"https:\/\/www.bombersdv.es\/es\/wp-json\/wp\/v2\/media?parent=15168"}],"curies":[{"name":"wp","href":"https:\/\/api.w.org\/{rel}","templated":true}]}}