{"id":15170,"date":"2016-07-21T11:09:23","date_gmt":"2016-07-21T09:09:23","guid":{"rendered":"https:\/\/www.bombersdv.es\/es\/portal-de-transparencia\/contratacion\/"},"modified":"2026-03-17T12:04:27","modified_gmt":"2026-03-17T11:04:27","slug":"contratacion","status":"publish","type":"page","link":"https:\/\/www.bombersdv.es\/es\/portal-de-transparencia\/contratacion\/","title":{"rendered":"Contrataci\u00f3n"},"content":{"rendered":"<p><div class=\"fusion-fullwidth fullwidth-box fusion-builder-row-1 nonhundred-percent-fullwidth non-hundred-percent-height-scrolling\" style=\"--awb-background-position:left top;--awb-border-sizes-top:0px;--awb-border-sizes-bottom:0px;--awb-border-sizes-left:0px;--awb-border-sizes-right:0px;--awb-border-radius-top-left:0px;--awb-border-radius-top-right:0px;--awb-border-radius-bottom-right:0px;--awb-border-radius-bottom-left:0px;--awb-padding-top:30px;--awb-padding-bottom:0px;--awb-flex-wrap:wrap;\" ><div class=\"fusion-builder-row fusion-row\"><div class=\"fusion-layout-column fusion_builder_column fusion-builder-column-0 fusion_builder_column_1_1 1_1 fusion-one-full fusion-column-first fusion-column-last\" style=\"--awb-bg-size:cover;--awb-margin-bottom:0px;\"><div class=\"fusion-column-wrapper fusion-flex-column-wrapper-legacy\"><div class=\"fusion-content-boxes content-boxes columns row fusion-columns-1 fusion-columns-total-1 fusion-content-boxes-1 content-boxes-icon-on-side content-left\" style=\"--awb-title-color:#d32f13;--awb-margin-bottom:0px;--awb-hover-accent-color:#d32f13;--awb-circle-hover-accent-color:#d32f13;--awb-item-margin-bottom:40px;\" data-animationOffset=\"top-into-view\"><div style=\"--awb-backgroundcolor:rgba(255,255,255,0);--awb-content-padding-left:140px;\" class=\"fusion-column content-box-column content-box-column content-box-column-1 col-lg-12 col-md-12 col-sm-12 fusion-content-box-hover content-box-column-last content-box-column-last-in-row\"><div class=\"col content-box-wrapper content-wrapper link-area-link-icon icon-hover-animation-fade\" data-animationOffset=\"top-into-view\"><div class=\"heading heading-with-icon icon-left\"><div aria-hidden=\"true\" class=\"image\"><img decoding=\"async\" src=\"http:\/\/www.bombersdv.es\/wp-content\/uploads\/2014\/11\/visitas-a-colegios-icon.png\" width=\"120\" height=\"120\" alt=\"\" \/><\/div><h2 class=\"content-box-heading fusion-responsive-typography-calculated\" style=\"--h2_typography-font-size:34px;--fontSize:34;line-height:1.09;padding-left:140px;\"><strong>Contrataci\u00f3n<\/strong><\/h2><\/div><div class=\"fusion-clearfix\"><\/div><div class=\"content-container\">\n<h4 style=\"text-align: justify;\">Los documentos disponibles en este apartado son los siguientes:<\/h4>\n<\/div><\/div><\/div><div class=\"fusion-clearfix\"><\/div><\/div><div class=\"fusion-clearfix\"><\/div><\/div><\/div><\/div><\/div><div class=\"fusion-fullwidth fullwidth-box fusion-builder-row-2 nonhundred-percent-fullwidth non-hundred-percent-height-scrolling\" style=\"--awb-background-position:left top;--awb-border-sizes-top:0px;--awb-border-sizes-bottom:0px;--awb-border-sizes-left:0px;--awb-border-sizes-right:0px;--awb-border-radius-top-left:0px;--awb-border-radius-top-right:0px;--awb-border-radius-bottom-right:0px;--awb-border-radius-bottom-left:0px;--awb-padding-top:20px;--awb-padding-bottom:20px;--awb-flex-wrap:wrap;\" ><div class=\"fusion-builder-row fusion-row\"><div class=\"fusion-layout-column fusion_builder_column fusion-builder-column-1 fusion_builder_column_1_2 1_2 fusion-one-half fusion-column-first\" style=\"--awb-padding-top:20px;--awb-padding-right:20px;--awb-padding-bottom:20px;--awb-padding-left:20px;--awb-bg-size:cover;--awb-margin-top:30px;width:48%; margin-right: 4%;\"><div class=\"fusion-column-wrapper fusion-flex-column-wrapper-legacy\"><div class=\"accordian fusion-accordian\" style=\"--awb-border-size:1px;--awb-icon-size:13px;--awb-content-font-size:15px;--awb-icon-alignment:left;--awb-hover-color:#f9f9f9;--awb-border-color:#cccccc;--awb-background-color:#ffffff;--awb-divider-color:#e0dede;--awb-divider-hover-color:#e0dede;--awb-icon-color:#ffffff;--awb-title-color:#333333;--awb-content-color:#747474;--awb-icon-box-color:#333333;--awb-toggle-hover-accent-color:#d32f13;--awb-title-font-family:&quot;Raleway&quot;;--awb-title-font-weight:500;--awb-title-font-style:normal;--awb-title-font-size:20px;--awb-content-font-family:&quot;Raleway&quot;;--awb-content-font-style:normal;--awb-content-font-weight:500;\"><div class=\"panel-group fusion-toggle-icon-boxed\" id=\"accordion-15170-1\"><div class=\"fusion-panel panel-default panel-0d86b6b558a2d1c70 fusion-toggle-has-divider\"><div class=\"panel-heading\"><h4 class=\"panel-title toggle\" id=\"toggle_0d86b6b558a2d1c70\"><a aria-expanded=\"false\" aria-controls=\"0d86b6b558a2d1c70\" role=\"button\" data-toggle=\"collapse\" data-parent=\"#accordion-15170-1\" data-target=\"#0d86b6b558a2d1c70\" href=\"#0d86b6b558a2d1c70\"><span class=\"fusion-toggle-icon-wrapper\" aria-hidden=\"true\"><i class=\"fa-fusion-box active-icon awb-icon-minus\" aria-hidden=\"true\"><\/i><i class=\"fa-fusion-box inactive-icon awb-icon-plus\" aria-hidden=\"true\"><\/i><\/span><span class=\"fusion-toggle-heading\">Mesa de Contrataci\u00f3n<\/span><\/a><\/h4><\/div><div id=\"0d86b6b558a2d1c70\" class=\"panel-collapse collapse \" aria-labelledby=\"toggle_0d86b6b558a2d1c70\"><div class=\"panel-body toggle-content fusion-clearfix\">\n<p style=\"padding-left: 60px;\">La <span style=\"color: #ff0000;\"><strong>composici\u00f3n<\/strong><\/span> de la <strong><span style=\"color: #ff0000;\">Mesa de Contrataci\u00f3n<\/span><\/strong> y las <strong><span style=\"color: #ff0000;\">actas de sus reuniones<\/span><\/strong> pueden ser <strong><span style=\"text-decoration: underline;\">consultadas en la pesta\u00f1a &#8220;documentos&#8221;<\/span><\/strong> de nuestro perfil en la Plataforma de Contratos del Secto P\u00fablico (<a href=\"https:\/\/contrataciondelestado.es\/wps\/portal\/!ut\/p\/b0\/04_Sj9CPykssy0xPLMnMz0vMAfIjU1JTC3Iy87KtClKL0jJznPPzSooSSxLzSlL1w_Wj9KMyU5wK9CMLqlxNfEtMs1INPQO9jUJc0yLcK7UdbW31C3JzHQFGXzVg\/\" target=\"_blank\" rel=\"noopener noreferrer\"><strong><span style=\"color: #0000ff;\">Enlace a la plataforma<\/span><\/strong><\/a>)<\/p>\n<h5 style=\"text-align: left;\"><\/h5>\n<\/div><\/div><\/div><div class=\"fusion-panel panel-default panel-d61f78a2bdfdc95db fusion-toggle-has-divider\" style=\"--awb-title-color:#333333;\"><div class=\"panel-heading\"><h4 class=\"panel-title toggle\" id=\"toggle_d61f78a2bdfdc95db\"><a aria-expanded=\"false\" aria-controls=\"d61f78a2bdfdc95db\" role=\"button\" data-toggle=\"collapse\" data-parent=\"#accordion-15170-1\" data-target=\"#d61f78a2bdfdc95db\" href=\"#d61f78a2bdfdc95db\"><span class=\"fusion-toggle-icon-wrapper\" aria-hidden=\"true\"><i class=\"fa-fusion-box active-icon awb-icon-minus\" aria-hidden=\"true\"><\/i><i class=\"fa-fusion-box inactive-icon awb-icon-plus\" aria-hidden=\"true\"><\/i><\/span><span class=\"fusion-toggle-heading\">Contratos<\/span><\/a><\/h4><\/div><div id=\"d61f78a2bdfdc95db\" class=\"panel-collapse collapse \" aria-labelledby=\"toggle_d61f78a2bdfdc95db\"><div class=\"panel-body toggle-content fusion-clearfix\">\n<ul>\n<li>\n<h5><a href=\"https:\/\/www.bombersdv.es\/es\/portal-de-transparencia\/contratacion\/contratos-ejercicio-corriente\/\" target=\"_blank\" rel=\"noopener\">Ejercicio en curso<\/a><\/h5>\n<\/li>\n<li>\n<h5><a href=\"https:\/\/www.bombersdv.es\/es\/?page_id=75952&amp;preview=true\" target=\"_blank\" rel=\"noopener\">Contratos formalizados durante 2025<\/a><\/h5>\n<\/li>\n<li>\n<h5><a href=\"https:\/\/www.bombersdv.es\/es\/portal-de-transparencia\/contratacion\/contratos-2024\/\" target=\"_blank\" rel=\"noopener\">Contratos formalizados durante 2024<\/a><\/h5>\n<\/li>\n<li>\n<h5><a href=\"https:\/\/www.bombersdv.es\/es\/portal-de-transparencia\/contratacion\/contratos-2023\/\" target=\"_blank\" rel=\"noopener\">Contratos formalizados durante 2023<\/a><\/h5>\n<\/li>\n<li>\n<h5><a href=\"https:\/\/www.bombersdv.es\/es\/portal-de-transparencia\/contratacion\/contratos-2021\/\" target=\"_blank\" rel=\"noopener\">Contratos formalizados durante 2021<\/a><\/h5>\n<\/li>\n<li>\n<h5><a href=\"https:\/\/www.bombersdv.es\/es\/portal-de-transparencia\/contratacion\/contratos-2020\/\" target=\"_blank\" rel=\"noopener\">Contratos formalizados durante 2020<\/a><\/h5>\n<\/li>\n<li>\n<h5><a href=\"https:\/\/www.bombersdv.es\/es\/portal-de-transparencia\/contratacion\/contratos-2019\/\" target=\"_blank\" rel=\"noopener noreferrer\">Contratos formalizados durante 2019<\/a><\/h5>\n<\/li>\n<li>\n<h5><a href=\"https:\/\/www.bombersdv.es\/wp-content\/uploads\/2019\/05\/CONTRATACION.pdf\" target=\"_blank\" rel=\"noopener noreferrer\">Contratos formalizados durante 2018<\/a><\/h5>\n<\/li>\n<li>\n<h5><a href=\"https:\/\/www.bombersdv.es\/wp-content\/uploads\/2019\/05\/contratacion.pdf\" target=\"_blank\" rel=\"noopener noreferrer\">Contratos formalizados durante 2017<\/a><\/h5>\n<\/li>\n<li>\n<h5><a href=\"https:\/\/www.bombersdv.es\/wp-content\/uploads\/sites\/6\/2017\/06\/TRANSPARENCIA-ADJUDICADOS-2016-OK.pdf\" target=\"_blank\" rel=\"noopener noreferrer\">Contratos formalizados durante 2016<\/a><\/h5>\n<\/li>\n<li>\n<h5><a href=\"http:\/\/www.bombersdv.es\/wp-content\/uploads\/sites\/6\/2016\/07\/8201_01.pdf\">Contratos formalizados durante 2015<\/a><\/h5>\n<\/li>\n<li>\n<h5><a href=\"https:\/\/www.bombersdv.es\/es\/perfil-del-contratante\/\">Perfil del Contratante<\/a><\/h5>\n<\/li>\n<\/ul>\n<\/div><\/div><\/div><div class=\"fusion-panel panel-default panel-a038ca2a535eadfe6 fusion-toggle-has-divider\"><div class=\"panel-heading\"><h4 class=\"panel-title toggle\" id=\"toggle_a038ca2a535eadfe6\"><a aria-expanded=\"false\" aria-controls=\"a038ca2a535eadfe6\" role=\"button\" data-toggle=\"collapse\" data-parent=\"#accordion-15170-1\" data-target=\"#a038ca2a535eadfe6\" href=\"#a038ca2a535eadfe6\"><span class=\"fusion-toggle-icon-wrapper\" aria-hidden=\"true\"><i class=\"fa-fusion-box active-icon awb-icon-minus\" aria-hidden=\"true\"><\/i><i class=\"fa-fusion-box inactive-icon awb-icon-plus\" aria-hidden=\"true\"><\/i><\/span><span class=\"fusion-toggle-heading\">Encargos a medios propios<\/span><\/a><\/h4><\/div><div id=\"a038ca2a535eadfe6\" class=\"panel-collapse collapse \" aria-labelledby=\"toggle_a038ca2a535eadfe6\"><div class=\"panel-body toggle-content fusion-clearfix\">\n<p style=\"text-align: justify;\">05\/05\/2021: Transformaci\u00f3n Agraria, S.A., S.M.E., M.P. (TRAGSA); <a href=\"https:\/\/www.bombersdv.es\/wp-content\/uploads\/2022\/10\/DOC20210511105915PROYECTOYDIRECCIONOBRAPARQUEGANDIA.pdf\" target=\"_blank\" rel=\"noopener\">Redacci\u00f3n proyecto y direcci\u00f3n facultativa para ampliaci\u00f3n y reforma integral del parque de bomberos de Gand\u00eda;<\/a> 70.271,63 \u20ac.<\/p>\n<p style=\"text-align: justify;\">05\/05\/2021: Transformaci\u00f3n Agraria, S.A., S.M.E., M.P. (TRAGSA); <a href=\"https:\/\/www.bombersdv.es\/wp-content\/uploads\/2022\/10\/DOC20210511110400PROYECTOYDIRECCIONOBRAPARQUESAGUNTO.pdf\" target=\"_blank\" rel=\"noopener\">Redacci\u00f3n proyecto y direcci\u00f3n facultativa para ampliaci\u00f3n y reforma integral del parque de bomberos de Sagunto<\/a>; 70.271,63 \u20ac.<\/p>\n<\/div><\/div><\/div><div class=\"fusion-panel panel-default panel-cb4c449cc33d7d320 fusion-toggle-has-divider\"><div class=\"panel-heading\"><h4 class=\"panel-title toggle\" id=\"toggle_cb4c449cc33d7d320\"><a aria-expanded=\"false\" aria-controls=\"cb4c449cc33d7d320\" role=\"button\" data-toggle=\"collapse\" data-parent=\"#accordion-15170-1\" data-target=\"#cb4c449cc33d7d320\" href=\"#cb4c449cc33d7d320\"><span class=\"fusion-toggle-icon-wrapper\" aria-hidden=\"true\"><i class=\"fa-fusion-box active-icon awb-icon-minus\" aria-hidden=\"true\"><\/i><i class=\"fa-fusion-box inactive-icon awb-icon-plus\" aria-hidden=\"true\"><\/i><\/span><span class=\"fusion-toggle-heading\">Estad\u00edsticas de Contrataci\u00f3n<\/span><\/a><\/h4><\/div><div id=\"cb4c449cc33d7d320\" class=\"panel-collapse collapse \" aria-labelledby=\"toggle_cb4c449cc33d7d320\"><div class=\"panel-body toggle-content fusion-clearfix\">\n<ul>\n<li>\n<h5><a href=\"https:\/\/www.bombersdv.es\/es\/portal-de-transparencia\/contratacion\/contratos-2021\/\" target=\"_blank\" rel=\"noopener\">Estad\u00edsticas de contrataci\u00f3n 2021<\/a><\/h5>\n<\/li>\n<li>\n<h5><a href=\"https:\/\/www.bombersdv.es\/es\/portal-de-transparencia\/contratacion\/contratos-2020\/\" target=\"_blank\" rel=\"noopener\">Estad\u00edsticas de contrataci\u00f3n 2020<\/a><\/h5>\n<\/li>\n<li>\n<h5><a href=\"https:\/\/www.bombersdv.es\/es\/portal-de-transparencia\/contratacion\/contratos-2019\/\" target=\"_blank\" rel=\"noopener\">Estad\u00edsticas de contrataci\u00f3n 2019<\/a><\/h5>\n<\/li>\n<li>\n<h5><a href=\"https:\/\/www.bombersdv.es\/wp-content\/uploads\/2019\/05\/CONTRATACION.pdf\" target=\"_blank\" rel=\"noopener noreferrer\">Estad\u00edsticas de contrataci\u00f3n 2018<\/a><\/h5>\n<\/li>\n<li>\n<h5><a href=\"https:\/\/www.bombersdv.es\/wp-content\/uploads\/2019\/05\/proveedores-2018.pdf\" target=\"_blank\" rel=\"noopener noreferrer\">Principales proveedores 2018<\/a><\/h5>\n<\/li>\n<li>\n<h5><a href=\"https:\/\/www.bombersdv.es\/wp-content\/uploads\/2019\/05\/contratacion.pdf\" target=\"_blank\" rel=\"noopener noreferrer\">Estad\u00edsticas de contrataci\u00f3n 2017<\/a><\/h5>\n<\/li>\n<li>\n<h5><a href=\"https:\/\/www.bombersdv.es\/wp-content\/uploads\/sites\/6\/2017\/06\/estadistica-contratos-2016.pdf\" target=\"_blank\" rel=\"noopener noreferrer\">Estad\u00edsticas contrataci\u00f3n 2016<\/a><\/h5>\n<\/li>\n<li>\n<h5><a href=\"http:\/\/www.bombersdv.es\/wp-content\/uploads\/sites\/6\/2016\/07\/8302_01.pdf\">Estad\u00edsticas de contrataci\u00f3n 2015<\/a><\/h5>\n<\/li>\n<li>\n<h5><a href=\"http:\/\/www.bombersdv.es\/wp-content\/uploads\/sites\/6\/2016\/07\/8302_02.pdf\">Principales Proveedores de 2015<\/a><\/h5>\n<\/li>\n<li>\n<h5><a href=\"http:\/\/www.bombersdv.es\/wp-content\/uploads\/sites\/6\/2016\/07\/8301_01.pdf\">Estad\u00edsticas de contrataci\u00f3n 2014<\/a><\/h5>\n<\/li>\n<\/ul>\n<\/div><\/div><\/div><div class=\"fusion-panel panel-default panel-8fe7a6553bd007c44 fusion-toggle-has-divider\"><div class=\"panel-heading\"><h4 class=\"panel-title toggle\" id=\"toggle_8fe7a6553bd007c44\"><a aria-expanded=\"false\" aria-controls=\"8fe7a6553bd007c44\" role=\"button\" data-toggle=\"collapse\" data-parent=\"#accordion-15170-1\" data-target=\"#8fe7a6553bd007c44\" href=\"#8fe7a6553bd007c44\"><span class=\"fusion-toggle-icon-wrapper\" aria-hidden=\"true\"><i class=\"fa-fusion-box active-icon awb-icon-minus\" aria-hidden=\"true\"><\/i><i class=\"fa-fusion-box inactive-icon awb-icon-plus\" aria-hidden=\"true\"><\/i><\/span><span class=\"fusion-toggle-heading\">Convenios<\/span><\/a><\/h4><\/div><div id=\"8fe7a6553bd007c44\" class=\"panel-collapse collapse \" aria-labelledby=\"toggle_8fe7a6553bd007c44\"><div class=\"panel-body toggle-content fusion-clearfix\">\n\n<table id=\"tablepress-73\" class=\"tablepress tablepress-id-73\">\n<thead>\n<tr class=\"row-1\">\n\t<th class=\"column-1\">Suscrito con\/Enlace al texto \u00edntegro<\/th><th class=\"column-2\">Fecha<\/th>\n<\/tr>\n<\/thead>\n<tbody class=\"row-striping row-hover\">\n<tr class=\"row-2\">\n\t<td class=\"column-1\"><a href=\"http:\/\/www.bombersdv.es\/wp-content\/uploads\/sites\/6\/2016\/07\/8401_01.pdf\" rel=\"noopener\" target=\"_blank\">Asociaci\u00f3n profesional de Rescate en Accidentes de Tr\u00e1fico<\/a><\/td><td class=\"column-2\">2009_02_19<\/td>\n<\/tr>\n<tr class=\"row-3\">\n\t<td class=\"column-1\"><a href=\"http:\/\/www.bombersdv.es\/wp-content\/uploads\/sites\/6\/2016\/07\/8402_01.pdf\" rel=\"noopener\" target=\"_blank\">Diputaci\u00f3n Provincial de Valencia (Asistencia Inform\u00e1tica)<\/a><\/td><td class=\"column-2\">2013_07_12<\/td>\n<\/tr>\n<tr class=\"row-4\">\n\t<td class=\"column-1\"><a href=\"http:\/\/www.bombersdv.es\/wp-content\/uploads\/sites\/6\/2016\/07\/8403_01.pdf\" rel=\"noopener\" target=\"_blank\">Ayuntamiento de Valencia y Generalitat. (Actuaciones en \u00e1reas lim\u00edtrofes)<\/a><\/td><td class=\"column-2\">2011_07_07<\/td>\n<\/tr>\n<tr class=\"row-5\">\n\t<td class=\"column-1\"><a href=\"http:\/\/www.bombersdv.es\/wp-content\/uploads\/sites\/6\/2016\/07\/8404_01.pdf\" rel=\"noopener\" target=\"_blank\">Diputaci\u00f3n provincial de Valencia (Adhesi\u00f3n central de compras)<\/a><\/td><td class=\"column-2\">2010_03_09<\/td>\n<\/tr>\n<tr class=\"row-6\">\n\t<td class=\"column-1\"><a href=\"http:\/\/www.bombersdv.es\/wp-content\/uploads\/sites\/6\/2016\/07\/8405_01.pdf\" rel=\"noopener\" target=\"_blank\">Fundaci\u00f3n Formaci\u00f3n y Empleo C.V.<\/a><\/td><td class=\"column-2\">2011_11_14<\/td>\n<\/tr>\n<tr class=\"row-7\">\n\t<td class=\"column-1\"><a href=\"http:\/\/www.bombersdv.es\/wp-content\/uploads\/sites\/6\/2016\/07\/8406_01.pdf\" rel=\"noopener\" target=\"_blank\">Gas Natural Fenosa y SAGGAS<\/a><\/td><td class=\"column-2\">2014_12_12<\/td>\n<\/tr>\n<tr class=\"row-8\">\n\t<td class=\"column-1\"><a href=\"http:\/\/www.bombersdv.es\/wp-content\/uploads\/sites\/6\/2016\/07\/8407_01.pdf\" rel=\"noopener\" target=\"_blank\">Generalitat (Red Comdes)<\/a><\/td><td class=\"column-2\">2009_11_06<\/td>\n<\/tr>\n<tr class=\"row-9\">\n\t<td class=\"column-1\"><a href=\"http:\/\/www.bombersdv.es\/wp-content\/uploads\/sites\/6\/2016\/07\/8408_01.pdf\" rel=\"noopener\" target=\"_blank\">Universidad Polit\u00e9cnica de Valencia (Cooperaci\u00f3n educativa)<\/a><\/td><td class=\"column-2\">2006_06_28<\/td>\n<\/tr>\n<tr class=\"row-10\">\n\t<td class=\"column-1\"><a href=\"http:\/\/www.bombersdv.es\/wp-content\/uploads\/sites\/6\/2016\/07\/8409_01.pdf\" rel=\"noopener\" target=\"_blank\">Universidad de Alicante (Pr\u00e1cticas formativas)<\/a><\/td><td class=\"column-2\">2011_04_01<\/td>\n<\/tr>\n<tr class=\"row-11\">\n\t<td class=\"column-1\"><a href=\"http:\/\/www.bombersdv.es\/wp-content\/uploads\/sites\/6\/2016\/07\/8410_01.pdf\" rel=\"noopener\" target=\"_blank\">Universitat Jaume I de Castello (Cooperaci\u00f3n educativa)<\/a><\/td><td class=\"column-2\">2012_06_05<\/td>\n<\/tr>\n<tr class=\"row-12\">\n\t<td class=\"column-1\"><a href=\"https:\/\/www.bombersdv.es\/wp-content\/uploads\/2022\/10\/Convenio-Colaboracion-UV-CPBV-Copia-autentica.pdf\" rel=\"noopener\" target=\"_blank\">Universitat de Valencia (EG) (Colaboraci\u00f3n)<\/a><\/td><td class=\"column-2\">2022_10_21<\/td>\n<\/tr>\n<tr class=\"row-13\">\n\t<td class=\"column-1\"><a href=\"https:\/\/www.bombersdv.es\/wp-content\/uploads\/2020\/02\/convenio-unespa-2020.pdf\" rel=\"noopener\" target=\"_blank\">UNESPA (Contribuciones especiales).<\/a><\/td><td class=\"column-2\">2019_12_09<\/td>\n<\/tr>\n<tr class=\"row-14\">\n\t<td class=\"column-1\"><a href=\"https:\/\/www.bombersdv.es\/wp-content\/uploads\/2023\/11\/DEFINITIVO-Texto-para-firma-Convenio-bomberos-Valencia_firmado-1.pdf\" rel=\"noopener\" target=\"_blank\">Generalitat: Encomienda Forestal 2023<\/a><\/td><td class=\"column-2\">2023_10_04<\/td>\n<\/tr>\n<tr class=\"row-15\">\n\t<td class=\"column-1\"><a href=\"https:\/\/www.bombersdv.es\/wp-content\/uploads\/2024\/06\/DEFINITIVO-Texto-encomienda-bomberos-2024-Valencia_firmado.pdf\" rel=\"noopener\" target=\"_blank\">Generalitat: Encomienda Forestal 2024<\/a><\/td><td class=\"column-2\">2024_06_19<\/td>\n<\/tr>\n<tr class=\"row-16\">\n\t<td class=\"column-1\"><a href=\"https:\/\/www.bombersdv.es\/wp-content\/uploads\/sites\/6\/2017\/06\/Convenio-alboraya-CPBV1.pdf\" rel=\"noopener\" target=\"_blank\">Ajuntament d'Alboraia (Cancel\u00b7laci\u00f3 de deutes)<\/a><\/td><td class=\"column-2\">2017_04_26<\/td>\n<\/tr>\n<tr class=\"row-17\">\n\t<td class=\"column-1\"><a href=\"https:\/\/www.bombersdv.es\/wp-content\/uploads\/2019\/04\/2018_10_19-BOP-n%C2%BA202-CONVENIO-Consorcio-Direccion-Operativa-Brig-DIVALTERRA1.pdf\" rel=\"noopener\" target=\"_blank\">Diputaci\u00f3n Provincial de Valencia (Brigadas Forestales de Divalterra).<\/a><\/td><td class=\"column-2\"><\/td>\n<\/tr>\n<tr class=\"row-18\">\n\t<td class=\"column-1\"><a href=\"https:\/\/www.bombersdv.es\/wp-content\/uploads\/sites\/6\/2017\/07\/2017-4-005-2017-07-04-Convenio-Universidad-Pol-Madrid.pdf\" rel=\"noopener\" target=\"_blank\">Universidad Polit\u00e9ctica de Madrid (Convenio Marco Cooperaci\u00f3n Educativa)<\/a><\/td><td class=\"column-2\">2017_07_04<\/td>\n<\/tr>\n<tr class=\"row-19\">\n\t<td class=\"column-1\"><a href=\"https:\/\/www.bombersdv.es\/wp-content\/uploads\/2022\/06\/anuncio-convenio-financiqacion-divalterra.pdf\" rel=\"noopener\" target=\"_blank\">Diputaci\u00f3n Provincial de Val\u00e8ncia para la financiaci\u00f3n de la gesti\u00f3n directa del servicio de prevenci\u00f3n de incendios forestales que realizan las brigadas forestales y de los servicios comunes de apoyo a las mismas, asumidas por el Consorcio.<\/a><\/td><td class=\"column-2\">2022_05_26<\/td>\n<\/tr>\n<\/tbody>\n<\/table>\n<!-- #tablepress-73 from cache -->\n<\/div><\/div><\/div><div class=\"fusion-panel panel-default panel-a3a7163ea2b1af368 fusion-toggle-has-divider\"><div class=\"panel-heading\"><h4 class=\"panel-title toggle\" id=\"toggle_a3a7163ea2b1af368\"><a aria-expanded=\"false\" aria-controls=\"a3a7163ea2b1af368\" role=\"button\" data-toggle=\"collapse\" data-parent=\"#accordion-15170-1\" data-target=\"#a3a7163ea2b1af368\" href=\"#a3a7163ea2b1af368\"><span class=\"fusion-toggle-icon-wrapper\" aria-hidden=\"true\"><i class=\"fa-fusion-box active-icon awb-icon-minus\" aria-hidden=\"true\"><\/i><i class=\"fa-fusion-box inactive-icon awb-icon-plus\" aria-hidden=\"true\"><\/i><\/span><span class=\"fusion-toggle-heading\">Protocolos y otros acuerdos de colaboraci\u00f3n<\/span><\/a><\/h4><\/div><div id=\"a3a7163ea2b1af368\" class=\"panel-collapse collapse \" aria-labelledby=\"toggle_a3a7163ea2b1af368\"><div class=\"panel-body toggle-content fusion-clearfix\">\n<ul>\n<li><a href=\"https:\/\/www.bombersdv.es\/wp-content\/uploads\/2018\/06\/protocolo-ONG-IAE252.pdf\" target=\"_blank\" rel=\"noopener noreferrer\">ONG Intervenci\u00f3n, Ayuda y Emergencias<\/a><\/li>\n<\/ul>\n<\/div><\/div><\/div><\/div><\/div><div class=\"fusion-text fusion-text-1\"><\/div><div class=\"fusion-clearfix\"><\/div><\/div><\/div><div class=\"fusion-layout-column fusion_builder_column fusion-builder-column-2 fusion_builder_column_1_2 1_2 fusion-one-half fusion-column-last\" style=\"--awb-bg-size:cover;--awb-margin-top:10px;width:48%;\"><div class=\"fusion-column-wrapper fusion-column-has-shadow fusion-flex-column-wrapper-legacy\"><div class=\"fusion-column-content-centered\"><div class=\"fusion-column-content\"><div class=\"fusion-text fusion-text-2\"><\/div><div class=\"fusion-text fusion-text-3\"><h4 style=\"text-align: center;\">Enlace Perfil de Contratante<\/h4>\n<\/div><div class=\"fusion-image-element fusion-image-align-center in-legacy-container\" style=\"text-align:center;--awb-liftup-border-radius:0px;--awb-caption-title-font-family:var(--h2_typography-font-family);--awb-caption-title-font-weight:var(--h2_typography-font-weight);--awb-caption-title-font-style:var(--h2_typography-font-style);--awb-caption-title-size:var(--h2_typography-font-size);--awb-caption-title-transform:var(--h2_typography-text-transform);--awb-caption-title-line-height:var(--h2_typography-line-height);--awb-caption-title-letter-spacing:var(--h2_typography-letter-spacing);\"><div class=\"imageframe-align-center\"><div class=\"awb-image-frame awb-image-frame-1 imageframe-liftup\" style=\"max-width:200px;\"><span class=\" fusion-imageframe imageframe-none imageframe-1\"><a class=\"fusion-no-lightbox\" href=\"https:\/\/www.bombersdv.es\/es\/perfil-del-contratante\/\" target=\"_self\" aria-label=\"red-search-icon\"><img decoding=\"async\" width=\"128\" height=\"128\" src=\"https:\/\/www.bombersdv.es\/wp-content\/uploads\/2022\/07\/red-search-icon.png\" alt class=\"img-responsive wp-image-59488\" srcset=\"https:\/\/www.bombersdv.es\/wp-content\/uploads\/2022\/07\/red-search-icon-66x66.png 66w, https:\/\/www.bombersdv.es\/wp-content\/uploads\/2022\/07\/red-search-icon.png 128w\" sizes=\"(max-width: 128px) 100vw, 128px\" \/><\/a><\/span><\/div><\/div><\/div><\/div><\/div><div class=\"fusion-clearfix\"><\/div><\/div><\/div><\/div><\/div><\/p>\n","protected":false},"excerpt":{"rendered":"","protected":false},"author":1,"featured_media":0,"parent":15159,"menu_order":0,"comment_status":"closed","ping_status":"closed","template":"100-width.php","meta":{"footnotes":""},"class_list":["post-15170","page","type-page","status-publish","hentry"],"_links":{"self":[{"href":"https:\/\/www.bombersdv.es\/es\/wp-json\/wp\/v2\/pages\/15170"}],"collection":[{"href":"https:\/\/www.bombersdv.es\/es\/wp-json\/wp\/v2\/pages"}],"about":[{"href":"https:\/\/www.bombersdv.es\/es\/wp-json\/wp\/v2\/types\/page"}],"author":[{"embeddable":true,"href":"https:\/\/www.bombersdv.es\/es\/wp-json\/wp\/v2\/users\/1"}],"replies":[{"embeddable":true,"href":"https:\/\/www.bombersdv.es\/es\/wp-json\/wp\/v2\/comments?post=15170"}],"version-history":[{"count":44,"href":"https:\/\/www.bombersdv.es\/es\/wp-json\/wp\/v2\/pages\/15170\/revisions"}],"predecessor-version":[{"id":76012,"href":"https:\/\/www.bombersdv.es\/es\/wp-json\/wp\/v2\/pages\/15170\/revisions\/76012"}],"up":[{"embeddable":true,"href":"https:\/\/www.bombersdv.es\/es\/wp-json\/wp\/v2\/pages\/15159"}],"wp:attachment":[{"href":"https:\/\/www.bombersdv.es\/es\/wp-json\/wp\/v2\/media?parent=15170"}],"curies":[{"name":"wp","href":"https:\/\/api.w.org\/{rel}","templated":true}]}}