{"id":15315,"date":"2016-07-26T09:34:36","date_gmt":"2016-07-26T09:34:36","guid":{"rendered":"https:\/\/www.bombersdv.es\/es\/perfil-del-contratante\/"},"modified":"2022-10-31T17:14:48","modified_gmt":"2022-10-31T16:14:48","slug":"perfil-del-contratante","status":"publish","type":"page","link":"https:\/\/www.bombersdv.es\/es\/perfil-del-contratante\/","title":{"rendered":"Perfil del Contratante"},"content":{"rendered":"<div class=\"fusion-fullwidth fullwidth-box fusion-builder-row-1 nonhundred-percent-fullwidth non-hundred-percent-height-scrolling\" style=\"--awb-border-radius-top-left:0px;--awb-border-radius-top-right:0px;--awb-border-radius-bottom-right:0px;--awb-border-radius-bottom-left:0px;--awb-flex-wrap:wrap;\" ><div class=\"fusion-builder-row fusion-row\"><div class=\"fusion-layout-column fusion_builder_column fusion-builder-column-0 fusion_builder_column_1_3 1_3 fusion-one-third fusion-column-first\" style=\"--awb-bg-size:cover;--awb-border-color:#f44336;--awb-border-style:solid;--awb-margin-bottom:0px;width:30.6666%; margin-right: 4%;\"><div class=\"fusion-column-wrapper fusion-column-has-shadow fusion-flex-column-wrapper-legacy\"><div class=\"fusion-text fusion-text-1\"><h2 style=\"text-align: left;\"><strong><a href=\"https:\/\/contrataciondelestado.es\/wps\/poc?uri=deeplink%3AperfilContratante&amp;idBp=pzE4Mt5je1IQK2TEfXGy%2BA%3D%3D\" target=\"_blank\" rel=\"noopener noreferrer\"><span style=\"color: #d32f13;\">Perfil del Contratante del Consorcio en la Plataforma de Contrataci\u00f3n del Sector P\u00fablico<\/span><\/a><br \/>\n<\/strong><\/h2>\n<p style=\"text-align: justify;\">El Consorcio, desde el 4 de julio de 2016, est\u00e1 inscrito en la Plataforma de Contrataci\u00f3n del Sector P\u00fablico, por lo que publica all\u00ed sus procedimientos de contrataci\u00f3n.<\/p>\n<\/div><div class=\"fusion-text fusion-text-2\"><h2><a href=\"http:\/\/www.bombersdv.es\/es\/perfil-del-contratante\/contrataciones-anteriores\/\"><strong><span style=\"color: #d32f13;\">Contrataciones anteriores<\/span><\/strong><\/a><\/h2>\n<p>Contrataciones que formaban parte del antiguo Perfil del Contratante y que no se encuentran en la PCSP<\/p>\n<\/div><div class=\"fusion-text fusion-text-3\"><h2><a href=\"https:\/\/www.bombersdv.es\/es\/perfil-del-contratante\/gestion-patrimonial\/\" target=\"_blank\" rel=\"noopener noreferrer\"><strong><span style=\"color: #d32f13;\">Gesti\u00f3n patrimonial<\/span><\/strong><\/a><\/h2>\n<p>En este apartado encontrar\u00e1 informaciones sobre alquileres, cesiones y otras relacionadas con los bienes del Consorcio<\/p>\n<\/div><div class=\"fusion-clearfix\"><\/div><\/div><\/div><div class=\"fusion-layout-column fusion_builder_column fusion-builder-column-1 fusion_builder_column_2_3 2_3 fusion-two-third fusion-column-last\" style=\"--awb-bg-size:cover;--awb-margin-bottom:0px;width:65.3333%;\"><div class=\"fusion-column-wrapper fusion-flex-column-wrapper-legacy\"><div class=\"fusion-text fusion-text-4\"><h2><strong><span style=\"color: #d32f13;\">Novedades de Contrataci\u00f3n<br \/>\n<\/span><\/strong><\/h2>\n<\/div><div class=\"fusion-recent-posts fusion-recent-posts-1 avada-container layout-default layout-columns-2\"><section class=\"fusion-columns columns fusion-columns-2 columns-2\"><article class=\"post fusion-column column col col-lg-6 col-md-6 col-sm-6\"><div class=\"recent-posts-content\"><span class=\"vcard\" style=\"display: none;\"><span class=\"fn\"><a href=\"https:\/\/www.bombersdv.es\/es\/author\/jcalvillo\/\" title=\"Entradas de jcalvillo\" rel=\"author\">jcalvillo<\/a><\/span><\/span><span class=\"updated\" style=\"display:none;\">2026-04-08T09:03:17+02:00<\/span><h4 class=\"entry-title\"><a href=\"https:\/\/www.bombersdv.es\/es\/adjudicacion-de-las-obras-de-reforma-integral-del-parque-de-bomberos-de-torrent-resultados-del-expediente-2025-con-s909-00007\/\">Adjudicaci\u00f3n de las obras de reforma integral del Parque de Bomberos de Torrent: resultados del expediente 2025\/CON\/S909\/00007<\/a><\/h4><p class=\"meta\"><span class=\"vcard\" style=\"display: none;\"><span class=\"fn\"><a href=\"https:\/\/www.bombersdv.es\/es\/author\/jcalvillo\/\" title=\"Entradas de jcalvillo\" rel=\"author\">jcalvillo<\/a><\/span><\/span><span class=\"updated\" style=\"display:none;\">2026-04-08T09:03:17+02:00<\/span><span>08\/04\/2026<\/span><span class=\"fusion-inline-sep\">|<\/span><span class=\"fusion-comments\"><span>Comentarios desactivados<span class=\"screen-reader-text\"> en Adjudicaci\u00f3n de las obras de reforma integral del Parque de Bomberos de Torrent: resultados del expediente 2025\/CON\/S909\/00007<\/span><\/span><\/span><\/p><p>Expediente: 2025\/CON\/S909\/00007 Objeto: Obras de reforma integral del Parque de Bomberos de Torrent (Valencia) CPV: 45216125 \u2013 Trabajos de construcci\u00f3n de edificios para servicios de emergencia \u00d3rgano de contrataci\u00f3n: Presidencia del Consorcio Provincial de Bomberos [...]<\/p><\/div><\/article><article class=\"post fusion-column column col col-lg-6 col-md-6 col-sm-6\"><div class=\"recent-posts-content\"><span class=\"vcard\" style=\"display: none;\"><span class=\"fn\"><a href=\"https:\/\/www.bombersdv.es\/es\/author\/jcalvillo\/\" title=\"Entradas de jcalvillo\" rel=\"author\">jcalvillo<\/a><\/span><\/span><span class=\"updated\" style=\"display:none;\">2026-03-31T10:19:30+02:00<\/span><h4 class=\"entry-title\"><a href=\"https:\/\/www.bombersdv.es\/es\/anunciada-la-licitacion-del-servicio-de-mantenimiento-y-suministro-de-repuestos-para-los-detectores-de-gases-del-cpbv\/\">Anunciada la licitaci\u00f3n del servicio de mantenimiento y suministro de repuestos para los detectores de gases del CPBV<\/a><\/h4><p class=\"meta\"><span class=\"vcard\" style=\"display: none;\"><span class=\"fn\"><a href=\"https:\/\/www.bombersdv.es\/es\/author\/jcalvillo\/\" title=\"Entradas de jcalvillo\" rel=\"author\">jcalvillo<\/a><\/span><\/span><span class=\"updated\" style=\"display:none;\">2026-03-31T10:19:30+02:00<\/span><span>31\/03\/2026<\/span><span class=\"fusion-inline-sep\">|<\/span><span class=\"fusion-comments\"><span>Comentarios desactivados<span class=\"screen-reader-text\"> en Anunciada la licitaci\u00f3n del servicio de mantenimiento y suministro de repuestos para los detectores de gases del CPBV<\/span><\/span><\/span><\/p><p>\ud83d\udcc5 Fecha final de presentaci\u00f3n de ofertas: 14\/04\/2026 \u2013 23:59 \ud83d\udcd8 T\u00edtulo del contrato: Servicio de mantenimiento y repuestos de tracto sucesivo en funci\u00f3n de necesidades y precios unitarios para los detectores de gases con [...]<\/p><\/div><\/article><article class=\"post fusion-column column col col-lg-6 col-md-6 col-sm-6\"><div class=\"recent-posts-content\"><span class=\"vcard\" style=\"display: none;\"><span class=\"fn\"><a href=\"https:\/\/www.bombersdv.es\/es\/author\/jcalvillo\/\" title=\"Entradas de jcalvillo\" rel=\"author\">jcalvillo<\/a><\/span><\/span><span class=\"updated\" style=\"display:none;\">2026-03-31T09:22:11+02:00<\/span><h4 class=\"entry-title\"><a href=\"https:\/\/www.bombersdv.es\/es\/adjudicacion-del-suministro-tecnologico-del-cpbv-resultados-del-expediente-2025-con-s909-00008\/\">Adjudicaci\u00f3n del suministro tecnol\u00f3gico del CPBV: resultados del expediente 2025\/CON\/S909\/00008<\/a><\/h4><p class=\"meta\"><span class=\"vcard\" style=\"display: none;\"><span class=\"fn\"><a href=\"https:\/\/www.bombersdv.es\/es\/author\/jcalvillo\/\" title=\"Entradas de jcalvillo\" rel=\"author\">jcalvillo<\/a><\/span><\/span><span class=\"updated\" style=\"display:none;\">2026-03-31T09:22:11+02:00<\/span><span>31\/03\/2026<\/span><span class=\"fusion-inline-sep\">|<\/span><span class=\"fusion-comments\"><span>Comentarios desactivados<span class=\"screen-reader-text\"> en Adjudicaci\u00f3n del suministro tecnol\u00f3gico del CPBV: resultados del expediente 2025\/CON\/S909\/00008<\/span><\/span><\/span><\/p><p>Expediente: 2025\/CON\/S909\/00008 Objeto: Suministro, licenciamiento e instalaci\u00f3n de material tecnol\u00f3gico (3 lotes) CPV: 30200000 \u2013 Equipo y material inform\u00e1tico; 48730000 \u2013 Software de seguridad; 72590000 \u2013 Servicios inform\u00e1ticos \u00d3rgano de contrataci\u00f3n: Presidencia del Consorcio Provincial [...]<\/p><\/div><\/article><article class=\"post fusion-column column col col-lg-6 col-md-6 col-sm-6\"><div class=\"recent-posts-content\"><span class=\"vcard\" style=\"display: none;\"><span class=\"fn\"><a href=\"https:\/\/www.bombersdv.es\/es\/author\/jcalvillo\/\" title=\"Entradas de jcalvillo\" rel=\"author\">jcalvillo<\/a><\/span><\/span><span class=\"updated\" style=\"display:none;\">2026-03-30T09:07:52+02:00<\/span><h4 class=\"entry-title\"><a href=\"https:\/\/www.bombersdv.es\/es\/anunciada-la-licitacion-del-suministro-de-un-sistema-de-puntales-neumaticos\/\">Anunciada la licitaci\u00f3n del suministro de un sistema de puntales neum\u00e1ticos<\/a><\/h4><p class=\"meta\"><span class=\"vcard\" style=\"display: none;\"><span class=\"fn\"><a href=\"https:\/\/www.bombersdv.es\/es\/author\/jcalvillo\/\" title=\"Entradas de jcalvillo\" rel=\"author\">jcalvillo<\/a><\/span><\/span><span class=\"updated\" style=\"display:none;\">2026-03-30T09:07:52+02:00<\/span><span>30\/03\/2026<\/span><span class=\"fusion-inline-sep\">|<\/span><span class=\"fusion-comments\"><span>Comentarios desactivados<span class=\"screen-reader-text\"> en Anunciada la licitaci\u00f3n del suministro de un sistema de puntales neum\u00e1ticos<\/span><\/span><\/span><\/p><p>\ud83d\udcc5 Fecha final de presentaci\u00f3n de ofertas: 14\/04\/2026 23:59 \ud83d\udcd8 T\u00edtulo del Contrato: Suministro de un sistema de puntales neum\u00e1ticos. \ud83d\udee0\ufe0f CPV: 35110000-8 \u2013 Equipos de extinci\u00f3n de incendios, salvamento y seguridad \ud83d\udcb6 Importe: 77.000,00 [...]<\/p><\/div><\/article><article class=\"post fusion-column column col col-lg-6 col-md-6 col-sm-6\"><div class=\"recent-posts-content\"><span class=\"vcard\" style=\"display: none;\"><span class=\"fn\"><a href=\"https:\/\/www.bombersdv.es\/es\/author\/jcalvillo\/\" title=\"Entradas de jcalvillo\" rel=\"author\">jcalvillo<\/a><\/span><\/span><span class=\"updated\" style=\"display:none;\">2026-03-17T13:12:58+01:00<\/span><h4 class=\"entry-title\"><a href=\"https:\/\/www.bombersdv.es\/es\/anunciada-la-licitacion-del-servicio-de-seguro-de-responsabilidad-civil-y-patrimonial\/\">Anunciada la licitaci\u00f3n del servicio de seguro de responsabilidad civil y patrimonial.<\/a><\/h4><p class=\"meta\"><span class=\"vcard\" style=\"display: none;\"><span class=\"fn\"><a href=\"https:\/\/www.bombersdv.es\/es\/author\/jcalvillo\/\" title=\"Entradas de jcalvillo\" rel=\"author\">jcalvillo<\/a><\/span><\/span><span class=\"updated\" style=\"display:none;\">2026-03-17T13:12:58+01:00<\/span><span>17\/03\/2026<\/span><span class=\"fusion-inline-sep\">|<\/span><span class=\"fusion-comments\"><span>Comentarios desactivados<span class=\"screen-reader-text\"> en Anunciada la licitaci\u00f3n del servicio de seguro de responsabilidad civil y patrimonial.<\/span><\/span><\/span><\/p><p>\ud83d\udcc5 Fecha final de presentaci\u00f3n de ofertas: 24\/03\/2026 23:59 \ud83d\udcd8 T\u00edtulo del Contrato: Servicio de seguro de responsabilidad civil y patrimonial. \ud83d\udee1\ufe0f CPV: 66516000 \u2013 Servicios de seguros de responsabilidad civil 66516400 \u2013 Seguros de [...]<\/p><\/div><\/article><article class=\"post fusion-column column col col-lg-6 col-md-6 col-sm-6\"><div class=\"recent-posts-content\"><span class=\"vcard\" style=\"display: none;\"><span class=\"fn\"><a href=\"https:\/\/www.bombersdv.es\/es\/author\/jcalvillo\/\" title=\"Entradas de jcalvillo\" rel=\"author\">jcalvillo<\/a><\/span><\/span><span class=\"updated\" style=\"display:none;\">2026-03-17T13:09:19+01:00<\/span><h4 class=\"entry-title\"><a href=\"https:\/\/www.bombersdv.es\/es\/anunciada-la-licitacion-del-suministro-de-tracto-sucesivo-en-funcion-de-las-necesidades-y-precios-unitarios-de-herramientas-de-excarcelacion\/\">Anunciada la licitaci\u00f3n del suministro de tracto sucesivo en funci\u00f3n de las necesidades y precios unitarios de herramientas de excarcelaci\u00f3n.<\/a><\/h4><p class=\"meta\"><span class=\"vcard\" style=\"display: none;\"><span class=\"fn\"><a href=\"https:\/\/www.bombersdv.es\/es\/author\/jcalvillo\/\" title=\"Entradas de jcalvillo\" rel=\"author\">jcalvillo<\/a><\/span><\/span><span class=\"updated\" style=\"display:none;\">2026-03-17T13:09:19+01:00<\/span><span>17\/03\/2026<\/span><span class=\"fusion-inline-sep\">|<\/span><span class=\"fusion-comments\"><span>Comentarios desactivados<span class=\"screen-reader-text\"> en Anunciada la licitaci\u00f3n del suministro de tracto sucesivo en funci\u00f3n de las necesidades y precios unitarios de herramientas de excarcelaci\u00f3n.<\/span><\/span><\/span><\/p><p>\ud83d\udcc5 Fecha final de presentaci\u00f3n de ofertas: 30\/03\/2026 23:59 \ud83d\udcd8 T\u00edtulo del Contrato: Suministro de tracto sucesivo en funci\u00f3n de las necesidades y precios unitarios de herramientas de excarcelaci\u00f3n. \ud83d\udd26 CPV: 35112000 \u2013 Equipo de [...]<\/p><\/div><\/article><article class=\"post fusion-column column col col-lg-6 col-md-6 col-sm-6\"><div class=\"recent-posts-content\"><span class=\"vcard\" style=\"display: none;\"><span class=\"fn\"><a href=\"https:\/\/www.bombersdv.es\/es\/author\/jcalvillo\/\" title=\"Entradas de jcalvillo\" rel=\"author\">jcalvillo<\/a><\/span><\/span><span class=\"updated\" style=\"display:none;\">2026-03-17T12:53:30+01:00<\/span><h4 class=\"entry-title\"><a href=\"https:\/\/www.bombersdv.es\/es\/adjudicado-el-suministro-de-171-pares-de-botas-de-intervencion-polivalentes-para-brigadistas\/\">Adjudicado el Suministro de 171 pares de botas de intervenci\u00f3n polivalentes para brigadistas<\/a><\/h4><p class=\"meta\"><span class=\"vcard\" style=\"display: none;\"><span class=\"fn\"><a href=\"https:\/\/www.bombersdv.es\/es\/author\/jcalvillo\/\" title=\"Entradas de jcalvillo\" rel=\"author\">jcalvillo<\/a><\/span><\/span><span class=\"updated\" style=\"display:none;\">2026-03-17T12:53:30+01:00<\/span><span>17\/03\/2026<\/span><span class=\"fusion-inline-sep\">|<\/span><span class=\"fusion-comments\"><span>Comentarios desactivados<span class=\"screen-reader-text\"> en Adjudicado el Suministro de 171 pares de botas de intervenci\u00f3n polivalentes para brigadistas<\/span><\/span><\/span><\/p><p>\ud83d\uddc2\ufe0f Expediente: 2026\/CON\/S231\/00001 \ud83d\udcd8 Objeto: Suministro de 171 botas de intervenci\u00f3n polivalentes para brigadistas \ud83d\udee1\ufe0f CPV: 18830000 \u2013 Calzado de protecci\u00f3n \ud83c\udfe2 \u00d3rgano de contrataci\u00f3n: Presidencia del Consorcio Provincial de Bomberos de Valencia \ud83e\udde9 Sistema: [...]<\/p><\/div><\/article><article class=\"post fusion-column column col col-lg-6 col-md-6 col-sm-6\"><div class=\"recent-posts-content\"><span class=\"vcard\" style=\"display: none;\"><span class=\"fn\"><a href=\"https:\/\/www.bombersdv.es\/es\/author\/jcalvillo\/\" title=\"Entradas de jcalvillo\" rel=\"author\">jcalvillo<\/a><\/span><\/span><span class=\"updated\" style=\"display:none;\">2026-03-17T12:36:53+01:00<\/span><h4 class=\"entry-title\"><a href=\"https:\/\/www.bombersdv.es\/es\/anunciada-la-licitacion-del-suministro-de-500-linternas-frontales-con-led-y-accesorios\/\">Anunciada la licitaci\u00f3n del Suministro de 500 linternas frontales con led y accesorios.<\/a><\/h4><p class=\"meta\"><span class=\"vcard\" style=\"display: none;\"><span class=\"fn\"><a href=\"https:\/\/www.bombersdv.es\/es\/author\/jcalvillo\/\" title=\"Entradas de jcalvillo\" rel=\"author\">jcalvillo<\/a><\/span><\/span><span class=\"updated\" style=\"display:none;\">2026-03-17T12:36:53+01:00<\/span><span>17\/03\/2026<\/span><span class=\"fusion-inline-sep\">|<\/span><span class=\"fusion-comments\"><span>Comentarios desactivados<span class=\"screen-reader-text\"> en Anunciada la licitaci\u00f3n del Suministro de 500 linternas frontales con led y accesorios.<\/span><\/span><\/span><\/p><p>\ud83d\udcc5 Fecha final de presentaci\u00f3n de ofertas: 18\/03\/2026 23:59 \ud83d\udcd8 T\u00edtulo del Contrato: Suministro de 500 linternas frontales con led y accesorios. \ud83d\udd26 CPV: 31521320 \u2013 Linternas 31521330 \u2013 L\u00e1mparas el\u00e9ctricas port\u00e1tiles recargables \ud83d\udcb6 Importe: [...]<\/p><\/div><\/article><\/section><\/div><div class=\"fusion-clearfix\"><\/div><\/div><\/div><\/div><\/div>\n","protected":false},"excerpt":{"rendered":"","protected":false},"author":1,"featured_media":0,"parent":0,"menu_order":0,"comment_status":"closed","ping_status":"closed","template":"100-width.php","meta":{"footnotes":""},"class_list":["post-15315","page","type-page","status-publish","hentry"],"_links":{"self":[{"href":"https:\/\/www.bombersdv.es\/es\/wp-json\/wp\/v2\/pages\/15315"}],"collection":[{"href":"https:\/\/www.bombersdv.es\/es\/wp-json\/wp\/v2\/pages"}],"about":[{"href":"https:\/\/www.bombersdv.es\/es\/wp-json\/wp\/v2\/types\/page"}],"author":[{"embeddable":true,"href":"https:\/\/www.bombersdv.es\/es\/wp-json\/wp\/v2\/users\/1"}],"replies":[{"embeddable":true,"href":"https:\/\/www.bombersdv.es\/es\/wp-json\/wp\/v2\/comments?post=15315"}],"version-history":[{"count":22,"href":"https:\/\/www.bombersdv.es\/es\/wp-json\/wp\/v2\/pages\/15315\/revisions"}],"predecessor-version":[{"id":61464,"href":"https:\/\/www.bombersdv.es\/es\/wp-json\/wp\/v2\/pages\/15315\/revisions\/61464"}],"wp:attachment":[{"href":"https:\/\/www.bombersdv.es\/es\/wp-json\/wp\/v2\/media?parent=15315"}],"curies":[{"name":"wp","href":"https:\/\/api.w.org\/{rel}","templated":true}]}}