{"id":15345,"date":"2016-07-26T10:11:31","date_gmt":"2016-07-26T10:11:31","guid":{"rendered":"https:\/\/www.bombersdv.es\/es\/perfil-del-contratante\/nueva-web-del-consorcio-de-bomberos-y-plataforma-de-contractacion-del-sector-publico\/"},"modified":"2017-01-24T17:18:29","modified_gmt":"2017-01-24T16:18:29","slug":"nueva-web-del-consorcio-de-bomberos-y-plataforma-de-contractacion-del-sector-publico","status":"publish","type":"page","link":"https:\/\/www.bombersdv.es\/es\/perfil-del-contratante\/contrataciones-anteriores\/procedimientos-finalizados\/nueva-web-del-consorcio-de-bomberos-y-plataforma-de-contractacion-del-sector-publico\/","title":{"rendered":"Nueva web del Consorcio de Bomberos y Plataforma de Contractaci\u00f3n del Sector P\u00fablico"},"content":{"rendered":"<div class=\"fusion-fullwidth fullwidth-box fusion-builder-row-1 nonhundred-percent-fullwidth non-hundred-percent-height-scrolling\" style=\"--awb-border-radius-top-left:0px;--awb-border-radius-top-right:0px;--awb-border-radius-bottom-right:0px;--awb-border-radius-bottom-left:0px;--awb-flex-wrap:wrap;\" ><div class=\"fusion-builder-row fusion-row\"><div class=\"fusion-layout-column fusion_builder_column fusion-builder-column-0 fusion_builder_column_1_1 1_1 fusion-one-full fusion-column-first fusion-column-last\" style=\"--awb-bg-size:cover;--awb-margin-bottom:0px;\"><div class=\"fusion-column-wrapper fusion-flex-column-wrapper-legacy\"><div class=\"fusion-text fusion-text-1\"><p><strong>El Consorcio, desde el 4 de julio de 2016, se encuentra inscrito en la Plataforma de Contractaci\u00f3n del Sector P\u00fablico, por lo que se publican all\u00ed sus procedimientos de contrataci\u00f3n.<\/strong><\/p>\n<p>https:\/\/contrataciondelestado.es\/wps\/poc?uri=deeplink%3AperfilContratante&#038;idBp=pzE4Mt5je1IQK2TEfXGy%2BA%3D%3D<\/p>\n<\/div><div class=\"fusion-clearfix\"><\/div><\/div><\/div><\/div><\/div>\n","protected":false},"excerpt":{"rendered":"","protected":false},"author":1,"featured_media":0,"parent":15439,"menu_order":0,"comment_status":"closed","ping_status":"closed","template":"","meta":{"footnotes":""},"class_list":["post-15345","page","type-page","status-publish","hentry"],"_links":{"self":[{"href":"https:\/\/www.bombersdv.es\/es\/wp-json\/wp\/v2\/pages\/15345"}],"collection":[{"href":"https:\/\/www.bombersdv.es\/es\/wp-json\/wp\/v2\/pages"}],"about":[{"href":"https:\/\/www.bombersdv.es\/es\/wp-json\/wp\/v2\/types\/page"}],"author":[{"embeddable":true,"href":"https:\/\/www.bombersdv.es\/es\/wp-json\/wp\/v2\/users\/1"}],"replies":[{"embeddable":true,"href":"https:\/\/www.bombersdv.es\/es\/wp-json\/wp\/v2\/comments?post=15345"}],"version-history":[{"count":0,"href":"https:\/\/www.bombersdv.es\/es\/wp-json\/wp\/v2\/pages\/15345\/revisions"}],"up":[{"embeddable":true,"href":"https:\/\/www.bombersdv.es\/es\/wp-json\/wp\/v2\/pages\/15439"}],"wp:attachment":[{"href":"https:\/\/www.bombersdv.es\/es\/wp-json\/wp\/v2\/media?parent=15345"}],"curies":[{"name":"wp","href":"https:\/\/api.w.org\/{rel}","templated":true}]}}