{"id":15348,"date":"2016-07-26T10:21:30","date_gmt":"2016-07-26T10:21:30","guid":{"rendered":"https:\/\/www.bombersdv.es\/es\/perfil-del-contratante\/c16007-mantenimiento-de-los-equipos-de-impresion-del-consorcio\/"},"modified":"2017-01-24T17:17:51","modified_gmt":"2017-01-24T16:17:51","slug":"c16007-mantenimiento-de-los-equipos-de-impresion-del-consorcio","status":"publish","type":"page","link":"https:\/\/www.bombersdv.es\/es\/perfil-del-contratante\/contrataciones-anteriores\/procedimientos-finalizados\/c16007-mantenimiento-de-los-equipos-de-impresion-del-consorcio\/","title":{"rendered":"C16007 MANTENIMIENTO DE LOS EQUIPOS DE IMPRESI\u00d3N DEL CONSORCIO"},"content":{"rendered":"<div class=\"fusion-fullwidth fullwidth-box fusion-builder-row-1 nonhundred-percent-fullwidth non-hundred-percent-height-scrolling\" style=\"--awb-border-radius-top-left:0px;--awb-border-radius-top-right:0px;--awb-border-radius-bottom-right:0px;--awb-border-radius-bottom-left:0px;--awb-flex-wrap:wrap;\" ><div class=\"fusion-builder-row fusion-row\"><div class=\"fusion-layout-column fusion_builder_column fusion-builder-column-0 fusion_builder_column_1_1 1_1 fusion-one-full fusion-column-first fusion-column-last\" style=\"--awb-bg-size:cover;--awb-margin-bottom:0px;\"><div class=\"fusion-column-wrapper fusion-flex-column-wrapper-legacy\"><div class=\"fusion-text fusion-text-1\"><ul>\n<li><a class=\"joomdoclink\" href=\"http:\/\/www.bombersdv.es\/wp-content\/uploads\/sites\/3\/2016\/07\/C16007-PCAP154.pdf\">Pliego de Cl\u00e1usulas Administrativas Particulares (<span class=\"small\">6.57 MB<\/span>)<\/a><\/li>\n<li><a class=\"joomdoclink\" href=\"http:\/\/www.bombersdv.es\/wp-content\/uploads\/sites\/3\/2016\/07\/C16007-PPT155.pdf\">Pliego de Prescripciones T\u00e9cnicas (<span class=\"small\">742.49 kB<\/span>)<\/a><\/li>\n<\/ul>\n<p><strong>Anuncio de licitaci\u00f3n<\/strong>: BOP Valencia n\u00famero 81 de 29 de abril de 2016<\/p>\n<p><strong>Fin plazo presentaci\u00f3n de ofertas:<\/strong> 16 de mayo de 2016 a las 14 horas<\/p>\n<p>Consultas pliego administrativo: Blanca Diana Mart\u00ed 96 346 98 37 \/\u00a0 <a href=\"mailto:bdiana@bombersdv.es\">bdiana@bombersdv.es<\/a><\/p>\n<p>Consultas pliego t\u00e9cnico: Manuel David Serrat Olmos 96 346 98 90 \/ <a href=\"mailto:mserrat@bombersdv.es\">mserrat@bombersdv.es<\/a><\/p>\n<p><strong>Empresas presentadas:<\/strong><\/p>\n<p>RICOH ESPA\u00d1A, S.L.U.<\/p>\n<p><strong>Fecha apertura proposiciones (Sobres n\u00ba 3)<\/strong>: De conformidad con lo previsto en el Pliego de Cl\u00e1usulas Administratvas Particulares, el pr\u00f3ximo jueves 26 de mayo de 2016 a las 10:30 horas se proceder\u00e1 a la apertura, en acto p\u00fablico, de las ofertas contenidas en los sobres 3<\/p>\n<p><strong>Propuesto como adjudicatario<\/strong>: RICOH ESPA\u00d1A, S.L.U.<\/p>\n<ul>\n<li><a class=\"joomdoclink\" href=\"http:\/\/www.bombersdv.es\/wp-content\/uploads\/sites\/3\/2016\/07\/C16007-CLAS-Y-REQ169.pdf\">\u00a0Resoluci\u00f3n propuesta adjudicaci\u00f3n y requerimiento (<span class=\"small\">533.07 kB<\/span>)<\/a><\/li>\n<li><a class=\"joomdoclink\" href=\"http:\/\/www.bombersdv.es\/wp-content\/uploads\/sites\/3\/2016\/07\/C16007-ADJUDICACI\u00d3N176.pdf\">\u00a0Adjudicaci\u00f3n (<span class=\"small\">829.99 kB<\/span>)<\/a><\/li>\n<\/ul>\n<\/div><div class=\"fusion-clearfix\"><\/div><\/div><\/div><\/div><\/div>\n","protected":false},"excerpt":{"rendered":"","protected":false},"author":1,"featured_media":0,"parent":15439,"menu_order":0,"comment_status":"closed","ping_status":"closed","template":"","meta":{"footnotes":""},"class_list":["post-15348","page","type-page","status-publish","hentry"],"_links":{"self":[{"href":"https:\/\/www.bombersdv.es\/es\/wp-json\/wp\/v2\/pages\/15348"}],"collection":[{"href":"https:\/\/www.bombersdv.es\/es\/wp-json\/wp\/v2\/pages"}],"about":[{"href":"https:\/\/www.bombersdv.es\/es\/wp-json\/wp\/v2\/types\/page"}],"author":[{"embeddable":true,"href":"https:\/\/www.bombersdv.es\/es\/wp-json\/wp\/v2\/users\/1"}],"replies":[{"embeddable":true,"href":"https:\/\/www.bombersdv.es\/es\/wp-json\/wp\/v2\/comments?post=15348"}],"version-history":[{"count":0,"href":"https:\/\/www.bombersdv.es\/es\/wp-json\/wp\/v2\/pages\/15348\/revisions"}],"up":[{"embeddable":true,"href":"https:\/\/www.bombersdv.es\/es\/wp-json\/wp\/v2\/pages\/15439"}],"wp:attachment":[{"href":"https:\/\/www.bombersdv.es\/es\/wp-json\/wp\/v2\/media?parent=15348"}],"curies":[{"name":"wp","href":"https:\/\/api.w.org\/{rel}","templated":true}]}}