{"id":15353,"date":"2016-07-26T10:58:07","date_gmt":"2016-07-26T10:58:07","guid":{"rendered":"https:\/\/www.bombersdv.es\/es\/perfil-del-contratante\/c16001-suministro-prendas-de-vestuario-y-equipos-de-proteccion-individual\/"},"modified":"2017-01-24T17:11:42","modified_gmt":"2017-01-24T16:11:42","slug":"c16001-suministro-prendas-de-vestuario-y-equipos-de-proteccion-individual","status":"publish","type":"page","link":"https:\/\/www.bombersdv.es\/es\/perfil-del-contratante\/contrataciones-anteriores\/procedimientos-finalizados\/c16001-suministro-prendas-de-vestuario-y-equipos-de-proteccion-individual\/","title":{"rendered":"C\/16\/001 SUMINISTRO PRENDAS DE VESTUARIO Y EQUIPOS DE PROTECCI\u00d3N INDIVIDUAL"},"content":{"rendered":"<div class=\"fusion-fullwidth fullwidth-box fusion-builder-row-1 nonhundred-percent-fullwidth non-hundred-percent-height-scrolling\" style=\"--awb-border-radius-top-left:0px;--awb-border-radius-top-right:0px;--awb-border-radius-bottom-right:0px;--awb-border-radius-bottom-left:0px;--awb-flex-wrap:wrap;\" ><div class=\"fusion-builder-row fusion-row\"><div class=\"fusion-layout-column fusion_builder_column fusion-builder-column-0 fusion_builder_column_1_1 1_1 fusion-one-full fusion-column-first fusion-column-last\" style=\"--awb-bg-size:cover;--awb-margin-bottom:0px;\"><div class=\"fusion-column-wrapper fusion-flex-column-wrapper-legacy\"><div class=\"fusion-text fusion-text-1\"><p>Anuncio de Licitaci\u00f3n: BOP Valencia n\u00fam. 240 de 16 de diciembre de 2015<\/p>\n<p>Tramitaci\u00f3n: urgente<\/p>\n<p><strong>Fin plazo presentaci\u00f3n de ofertas<\/strong>: 28 de diciembre de 2015 a las 14 horas<\/p>\n<ul>\n<li><a class=\"joomdoclink\" href=\"http:\/\/www.bombersdv.es\/wp-content\/uploads\/sites\/3\/2016\/07\/C16001-PCAP-DEF-2-CARAS109.pdf\">Pliego de Cl\u00e1usulas Administrativas Particulares (<span class=\"small\">8.52 MB<\/span>)<\/a><\/li>\n<li><a class=\"joomdoclink\" href=\"http:\/\/www.bombersdv.es\/wp-content\/uploads\/sites\/3\/2016\/07\/C16001-ANEXO110.pdf\">Anexo al Pliego Administrativo (<span class=\"small\">207.64 kB<\/span>)<\/a><\/li>\n<li><a class=\"joomdoclink\" href=\"http:\/\/www.bombersdv.es\/wp-content\/uploads\/sites\/3\/2016\/07\/C16001-correc111.pdf\">Correcci\u00f3n Pliego Administrativo (<span class=\"small\">185.52 kB<\/span>)<\/a><\/li>\n<li><a class=\"joomdoclink\" href=\"http:\/\/www.bombersdv.es\/wp-content\/uploads\/sites\/3\/2016\/07\/C16001-LOTE-1-PPT95.pdf\">Pliego T\u00e9cnico LOTE 1 (<span class=\"small\">191.93 kB<\/span>)<\/a><\/li>\n<li><a class=\"joomdoclink\" href=\"http:\/\/www.bombersdv.es\/wp-content\/uploads\/sites\/3\/2016\/07\/C16001-LOTE-2-PPT96.pdf\">Pliego T\u00e9cnico LOTE 2 (<span class=\"small\">1.22 MB<\/span>)<\/a><\/li>\n<li><a class=\"joomdoclink\" href=\"http:\/\/www.bombersdv.es\/wp-content\/uploads\/sites\/3\/2016\/07\/C16001-LOTE-3-PPT97.pdf\">Pliego T\u00e9cnico Lote 3 (<span class=\"small\">690.34 kB<\/span>)<\/a><\/li>\n<li><a class=\"joomdoclink\" href=\"http:\/\/www.bombersdv.es\/wp-content\/uploads\/sites\/3\/2016\/07\/C16001-LOTE-4-PPT98.pdf\">Pliego T\u00e9cnico LOTE 4 (<span class=\"small\">190.18 kB<\/span>)<\/a><\/li>\n<li><a class=\"joomdoclink\" href=\"http:\/\/www.bombersdv.es\/wp-content\/uploads\/sites\/3\/2016\/07\/C16001-LOTE-5-PPT99.pdf\">Pliego T\u00e9cnico LOTE 5 (<span class=\"small\">918.49 kB<\/span>)<\/a><\/li>\n<li><a class=\"joomdoclink\" href=\"http:\/\/www.bombersdv.es\/wp-content\/uploads\/sites\/3\/2016\/07\/C16001-LOTE-6-PPT100.pdf\">Pliego T\u00e9cnico LOTE 6 (<span class=\"small\">976.29 kB<\/span>)<\/a><\/li>\n<li><a class=\"joomdoclink\" href=\"http:\/\/www.bombersdv.es\/wp-content\/uploads\/sites\/3\/2016\/07\/C16001-LOTE-7-PPT101.pdf\">Pliego T\u00e9cnico LOTE 7 (<span class=\"small\">953.85 kB<\/span>)<\/a><\/li>\n<li><a class=\"joomdoclink\" href=\"http:\/\/www.bombersdv.es\/wp-content\/uploads\/sites\/3\/2016\/07\/C16001-LOTE-8-PPT107.pdf\">Pliego T\u00e9cnico LOTE 8 (<span class=\"small\">904.16 kB<\/span>)<\/a><\/li>\n<li><a class=\"joomdoclink\" href=\"http:\/\/www.bombersdv.es\/wp-content\/uploads\/sites\/3\/2016\/07\/C16001-LOTE-9-PPT102.pdf\">Pliego T\u00e9cnico LOTE 9 (<span class=\"small\">1.12 MB<\/span>)<\/a><\/li>\n<li><a class=\"joomdoclink\" href=\"http:\/\/www.bombersdv.es\/wp-content\/uploads\/sites\/3\/2016\/07\/C16001-LOTE-10-PPT103.pdf\">Pliego T\u00e9cnico LOTE 10 (<span class=\"small\">1.29 MB<\/span>)<\/a> (rectificado)<\/li>\n<li><a class=\"joomdoclink\" href=\"http:\/\/www.bombersdv.es\/wp-content\/uploads\/sites\/3\/2016\/07\/C16001-LOTE-11-PPT104.pdf\">Pliego T\u00e9cnico LOTE 11 (<span class=\"small\">1.6 MB<\/span>)<\/a> (rectificado)<\/li>\n<li><a class=\"joomdoclink\" href=\"http:\/\/www.bombersdv.es\/wp-content\/uploads\/sites\/3\/2016\/07\/C16001-LOTE-12-PPT105.pdf\">Pliego T\u00e9cnico LOTE 12 (<span class=\"small\">1.29 MB<\/span>)<\/a><\/li>\n<li>Resoluci\u00f3n de correcci\u00f3n de errores Pliegos T\u00e9cnicos Lotes 10 y 11 y nuevo plazo para presentaci\u00f3n de ofertas: <a class=\"joomdoclink\" href=\"http:\/\/www.bombersdv.es\/wp-content\/uploads\/sites\/3\/2016\/07\/C16001-Correc-perfil113.pdf\">Resoluci\u00f3n (<span class=\"small\">1.05 MB<\/span>)<\/a><\/li>\n<li><a class=\"joomdoclink\" href=\"http:\/\/www.bombersdv.es\/wp-content\/uploads\/sites\/3\/2016\/07\/Anexo-Lote-10114.pdf\">Pliego T\u00e9cnico rectificado Lote 10 (<span class=\"small\">986.74 kB<\/span>)<\/a><\/li>\n<li><a class=\"joomdoclink\" href=\"http:\/\/www.bombersdv.es\/wp-content\/uploads\/sites\/3\/2016\/07\/Anexo-Lote-11115.pdf\">Pliego T\u00e9cnico rectificado Lote 11 (<span class=\"small\">1.48 MB<\/span>)<\/a><\/li>\n<\/ul>\n<p><strong>Anuncio de correcci\u00f3n de errores<\/strong>: BOP Valencia n\u00fam. 245 de 23 de diciembre de 2015<\/p>\n<p><strong>Nuevo plazo presentaci\u00f3n de ofertas<\/strong>:\u00a0\u00a0 lunes 4 de enero de 2015 a las 14 horas<\/p>\n<p><strong>Empresas presentadas:<\/strong><\/p>\n<p><strong>LOTE 1<\/strong>:<\/p>\n<p>DR\u00c4GER SAFETY HISPANIA, S.A<\/p>\n<p>&nbsp;<\/p>\n<p><strong>LOTE 2<\/strong>:<\/p>\n<p>DR\u00c4GER SAFETY HISPANIA, S.A<\/p>\n<p>MSA SPAIN, S.L.U<\/p>\n<p>&nbsp;<\/p>\n<p><strong>LOTE 3<\/strong>:<\/p>\n<p>EL CORTE INGL\u00c9S, S.A.<\/p>\n<p>PRODUCTOS Y MANGUERAS ESPECIALES, S.A.<\/p>\n<p>&nbsp;<\/p>\n<p><strong>LOTE 4:<\/strong><\/p>\n<p>PRODUCTOS Y MANGUERAS ESPECIALES, S.A.<\/p>\n<p>&nbsp;<\/p>\n<p><strong>LOTE 5:<\/strong><\/p>\n<p>DR\u00c4GER SAFETY HISPANIA, S.A<\/p>\n<p>EL CORTE INGL\u00c9S, S.A.<\/p>\n<p>PRODUCTOS Y MANGUERAS ESPECIALES, S.A.<\/p>\n<p>&nbsp;<\/p>\n<p><strong>LOTE 6:<\/strong><\/p>\n<p>EL CORTE INGL\u00c9S, S.A.<\/p>\n<p>DISE\u00d1OS MEDI, S.L.<\/p>\n<p>PRODUCTOS Y MANGUERAS ESPECIALES, S.A.<\/p>\n<p>&nbsp;<\/p>\n<p><strong>LOTE 7:<\/strong><\/p>\n<p>SAGRES, S.L.<\/p>\n<p>EL CORTE INGL\u00c9S, S.A.<\/p>\n<p>DISE\u00d1OS MEDI, S.L.<\/p>\n<p>PRODUCTOS Y MANGUERAS ESPECIALES, S.A.<\/p>\n<p>&nbsp;<\/p>\n<p><strong>LOTE 8:<\/strong><\/p>\n<p>SAGRES, S.L.<\/p>\n<p>EL CORTE INGL\u00c9S, S.A<\/p>\n<p>DISE\u00d1OS MEDI, S.L.<\/p>\n<p>PRODUCTOS Y MANGUERAS ESPECIALES, S.A.<\/p>\n<p>&nbsp;<\/p>\n<p><strong>LOTE 9:<\/strong><\/p>\n<p>SAGRES, S.L.<\/p>\n<p>EL CORTE INGL\u00c9S, S.A<\/p>\n<p>DISE\u00d1OS MEDI, S.L.<\/p>\n<p>&nbsp;<\/p>\n<p><strong>LOTE 10:<\/strong><\/p>\n<p>SAGRES, S.L.<\/p>\n<p>EL CORTE INGL\u00c9S, S.A<\/p>\n<p>&nbsp;<\/p>\n<p><strong>LOTE 11:<\/strong><\/p>\n<p>DISE\u00d1OS MEDI, S.L.<\/p>\n<p>&nbsp;<\/p>\n<p><strong>LOTE 12:<\/strong><\/p>\n<p>DR\u00c4GER SAFETY HISPANIA, S.A<\/p>\n<p>MSA SPAIN, S.L.U<\/p>\n<p>&nbsp;<\/p>\n<p><strong>Apertura sobre n\u00ba3<\/strong> en SESI\u00d3N P\u00daBLICA lunes, 25 de enero de 2016, a las 12:00h, en la Sala de Juntas de la sede del Consorcio Provincial Bomberos Valencia, Camino de Moncada, n\u00ba24. Valencia<\/p>\n<ul>\n<li><a class=\"joomdoclink\" href=\"http:\/\/www.bombersdv.es\/wp-content\/uploads\/sites\/3\/2016\/07\/informe-max-min245.pdf\">Valoraci\u00f3n del criterio de caracter\u00edsticas t\u00e9cnicas seg\u00fan valores obtenidos en ensayos. Indicaci\u00f3n de cuando el valor es m\u00e1ximo o el m\u00ednimo, para la aplicaci\u00f3n de la f\u00f3rmula correspondiente<\/a><\/li>\n<li><a class=\"joomdoclink\" href=\"http:\/\/www.bombersdv.es\/wp-content\/uploads\/sites\/3\/2016\/07\/informe-navarrete.pdf\">Informe Apoyo Log\u00edstico<\/a><\/li>\n<li><a class=\"joomdoclink\" href=\"http:\/\/www.bombersdv.es\/wp-content\/uploads\/sites\/3\/2016\/07\/informe-tolsa.pdf\">Informe Prevenci\u00f3n Riesgos I<\/a><\/li>\n<li><a class=\"joomdoclink\" href=\"http:\/\/www.bombersdv.es\/wp-content\/uploads\/sites\/3\/2016\/07\/informe-tolsa-A3.pdf\">Informe Prevenci\u00f3n Riesgos (II A3)<\/a><\/li>\n<\/ul>\n<p>RESULTADO APERTURA SOBRES 3: <a class=\"joomdoclink\" href=\"http:\/\/www.bombersdv.es\/wp-content\/uploads\/sites\/3\/2016\/07\/C16001-RESULT-3127.pdf\">\u00a0C16001 SOBRE 3 (<span class=\"small\">709.24 kB<\/span>)<\/a><\/p>\n<p>RESOLUCI\u00d3N 27\/01\/2016 <a class=\"joomdoclink\" href=\"http:\/\/www.bombersdv.es\/wp-content\/uploads\/sites\/3\/2016\/07\/C16001-CLASIF126.pdf\">\u00a0CLASIFCACI\u00d3N DE OFERTAS Y REQUERIMIENTO DOCUMENTACI\u00d3N PARA ADJUDICACI\u00d3N (<span class=\"small\">1.41 MB<\/span>)<\/a><\/p>\n<ul>\n<li><a class=\"joomdoclink\" href=\"http:\/\/www.bombersdv.es\/wp-content\/uploads\/sites\/3\/2016\/07\/DECRETO-ADJUDICACION.pdf\">\u00a0Resoluci\u00f3n Adjudicaci\u00f3n (<span class=\"small\">1.6 MB<\/span>)<\/a><\/li>\n<\/ul>\n<\/div><div class=\"fusion-clearfix\"><\/div><\/div><\/div><\/div><\/div>\n","protected":false},"excerpt":{"rendered":"","protected":false},"author":1,"featured_media":0,"parent":15439,"menu_order":0,"comment_status":"closed","ping_status":"closed","template":"","meta":{"footnotes":""},"class_list":["post-15353","page","type-page","status-publish","hentry"],"_links":{"self":[{"href":"https:\/\/www.bombersdv.es\/es\/wp-json\/wp\/v2\/pages\/15353"}],"collection":[{"href":"https:\/\/www.bombersdv.es\/es\/wp-json\/wp\/v2\/pages"}],"about":[{"href":"https:\/\/www.bombersdv.es\/es\/wp-json\/wp\/v2\/types\/page"}],"author":[{"embeddable":true,"href":"https:\/\/www.bombersdv.es\/es\/wp-json\/wp\/v2\/users\/1"}],"replies":[{"embeddable":true,"href":"https:\/\/www.bombersdv.es\/es\/wp-json\/wp\/v2\/comments?post=15353"}],"version-history":[{"count":0,"href":"https:\/\/www.bombersdv.es\/es\/wp-json\/wp\/v2\/pages\/15353\/revisions"}],"up":[{"embeddable":true,"href":"https:\/\/www.bombersdv.es\/es\/wp-json\/wp\/v2\/pages\/15439"}],"wp:attachment":[{"href":"https:\/\/www.bombersdv.es\/es\/wp-json\/wp\/v2\/media?parent=15353"}],"curies":[{"name":"wp","href":"https:\/\/api.w.org\/{rel}","templated":true}]}}