{"id":15354,"date":"2016-07-26T11:12:28","date_gmt":"2016-07-26T11:12:28","guid":{"rendered":"https:\/\/www.bombersdv.es\/es\/perfil-del-contratante\/c15040-polizas-para-la-cobertura-de-distintos-riesgos-del-consorcio\/"},"modified":"2017-01-24T17:11:37","modified_gmt":"2017-01-24T16:11:37","slug":"c15040-polizas-para-la-cobertura-de-distintos-riesgos-del-consorcio","status":"publish","type":"page","link":"https:\/\/www.bombersdv.es\/es\/perfil-del-contratante\/contrataciones-anteriores\/procedimientos-finalizados\/c15040-polizas-para-la-cobertura-de-distintos-riesgos-del-consorcio\/","title":{"rendered":"C\/15\/040 P\u00d3LIZAS PARA LA COBERTURA DE DISTINTOS RIESGOS DEL CONSORCIO"},"content":{"rendered":"<div class=\"fusion-fullwidth fullwidth-box fusion-builder-row-1 nonhundred-percent-fullwidth non-hundred-percent-height-scrolling\" style=\"--awb-border-radius-top-left:0px;--awb-border-radius-top-right:0px;--awb-border-radius-bottom-right:0px;--awb-border-radius-bottom-left:0px;--awb-flex-wrap:wrap;\" ><div class=\"fusion-builder-row fusion-row\"><div class=\"fusion-layout-column fusion_builder_column fusion-builder-column-0 fusion_builder_column_1_1 1_1 fusion-one-full fusion-column-first fusion-column-last\" style=\"--awb-bg-size:cover;--awb-margin-bottom:0px;\"><div class=\"fusion-column-wrapper fusion-flex-column-wrapper-legacy\"><div class=\"fusion-text fusion-text-1\"><p>Anuncio\u00a0 D.O.U.E n\u00ba 351938-2015 de 7 de octubre de 2015<\/p>\n<p>Anuncio B.O.E n\u00ba 256 de 26 de octubre de 2015<\/p>\n<ul>\n<li><a class=\"joomdoclink\" href=\"http:\/\/www.bombersdv.es\/wp-content\/uploads\/sites\/3\/2016\/07\/C15040-PCAP68.pdf\">Pliego de Cl\u00e1usulas Administrativas Particulares (<span class=\"small\">7.93 MB<\/span>)<\/a><\/li>\n<li><a class=\"joomdoclink\" href=\"http:\/\/www.bombersdv.es\/wp-content\/uploads\/sites\/3\/2016\/07\/C15040-ANEXO-PCAP69.pdf\">Anexo al Pliego Administrativo (<span class=\"small\">285.95 kB<\/span>)<\/a><\/li>\n<li><a class=\"joomdoclink\" href=\"http:\/\/www.bombersdv.es\/wp-content\/uploads\/sites\/3\/2016\/07\/C15040-PTT-LOTE-170.pdf\">Pliego T\u00e9cnico LOTE 1 (<span class=\"small\">5.33 MB<\/span>)<\/a><\/li>\n<li><a class=\"joomdoclink\" href=\"http:\/\/www.bombersdv.es\/wp-content\/uploads\/sites\/3\/2016\/07\/C15040-LOTE-266.pdf\">Pliego T\u00e9cnico LOTE 2 (<span class=\"small\">969 kB<\/span>)<\/a><\/li>\n<li><a class=\"joomdoclink\" href=\"http:\/\/www.bombersdv.es\/wp-content\/uploads\/sites\/3\/2016\/07\/C15040-LOTE-3-PPT59.pdf\">Pliego T\u00e9cnico LOTE 3 (<span class=\"small\">7.18 MB<\/span>)<\/a><\/li>\n<li><a class=\"joomdoclink\" href=\"http:\/\/www.bombersdv.es\/wp-content\/uploads\/sites\/3\/2016\/07\/C15040-LOTE-4-PPTG61.pdf\">Pliego T\u00e9cnico general LOTE 4 (<span class=\"small\">2.81 MB<\/span>)<\/a><\/li>\n<li><a class=\"joomdoclink\" href=\"http:\/\/www.bombersdv.es\/wp-content\/uploads\/sites\/3\/2016\/07\/C15040-LOTE-4-PPTP64.pdf\">Pliego T\u00e9cnico particular LOTE 4 (<span class=\"small\">1.44 MB<\/span>)<\/a><\/li>\n<li><a class=\"joomdoclink\" href=\"http:\/\/www.bombersdv.es\/wp-content\/uploads\/sites\/3\/2016\/07\/C15040-LOTE-4-ANEXO65.pdf\">Anexo Pliego T\u00e9cnico LOTE 4 (<span class=\"small\">1.15 MB<\/span>)<\/a><\/li>\n<li><a class=\"joomdoclink\" href=\"http:\/\/www.bombersdv.es\/wp-content\/uploads\/sites\/3\/2016\/07\/C15040-LOTE-5-PPT63.pdf\">Pliego T\u00e9cnico LOTE 5 (<span class=\"small\">1.53 MB<\/span>)<\/a><\/li>\n<\/ul>\n<p>FIN PLAZO PRESENTACI\u00d3N DE OFERTAS: 11 de noviembre de 2015<\/p>\n<ul>\n<li><a class=\"joomdoclink\" href=\"http:\/\/www.bombersdv.es\/wp-content\/uploads\/sites\/3\/2016\/07\/C15040-CORREC-L379.pdf\">Correcci\u00f3n de error Lote 3 (<span class=\"small\">178.42 kB<\/span>)<\/a> Distribuci\u00f3n precio de licitaci\u00f3n por tipo de veh\u00edculo.<\/li>\n<\/ul>\n<p>Informaci\u00f3n adicional Lote 2:<\/p>\n<p>De acuerdo con los datos facilitados por el Departamento de Recursos Humanos, y tras haberse solicitado esta informaci\u00f3n por empresa interesada, a continuaci\u00f3n se detallan los datos de siniestralidad\u00a0 (datos sobre los expedientes indemnizatorios gestionados)<\/p>\n<p>A\u00f1o 2015 *<\/p>\n<p>N\u00ba siniestros:\u00a0 6\u00a0\u00a0\u00a0\u00a0\u00a0\u00a0\u00a0 Contingencias: 4 de fallecimiento: 1 de Incapacidad Permanente Absoluta y 1 de Incapacidad P. Total.<\/p>\n<p>A\u00f1o 2014:<\/p>\n<p>N\u00ba siniestros 5 Contingencias: 1 de fallecimiento, 4 de invalidez<\/p>\n<p>A\u00f1o 2013:<\/p>\n<p>N\u00ba Siniestros 3 Contingencias: 3 de invalidez<\/p>\n<p>* <em>A\u00f1o 2015, a fecha de emisi\u00f3n de esta informaci\u00f3n 6\/11\/2015<\/em><\/p>\n<h2><strong>EMPRESAS PRESENTADAS:<\/strong><\/h2>\n<p><strong>LOTE 1<\/strong><\/p>\n<p>MAPFRE SEGUROS DE EMPRESAS, C\u00cdA DE SEGUROS Y REASEGUROS, S.A.<\/p>\n<p>SEGURCAIXA ADESLAS, S.A.<\/p>\n<p><strong>LOTE 2<\/strong><\/p>\n<p>SURNE SEGUROS Y PENSIONES<\/p>\n<p>CASER SEGUROS<\/p>\n<p>AXA AURORA VIDA, S.A. DE SEGUROS Y REASEGUROS<\/p>\n<p>GENERALI ESPA\u00d1A, S.A. DE SEGUROS Y REASEGUROS<\/p>\n<p>VIDACAIXA, S.A. DE SEGUROS Y REASEGUROS<\/p>\n<p>ZURICH VIDA C\u00cdA\u00a0 DE SEGUROS Y REASEGUROS, S.AU.<\/p>\n<p><strong>LOTE 3<\/strong><\/p>\n<p>AXA SEGUROS GENERALES, S.A. DE SEGUROS Y REASEGUROS<\/p>\n<p><strong>LOTE 4<\/strong><\/p>\n<p>AXA SEGUROS GENERALES, S.A. DE SEGUROS Y REASEGUROS<\/p>\n<p><strong>LOTE 5<\/strong><\/p>\n<p>AXA SEGUROS GENERALES, S.A. DE SEGUROS Y REASEGUROS<br \/>\n<strong>Apertura sobre n\u00ba3<\/strong> en SESI\u00d3N P\u00daBLICA mi\u00e9rcoles, 9 de diciembre de 2015, a las 9:30h, en la Sala de Sindicatos de la sede del Consorcio Provincial Bomberos Valencia, Camino de Moncada, n\u00ba24. Valencia<\/p>\n<ul>\n<li><a class=\"joomdoclink\" href=\"http:\/\/www.bombersdv.es\/wp-content\/uploads\/sites\/3\/2016\/07\/CLASIFICACION-EXP-C15040PERFIL.pdf\">CLASIFICACION EXP C\/15\/040<\/a><\/li>\n<li><a class=\"joomdoclink\" href=\"http:\/\/www.bombersdv.es\/wp-content\/uploads\/sites\/3\/2016\/07\/C15040NOTADJ-PERFIL210.pdf\">DECRETO DE ADJUDICACI\u00d3N<\/a><\/li>\n<\/ul>\n<\/div><div class=\"fusion-clearfix\"><\/div><\/div><\/div><\/div><\/div>\n","protected":false},"excerpt":{"rendered":"","protected":false},"author":1,"featured_media":0,"parent":15439,"menu_order":0,"comment_status":"closed","ping_status":"closed","template":"","meta":{"footnotes":""},"class_list":["post-15354","page","type-page","status-publish","hentry"],"_links":{"self":[{"href":"https:\/\/www.bombersdv.es\/es\/wp-json\/wp\/v2\/pages\/15354"}],"collection":[{"href":"https:\/\/www.bombersdv.es\/es\/wp-json\/wp\/v2\/pages"}],"about":[{"href":"https:\/\/www.bombersdv.es\/es\/wp-json\/wp\/v2\/types\/page"}],"author":[{"embeddable":true,"href":"https:\/\/www.bombersdv.es\/es\/wp-json\/wp\/v2\/users\/1"}],"replies":[{"embeddable":true,"href":"https:\/\/www.bombersdv.es\/es\/wp-json\/wp\/v2\/comments?post=15354"}],"version-history":[{"count":0,"href":"https:\/\/www.bombersdv.es\/es\/wp-json\/wp\/v2\/pages\/15354\/revisions"}],"up":[{"embeddable":true,"href":"https:\/\/www.bombersdv.es\/es\/wp-json\/wp\/v2\/pages\/15439"}],"wp:attachment":[{"href":"https:\/\/www.bombersdv.es\/es\/wp-json\/wp\/v2\/media?parent=15354"}],"curies":[{"name":"wp","href":"https:\/\/api.w.org\/{rel}","templated":true}]}}