{"id":15361,"date":"2016-07-26T11:57:48","date_gmt":"2016-07-26T11:57:48","guid":{"rendered":"https:\/\/www.bombersdv.es\/es\/perfil-del-contratante\/c15018-redaccion-plan-integrado-de-adaptacion-al-e-n-s-lopd-y-legislacion-infraest-criticas\/"},"modified":"2017-01-24T17:06:47","modified_gmt":"2017-01-24T16:06:47","slug":"c15018-redaccion-plan-integrado-de-adaptacion-al-e-n-s-lopd-y-legislacion-infraest-criticas","status":"publish","type":"page","link":"https:\/\/www.bombersdv.es\/es\/perfil-del-contratante\/contrataciones-anteriores\/procedimientos-finalizados\/c15018-redaccion-plan-integrado-de-adaptacion-al-e-n-s-lopd-y-legislacion-infraest-criticas\/","title":{"rendered":"C\/15\/018 REDACCI\u00d3N PLAN INTEGRADO DE ADAPTACI\u00d3N AL E.N.S, LOPD Y LEGISLACI\u00d3N INFRAEST. CR\u00cdTICAS"},"content":{"rendered":"<div class=\"fusion-fullwidth fullwidth-box fusion-builder-row-1 nonhundred-percent-fullwidth non-hundred-percent-height-scrolling\" style=\"--awb-border-radius-top-left:0px;--awb-border-radius-top-right:0px;--awb-border-radius-bottom-right:0px;--awb-border-radius-bottom-left:0px;--awb-flex-wrap:wrap;\" ><div class=\"fusion-builder-row fusion-row\"><div class=\"fusion-layout-column fusion_builder_column fusion-builder-column-0 fusion_builder_column_1_1 1_1 fusion-one-full fusion-column-first fusion-column-last\" style=\"--awb-bg-size:cover;--awb-margin-bottom:0px;\"><div class=\"fusion-column-wrapper fusion-flex-column-wrapper-legacy\"><div class=\"fusion-text fusion-text-1\"><ul>\n<li><a class=\"joomdoclink\" href=\"http:\/\/www.bombersdv.es\/wp-content\/uploads\/sites\/3\/2016\/07\/C15018PCAPBUENOIII43.pdf\">Pliego de Cl\u00e1usulas Administrativas Particulares (<span class=\"small\">7.99 MB<\/span>)<\/a><\/li>\n<li><a class=\"joomdoclink\" href=\"http:\/\/www.bombersdv.es\/wp-content\/uploads\/sites\/3\/2016\/07\/C15018ANEXOS39.pdf\">Anexos Pliego Administrativo (<span class=\"small\">1.8 MB<\/span>)<\/a><\/li>\n<li><a class=\"joomdoclink\" href=\"http:\/\/www.bombersdv.es\/wp-content\/uploads\/sites\/3\/2016\/07\/C15018PPT40.pdf\">Pliego de Prescripciones T\u00e9cnicas (<span class=\"small\">7.09 MB<\/span>)<\/a><\/li>\n<\/ul>\n<p><strong>Fin plazo presentaci\u00f3n de ofertas:<\/strong> jueves 10 de septiembre de 2015 a las 14 horas<\/p>\n<p><strong>Empresas presentadas:<\/strong><\/p>\n<p>AUREN SERVICIOS TIC VLC, S.L.<\/p>\n<p>&nbsp;<\/p>\n<ul>\n<li><a class=\"joomdoclink\" href=\"http:\/\/www.bombersdv.es\/wp-content\/uploads\/sites\/3\/2016\/07\/decreto-adjudicaci\u00f3n-015018-perfil.pdf\">Decreto Adjudicaci\u00f3n (<span class=\"small\">827.48 kB<\/span>)<\/a><\/li>\n<\/ul>\n<p><strong>Firma del contrato:<\/strong> 23 de octubre de 2015<\/p>\n<\/div><div class=\"fusion-clearfix\"><\/div><\/div><\/div><\/div><\/div>\n","protected":false},"excerpt":{"rendered":"","protected":false},"author":1,"featured_media":0,"parent":15439,"menu_order":0,"comment_status":"closed","ping_status":"closed","template":"","meta":{"footnotes":""},"class_list":["post-15361","page","type-page","status-publish","hentry"],"_links":{"self":[{"href":"https:\/\/www.bombersdv.es\/es\/wp-json\/wp\/v2\/pages\/15361"}],"collection":[{"href":"https:\/\/www.bombersdv.es\/es\/wp-json\/wp\/v2\/pages"}],"about":[{"href":"https:\/\/www.bombersdv.es\/es\/wp-json\/wp\/v2\/types\/page"}],"author":[{"embeddable":true,"href":"https:\/\/www.bombersdv.es\/es\/wp-json\/wp\/v2\/users\/1"}],"replies":[{"embeddable":true,"href":"https:\/\/www.bombersdv.es\/es\/wp-json\/wp\/v2\/comments?post=15361"}],"version-history":[{"count":0,"href":"https:\/\/www.bombersdv.es\/es\/wp-json\/wp\/v2\/pages\/15361\/revisions"}],"up":[{"embeddable":true,"href":"https:\/\/www.bombersdv.es\/es\/wp-json\/wp\/v2\/pages\/15439"}],"wp:attachment":[{"href":"https:\/\/www.bombersdv.es\/es\/wp-json\/wp\/v2\/media?parent=15361"}],"curies":[{"name":"wp","href":"https:\/\/api.w.org\/{rel}","templated":true}]}}