{"id":15439,"date":"2016-07-27T07:16:35","date_gmt":"2016-07-27T07:16:35","guid":{"rendered":"https:\/\/www.bombersdv.es\/es\/perfil-del-contratante\/procedimentos-finalitzados\/"},"modified":"2019-12-12T14:26:39","modified_gmt":"2019-12-12T13:26:39","slug":"procedimientos-finalizados","status":"publish","type":"page","link":"https:\/\/www.bombersdv.es\/es\/perfil-del-contratante\/contrataciones-anteriores\/procedimientos-finalizados\/","title":{"rendered":"Procedimientos finalizados"},"content":{"rendered":"<div class=\"fusion-fullwidth fullwidth-box fusion-builder-row-1 nonhundred-percent-fullwidth non-hundred-percent-height-scrolling\" style=\"--awb-border-radius-top-left:0px;--awb-border-radius-top-right:0px;--awb-border-radius-bottom-right:0px;--awb-border-radius-bottom-left:0px;--awb-flex-wrap:wrap;\" ><div class=\"fusion-builder-row fusion-row\"><div class=\"fusion-layout-column fusion_builder_column fusion-builder-column-0 fusion_builder_column_1_1 1_1 fusion-one-full fusion-column-first fusion-column-last\" style=\"--awb-bg-size:cover;--awb-margin-bottom:0px;\"><div class=\"fusion-column-wrapper fusion-flex-column-wrapper-legacy\"><div class=\"fusion-text fusion-text-1\"><script type='text\/javascript' language='javascript' class='init'> \njQuery(document).ready(function() { \njQuery('#tabla_perfil_contratante').DataTable({ \n'info': true, \n'paging': true, \n'pageLength': 10, \n'pagingType': 'simple', \n'bLengthChange': true, \n'ordering': true, \n'order': [0,'desc'], \n'searching': true, \n} ); \njQuery('#tabla_perfil_contratante_wrapper select').prepend('<option value=10>Seleccionar<\/option>').val('');} ); \n<\/script>\n<div class=\"table-2\">\n<table id=\"tabla_perfil_contratante\" class=\"datatable1\" width=\"100%\">\n<thead>\n<tr>\n<th>T\u00edtol de l&#8217;article<\/th>\n<\/tr>\n<\/thead>\n<tbody>\n<tr>\n<td><a href=\"https:\/\/www.bombersdv.es\/es\/perfil-del-contratante\/c15004-operacion-y-mantenimiento-dispatchers-centro-comunicaciones-consorcio\/\">C\/15\/004 OPERACI\u00d3N Y MANTENIMIENTO DISPATCHERS CENTRO COMUNICACIONES CONSORCIO<\/a><\/td>\n<\/tr>\n<tr>\n<td><a href=\"https:\/\/www.bombersdv.es\/es\/perfil-del-contratante\/c15003-radioenlace-de-los-dispatchers-c-c-c-del-consorcio\/\">C\/15\/003 RADIOENLACE DE LOS DISPATCHERS C.C.C DEL CONSORCIO<\/a><\/td>\n<\/tr>\n<tr>\n<td><a href=\"https:\/\/www.bombersdv.es\/es\/perfil-del-contratante\/contratacion-programada-acuerdo-marco-prendas-vestuario-pliego-tecnico\/\">Contrataci\u00f3n programada. Acuerdo Marco Prendas Vestuario. Pliego T\u00e9cnico<\/a><\/td>\n<\/tr>\n<tr>\n<td><a href=\"https:\/\/www.bombersdv.es\/es\/perfil-del-contratante\/c15017-mantenimiento-de-equipos-informaticos-prioritarios\/\">C\/15\/017 MANTENIMIENTO DE EQUIPOS INFORM\u00c1TICOS PRIORITARIOS<\/a><\/td>\n<\/tr>\n<tr>\n<td><a href=\"https:\/\/www.bombersdv.es\/es\/perfil-del-contratante\/c15001-suministro-mediante-arrendamiento-de-un-programa-informatico-para-la-gestion-de-p-r-l\/\"> C\/15\/001 SUMINISTRO MEDIANTE ARRENDAMIENTO DE UN PROGRAMA INFORM\u00c1TICO PARA LA GESTI\u00d3N DE P.R.L.<\/a><\/td>\n<\/tr>\n<tr>\n<td><a href=\"https:\/\/www.bombersdv.es\/es\/perfil-del-contratante\/c15011-suministro-e-instalacion-de-10-terminales-moviles-de-radiocomunicaciones-tetra\/\">C\/15\/011 SUMINISTRO E INSTALACI\u00d3N DE 10 TERMINALES M\u00d3VILES DE RADIOCOMUNICACIONES TETRA<\/a><\/td>\n<\/tr>\n<tr>\n<td><a href=\"https:\/\/www.bombersdv.es\/es\/perfil-del-contratante\/c15012-servicio-de-soporte-y-actualizacion-de-licencias-de-software-microsoft\/\">C\/15\/012 SERVICIO DE SOPORTE Y ACTUALIZACI\u00d3N DE LICENCIAS DE SOFTWARE MICROSOFT<\/a><\/td>\n<\/tr>\n<tr>\n<td><a href=\"https:\/\/www.bombersdv.es\/es\/perfil-del-contratante\/c15005-servicio-de-desinsectacion-desinfeccion-desratizacion\/\">C\/15\/005 SERVICIO DE DESINSECTACI\u00d3N, DESINFECCI\u00d3N, DESRATIZACI\u00d3N<\/a><\/td>\n<\/tr>\n<tr>\n<td><a href=\"https:\/\/www.bombersdv.es\/es\/perfil-del-contratante\/c15010-equipamiento-y-carrozado-de-5-vehiculos-tipo-upc-nissan-pathfinder\/\">C\/15\/010 EQUIPAMIENTO Y CARROZADO DE 5 VEH\u00cdCULOS TIPO UPC NISSAN PATHFINDER<\/a><\/td>\n<\/tr>\n<tr>\n<td><a href=\"https:\/\/www.bombersdv.es\/es\/perfil-del-contratante\/c14058-mantenimiento-del-software-de-gestion-de-emergencias\/\">C\/14\/058 MANTENIMIENTO DEL SOFTWARE DE GESTI\u00d3N DE EMERGENCIAS<\/a><\/td>\n<\/tr>\n<tr>\n<td><a href=\"https:\/\/www.bombersdv.es\/es\/perfil-del-contratante\/c14060-instalacion-mantenimiento-y-formacion-proyecto-audioactas\/\">C\/14\/060 INSTALACI\u00d3N, MANTENIMIENTO Y FORMACI\u00d3N PROYECTO AUDIOACTAS<\/a><\/td>\n<\/tr>\n<tr>\n<td><a href=\"https:\/\/www.bombersdv.es\/es\/perfil-del-contratante\/c14057-implantacion-de-un-software-de-gestion-patrimonial\/\">C\/14\/057 IMPLANTACI\u00d3N DE UN SOFTWARE DE GESTI\u00d3N PATRIMONIAL<\/a><\/td>\n<\/tr>\n<tr>\n<td><a href=\"https:\/\/www.bombersdv.es\/es\/perfil-del-contratante\/c14061-suministro-de-equipamiento-y-formacion-para-mantenimiento-de-equipos-de-proteccion-resp\/\">C\/14\/061 SUMINISTRO DE EQUIPAMIENTO Y FORMACI\u00d3N PARA MANTENIMIENTO DE EQUIPOS DE PROTECCI\u00d3N RESP.<\/a><\/td>\n<\/tr>\n<tr>\n<td><a href=\"https:\/\/www.bombersdv.es\/es\/perfil-del-contratante\/c14056-carrozado-y-equipamiento-de-5-vehiculos-tipo-upc\/\">C\/14\/056 CARROZADO Y EQUIPAMIENTO DE 5 VEH\u00cdCULOS TIPO UPC<\/a><\/td>\n<\/tr>\n<tr>\n<td><a href=\"https:\/\/www.bombersdv.es\/es\/perfil-del-contratante\/c14052-servicio-de-red-privada-virtual-entre-diversos-centros-de-trabajo\/\">C\/14\/052 SERVICIO DE RED PRIVADA VIRTUAL ENTRE DIVERSOS CENTROS DE TRABAJO<\/a><\/td>\n<\/tr>\n<tr>\n<td><a href=\"https:\/\/www.bombersdv.es\/es\/perfil-del-contratante\/c14043-suministro-de-equipamiento-y-formacion-para-mantenimiento-e-p-r\/\">C\/14\/043 SUMINISTRO DE EQUIPAMIENTO Y FORMACI\u00d3N PARA MANTENIMIENTO E.P.R.<\/a><\/td>\n<\/tr>\n<tr>\n<td><a href=\"https:\/\/www.bombersdv.es\/es\/perfil-del-contratante\/c14036-servicio-inalambrico-de-conectividad-entre-8-sedes-del-consorcio-de-bomberos-de-valencia\/\">C\/14\/036 SERVICIO INAL\u00c1MBRICO DE CONECTIVIDAD ENTRE 8 SEDES DEL CONSORCIO DE BOMBEROS DE VALENCIA<\/a><\/td>\n<\/tr>\n<tr>\n<td><a href=\"https:\/\/www.bombersdv.es\/es\/perfil-del-contratante\/c14027-suministro-y-montaje-de-17-andamios-para-practicas-de-seguridad-vertical\/\">C\/14\/027 SUMINISTRO Y MONTAJE DE 17 ANDAMIOS PARA PR\u00c1CTICAS DE SEGURIDAD VERTICAL<\/a><\/td>\n<\/tr>\n<tr>\n<td><a href=\"https:\/\/www.bombersdv.es\/es\/perfil-del-contratante\/c14030-suministro-de-300-tramos-de-manguera-de-25-mm-y-50-tramos-de-manguera-de-45-mm\/\">C\/14\/030 SUMINISTRO DE 300 TRAMOS DE MANGUERA DE 25 MM Y 50 TRAMOS DE MANGUERA DE 45 MM<\/a><\/td>\n<\/tr>\n<tr>\n<td><a href=\"https:\/\/www.bombersdv.es\/es\/perfil-del-contratante\/c14012-suministro-de-35-ordenadores-fijos-y-portatiles-para-parques-y-oficinas-centrales\/\">C\/14\/012 SUMINISTRO DE 35 ORDENADORES FIJOS Y PORT\u00c1TILES PARA PARQUES Y OFICINAS CENTRALES<\/a><\/td>\n<\/tr>\n<tr>\n<td><a href=\"https:\/\/www.bombersdv.es\/es\/perfil-del-contratante\/c14011-servicio-de-mantenimiento-del-software-de-contabilidad-sicalwin\/\">C\/14\/011 SERVICIO DE MANTENIMIENTO DEL SOFTWARE DE CONTABILIDAD SICALWIN<\/a><\/td>\n<\/tr>\n<tr>\n<td><a href=\"https:\/\/www.bombersdv.es\/es\/perfil-del-contratante\/c14010-servicio-de-mantenimiento-de-equipos-informaticos-hewlett-packard-de-alta-disponibilidad\/\"> C\/14\/010 SERVICIO DE MANTENIMIENTO DE EQUIPOS INFORM\u00c1TICOS HEWLETT-PACKARD DE ALTA DISPONIBILIDAD<\/a><\/td>\n<\/tr>\n<tr>\n<td><a href=\"https:\/\/www.bombersdv.es\/es\/perfil-del-contratante\/c14002-proyecto-de-instalaciones-y-licencia-ambiental-de-la-nueva-sede-central\/\">C\/14\/002 PROYECTO DE INSTALACIONES Y LICENCIA AMBIENTAL DE LA NUEVA SEDE CENTRAL<\/a><\/td>\n<\/tr>\n<tr>\n<td><a href=\"https:\/\/www.bombersdv.es\/es\/perfil-del-contratante\/c14003-proyecto-basico-y-de-ejecucion-y-estudio-de-seguridad-de-la-nueva-sede-central\/\"> C\/14\/003 PROYECTO B\u00c1SICO Y DE EJECUCI\u00d3N Y ESTUDIO DE SEGURIDAD DE LA NUEVA SEDE CENTRAL<\/a><\/td>\n<\/tr>\n<\/tbody>\n<\/table>\n<\/div>\n<\/div><div class=\"fusion-clearfix\"><\/div><\/div><\/div><\/div><\/div>\n","protected":false},"excerpt":{"rendered":"","protected":false},"author":1,"featured_media":0,"parent":40656,"menu_order":0,"comment_status":"closed","ping_status":"closed","template":"","meta":{"footnotes":""},"class_list":["post-15439","page","type-page","status-publish","hentry"],"_links":{"self":[{"href":"https:\/\/www.bombersdv.es\/es\/wp-json\/wp\/v2\/pages\/15439"}],"collection":[{"href":"https:\/\/www.bombersdv.es\/es\/wp-json\/wp\/v2\/pages"}],"about":[{"href":"https:\/\/www.bombersdv.es\/es\/wp-json\/wp\/v2\/types\/page"}],"author":[{"embeddable":true,"href":"https:\/\/www.bombersdv.es\/es\/wp-json\/wp\/v2\/users\/1"}],"replies":[{"embeddable":true,"href":"https:\/\/www.bombersdv.es\/es\/wp-json\/wp\/v2\/comments?post=15439"}],"version-history":[{"count":2,"href":"https:\/\/www.bombersdv.es\/es\/wp-json\/wp\/v2\/pages\/15439\/revisions"}],"predecessor-version":[{"id":49114,"href":"https:\/\/www.bombersdv.es\/es\/wp-json\/wp\/v2\/pages\/15439\/revisions\/49114"}],"up":[{"embeddable":true,"href":"https:\/\/www.bombersdv.es\/es\/wp-json\/wp\/v2\/pages\/40656"}],"wp:attachment":[{"href":"https:\/\/www.bombersdv.es\/es\/wp-json\/wp\/v2\/media?parent=15439"}],"curies":[{"name":"wp","href":"https:\/\/api.w.org\/{rel}","templated":true}]}}