{"id":18476,"date":"2016-10-06T08:11:55","date_gmt":"2016-10-06T07:11:55","guid":{"rendered":"https:\/\/www.bombersdv.es\/es\/?page_id=18476"},"modified":"2021-08-02T12:12:52","modified_gmt":"2021-08-02T10:12:52","slug":"formularios-y-solicitudes","status":"publish","type":"page","link":"https:\/\/www.bombersdv.es\/es\/portal-de-transparencia\/atencion-e-informacion-al-ciudadano\/formularios-y-solicitudes\/","title":{"rendered":"Formularios y solicitudes"},"content":{"rendered":"<div class=\"fusion-fullwidth fullwidth-box fusion-builder-row-1 nonhundred-percent-fullwidth non-hundred-percent-height-scrolling\" style=\"--awb-background-position:left top;--awb-border-sizes-top:0px;--awb-border-sizes-bottom:0px;--awb-border-sizes-left:0px;--awb-border-sizes-right:0px;--awb-border-radius-top-left:0px;--awb-border-radius-top-right:0px;--awb-border-radius-bottom-right:0px;--awb-border-radius-bottom-left:0px;--awb-padding-top:20px;--awb-padding-bottom:20px;--awb-flex-wrap:wrap;\" ><div class=\"fusion-builder-row fusion-row\"><div class=\"fusion-layout-column fusion_builder_column fusion-builder-column-0 fusion_builder_column_1_1 1_1 fusion-one-full fusion-column-first fusion-column-last fusion-column-no-min-height\" style=\"--awb-bg-size:cover;--awb-margin-bottom:0px;\"><div class=\"fusion-column-wrapper fusion-flex-column-wrapper-legacy\"><div class=\"fusion-content-boxes content-boxes columns row fusion-columns-4 fusion-columns-total-4 fusion-content-boxes-1 content-boxes-icon-with-title content-left\" style=\"--awb-title-color:#dd3333;--awb-hover-accent-color:#d32f13;--awb-circle-hover-accent-color:#d32f13;\" data-animationOffset=\"top-into-view\"><div style=\"--awb-backgroundcolor:rgba(255,255,255,0);\" class=\"fusion-column content-box-column content-box-column content-box-column-1 col-lg-3 col-md-3 col-sm-3 fusion-content-box-hover content-box-column-first-in-row\"><div class=\"col content-box-wrapper content-wrapper link-area-link-icon icon-hover-animation-fade\" data-animationOffset=\"top-into-view\"><div class=\"heading icon-left\"><h2 class=\"content-box-heading fusion-responsive-typography-calculated\" style=\"--h2_typography-font-size:18px;--fontSize:18;line-height:1.09;\">Prevenci\u00f3n<\/h2><\/div><div class=\"fusion-clearfix\"><\/div><div class=\"content-container\">Solicitudes de:<\/p>\n<ul>\n<li><a href=\"https:\/\/www.bombersdv.es\/es\/oficina-virtual\/formulario-prevencion-de-fallas\/\"><span class=\"\">Prevenci\u00f3n de Fallas<\/span><\/a><\/li>\n<li><a href=\"https:\/\/www.bombersdv.es\/es\/oficina-virtual\/formulario-de-espectaculos-pirotecnicos\/\"><span class=\"\">Prevenci\u00f3n en Espect\u00e1culos Pirot\u00e9cnicos<\/span><\/a><\/li>\n<li><a href=\"https:\/\/www.bombersdv.es\/es\/oficina-virtual\/formulario-de-actividades-deportivo-culturales\/\"><span class=\"\">Prevenci\u00f3n en Actividades Deportivo-Culturales<\/span><\/a><\/li>\n<li><a href=\"https:\/\/www.bombersdv.es\/es\/oficina-virtual\/formulario-colegios-e-institutos\/\"><span class=\"\">Visitas de Colegios e Institutos<\/span><\/a>\n<ul>\n<li>Autorizaci\u00f3n uso de im\u00e1genes de menores. <a href=\"https:\/\/www.bombersdv.es\/wp-content\/uploads\/sites\/6\/2018\/01\/Autorizacion-fotografias-de-menores-cas.doc\" target=\"_blank\" rel=\"noopener\"><span style=\"color: #0000ff;\">DOC<\/span><\/a> \u00a0 <span style=\"color: #ff0000;\"><a href=\"https:\/\/www.bombersdv.es\/wp-content\/uploads\/sites\/6\/2018\/01\/Autorizacion-fotografias-de-menores-cas.pdf\" target=\"_blank\" rel=\"noopener\">PDF<\/a><\/span><\/li>\n<\/ul>\n<\/li>\n<li><a href=\"https:\/\/www.bombersdv.es\/es\/oficina-virtual\/formulario-de-asistencia-tecnica\/\"><span class=\"\">Asistencia T\u00e9cnica<\/span><\/a><\/li>\n<\/ul>\n<\/div><\/div><\/div><div style=\"--awb-backgroundcolor:rgba(255,255,255,0);\" class=\"fusion-column content-box-column content-box-column content-box-column-2 col-lg-3 col-md-3 col-sm-3 fusion-content-box-hover \"><div class=\"col content-box-wrapper content-wrapper link-area-link-icon icon-hover-animation-fade\" data-animationOffset=\"top-into-view\"><div class=\"heading icon-left\"><h2 class=\"content-box-heading fusion-responsive-typography-calculated\" style=\"--h2_typography-font-size:18px;--fontSize:18;line-height:1.09;\">Recaudaci\u00f3n<\/h2><\/div><div class=\"fusion-clearfix\"><\/div><div class=\"content-container\">Solicitudes relacionadas con el pago de la <strong>tasa por prestaci\u00f3n de servicios de bomberos<\/strong><\/p>\n<ul>\n<li>Aplazamiento\u00a0 <span style=\"color: #ff0000;\"><a style=\"color: #ff0000;\" href=\"https:\/\/www.bombersdv.es\/wp-content\/uploads\/sites\/6\/2016\/10\/Mod-Rec-002-C-Solicitud-Aplazamiento-Tasa-Servicios-Castellano.pdf\" target=\"_blank\" rel=\"noopener\">PDF<\/a><\/span> <span style=\"color: #0000ff;\"><a style=\"color: #0000ff;\" href=\"https:\/\/www.bombersdv.es\/wp-content\/uploads\/sites\/6\/2016\/10\/Mod-Rec-002-C-Solicitud-Aplazamiento-Tasa-Servicios-Castellano.doc\" target=\"_blank\" rel=\"noopener\">DOC<\/a><\/span><\/li>\n<li>Fraccionamiento <span style=\"color: #ff0000;\"><a style=\"color: #ff0000;\" href=\"https:\/\/www.bombersdv.es\/wp-content\/uploads\/sites\/6\/2016\/10\/Mod-Rec-002-C-Solicitud-Aplazamiento-Tasa-Servicios-Castellano.pdf\" target=\"_blank\" rel=\"noopener\">PDF<\/a><\/span> <span style=\"color: #0000ff;\"><a style=\"color: #0000ff;\" href=\"https:\/\/www.bombersdv.es\/wp-content\/uploads\/sites\/6\/2016\/10\/Mod-Rec-002-C-Solicitud-Aplazamiento-Tasa-Servicios-Castellano.doc\" target=\"_blank\" rel=\"noopener\">DOC<\/a><\/span><\/li>\n<li>Exenci\u00f3n <span style=\"color: #ff0000;\"><a style=\"color: #ff0000;\" href=\"https:\/\/www.bombersdv.es\/wp-content\/uploads\/sites\/6\/2016\/10\/Mod-Rec-001-C-Solicitud-exencion-Tasa-Servicios-Castellano.pdf\" target=\"_blank\" rel=\"noopener\">PDF <\/a><\/span><span style=\"color: #0000ff;\"><a style=\"color: #0000ff;\" href=\"https:\/\/www.bombersdv.es\/wp-content\/uploads\/sites\/6\/2016\/10\/Mod-Rec-001-C-Solicitud-exencion-Tasa-Servicios-Castellano.doc\" target=\"_blank\" rel=\"noopener\">DOC<\/a><\/span><\/li>\n<\/ul>\n<\/div><\/div><\/div><div style=\"--awb-backgroundcolor:rgba(255,255,255,0);\" class=\"fusion-column content-box-column content-box-column content-box-column-3 col-lg-3 col-md-3 col-sm-3 fusion-content-box-hover \"><div class=\"col content-box-wrapper content-wrapper link-area-link-icon icon-hover-animation-fade\" data-animationOffset=\"top-into-view\"><div class=\"heading icon-left\"><h2 class=\"content-box-heading fusion-responsive-typography-calculated\" style=\"--h2_typography-font-size:18px;--fontSize:18;line-height:1.09;\">Intervenci\u00f3n\/Contabilidad<\/h2><\/div><div class=\"fusion-clearfix\"><\/div><div class=\"content-container\">\n<p>Solicitudes de:<\/p>\n<ul>\n<li><a href=\"https:\/\/www.bombersdv.es\/wp-content\/uploads\/2021\/08\/INT001_C_TERCEROS.pdf\">Declaraci\u00f3n responsable para el alta o modificaci\u00f3n de datos de terceros<\/a><\/li>\n<\/ul>\n<\/div><\/div><\/div><div style=\"--awb-backgroundcolor:rgba(255,255,255,0);\" class=\"fusion-column content-box-column content-box-column content-box-column-4 col-lg-3 col-md-3 col-sm-3 fusion-content-box-hover content-box-column-last content-box-column-last-in-row\"><div class=\"col content-box-wrapper content-wrapper link-area-link-icon icon-hover-animation-fade\" data-animationOffset=\"top-into-view\"><div class=\"heading icon-left\"><h2 class=\"content-box-heading fusion-responsive-typography-calculated\" style=\"--h2_typography-font-size:18px;--fontSize:18;line-height:1.09;\">Otros Formularios<\/h2><\/div><div class=\"fusion-clearfix\"><\/div><div class=\"content-container\">\n<ul>\n<li>Solicitud de Informe sobre una actuaci\u00f3n del Consorcio <span style=\"color: #ff0000;\"><a style=\"color: #ff0000;\" href=\"https:\/\/www.bombersdv.es\/wp-content\/uploads\/2020\/03\/GAP001_C_INFORME-ACTUACION.pdf\" target=\"_blank\" rel=\"noopener\">PDF<\/a><\/span><\/li>\n<li>Instancia General <span style=\"color: #ff0000;\"><a style=\"color: #ff0000;\" href=\"https:\/\/www.bombersdv.es\/wp-content\/uploads\/2020\/03\/REG001_C_GENERAL.pdf\" target=\"_blank\" rel=\"noopener\">PDF<\/a><\/span><\/li>\n<li>Instancia de Quejas y Sugerencias <span style=\"color: #ff0000;\"><a style=\"color: #ff0000;\" href=\"https:\/\/www.bombersdv.es\/wp-content\/uploads\/2020\/03\/TPC001_C_QUEJAS-Y-SUGERENCIAS.pdf\" target=\"_blank\" rel=\"noopener\">PDF<\/a><\/span><\/li>\n<li>Instancia de Agradecimientos <span style=\"color: #ff0000;\"><a style=\"color: #ff0000;\" href=\"https:\/\/www.bombersdv.es\/wp-content\/uploads\/2020\/03\/TPC002_C_AGRADECIMIENTOS.pdf\" target=\"_blank\" rel=\"noopener\">PDF<\/a><\/span><\/li>\n<\/ul>\n<\/div><\/div><\/div><div class=\"fusion-clearfix\"><\/div><\/div><div class=\"fusion-clearfix\"><\/div><\/div><\/div><\/div><\/div>\n","protected":false},"excerpt":{"rendered":"","protected":false},"author":27,"featured_media":0,"parent":15169,"menu_order":0,"comment_status":"closed","ping_status":"closed","template":"","meta":{"footnotes":""},"class_list":["post-18476","page","type-page","status-publish","hentry"],"_links":{"self":[{"href":"https:\/\/www.bombersdv.es\/es\/wp-json\/wp\/v2\/pages\/18476"}],"collection":[{"href":"https:\/\/www.bombersdv.es\/es\/wp-json\/wp\/v2\/pages"}],"about":[{"href":"https:\/\/www.bombersdv.es\/es\/wp-json\/wp\/v2\/types\/page"}],"author":[{"embeddable":true,"href":"https:\/\/www.bombersdv.es\/es\/wp-json\/wp\/v2\/users\/27"}],"replies":[{"embeddable":true,"href":"https:\/\/www.bombersdv.es\/es\/wp-json\/wp\/v2\/comments?post=18476"}],"version-history":[{"count":4,"href":"https:\/\/www.bombersdv.es\/es\/wp-json\/wp\/v2\/pages\/18476\/revisions"}],"predecessor-version":[{"id":40496,"href":"https:\/\/www.bombersdv.es\/es\/wp-json\/wp\/v2\/pages\/18476\/revisions\/40496"}],"up":[{"embeddable":true,"href":"https:\/\/www.bombersdv.es\/es\/wp-json\/wp\/v2\/pages\/15169"}],"wp:attachment":[{"href":"https:\/\/www.bombersdv.es\/es\/wp-json\/wp\/v2\/media?parent=18476"}],"curies":[{"name":"wp","href":"https:\/\/api.w.org\/{rel}","templated":true}]}}