{"id":20087,"date":"2016-12-15T08:29:55","date_gmt":"2016-12-15T08:29:55","guid":{"rendered":"https:\/\/www.bombersdv.es\/es\/?page_id=20087"},"modified":"2018-10-18T17:42:40","modified_gmt":"2018-10-18T17:42:40","slug":"2016bt005-bolsa-secundaria-puestos-cabo","status":"publish","type":"page","link":"https:\/\/www.bombersdv.es\/es\/oposiciones\/procesos-finalizados\/2016bt005-bolsa-secundaria-puestos-cabo\/","title":{"rendered":"2016\/BT005 Bolsa secundaria puestos cabo"},"content":{"rendered":"<div class=\"fusion-fullwidth fullwidth-box fusion-builder-row-1 nonhundred-percent-fullwidth non-hundred-percent-height-scrolling\" style=\"--awb-background-position:left top;--awb-border-radius-top-left:0px;--awb-border-radius-top-right:0px;--awb-border-radius-bottom-right:0px;--awb-border-radius-bottom-left:0px;--awb-padding-top:20px;--awb-padding-bottom:20px;--awb-border-sizes-top:0px;--awb-border-sizes-bottom:0px;--awb-flex-wrap:wrap;\" ><div class=\"fusion-builder-row fusion-row\"><div class=\"fusion-layout-column fusion_builder_column fusion-builder-column-0 fusion_builder_column_1_1 1_1 fusion-one-full fusion-column-first fusion-column-last fusion-column-no-min-height\" style=\"--awb-bg-size:cover;--awb-margin-bottom:0px;\"><div class=\"fusion-column-wrapper fusion-flex-column-wrapper-legacy\"><div class=\"fusion-title title fusion-title-1 fusion-sep-none fusion-title-text fusion-title-size-two\"><h2 class=\"fusion-title-heading title-heading-left fusion-responsive-typography-calculated\" style=\"margin:0;--fontSize:34;line-height:1.09;\">2016\/BT005 Bolsa secundaria puestos cabo<\/h2><\/div><div class=\"fusion-text fusion-text-1\"><div class=\"table-2\">\n<table width=\"100%\">\n<thead>\n<tr>\n<th>Tr\u00e1mite<\/th>\n<th>Fecha<\/th>\n<th>Documento(s)<\/th>\n<\/tr>\n<\/thead>\n<tbody>\n<tr>\n<td>Decreto creaci\u00f3n bolsa secundaria puestos de cabo<\/td>\n<td>15\/12\/2016<\/td>\n<td><a href=\"https:\/\/www.bombersdv.es\/wp-content\/uploads\/sites\/2\/2016\/10\/Decreto-bolsa-secundaria-cabos.pdf\" target=\"_blank\" rel=\"noopener noreferrer\">Decreto<\/a><\/td>\n<\/tr>\n<tr>\n<td>Bases bolsa secundaria puestos de cabo<\/td>\n<td>15\/12\/2016<\/td>\n<td><a href=\"https:\/\/www.bombersdv.es\/wp-content\/uploads\/2017\/12\/Bases-BOLSA-SECUNDARIA-PROVISION-PUESTO-CABO.pdf\" target=\"_blank\" rel=\"noopener noreferrer\">Bases<\/a><\/td>\n<\/tr>\n<tr>\n<td>Instancia para participar en el proceso<\/td>\n<td>15\/12\/2016<\/td>\n<td><a href=\"https:\/\/www.bombersdv.es\/wp-content\/uploads\/sites\/2\/2016\/10\/ANEXO-I-solicitud-BOLSA-DE-TRABAJO-CABOS.pdf\" target=\"_blank\" rel=\"noopener noreferrer\">Instancia<\/a><\/td>\n<\/tr>\n<tr>\n<td>Anuncio Composici\u00f3n de la Comisi\u00f3n de Valoraci\u00f3n<\/td>\n<td>15\/12\/2016<\/td>\n<td><a href=\"https:\/\/www.bombersdv.es\/wp-content\/uploads\/sites\/2\/2016\/10\/Composici\u00f3n-Comisi\u00f3n-Valoraci\u00f3n-bolsa-secundaria-cabos.pdf\" target=\"_blank\" rel=\"noopener noreferrer\">Anuncio<\/a><\/td>\n<\/tr>\n<tr>\n<td>Decreto anulaci\u00f3n bolsa secundaria puestos de cabo y apertura de nuevo proceso<\/td>\n<td>16\/06\/2017<\/td>\n<td><a href=\"https:\/\/www.bombersdv.es\/wp-content\/uploads\/2017\/12\/2016BT005B_Decreto-Bolsa-secundaria-cabo.pdf\" target=\"_blank\" rel=\"noopener noreferrer\">Decreto<\/a><\/td>\n<\/tr>\n<tr>\n<td>Bases nuevo proceso bolsa secundaria puestos de cabo 2016\/BT005-B<\/td>\n<td>16\/06\/2017<\/td>\n<td><a href=\"https:\/\/www.bombersdv.es\/wp-content\/uploads\/2017\/12\/2016BT005B_BOLSA-SECUNDARIA-PROVISION-PUESTO-CABO-2\u00ba-proceso.pdf\" target=\"_blank\" rel=\"noopener noreferrer\">Nuevas bases<\/a><\/td>\n<\/tr>\n<tr>\n<td>Instancia para participar en el proceso<\/td>\n<td>16\/06\/2017<\/td>\n<td><a href=\"https:\/\/www.bombersdv.es\/wp-content\/uploads\/2017\/12\/2016BT005B_ANEXO-I-solicitud-BOLSA-DE-TRABAJO-CABOS-2\u00ba-Proceso.pdf\" target=\"_blank\" rel=\"noopener noreferrer\">Instancia Proceso 2016\/BT005-B<\/a><\/td>\n<\/tr>\n<tr>\n<td><span style=\"color: #800000\"><strong>IMPORTANTE: Los aspirantes que ya entregaron su instancia en el proceso convocado el d\u00eda 15\/12\/2016\u00a0 y cumplan con los requisitos exigidos en las nuevas bases, deber\u00e1n volver a presentar su solicitud. No obstante, no har\u00e1 falta entregar nuevamente la documentaci\u00f3n aportada junto con la instancia, salvo que se trate de nuevos m\u00e9ritos no alegados en el anterior proceso. Los aspirantes que no entregaron su solicitud en el anterior proceso deber\u00e1n presentar la solicitud, junto con el resto de documentaci\u00f3n que se exige en las bases.<\/strong><\/span><\/td>\n<td><\/td>\n<td><\/td>\n<\/tr>\n<tr>\n<td><span style=\"color: #000000\">Ampliaci\u00f3n del plazo de presentaci\u00f3n de instancias<\/span><\/td>\n<td>26\/06\/2017<\/td>\n<td><a href=\"https:\/\/www.bombersdv.es\/wp-content\/uploads\/2017\/12\/2016BT005-006-Ampliaci\u00f3n-plazo.pdf\" target=\"_blank\" rel=\"noopener\">Decreto<\/a><\/td>\n<\/tr>\n<tr>\n<td><span style=\"color: #000000\">Anuncio Composici\u00f3n de la Comisi\u00f3n de Valoraci\u00f3n<\/span><\/td>\n<td>07\/08\/2017<\/td>\n<td><a href=\"https:\/\/www.bombersdv.es\/wp-content\/uploads\/sites\/2\/2016\/12\/2016BT005_CV-cabo.pdf\" target=\"_blank\" rel=\"noopener\">Anuncio<\/a><\/td>\n<\/tr>\n<tr>\n<td><span style=\"color: #000000\">Anuncio Baremaci\u00f3n de la Comisi\u00f3n de Valoraci\u00f3n<\/span><\/td>\n<td>12\/12\/2017<\/td>\n<td><a href=\"https:\/\/www.bombersdv.es\/wp-content\/uploads\/2017\/12\/BSC2016CAS-1.pdf\" target=\"_blank\" rel=\"noopener\">Anuncio<\/a><\/td>\n<\/tr>\n<\/tbody>\n<tr>\n<td><span style=\"color: #000000\">Anuncio Listado Definitivo Baremaci\u00f3n Bolsa Secundaria de Cabo 2016\/BT005<\/span><\/td>\n<td>28\/12\/2017<\/td>\n<td><a href=\"https:\/\/www.bombersdv.es\/wp-content\/uploads\/2017\/12\/AnuncioFir-BSCABO-DEFIN-28122017.pdf\" target=\"_blank\" rel=\"noopener\">Anuncio<\/a><\/td>\n<\/tr>\n<\/tbody>\n<\/table>\n<\/div>\n<\/div><div class=\"fusion-clearfix\"><\/div><\/div><\/div><\/div><\/div>\n","protected":false},"excerpt":{"rendered":"","protected":false},"author":29,"featured_media":0,"parent":15127,"menu_order":0,"comment_status":"closed","ping_status":"closed","template":"","meta":{"footnotes":""},"class_list":["post-20087","page","type-page","status-publish","hentry"],"_links":{"self":[{"href":"https:\/\/www.bombersdv.es\/es\/wp-json\/wp\/v2\/pages\/20087"}],"collection":[{"href":"https:\/\/www.bombersdv.es\/es\/wp-json\/wp\/v2\/pages"}],"about":[{"href":"https:\/\/www.bombersdv.es\/es\/wp-json\/wp\/v2\/types\/page"}],"author":[{"embeddable":true,"href":"https:\/\/www.bombersdv.es\/es\/wp-json\/wp\/v2\/users\/29"}],"replies":[{"embeddable":true,"href":"https:\/\/www.bombersdv.es\/es\/wp-json\/wp\/v2\/comments?post=20087"}],"version-history":[{"count":1,"href":"https:\/\/www.bombersdv.es\/es\/wp-json\/wp\/v2\/pages\/20087\/revisions"}],"predecessor-version":[{"id":40555,"href":"https:\/\/www.bombersdv.es\/es\/wp-json\/wp\/v2\/pages\/20087\/revisions\/40555"}],"up":[{"embeddable":true,"href":"https:\/\/www.bombersdv.es\/es\/wp-json\/wp\/v2\/pages\/15127"}],"wp:attachment":[{"href":"https:\/\/www.bombersdv.es\/es\/wp-json\/wp\/v2\/media?parent=20087"}],"curies":[{"name":"wp","href":"https:\/\/api.w.org\/{rel}","templated":true}]}}