{"id":20097,"date":"2016-12-15T09:19:38","date_gmt":"2016-12-15T09:19:38","guid":{"rendered":"https:\/\/www.bombersdv.es\/es\/2016bt006-bolsa-secundaria-puestos-sargento\/"},"modified":"2018-10-18T17:42:46","modified_gmt":"2018-10-18T17:42:46","slug":"2016bt006-bolsa-secundaria-puestos-sargento","status":"publish","type":"page","link":"https:\/\/www.bombersdv.es\/es\/oposiciones\/procesos-finalizados\/2016bt006-bolsa-secundaria-puestos-sargento\/","title":{"rendered":"2016\/BT006 Bolsa secundaria puestos sargento"},"content":{"rendered":"<p><div class=\"fusion-fullwidth fullwidth-box fusion-builder-row-1 nonhundred-percent-fullwidth non-hundred-percent-height-scrolling\" style=\"--awb-background-position:left top;--awb-border-radius-top-left:0px;--awb-border-radius-top-right:0px;--awb-border-radius-bottom-right:0px;--awb-border-radius-bottom-left:0px;--awb-padding-top:20px;--awb-padding-bottom:20px;--awb-border-sizes-top:0px;--awb-border-sizes-bottom:0px;--awb-flex-wrap:wrap;\" ><div class=\"fusion-builder-row fusion-row\"><\/div><\/div><div class=\"fusion-fullwidth fullwidth-box fusion-builder-row-2 hundred-percent-fullwidth non-hundred-percent-height-scrolling\" style=\"--awb-border-radius-top-left:0px;--awb-border-radius-top-right:0px;--awb-border-radius-bottom-right:0px;--awb-border-radius-bottom-left:0px;--awb-overflow:visible;--awb-flex-wrap:wrap;\" ><div class=\"fusion-builder-row fusion-row\"><div class=\"fusion-layout-column fusion_builder_column fusion-builder-column-0 fusion_builder_column_1_1 1_1 fusion-one-full fusion-column-first fusion-column-last fusion-column-no-min-height\" style=\"--awb-bg-size:cover;--awb-margin-bottom:0px;\"><div class=\"fusion-column-wrapper fusion-flex-column-wrapper-legacy\"><div class=\"fusion-title title fusion-title-1 fusion-sep-none fusion-title-text fusion-title-size-two\"><h2 class=\"fusion-title-heading title-heading-left fusion-responsive-typography-calculated\" style=\"margin:0;--fontSize:34;line-height:1.09;\">2016\/BT005 Bolsa secundaria puestos sargento<\/h2><\/div><div class=\"fusion-text fusion-text-1\"><div class=\"fusion-text fusion-text-1\"><\/div>\n<div class=\"table-2\">\n<p>&#8221; target=&#8221;_blank&#8221; rel=&#8221;noopener&#8221;&gt;Anuncio<\/p>\n<table style=\"height: 475px\" width=\"1019\">\n<thead>\n<tr>\n<th>Tr\u00e1mite<\/th>\n<th>Fecha<\/th>\n<th>Documento(s)<\/th>\n<\/tr>\n<\/thead>\n<tbody>\n<tr>\n<td>Decreto creaci\u00f3n bolsa secundaria puestos de sargento<\/td>\n<td>15\/12\/2016<\/td>\n<td><a href=\"https:\/\/www.bombersdv.es\/wp-content\/uploads\/2017\/10\/Decreto-Bolsa-secundaria-Sargento.pdf\" target=\"_blank\" rel=\"noopener noreferrer\">Decreto<\/a><\/td>\n<\/tr>\n<tr>\n<td>Bases bolsa secundaria puestos de sargento<\/td>\n<td>15\/12\/2016<\/td>\n<td><a href=\"https:\/\/www.bombersdv.es\/wp-content\/uploads\/2017\/10\/Bases-BOLSA-SECUNDARIA-PROVISION-PUESTO-SARGENTO.pdf\" target=\"_blank\" rel=\"noopener noreferrer\">Bases<\/a><\/td>\n<\/tr>\n<tr>\n<td>Instancia para participar en el proceso<\/td>\n<td>15\/12\/2016<\/td>\n<td><a href=\"https:\/\/www.bombersdv.es\/wp-content\/uploads\/2017\/10\/ANEXO-I-solicitud-BOLSA-DE-TRABAJO-SARGENTO.pdf\" target=\"_blank\" rel=\"noopener noreferrer\">Instancia<\/a><\/td>\n<\/tr>\n<tr>\n<td>Anuncio Composici\u00f3n de la Comisi\u00f3n de Valoraci\u00f3n<\/td>\n<td>15\/12\/2016<\/td>\n<td><a href=\"https:\/\/www.bombersdv.es\/wp-content\/uploads\/2017\/10\/Composici\u00f3n-Comisi\u00f3n-Valoraci\u00f3n-bolsa-secundaria-sargento.pdf\" target=\"_blank\" rel=\"noopener noreferrer\">Anuncio<\/a><\/td>\n<\/tr>\n<tr>\n<td>Decreto anulaci\u00f3n bolsa secundaria puestos de sargento y apertura de nuevo proceso<\/td>\n<td>16\/06\/2017<\/td>\n<td><a href=\"https:\/\/www.bombersdv.es\/wp-content\/uploads\/sites\/2\/2016\/12\/2016BT006B_Decreto-Bolsa-secundaria-sargento.pdf\" target=\"_blank\" rel=\"noopener noreferrer\">Decreto<\/a><\/td>\n<\/tr>\n<tr>\n<td>Bases nuevo proceso bolsa secundaria puestos de sargento 2016\/BT006-B<\/td>\n<td>16\/06\/2017<\/td>\n<td><a href=\"https:\/\/www.bombersdv.es\/wp-content\/uploads\/2017\/10\/2016BT006B_BOLSA-SECUNDARIA-PROVISION-PUESTO-SARGENTO-2\u00ba-proceso.pdf\" target=\"_blank\" rel=\"noopener noreferrer\">Nuevas bases<\/a><\/td>\n<\/tr>\n<tr>\n<td>Instancia para participar en el proceso<\/td>\n<td>16\/06\/2017<\/td>\n<td><a href=\"https:\/\/www.bombersdv.es\/wp-content\/uploads\/sites\/2\/2016\/12\/2016BT006B_ANEXO-I-solicitud-BOLSA-DE-TRABAJO-SARGENTO-2\u00ba-proceso.pdf\" target=\"_blank\" rel=\"noopener noreferrer\">Instancia Proceso 2016\/BT006-B<\/a><\/td>\n<\/tr>\n<tr>\n<td><span style=\"color: #800000\"><strong>IMPORTANTE: Los aspirantes que ya entregaron su instancia en el proceso convocado el d\u00eda 15\/12\/2016\u00a0 y cumplan con los requisitos exigidos en las nuevas bases, deber\u00e1n volver a presentar su solicitud. No obstante, no har\u00e1 falta entregar nuevamente la documentaci\u00f3n aportada junto con la instancia, salvo que se trate de nuevos m\u00e9ritos no alegados en el anterior proceso. Los aspirantes que no entregaron su solicitud en el anterior proceso deber\u00e1n presentar la solicitud, junto con el resto de documentaci\u00f3n que se exige en las bases.<\/strong><\/span><\/td>\n<td><\/td>\n<td><\/td>\n<\/tr>\n<tr>\n<td><span style=\"color: #000000\">Ampliaci\u00f3n del plazo de presentaci\u00f3n de instancias<br \/>\n<\/span><\/td>\n<td>26\/06\/2017<\/td>\n<td><a href=\"https:\/\/www.bombersdv.es\/wp-content\/uploads\/sites\/2\/2016\/12\/2016BT005-006-Ampliaci\u00f3n-plazo.pdf\" target=\"_blank\" rel=\"noopener\">Decreto<\/a><\/td>\n<\/tr>\n<tr>\n<td><span style=\"color: #000000\">Anuncio Composici\u00f3n de la Comisi\u00f3n de Valoraci\u00f3n<\/span><\/td>\n<td>07\/08\/2017<\/td>\n<td><a href=\"https:\/\/www.bombersdv.es\/wp-content\/uploads\/2017\/10\/2016BT006_CV-Sargento.pdf\" target=\"_blank\" rel=\"noopener\">Anuncio<\/a><\/td>\n<\/tr>\n<tr>\n<td><span style=\"color: #000000\">Anuncio del Tribunal de la Comisi\u00f3n. Valoraci\u00f3n de M\u00e9ritos Bolsa Secundaria Sargentos.<\/span><\/td>\n<td>28\/09\/2017<\/td>\n<td><a href=\"https:\/\/www.bombersdv.es\/wp-content\/uploads\/2017\/10\/Anuncio-BSSG-28.09.2017_firmado.pdf\" target=\"_blank\" rel=\"noopener\">Anuncio<\/a><\/td>\n<\/tr>\n<tr>\n<td><span style=\"color: #000000\">Anuncio del Tribunal de la Comisi\u00f3n. Valoraci\u00f3n de Meritos Bolsa Secundaria Sargentos.<\/span><\/td>\n<td>25\/10\/2017<\/td>\n<td><a href=\"https:\/\/www.bombersdv.es\/wp-content\/uploads\/sites\/2\/2016\/12\/Anunci.pdf\" target=\"_blank\" rel=\"noopener\">Anuncio 17.10.2017<\/a><\/td>\n<\/tr>\n<\/tbody>\n<\/table>\n<\/div>\n<\/div><div class=\"fusion-clearfix\"><\/div><\/div><\/div><\/div><\/div><\/p>\n","protected":false},"excerpt":{"rendered":"","protected":false},"author":29,"featured_media":0,"parent":15127,"menu_order":0,"comment_status":"closed","ping_status":"closed","template":"","meta":{"footnotes":""},"class_list":["post-20097","page","type-page","status-publish","hentry"],"_links":{"self":[{"href":"https:\/\/www.bombersdv.es\/es\/wp-json\/wp\/v2\/pages\/20097"}],"collection":[{"href":"https:\/\/www.bombersdv.es\/es\/wp-json\/wp\/v2\/pages"}],"about":[{"href":"https:\/\/www.bombersdv.es\/es\/wp-json\/wp\/v2\/types\/page"}],"author":[{"embeddable":true,"href":"https:\/\/www.bombersdv.es\/es\/wp-json\/wp\/v2\/users\/29"}],"replies":[{"embeddable":true,"href":"https:\/\/www.bombersdv.es\/es\/wp-json\/wp\/v2\/comments?post=20097"}],"version-history":[{"count":1,"href":"https:\/\/www.bombersdv.es\/es\/wp-json\/wp\/v2\/pages\/20097\/revisions"}],"predecessor-version":[{"id":40556,"href":"https:\/\/www.bombersdv.es\/es\/wp-json\/wp\/v2\/pages\/20097\/revisions\/40556"}],"up":[{"embeddable":true,"href":"https:\/\/www.bombersdv.es\/es\/wp-json\/wp\/v2\/pages\/15127"}],"wp:attachment":[{"href":"https:\/\/www.bombersdv.es\/es\/wp-json\/wp\/v2\/media?parent=20097"}],"curies":[{"name":"wp","href":"https:\/\/api.w.org\/{rel}","templated":true}]}}