{"id":20146,"date":"2016-12-15T11:21:08","date_gmt":"2016-12-15T11:21:08","guid":{"rendered":"https:\/\/www.bombersdv.es\/es\/2016bt007-bolsa-secundaria-puestos-sargento-coordinador-de-medios\/"},"modified":"2018-10-18T17:29:32","modified_gmt":"2018-10-18T17:29:32","slug":"2016bt007-bolsa-secundaria-puestos-sargento-coordinador-de-medios","status":"publish","type":"page","link":"https:\/\/www.bombersdv.es\/es\/oposiciones\/procesos-finalizados\/2016bt007-bolsa-secundaria-puestos-sargento-coordinador-de-medios\/","title":{"rendered":"2016\/BT007 Bolsa secundaria puestos sargento coordinador de medios"},"content":{"rendered":"<div class=\"fusion-fullwidth fullwidth-box fusion-builder-row-1 nonhundred-percent-fullwidth non-hundred-percent-height-scrolling\" style=\"--awb-background-position:left top;--awb-border-radius-top-left:0px;--awb-border-radius-top-right:0px;--awb-border-radius-bottom-right:0px;--awb-border-radius-bottom-left:0px;--awb-padding-top:20px;--awb-padding-bottom:20px;--awb-border-sizes-top:0px;--awb-border-sizes-bottom:0px;--awb-flex-wrap:wrap;\" ><div class=\"fusion-builder-row fusion-row\"><div class=\"fusion-layout-column fusion_builder_column fusion-builder-column-0 fusion_builder_column_1_1 1_1 fusion-one-full fusion-column-first fusion-column-last fusion-column-no-min-height\" style=\"--awb-bg-size:cover;--awb-margin-bottom:0px;\"><div class=\"fusion-column-wrapper fusion-flex-column-wrapper-legacy\"><div class=\"fusion-title title fusion-title-1 fusion-sep-none fusion-title-text fusion-title-size-two\"><h2 class=\"fusion-title-heading title-heading-left fusion-responsive-typography-calculated\" style=\"margin:0;--fontSize:34;line-height:1.09;\">2016\/BT007 Bolsa secundaria puestos sargento coordinador de medios<\/h2><\/div><div class=\"fusion-text fusion-text-1\"><div class=\"table-2\">\n<table width=\"100%\">\n<thead>\n<tr>\n<th>Tr\u00e1mite<\/th>\n<th>Fecha<\/th>\n<th>Documento(s)<\/th>\n<\/tr>\n<\/thead>\n<tbody>\n<tr>\n<td>Decreto creaci\u00f3n bolsa secundaria puestos de coordinador de medios<\/td>\n<td>15\/12\/2016<\/td>\n<td><a href=\"https:\/\/www.bombersdv.es\/wp-content\/uploads\/2016\/12\/Decreto-bolsa-secundaria-sargento-coordinador.pdf\" target=\"_blank\" rel=\"noopener\">Decreto<\/a><\/td>\n<\/tr>\n<tr>\n<td>Bases bolsa secundaria puestos de coordinador de medios<\/td>\n<td>15\/12\/2016<\/td>\n<td><a href=\"https:\/\/www.bombersdv.es\/wp-content\/uploads\/2016\/12\/Bases-BOLSA-SECUNDARIA-PROVISION-PUESTO-COORDINADOR-DE-MEDIOS.pdf\" target=\"_blank\" rel=\"noopener\">Bases<\/a><\/td>\n<\/tr>\n<tr>\n<td>Instancia para participar en el proceso<\/td>\n<td>15\/12\/2016<\/td>\n<td><a href=\"https:\/\/www.bombersdv.es\/wp-content\/uploads\/2016\/12\/ANEXO-I-solicitud-BOLSA-DE-TRABAJO-COORDINADOR-DE-MEDIOS.pdf\" target=\"_blank\" rel=\"noopener\">Instancia<\/a><\/td>\n<\/tr>\n<tr>\n<td>Anuncio Composici\u00f3n de la Comisi\u00f3n de Valoraci\u00f3n<\/td>\n<td>15\/12\/2016<\/td>\n<td><a href=\"https:\/\/www.bombersdv.es\/wp-content\/uploads\/2016\/12\/Composici\u00f3n-Comisi\u00f3n-Valoraci\u00f3n-bolsa-secundaria-sargento-coordinador.pdf\" target=\"_blank\" rel=\"noopener\">Anuncio<\/a><\/td>\n<\/tr>\n<\/tbody>\n<\/table>\n<\/div>\n<\/div><div class=\"fusion-clearfix\"><\/div><\/div><\/div><\/div><\/div>\n","protected":false},"excerpt":{"rendered":"","protected":false},"author":29,"featured_media":0,"parent":15127,"menu_order":0,"comment_status":"closed","ping_status":"closed","template":"","meta":{"footnotes":""},"class_list":["post-20146","page","type-page","status-publish","hentry"],"_links":{"self":[{"href":"https:\/\/www.bombersdv.es\/es\/wp-json\/wp\/v2\/pages\/20146"}],"collection":[{"href":"https:\/\/www.bombersdv.es\/es\/wp-json\/wp\/v2\/pages"}],"about":[{"href":"https:\/\/www.bombersdv.es\/es\/wp-json\/wp\/v2\/types\/page"}],"author":[{"embeddable":true,"href":"https:\/\/www.bombersdv.es\/es\/wp-json\/wp\/v2\/users\/29"}],"replies":[{"embeddable":true,"href":"https:\/\/www.bombersdv.es\/es\/wp-json\/wp\/v2\/comments?post=20146"}],"version-history":[{"count":1,"href":"https:\/\/www.bombersdv.es\/es\/wp-json\/wp\/v2\/pages\/20146\/revisions"}],"predecessor-version":[{"id":40541,"href":"https:\/\/www.bombersdv.es\/es\/wp-json\/wp\/v2\/pages\/20146\/revisions\/40541"}],"up":[{"embeddable":true,"href":"https:\/\/www.bombersdv.es\/es\/wp-json\/wp\/v2\/pages\/15127"}],"wp:attachment":[{"href":"https:\/\/www.bombersdv.es\/es\/wp-json\/wp\/v2\/media?parent=20146"}],"curies":[{"name":"wp","href":"https:\/\/api.w.org\/{rel}","templated":true}]}}