{"id":21655,"date":"2017-02-01T07:40:47","date_gmt":"2017-02-01T07:40:47","guid":{"rendered":"https:\/\/www.bombersdv.es\/oposiciones\/proceso-bomberocp001-concurso-de-traslados-edicion-2016\/"},"modified":"2017-02-01T07:40:47","modified_gmt":"2017-02-01T07:40:47","slug":"proceso-bomberocp001-concurso-de-traslados-edicion-2016","status":"publish","type":"page","link":"https:\/\/www.bombersdv.es\/es\/oposiciones\/procesos-finalizados\/proceso-bomberocp001-concurso-de-traslados-edicion-2016\/","title":{"rendered":"Proceso BOMBERO\/CP001: Concurso de Traslados Edici\u00f3n 2016"},"content":{"rendered":"<div class=\"fusion-fullwidth fullwidth-box fusion-builder-row-1 nonhundred-percent-fullwidth non-hundred-percent-height-scrolling\" style=\"--awb-background-position:left top;--awb-border-radius-top-left:0px;--awb-border-radius-top-right:0px;--awb-border-radius-bottom-right:0px;--awb-border-radius-bottom-left:0px;--awb-padding-top:20px;--awb-padding-bottom:20px;--awb-border-sizes-top:0px;--awb-border-sizes-bottom:0px;--awb-flex-wrap:wrap;\" ><div class=\"fusion-builder-row fusion-row\"><div class=\"fusion-layout-column fusion_builder_column fusion-builder-column-0 fusion_builder_column_1_1 1_1 fusion-one-full fusion-column-first fusion-column-last fusion-column-no-min-height\" style=\"--awb-bg-size:cover;--awb-margin-bottom:0px;\"><div class=\"fusion-column-wrapper fusion-flex-column-wrapper-legacy\"><div class=\"fusion-title title fusion-title-1 fusion-sep-none fusion-title-text fusion-title-size-two\"><h2 class=\"fusion-title-heading title-heading-left fusion-responsive-typography-calculated\" style=\"margin:0;--fontSize:34;line-height:1.09;\">Proceso BOMBERO\/CP001: Concurso de Traslados<\/h2><\/div><div class=\"fusion-text fusion-text-1\"><div class=\"table-2\">\n<table width=\"100%\">\n<thead>\n<tr>\n<th>Tr\u00e1mite<\/th>\n<th>Fecha<\/th>\n<th>Documento(s)<\/th>\n<\/tr>\n<\/thead>\n<tbody>\n<tr>\n<td>Bases<\/td>\n<td>24\/12\/2015<\/td>\n<td><a href=\"https:\/\/bop.dival.es\/bop\/drvisapi.dll?LO=00000001a6b7c8d9000000050000003c00000819434d3f4e000000000001000000000000000000000000000000000000000000000000000000000000000000000000000000000000&amp;type=application\/pdf\" target=\"_blank\">BOP Valencia<\/a><\/td>\n<\/tr>\n<tr>\n<td>Extracto de Criterios de Valoraci\u00f3n de los cursos<\/td>\n<td>21\/03\/2016<\/td>\n<td><a href=\"http:\/\/www.bombersdv.es\/wp-content\/uploads\/sites\/2\/2016\/07\/BomberoCP001_ExtractoValCursos.pdf\" target=\"_blank\">Documento<\/a><\/td>\n<\/tr>\n<tr>\n<td>Anuncio<\/td>\n<td>20\/09\/2016<\/td>\n<td><a href=\"http:\/\/www.bombersdv.es\/wp-content\/uploads\/sites\/2\/2016\/07\/Concurso-traslados-bomberoCP001.pdf\" target=\"_blank\">Anuncio<\/a><\/td>\n<\/tr>\n<tr>\n<td>Anuncio apertura presentaci\u00f3n instancias segunda edici\u00f3n<\/td>\n<td>03\/10\/2016<\/td>\n<td><a href=\"https:\/\/www.bombersdv.es\/wp-content\/uploads\/sites\/2\/2016\/07\/Anuncio-inicio-2\u00aa-edici\u00f3n-BOMB.signed.pdf\" target=\"_blank\">Anuncio<\/a><\/td>\n<\/tr>\n<tr>\n<td>Instancia<\/td>\n<td>06\/10\/2016<\/td>\n<td>\n<p><a href=\"https:\/\/www.bombersdv.es\/wp-content\/uploads\/sites\/2\/2016\/07\/3.-Inst\u00e0ncia-Concurs-Bomber.pdf\" target=\"_blank\">Instancia<\/a><\/p>\n<p><a href=\"https:\/\/www.bombersdv.es\/wp-content\/uploads\/sites\/2\/2016\/07\/4.-AUTOBAREMACI\u00d3.pdf\" target=\"_blank\">Autobaremaci\u00f3n<\/a><\/td>\n<\/tr>\n<tr>\n<td style=\"text-align: justify\"><span style=\"color: #800000\"><strong>Las renuncias a las solicitudes de participaci\u00f3n en el concurso de traslados se podr\u00e1n formalizar por Registro General hasta el d\u00eda anterior a la fecha en que se re\u00fana el \u00f3rgano t\u00e9cnico de selecci\u00f3n, seg\u00fan se establece en las bases que regulan el presente proceso selectivo.<br \/>\n<\/strong><\/span><\/td>\n<td><\/td>\n<td><\/td>\n<\/tr>\n<tr>\n<td><span style=\"color: #000000\">Lista definitiva de admitidos<\/span><\/td>\n<td>30\/11\/2016<\/td>\n<td><a href=\"https:\/\/www.bombersdv.es\/wp-content\/uploads\/sites\/2\/2016\/07\/Listas-definitivas-concurso-bomberos.pdf\" target=\"_blank\">Lista definitiva<\/a><\/td>\n<\/tr>\n<tr>\n<td><span style=\"color: #000000\">Comisi\u00f3n de Valoraci\u00f3n<\/span><\/td>\n<td>30\/11\/2016<\/td>\n<td><a href=\"https:\/\/www.bombersdv.es\/wp-content\/uploads\/sites\/2\/2016\/07\/Comisi\u00f3n-Valoraci\u00f3n-concurso-bomberos.pdf\" target=\"_blank\">Anuncio<\/a><\/td>\n<\/tr>\n<tr>\n<td><span style=\"color: #000000\">Lista puntuaciones de los aspirantes tras la baremaci\u00f3n de m\u00e9ritos<\/span><\/td>\n<td>14\/12\/2016<\/td>\n<td>\n<p><a href=\"https:\/\/www.bombersdv.es\/wp-content\/uploads\/sites\/2\/2016\/10\/Anuncio-Valoraci\u00f3n-m\u00e9ritos.signed.pdf\" target=\"_blank\">Anuncio<\/a><\/p>\n<p><a href=\"https:\/\/www.bombersdv.es\/wp-content\/uploads\/sites\/2\/2016\/10\/Puntuaciones-concurso-bomberos.pdf\" target=\"_blank\">Anexo<\/a><\/td>\n<\/tr>\n<tr>\n<td><span style=\"color: #000000\">Propuesta de adjudicaci\u00f3n de destinos tras la resoluci\u00f3n del concurso de traslados<\/span><\/td>\n<td>27\/12\/2016<\/td>\n<td>\n<p><a href=\"https:\/\/www.bombersdv.es\/wp-content\/uploads\/sites\/2\/2017\/01\/Anuncio-Adjudicaci\u00f3n-Destinos.signed.pdf\" target=\"_blank\">Anuncio<\/a><\/p>\n<p><a href=\"https:\/\/www.bombersdv.es\/wp-content\/uploads\/sites\/2\/2017\/01\/Adjudicaciones-concurso-traslados.signed.pdf\" target=\"_blank\">Destinos<\/a><\/td>\n<\/tr>\n<tr>\n<td><span style=\"color: #000000\">Rectificaci\u00f3n adjudicaci\u00f3n de destinos<\/span><\/td>\n<td>28\/12\/2016<\/td>\n<td>\n<p><a href=\"https:\/\/www.bombersdv.es\/wp-content\/uploads\/sites\/2\/2017\/01\/Rectificaci\u00f3n-anuncio-Adjudicaci\u00f3n-Destinos.pdf\" target=\"_blank\">Rectificaci\u00f3n anuncio<\/a><\/p>\n<p><a href=\"https:\/\/www.bombersdv.es\/wp-content\/uploads\/sites\/2\/2017\/01\/Adjudicaciones-definitivas-rectificadas.signed.pdf\" target=\"_blank\">Rectificaci\u00f3n adjudicaciones<\/a><\/td>\n<\/tr>\n<tr>\n<td><span style=\"color: #000000\">Decreto n\u00fam. 1378 de la Presidencia-Delegada resolviendo el concurso<\/span><\/td>\n<td>30\/12\/2016<\/td>\n<td><a href=\"https:\/\/www.bombersdv.es\/wp-content\/uploads\/sites\/2\/2017\/01\/Decreto-Concurso-Traslados-Bombero.pdf\" target=\"_blank\">Decreto<\/a><\/td>\n<\/tr>\n<\/tbody>\n<\/table>\n<\/div>\n<\/div><div class=\"fusion-clearfix\"><\/div><\/div><\/div><\/div><\/div>\n","protected":false},"excerpt":{"rendered":"","protected":false},"author":29,"featured_media":0,"parent":15127,"menu_order":0,"comment_status":"closed","ping_status":"closed","template":"","meta":{"footnotes":""},"class_list":["post-21655","page","type-page","status-publish","hentry"],"_links":{"self":[{"href":"https:\/\/www.bombersdv.es\/es\/wp-json\/wp\/v2\/pages\/21655"}],"collection":[{"href":"https:\/\/www.bombersdv.es\/es\/wp-json\/wp\/v2\/pages"}],"about":[{"href":"https:\/\/www.bombersdv.es\/es\/wp-json\/wp\/v2\/types\/page"}],"author":[{"embeddable":true,"href":"https:\/\/www.bombersdv.es\/es\/wp-json\/wp\/v2\/users\/29"}],"replies":[{"embeddable":true,"href":"https:\/\/www.bombersdv.es\/es\/wp-json\/wp\/v2\/comments?post=21655"}],"version-history":[{"count":0,"href":"https:\/\/www.bombersdv.es\/es\/wp-json\/wp\/v2\/pages\/21655\/revisions"}],"up":[{"embeddable":true,"href":"https:\/\/www.bombersdv.es\/es\/wp-json\/wp\/v2\/pages\/15127"}],"wp:attachment":[{"href":"https:\/\/www.bombersdv.es\/es\/wp-json\/wp\/v2\/media?parent=21655"}],"curies":[{"name":"wp","href":"https:\/\/api.w.org\/{rel}","templated":true}]}}