{"id":24308,"date":"2017-04-03T10:11:15","date_gmt":"2017-04-03T10:11:15","guid":{"rendered":"https:\/\/www.bombersdv.es\/2017bt001-bolsa-grupo-especial-de-rescate-en-altura-gera\/"},"modified":"2018-10-18T18:29:33","modified_gmt":"2018-10-18T18:29:33","slug":"2017bt001-bolsa-grupo-especial-de-rescate-en-altura-gera","status":"publish","type":"page","link":"https:\/\/www.bombersdv.es\/es\/oposiciones\/procesos-finalizados\/2017bt001-bolsa-grupo-especial-de-rescate-en-altura-gera\/","title":{"rendered":"2017\/BT001 Bolsa Grupo Especial de Rescate en Altura (GERA)"},"content":{"rendered":"<p><div class=\"fusion-fullwidth fullwidth-box fusion-builder-row-1 nonhundred-percent-fullwidth non-hundred-percent-height-scrolling\" style=\"--awb-background-position:left top;--awb-border-radius-top-left:0px;--awb-border-radius-top-right:0px;--awb-border-radius-bottom-right:0px;--awb-border-radius-bottom-left:0px;--awb-padding-top:20px;--awb-padding-bottom:20px;--awb-border-sizes-top:0px;--awb-border-sizes-bottom:0px;--awb-flex-wrap:wrap;\" ><\/div><div class=\"fusion-builder-row fusion-row\"><\/div><div class=\"fusion-layout-column fusion_builder_column fusion-builder-column-0 fusion_builder_column_1_1 1_1 fusion-one-full fusion-column-first fusion-column-last fusion-column-no-min-height\" style=\"--awb-bg-size:cover;--awb-margin-bottom:0px;width:100%;\"><div class=\"fusion-column-wrapper fusion-flex-column-wrapper-legacy\"><div class=\"fusion-clearfix\"><\/div><\/div><\/div><div class=\"fusion-title title fusion-title-1 fusion-sep-none fusion-title-text fusion-title-size-two\"><h2 class=\"fusion-title-heading title-heading-left fusion-responsive-typography-calculated\" style=\"margin:0;--fontSize:34;line-height:1.09;\">2017\/BT001 Bolsa Grupo Especial de Rescate en Altura (GERA)<\/h2><\/div><div class=\"fusion-text fusion-text-1\"><\/div><\/p>\n<div class=\"table-2\">\n<table width=\"100%\">\n<thead>\n<tr>\n<th>Tr\u00e1mite<\/th>\n<th>Fecha<\/th>\n<th>Documento(s)<\/th>\n<\/tr>\n<\/thead>\n<tbody>\n<tr>\n<td>Bases Bolsa GERA<\/td>\n<td>03\/04\/2017<\/td>\n<td><a href=\"https:\/\/www.bombersdv.es\/wp-content\/uploads\/sites\/2\/2017\/04\/2017BT001_BASES-BOLSA-GERA.pdf\" target=\"_blank\" rel=\"noopener noreferrer\">Bases<\/a><\/td>\n<\/tr>\n<tr>\n<td>Instancia<\/td>\n<td>03\/04\/2017<\/td>\n<td><a href=\"https:\/\/www.bombersdv.es\/wp-content\/uploads\/sites\/2\/2017\/04\/2017BT001_ANEXO-I-solicitud-BOLSA-DE-TRABAJO-GERA.pdf\" target=\"_blank\" rel=\"noopener noreferrer\">Instancia<\/a><\/td>\n<\/tr>\n<tr>\n<td>Decreto aprobaci\u00f3n bases GERA<\/td>\n<td>03\/04\/2017<\/td>\n<td><a href=\"https:\/\/www.bombersdv.es\/wp-content\/uploads\/sites\/2\/2017\/04\/2017BT001_Decreto-Bolsa-GERA.pdf\" target=\"_blank\" rel=\"noopener noreferrer\">Decreto<\/a><\/td>\n<\/tr>\n<tr>\n<td>Decreto designaci\u00f3n miembros Comisi\u00f3n de Valoraci\u00f3n<\/td>\n<td>26\/04\/2017<\/td>\n<td><a href=\"https:\/\/www.bombersdv.es\/wp-content\/uploads\/sites\/2\/2017\/04\/2017BT001_DECRETO-DESIGNACION-OTS.pdf\" target=\"_blank\" rel=\"noopener noreferrer\">Decreto<\/a><\/td>\n<\/tr>\n<tr>\n<td>Anuncio de la Comisi\u00f3n de Valoraci\u00f3n y fecha pruebas f\u00edsicas<\/td>\n<td>02\/05\/2017<\/td>\n<td>\n<p><a href=\"https:\/\/www.bombersdv.es\/wp-content\/uploads\/2017\/05\/2017BT001_Anuncio-Bolsa-GERA-convocatoria-f\u00edsicas-cast.pdf\" target=\"_blank\" rel=\"noopener noreferrer\">Anuncio<\/a><\/p>\n<p><a href=\"https:\/\/www.bombersdv.es\/wp-content\/uploads\/2017\/05\/2017BT001_Criterios-t\u00e9cnicos-pruebas-f\u00edsicas.pdf\" target=\"_blank\" rel=\"noopener noreferrer\">Criterios t\u00e9cnicos<\/a><\/td>\n<\/tr>\n<tr>\n<td>Anuncio de la Comisi\u00f3n de Valoraci\u00f3n<\/td>\n<td>05\/05\/2017<\/td>\n<td><a href=\"https:\/\/www.bombersdv.es\/wp-content\/uploads\/2017\/05\/2017BT001_Anuncio-02052017.signed.pdf\" target=\"_blank\" rel=\"noopener noreferrer\">Anuncio<\/a><\/td>\n<\/tr>\n<tr>\n<td>Anuncio de la Comisi\u00f3n de Valoraci\u00f3n<\/td>\n<td>10\/05\/2017<\/td>\n<td>\n<p><a href=\"https:\/\/www.bombersdv.es\/wp-content\/uploads\/sites\/2\/2017\/04\/2017BT001_Anuncio-10052017.signed.pdf\" target=\"_blank\" rel=\"noopener noreferrer\">Anuncio<\/a><\/p>\n<p><a href=\"https:\/\/www.bombersdv.es\/wp-content\/uploads\/sites\/2\/2017\/04\/2017BT001_Calificaciones-DEFINITIVAS-GERA.signed.pdf\" target=\"_blank\" rel=\"noopener noreferrer\">Calificaciones<\/a><\/td>\n<\/tr>\n<\/tbody>\n<\/table>\n<\/div>\n","protected":false},"excerpt":{"rendered":"<p>Tr\u00e1mite Fecha Documento(s) Bases Bolsa GERA 03\/04\/2017 Bases Instancia 03\/04\/2017 Instancia Decreto aprobaci\u00f3n bases GERA 03\/04\/2017 Decreto Decreto designaci\u00f3n miembros Comisi\u00f3n de Valoraci\u00f3n 26\/04\/2017 Decreto Anuncio de la Comisi\u00f3n de Valoraci\u00f3n y fecha pruebas f\u00edsicas 02\/05\/2017 Anuncio Criterios t\u00e9cnicos Anuncio de la Comisi\u00f3n de Valoraci\u00f3n 05\/05\/2017 Anuncio Anuncio de la Comisi\u00f3n de Valoraci\u00f3n 10\/05\/2017 Anuncio [&hellip;]<\/p>\n","protected":false},"author":29,"featured_media":0,"parent":15127,"menu_order":0,"comment_status":"closed","ping_status":"closed","template":"","meta":{"footnotes":""},"class_list":["post-24308","page","type-page","status-publish","hentry"],"_links":{"self":[{"href":"https:\/\/www.bombersdv.es\/es\/wp-json\/wp\/v2\/pages\/24308"}],"collection":[{"href":"https:\/\/www.bombersdv.es\/es\/wp-json\/wp\/v2\/pages"}],"about":[{"href":"https:\/\/www.bombersdv.es\/es\/wp-json\/wp\/v2\/types\/page"}],"author":[{"embeddable":true,"href":"https:\/\/www.bombersdv.es\/es\/wp-json\/wp\/v2\/users\/29"}],"replies":[{"embeddable":true,"href":"https:\/\/www.bombersdv.es\/es\/wp-json\/wp\/v2\/comments?post=24308"}],"version-history":[{"count":1,"href":"https:\/\/www.bombersdv.es\/es\/wp-json\/wp\/v2\/pages\/24308\/revisions"}],"predecessor-version":[{"id":40559,"href":"https:\/\/www.bombersdv.es\/es\/wp-json\/wp\/v2\/pages\/24308\/revisions\/40559"}],"up":[{"embeddable":true,"href":"https:\/\/www.bombersdv.es\/es\/wp-json\/wp\/v2\/pages\/15127"}],"wp:attachment":[{"href":"https:\/\/www.bombersdv.es\/es\/wp-json\/wp\/v2\/media?parent=24308"}],"curies":[{"name":"wp","href":"https:\/\/api.w.org\/{rel}","templated":true}]}}