{"id":25021,"date":"2017-05-04T13:08:43","date_gmt":"2017-05-04T11:08:43","guid":{"rendered":"https:\/\/www.bombersdv.es\/2017bt002-bolsa-de-formadores-del-consorcio\/"},"modified":"2020-08-06T11:17:41","modified_gmt":"2020-08-06T09:17:41","slug":"2017bt002-bolsa-de-formadores-del-consorcio","status":"publish","type":"page","link":"https:\/\/www.bombersdv.es\/es\/oposiciones\/procesos-finalizados\/2017bt002-bolsa-de-formadores-del-consorcio\/","title":{"rendered":"2017\/BT002 Bolsa de formadores del Consorcio"},"content":{"rendered":"<p><div class=\"fusion-fullwidth fullwidth-box fusion-builder-row-1 nonhundred-percent-fullwidth non-hundred-percent-height-scrolling\" style=\"--awb-background-position:left top;--awb-border-radius-top-left:0px;--awb-border-radius-top-right:0px;--awb-border-radius-bottom-right:0px;--awb-border-radius-bottom-left:0px;--awb-padding-top:20px;--awb-padding-bottom:20px;--awb-border-sizes-top:0px;--awb-border-sizes-bottom:0px;--awb-flex-wrap:wrap;\" ><div class=\"fusion-builder-row fusion-row\"><div class=\"fusion-layout-column fusion_builder_column fusion-builder-column-0 fusion_builder_column_1_1 1_1 fusion-one-full fusion-column-first fusion-column-last fusion-column-no-min-height\" style=\"--awb-bg-size:cover;--awb-margin-bottom:0px;\"><div class=\"fusion-column-wrapper fusion-flex-column-wrapper-legacy\"><div class=\"fusion-title title fusion-title-1 fusion-sep-none fusion-title-text fusion-title-size-two\"><h2 class=\"fusion-title-heading title-heading-left fusion-responsive-typography-calculated\" style=\"margin:0;--fontSize:34;line-height:1.09;\">2017\/BT002 Bolsa de formadores del Consorcio<\/h2><\/div><div class=\"fusion-text fusion-text-1\"><div class=\"fusion-text fusion-text-1\"><\/div>\n<div class=\"table-2\">\n<table width=\"100%\">\n<thead>\n<tr>\n<th>Tr\u00e0mit<\/th>\n<th>Data<\/th>\n<th>Document(s)<\/th>\n<\/tr>\n<\/thead>\n<tbody>\n<tr>\n<td>Decreto aprobaci\u00f3n bases bolsa formadores<\/td>\n<td>04\/05\/2017<\/td>\n<td><a href=\"https:\/\/www.bombersdv.es\/wp-content\/uploads\/sites\/2\/2017\/05\/2017BT002_Decret-aprovaci\u00f3-bases-formadors.pdf\" target=\"_blank\" rel=\"noopener noreferrer\">Decreto<\/a><\/td>\n<\/tr>\n<tr>\n<td>Bases bolsa formadores<\/td>\n<td>04\/05\/2017<\/td>\n<td><a href=\"https:\/\/www.bombersdv.es\/wp-content\/uploads\/sites\/2\/2017\/05\/2017BT002_Bases-Formadors.pdf\" target=\"_blank\" rel=\"noopener noreferrer\">Bases<\/a><\/td>\n<\/tr>\n<tr>\n<td>Instancia<\/td>\n<td>04\/05\/2017<\/td>\n<td>\n<p><a href=\"https:\/\/www.bombersdv.es\/wp-content\/uploads\/sites\/2\/2017\/05\/2017BT002_ANEXO-I-solicitud-GENERICA-BASE-DATOS-coordinadores.pdf\" target=\"_blank\" rel=\"noopener noreferrer\">Instancia Coordinadores<\/a><\/p>\n<p><a href=\"https:\/\/www.bombersdv.es\/wp-content\/uploads\/sites\/2\/2017\/05\/2017BT002_ANEXO-II-solicitud-GENERICA-BASE-DATOS-formadores.pdf\" target=\"_blank\" rel=\"noopener noreferrer\">Instancia formadores<\/a><\/td>\n<\/tr>\n<tr>\n<td>Recordatorio<\/td>\n<td>22\/05\/2017<\/td>\n<td>De conformidad con lo establecido en la base 3\u00aa, el plazo m\u00e1ximo para presentar la<strong> memoria formativa<\/strong> ser\u00e1 de 10 d\u00edas naturales a contar del siguiente a la finalizaci\u00f3n del plazo de presentaci\u00f3n de instancias. Dicho plazo concluye el d\u00eda <strong>25 de mayo de 2017.<\/strong><\/td>\n<\/tr>\n<tr>\n<td>Base de datos bolsa formadores<\/td>\n<td>18\/04\/2018<\/td>\n<td><a href=\"https:\/\/www.bombersdv.es\/wp-content\/uploads\/sites\/2\/2017\/05\/2017BT002_BD-FORMADORS-CPV.pdf\" target=\"_blank\" rel=\"noopener noreferrer\">Base datos<\/a><\/td>\n<\/tr>\n<\/tbody>\n<\/table>\n<\/div>\n<\/div><div class=\"fusion-clearfix\"><\/div><\/div><\/div><\/div><\/div><div class=\"fusion-fullwidth fullwidth-box fusion-builder-row-2 nonhundred-percent-fullwidth non-hundred-percent-height-scrolling\" style=\"--awb-border-radius-top-left:0px;--awb-border-radius-top-right:0px;--awb-border-radius-bottom-right:0px;--awb-border-radius-bottom-left:0px;--awb-flex-wrap:wrap;\" ><\/div><\/p>\n","protected":false},"excerpt":{"rendered":"","protected":false},"author":29,"featured_media":0,"parent":15127,"menu_order":0,"comment_status":"closed","ping_status":"closed","template":"","meta":{"footnotes":""},"class_list":["post-25021","page","type-page","status-publish","hentry"],"_links":{"self":[{"href":"https:\/\/www.bombersdv.es\/es\/wp-json\/wp\/v2\/pages\/25021"}],"collection":[{"href":"https:\/\/www.bombersdv.es\/es\/wp-json\/wp\/v2\/pages"}],"about":[{"href":"https:\/\/www.bombersdv.es\/es\/wp-json\/wp\/v2\/types\/page"}],"author":[{"embeddable":true,"href":"https:\/\/www.bombersdv.es\/es\/wp-json\/wp\/v2\/users\/29"}],"replies":[{"embeddable":true,"href":"https:\/\/www.bombersdv.es\/es\/wp-json\/wp\/v2\/comments?post=25021"}],"version-history":[{"count":5,"href":"https:\/\/www.bombersdv.es\/es\/wp-json\/wp\/v2\/pages\/25021\/revisions"}],"predecessor-version":[{"id":52094,"href":"https:\/\/www.bombersdv.es\/es\/wp-json\/wp\/v2\/pages\/25021\/revisions\/52094"}],"up":[{"embeddable":true,"href":"https:\/\/www.bombersdv.es\/es\/wp-json\/wp\/v2\/pages\/15127"}],"wp:attachment":[{"href":"https:\/\/www.bombersdv.es\/es\/wp-json\/wp\/v2\/media?parent=25021"}],"curies":[{"name":"wp","href":"https:\/\/api.w.org\/{rel}","templated":true}]}}