{"id":25524,"date":"2017-05-23T06:20:56","date_gmt":"2017-05-23T06:20:56","guid":{"rendered":"https:\/\/www.bombersdv.es\/2017bt003-bolsa-ayudantes-de-gestion\/"},"modified":"2023-04-28T14:19:28","modified_gmt":"2023-04-28T12:19:28","slug":"2017bt003-bolsa-ayudantes-de-gestion","status":"publish","type":"page","link":"https:\/\/www.bombersdv.es\/es\/oposiciones\/procesos-finalizados\/2017bt003-bolsa-ayudantes-de-gestion\/","title":{"rendered":"2017\/BT003 Bolsa Ayudantes de Gesti\u00f3n"},"content":{"rendered":"<p><div class=\"fusion-fullwidth fullwidth-box fusion-builder-row-1 nonhundred-percent-fullwidth non-hundred-percent-height-scrolling\" style=\"--awb-background-position:left top;--awb-border-radius-top-left:0px;--awb-border-radius-top-right:0px;--awb-border-radius-bottom-right:0px;--awb-border-radius-bottom-left:0px;--awb-padding-top:20px;--awb-padding-bottom:20px;--awb-border-sizes-top:0px;--awb-border-sizes-bottom:0px;--awb-flex-wrap:wrap;\" ><\/div><div class=\"fusion-builder-row fusion-row\"><\/div><div class=\"fusion-layout-column fusion_builder_column fusion-builder-column-0 fusion_builder_column_1_1 1_1 fusion-one-full fusion-column-first fusion-column-last fusion-column-no-min-height\" style=\"--awb-bg-size:cover;--awb-margin-bottom:0px;width:100%;\"><div class=\"fusion-column-wrapper fusion-flex-column-wrapper-legacy\"><div class=\"fusion-clearfix\"><\/div><\/div><\/div><div class=\"fusion-title title fusion-title-1 fusion-sep-none fusion-title-text fusion-title-size-two\"><h2 class=\"fusion-title-heading title-heading-left fusion-responsive-typography-calculated\" style=\"margin:0;--fontSize:34;line-height:1.09;\">2017\/BT003 Bolsa Ayudantes de Gesti\u00f3n<\/h2><\/div><div class=\"fusion-text fusion-text-1\"><\/div><\/p>\n<div class=\"table-2\">\n<table style=\"height: 1608px;\" width=\"100%\">\n<thead>\n<tr style=\"height: 24px;\">\n<th style=\"height: 24px;\">Tr\u00e1mite<\/th>\n<th style=\"height: 24px;\">Fecha<\/th>\n<th style=\"height: 24px;\">Documento(s)<\/th>\n<\/tr>\n<\/thead>\n<tbody>\n<tr style=\"height: 24px;\">\n<td style=\"height: 24px;\">Bases Bolsa Ayudantes de Gesti\u00f3n<\/td>\n<td style=\"height: 24px;\">23\/05\/2017<\/td>\n<td style=\"height: 24px;\"><a href=\"https:\/\/www.bombersdv.es\/wp-content\/uploads\/sites\/2\/2017\/05\/2017BT003_Anuncio-BOP.pdf\" target=\"_blank\" rel=\"noopener noreferrer\">Anuncio BOP<\/a><\/td>\n<\/tr>\n<tr style=\"height: 48px;\">\n<td style=\"height: 48px;\"><span style=\"color: #800000;\">El ingreso de la tasa se realizar\u00e1 por medio de transferencia bancaria a la cuenta ES14 2100 4337 8802 0004 5460\u00a0 indicando el nombre del opositor o por medio de tarjeta bancaria de cualquier entidad en los cajeros autom\u00e1ticos deCaixabank utilizando el c\u00f3digo de barras que se adjunta<\/span><\/td>\n<td style=\"height: 48px;\">23\/05\/2017<\/td>\n<td style=\"height: 48px;\"><a href=\"https:\/\/www.bombersdv.es\/wp-content\/uploads\/sites\/2\/2017\/05\/2017BT003_C%C3%B3digo-de-barras.pdf\" target=\"_blank\" rel=\"noopener noreferrer\">C\u00f3digo de barras<\/a><\/td>\n<\/tr>\n<tr style=\"height: 24px;\">\n<td style=\"height: 24px;\">Modelo de instancia<\/td>\n<td style=\"height: 24px;\">23\/05\/2017<\/td>\n<td style=\"height: 24px;\"><a href=\"https:\/\/www.bombersdv.es\/wp-content\/uploads\/sites\/2\/2017\/05\/2017BT003_Anexo-III-MODELO-DE-INSTANCIA-CAS-VAL.pdf\" target=\"_blank\" rel=\"noopener noreferrer\">Instancia<\/a><\/td>\n<\/tr>\n<tr style=\"height: 24px;\">\n<td style=\"height: 24px;\"><strong>Preguntas frecuentes (se recomienda la lectura detenida de este documento antes de presentar la instancia)<\/strong><\/td>\n<td style=\"height: 24px;\">23\/05\/2017<\/td>\n<td style=\"height: 24px;\"><a href=\"https:\/\/www.bombersdv.es\/wp-content\/uploads\/2018\/02\/2017BT003_FAQs-CAS.pdf\" target=\"_blank\" rel=\"noopener noreferrer\">FAQs<\/a><\/td>\n<\/tr>\n<tr style=\"height: 24px;\">\n<td style=\"height: 24px;\">Designaci\u00f3n miembros OTS<\/td>\n<td style=\"height: 24px;\">01\/06\/2017<\/td>\n<td style=\"height: 24px;\"><a href=\"https:\/\/www.bombersdv.es\/wp-content\/uploads\/sites\/2\/2017\/05\/2017BT003_Designaci\u00f3n-miembros-OTS.pdf\" target=\"_blank\" rel=\"noopener noreferrer\">Miembros OTS<\/a><\/td>\n<\/tr>\n<tr style=\"height: 144px;\">\n<td style=\"height: 144px;\">Modificaci\u00f3n \u00d3rgano T\u00e9cnico de Selecci\u00f3n y publicaci\u00f3n lista provisional de aspirantes admitidos y excluidos<\/td>\n<td style=\"height: 144px;\">\u00a026\/06\/2017<\/td>\n<td style=\"height: 144px;\">\n<p><a href=\"https:\/\/www.bombersdv.es\/wp-content\/uploads\/sites\/2\/2017\/05\/2017BT003_Lista-provisional.pdf\" target=\"_blank\" rel=\"noopener\">Decreto<\/a><\/p>\n<p>Anexo I: Lista provisional (eliminada por Decreto 00550 de la Presidencia Delegada de este Consorci o con fecha 21\/04\/2023 )<\/td>\n<\/tr>\n<tr style=\"height: 72px;\">\n<td style=\"height: 72px;\"><span style=\"color: #800000;\">Se informa a las personas aspirantes que, para cualquier incidencia o subsanaci\u00f3n sobre las listas provisionales de admitidos y excluidos y con independencia de la presentaci\u00f3n de la documentaci\u00f3n pertinente por los medios previstos en la Ley 39\/2015, queda habilitada la siguiente direcci\u00f3n de correo electr\u00f3nico, donde deber\u00e1n ponerse en contacto para comunicar dichas incidencias: <a href=\"mailto:rrhhbt@bombersdv.es\">rrhhbt@bombersdv.es<\/a><\/span><\/td>\n<td style=\"height: 72px;\"><\/td>\n<td style=\"height: 72px;\"><\/td>\n<\/tr>\n<tr style=\"height: 144px;\">\n<td style=\"height: 144px;\"><span style=\"color: #000000;\">Listas definitivas de admitidos y excluidos y fecha del primer ejercicio<\/span><\/td>\n<td style=\"height: 144px;\">07\/07\/2017<\/td>\n<td style=\"height: 144px;\">\n<p><a href=\"https:\/\/www.bombersdv.es\/wp-content\/uploads\/2018\/02\/2017BT003_Decreto-fecha-examen.pdf\" target=\"_blank\" rel=\"noopener\">Decreto<\/a><\/p>\n<p>Anexo I: Lista provisional (eliminada por Decreto 00550 de la Presidencia Delegada de este Consorci o con fecha 21\/04\/2023)<\/td>\n<\/tr>\n<tr style=\"height: 24px;\">\n<td style=\"height: 24px;\"><span style=\"color: #000000;\">Plano de acceso Aularios Interfacultativos Campus Universidad de Burjassot<\/span><\/td>\n<td style=\"height: 24px;\">07\/07\/2017<\/td>\n<td style=\"height: 24px;\"><a href=\"https:\/\/www.google.es\/maps\/place\/Aulario+Interfacultativo\/@39.5101947,-0.4230568,774m\/data=!3m1!1e3!4m5!3m4!1s0xd60450d953cf71f:0xd5a930a3c46c9b3e!8m2!3d39.5101906!4d-0.4208681\" target=\"_blank\" rel=\"noopener noreferrer\">Plano<\/a><\/td>\n<\/tr>\n<tr style=\"height: 72px;\">\n<td style=\"height: 72px;\"><span style=\"color: #800000;\"><span style=\"color: #800000;\">Para la realizaci\u00f3n del ejercicio las personas aspirantes deber\u00e1n comparecer provistas de bol\u00edgrafo negro o azul, adem\u00e1s de su documento de identificaci\u00f3n en vigor. <\/span><\/span><span style=\"color: #800000;\">Tal y como consta en el Decreto 741 de la Presidencia-Delegada, el ejercicio se realizar\u00e1 el <b>d\u00eda 11 de julio, a las 11:00 horas,<\/b> en los Aularios Interfacultativos del Campus de Burjassot<\/span><\/td>\n<td style=\"height: 72px;\"><\/td>\n<td style=\"height: 72px;\"><\/td>\n<\/tr>\n<tr style=\"height: 136px;\">\n<td style=\"height: 136px;\"><span style=\"color: #000000;\">Test primer ejercicio<\/span><\/td>\n<td style=\"height: 136px;\">12\/07\/2017<\/td>\n<td style=\"height: 136px;\">\n<p><a href=\"https:\/\/www.bombersdv.es\/wp-content\/uploads\/sites\/2\/2017\/05\/2017BT003_Preguntas-Primer-Ejercicio.pdf\" target=\"_blank\" rel=\"noopener\">Preguntas (castellano)<\/a><\/p>\n<p><a href=\"https:\/\/www.bombersdv.es\/wp-content\/uploads\/sites\/2\/2017\/05\/2017BT003_Examen-valenciano.pdf\" target=\"_blank\" rel=\"noopener\">Preguntas (valenciano)<\/a><\/p>\n<p><a href=\"https:\/\/www.bombersdv.es\/wp-content\/uploads\/sites\/2\/2017\/05\/2017BT003_plantilla-solucion-examen.pdf\" target=\"_blank\" rel=\"noopener\">Plantilla respuestas correctas<\/a><\/td>\n<\/tr>\n<tr style=\"height: 24px;\">\n<td style=\"height: 24px;\"><span style=\"color: #000000;\">Nota \u00d3rgano T\u00e9cnico de Selecci\u00f3n: correcci\u00f3n primer ejercicio<\/span><\/td>\n<td style=\"height: 24px;\">12\/07\/2017<\/td>\n<td style=\"height: 24px;\"><a href=\"https:\/\/www.bombersdv.es\/wp-content\/uploads\/2018\/02\/2017BT003_Nota-OTS-12-7-CAST_firmado.pdf\" target=\"_blank\" rel=\"noopener\">Nota<\/a><\/td>\n<\/tr>\n<tr style=\"height: 24px;\">\n<td style=\"height: 24px;\"><span style=\"color: #000000;\">Nota \u00d3rgano T\u00e9cnico de Selecci\u00f3n: suspensi\u00f3n correcci\u00f3n examen<\/span><\/td>\n<td style=\"height: 24px;\">12\/07\/2017<\/td>\n<td style=\"height: 24px;\"><a href=\"https:\/\/www.bombersdv.es\/wp-content\/uploads\/sites\/2\/2017\/05\/2017BT003-NOTA-OTS-II-castellano.pdf\" target=\"_blank\" rel=\"noopener\">Nota OTS <\/a><\/td>\n<\/tr>\n<tr style=\"height: 96px;\">\n<td style=\"height: 96px;\">Resoluci\u00f3n recursos de reposici\u00f3n interpuestos, anulaci\u00f3n del primer ejercicio y anuncio de fecha de repetici\u00f3n del primer ejercicio<\/td>\n<td style=\"height: 96px;\">01\/08\/2017<\/td>\n<td style=\"height: 96px;\">\n<p><a href=\"https:\/\/www.bombersdv.es\/wp-content\/uploads\/sites\/2\/2017\/05\/2017BT003_Notificaci\u00f3n-resoluci\u00f3n-recurso.pdf\" target=\"_blank\" rel=\"noopener\">Decreto 807 de 28-7-2017<\/a><\/p>\n<p>Anexo I: Lista provisional (eliminada)<\/td>\n<\/tr>\n<tr style=\"height: 72px;\">\n<td style=\"height: 72px;\"><span style=\"color: #800000;\">Para la realizaci\u00f3n del ejercicio las personas aspirantes deber\u00e1n comparecer provistas de bol\u00edgrafo negro o azul, adem\u00e1s de su documento de identificaci\u00f3n en vigor. Tal y como consta en el Decreto 807 de la Presidencia-Delegada, el ejercicio se repetir\u00e1 el <b>d\u00eda 21 de octubre, a las 11:00 horas,<\/b> en los Aularios Interfacultativos del Campus de Burjassot<\/span><\/td>\n<td style=\"height: 72px;\">01\/08\/2017<\/td>\n<td style=\"height: 72px;\"><a href=\"https:\/\/www.google.es\/maps\/place\/Aulario+Interfacultativo\/@39.5101947,-0.4230568,774m\/data=!3m1!1e3!4m5!3m4!1s0xd60450d953cf71f:0xd5a930a3c46c9b3e!8m2!3d39.5101906!4d-0.4208681\" target=\"_blank\" rel=\"noopener noreferrer\">Plano<\/a><\/td>\n<\/tr>\n<tr style=\"height: 24px;\">\n<td style=\"height: 24px;\"><span style=\"color: #000000;\">Anuncio B.O.P.<\/span><\/td>\n<td style=\"height: 24px;\">11\/08\/2017<\/td>\n<td style=\"height: 24px;\"><a href=\"https:\/\/bop.dival.es\/bop\/drvisapi.dll?LO=00000001a6b7c8d9000000050000004a000003a9434e31ae000000000001000000000000000000000000000000000000000000000000000000000000000000000000000000000000&amp;type=application\/pdf\" target=\"_blank\" rel=\"noopener\">Anuncio<\/a><\/td>\n<\/tr>\n<tr style=\"height: 96px;\">\n<td style=\"height: 96px;\"><span style=\"color: #000000;\">Anuncio del OTS<\/span><\/td>\n<td style=\"height: 96px;\">23\/10\/2017<\/td>\n<td style=\"height: 96px;\">\n<p><a href=\"https:\/\/www.bombersdv.es\/wp-content\/uploads\/2018\/02\/2017BT003_Anuncio-castellano.pdf\" target=\"_blank\" rel=\"noopener\">Anuncio<\/a><\/p>\n<p><a href=\"https:\/\/www.bombersdv.es\/wp-content\/uploads\/2018\/02\/2017BT003_EXAMEN-CASTELLANO.pdf\" target=\"_blank\" rel=\"noopener\">Examen castellano<\/a><\/td>\n<\/tr>\n<tr style=\"height: 48px;\">\n<td style=\"height: 48px;\">Detectado error en la plantilla de correcci\u00f3n por parte del OTS en las preguntas 33 y 55 se procede a publicar nueva plantilla de correcci\u00f3n rectificada.<\/td>\n<td style=\"height: 48px;\">23\/10\/2017<\/td>\n<td style=\"height: 48px;\"><a href=\"https:\/\/www.bombersdv.es\/wp-content\/uploads\/2018\/02\/2017BT003_FULL-RESPOSTES.pdf\" target=\"_blank\" rel=\"noopener\">Plantilla de correcci\u00f3n<\/a><\/td>\n<\/tr>\n<tr style=\"height: 24px;\">\n<td style=\"height: 24px;\">Anuncio del OTS: Resoluci\u00f3n impugnaci\u00f3n preguntas primer ejercicio<\/td>\n<td style=\"height: 24px;\">02\/11\/2017<\/td>\n<td style=\"height: 24px;\"><a href=\"https:\/\/www.bombersdv.es\/wp-content\/uploads\/sites\/2\/2017\/05\/2017BT003_Anuncio.pdf\" target=\"_blank\" rel=\"noopener\">Anuncio<\/a><\/td>\n<\/tr>\n<tr style=\"height: 24px;\">\n<td style=\"height: 24px;\">Anuncio del OTS: Resultados del primer ejercicio<\/td>\n<td style=\"height: 24px;\">17\/11\/2017<\/td>\n<td style=\"height: 24px;\">eliminado por Decreto 00550 de la Presidencia Delegada de este Consorci o con fecha 21\/04\/2023<\/td>\n<\/tr>\n<tr style=\"height: 48px;\">\n<td style=\"height: 48px;\"><strong><span style=\"color: #800000;\">Se informa a las personas aspirantes que han superado el primer ejercicio que el segundo ejercicio se realizar\u00e1 el 27\/11\/2017, a las 11 horas, en el Aula AI6 de los Aularios Interfacultativos del Campus de Burjassot<\/span><\/strong><\/td>\n<td style=\"height: 48px;\"><\/td>\n<td style=\"height: 48px;\"><\/td>\n<\/tr>\n<tr style=\"height: 176px;\">\n<td style=\"height: 176px;\"><span style=\"color: #333300;\">Anuncio del OTS<\/span><\/td>\n<td style=\"height: 176px;\">27\/11\/2017<\/td>\n<td style=\"height: 176px;\">\n<p><a href=\"https:\/\/www.bombersdv.es\/wp-content\/uploads\/2018\/02\/2017BT003-Anuncio-castellano-27-11-17.pdf\" target=\"_blank\" rel=\"noopener\">Anuncio <\/a><\/p>\n<p><a href=\"https:\/\/www.bombersdv.es\/wp-content\/uploads\/2018\/02\/2017BT003-Supuesto-Practico.pdf\" target=\"_blank\" rel=\"noopener\">Supuesto Pr\u00e1ctico<\/a><\/p>\n<p><a href=\"https:\/\/www.bombersdv.es\/wp-content\/uploads\/2018\/02\/2017BT003-Preguntas-castellano.pdf\" target=\"_blank\" rel=\"noopener\">Prueba castellano<\/a><\/p>\n<p><a href=\"https:\/\/www.bombersdv.es\/wp-content\/uploads\/sites\/2\/2017\/05\/2017BT003-Plantilla-correcci\u00f3n-supuesto-pr\u00e1ctico.pdf\" target=\"_blank\" rel=\"noopener\">Plantilla correcci\u00f3n<\/a><\/td>\n<\/tr>\n<tr style=\"height: 24px;\">\n<td style=\"height: 24px;\"><span style=\"color: #333300;\">Anuncio del OTS: Calificaciones 2\u00ba ejercicio y convocatoria para el tercer ejercicio<br \/>\n<\/span><\/td>\n<td style=\"height: 24px;\">15\/12\/2017<\/td>\n<td style=\"height: 24px;\">eliminado por Decreto 00550 de la Presidencia Delegada de este Consorci o con fecha 21\/04\/2023<\/td>\n<\/tr>\n<tr style=\"height: 48px;\">\n<td style=\"height: 48px;\"><span style=\"color: #800000;\"><strong>Se informa a las personas aspirantes que han superado el segundo ejercicio que el tercer ejercicio se realizar\u00e1 el d\u00eda 22\/12\/2017, a las 9:30 horas, en las instalaciones de la Diputaci\u00f3n Provincial de Valencia, en la calle Hugo de Moncada n\u00ba 9 de Valencia<\/strong><\/span><\/td>\n<td style=\"height: 48px;\">15\/12\/2017<\/td>\n<td style=\"height: 48px;\"><a href=\"https:\/\/www.google.es\/maps\/place\/Carrer+d'Hug+de+Montcada,+9,+46010+Val%C3%A8ncia,+Valencia\/@39.4817103,-0.3739669,17z\/data=!3m1!4b1!4m5!3m4!1s0xd6048ab97235e0b:0xfbf8a5f9bc6a6d23!8m2!3d39.4817062!4d-0.3717782\" target=\"_blank\" rel=\"noopener\">Plano acceso<\/a><\/td>\n<\/tr>\n<tr style=\"height: 96px;\">\n<td style=\"height: 96px;\"><span style=\"color: #000000;\">Anuncio del OTS: Resultados tercer ejercicio y orden bolsa<\/span><\/td>\n<td style=\"height: 96px;\">23\/01\/2018<\/td>\n<td style=\"height: 96px;\">\n<p>eliminado por Decreto 00550 de la Presidencia Delegada de este Consorci o con fecha 21\/04\/2023<\/p>\n<p><a href=\"https:\/\/www.bombersdv.es\/wp-content\/uploads\/2018\/02\/2017BT003_Notes-mitj\u00e0-22.12.17.pdf\" target=\"_blank\" rel=\"noopener\">Anexo<\/a><\/td>\n<\/tr>\n<tr style=\"height: 24px;\">\n<td style=\"height: 24px;\"><span style=\"color: #000000;\">Decreto constituci\u00f3n bolsa<\/span><\/td>\n<td style=\"height: 24px;\">16\/02\/2018<\/td>\n<td style=\"height: 24px;\">\n<p>eliminado por Decreto 00550 de la Presidencia Delegada de este Consorci o con fecha 21\/04\/2023<\/p>\n<p><a href=\"https:\/\/www.bombersdv.es\/es\/oposiciones\/procesos-en-marcha\/borses-de-treball\/borsa-temporal-dajudants-de-gestio\/\">Puede seguir el estado de la bolsa pulsando aqu\u00ed<\/a><\/td>\n<\/tr>\n<\/tbody>\n<\/table>\n<\/div>\n","protected":false},"excerpt":{"rendered":"<p>Tr\u00e1mite Fecha Documento(s) Bases Bolsa Ayudantes de Gesti\u00f3n 23\/05\/2017 Anuncio BOP El ingreso de la tasa se realizar\u00e1 por medio de transferencia bancaria a la cuenta ES14 2100 4337 8802 0004 5460\u00a0 indicando el nombre del opositor o por medio de tarjeta bancaria de cualquier entidad en los cajeros autom\u00e1ticos deCaixabank utilizando el c\u00f3digo de [&hellip;]<\/p>\n","protected":false},"author":29,"featured_media":0,"parent":15127,"menu_order":0,"comment_status":"closed","ping_status":"closed","template":"","meta":{"footnotes":""},"class_list":["post-25524","page","type-page","status-publish","hentry"],"_links":{"self":[{"href":"https:\/\/www.bombersdv.es\/es\/wp-json\/wp\/v2\/pages\/25524"}],"collection":[{"href":"https:\/\/www.bombersdv.es\/es\/wp-json\/wp\/v2\/pages"}],"about":[{"href":"https:\/\/www.bombersdv.es\/es\/wp-json\/wp\/v2\/types\/page"}],"author":[{"embeddable":true,"href":"https:\/\/www.bombersdv.es\/es\/wp-json\/wp\/v2\/users\/29"}],"replies":[{"embeddable":true,"href":"https:\/\/www.bombersdv.es\/es\/wp-json\/wp\/v2\/comments?post=25524"}],"version-history":[{"count":7,"href":"https:\/\/www.bombersdv.es\/es\/wp-json\/wp\/v2\/pages\/25524\/revisions"}],"predecessor-version":[{"id":65037,"href":"https:\/\/www.bombersdv.es\/es\/wp-json\/wp\/v2\/pages\/25524\/revisions\/65037"}],"up":[{"embeddable":true,"href":"https:\/\/www.bombersdv.es\/es\/wp-json\/wp\/v2\/pages\/15127"}],"wp:attachment":[{"href":"https:\/\/www.bombersdv.es\/es\/wp-json\/wp\/v2\/media?parent=25524"}],"curies":[{"name":"wp","href":"https:\/\/api.w.org\/{rel}","templated":true}]}}