{"id":28273,"date":"2017-08-23T09:42:10","date_gmt":"2017-08-23T09:42:10","guid":{"rendered":"https:\/\/www.bombersdv.es\/2017bt004-bolsa-de-trabajo-temporal-tecnico-de-mantenimiento-en-informatica\/"},"modified":"2018-10-18T18:29:59","modified_gmt":"2018-10-18T18:29:59","slug":"2017bt004-bolsa-de-trabajo-temporal-tecnico-de-mantenimiento-en-informatica","status":"publish","type":"page","link":"https:\/\/www.bombersdv.es\/es\/oposiciones\/procesos-finalizados\/2017bt004-bolsa-de-trabajo-temporal-tecnico-de-mantenimiento-en-informatica\/","title":{"rendered":"2017\/BT004 Bolsa de Trabajo Temporal T\u00e9cnico Especialista en Inform\u00e1tica."},"content":{"rendered":"<p><div class=\"fusion-fullwidth fullwidth-box fusion-builder-row-1 nonhundred-percent-fullwidth non-hundred-percent-height-scrolling\" style=\"--awb-background-position:left top;--awb-border-radius-top-left:0px;--awb-border-radius-top-right:0px;--awb-border-radius-bottom-right:0px;--awb-border-radius-bottom-left:0px;--awb-padding-top:20px;--awb-padding-bottom:20px;--awb-border-sizes-top:0px;--awb-border-sizes-bottom:0px;--awb-flex-wrap:wrap;\" ><div class=\"fusion-builder-row fusion-row\"><div class=\"fusion-layout-column fusion_builder_column fusion-builder-column-0 fusion_builder_column_1_1 1_1 fusion-one-full fusion-column-first fusion-column-last fusion-column-no-min-height\" style=\"--awb-bg-size:cover;--awb-margin-bottom:0px;\"><div class=\"fusion-column-wrapper fusion-flex-column-wrapper-legacy\"><div class=\"fusion-title title fusion-title-1 fusion-sep-none fusion-title-text fusion-title-size-two\"><h2 class=\"fusion-title-heading title-heading-left fusion-responsive-typography-calculated\" style=\"margin:0;--fontSize:34;line-height:1.09;\">2017\/BT004 Bolsa de Trabajo Temporal T\u00e9cnico Especialista en Inform\u00e1tica<\/h2><\/div><div class=\"fusion-text fusion-text-1\"><div class=\"fusion-text fusion-text-1\"><\/div>\n<div class=\"table-2\">\n<table width=\"100%\">\n<thead>\n<tr>\n<th>Tr\u00e1mite<\/th>\n<th>Fecha<\/th>\n<th>Documento(s)<\/th>\n<\/tr>\n<\/thead>\n<tbody>\n<tr>\n<td>Bases e Instancia<\/td>\n<td>22\/09\/2017<\/td>\n<td>\n<p><a href=\"https:\/\/bop.dival.es\/bop\/drvisapi.dll?LO=00000001a6b7c8d9000000050000004f00000041434e3b74000000000001000000000000000000000000000000000000000000000000000000000000000000000000000000000000&amp;type=application\/pdf\" target=\"_blank\" rel=\"noopener\">BOP Valencia<\/a><\/p>\n<p><a href=\"https:\/\/www.bombersdv.es\/wp-content\/uploads\/sites\/2\/2017\/09\/2017BT004_Instancia.pdf\" target=\"_blank\" rel=\"noopener\">Instancia<\/a><\/td>\n<\/tr>\n<tr>\n<td>El ingreso de la tasa se realizar\u00e1 mediante transferencia bancaria a la cuenta ES14 2100 4337 8802 0004 5460 indicando el nombre del opositor, o mediante tarjeta bancaria de cualquier entidad en los cajeros autom\u00e1ticos de Caixabank utilizando el c\u00f3digo de barras que se adjunta.<\/td>\n<td>26\/09\/2017<\/td>\n<td><a href=\"https:\/\/www.bombersdv.es\/wp-content\/uploads\/sites\/2\/2017\/08\/pagos-a-terceros_tecnico-informatica.pdf\" target=\"_blank\" rel=\"noopener\">C\u00f3digo de la Entidad<\/a><\/td>\n<\/tr>\n<tr>\n<td>Designaci\u00f3n miembros OTS<\/td>\n<td>19\/10\/2017<\/td>\n<td><a href=\"https:\/\/www.bombersdv.es\/wp-content\/uploads\/2018\/02\/2017BT004_Decreto-nombramiento-OTS.pdf\">Decreto nombramiento OTS<\/a><\/td>\n<\/tr>\n<tr>\n<td>Lista provisional de personas admitidas<\/td>\n<td>02\/11\/2017<\/td>\n<td><a href=\"https:\/\/www.bombersdv.es\/wp-content\/uploads\/sites\/2\/2017\/08\/2017BT004_Lista-admitidos.pdf\" target=\"_blank\" rel=\"noopener\">Lista provisional<\/a><\/td>\n<\/tr>\n<tr>\n<td>Lista definitiva de personas admitidas y fecha primer ejercicio<\/td>\n<td>22\/11\/2016<\/td>\n<td><a href=\"https:\/\/www.bombersdv.es\/wp-content\/uploads\/2018\/02\/2017BT004_T\u00e9cnico-Especialista-Inform\u00e1tica.pdf\" target=\"_blank\" rel=\"noopener\">Decreto<\/a><\/td>\n<\/tr>\n<tr>\n<td>Plano de acceso Aularios Interfacultativos Campus Universidad de Burjassot<\/td>\n<td>22\/11\/2017<\/td>\n<td><a href=\"https:\/\/www.google.es\/maps\/place\/Aulario+Interfacultativo\/@39.5101947,-0.4230568,774m\/data=!3m1!1e3!4m5!3m4!1s0xd60450d953cf71f:0xd5a930a3c46c9b3e!8m2!3d39.5101906!4d-0.4208681\" target=\"_blank\" rel=\"noopener noreferrer\">Plano<\/a><\/td>\n<\/tr>\n<tr>\n<td><span style=\"color: #800000\">Para la realizaci\u00f3n del ejercicio las personas aspirantes deber\u00e1n comparecer provistas de bol\u00edgrafo negro o azul, adem\u00e1s de su documento de identificaci\u00f3n en vigor. Tal y como consta en el Decreto 1138 de la Presidencia-Delegada, el ejercicio se realizar\u00e1 el <b>d\u00eda 11 de diciembre, a las 12:00 horas,<\/b> en los Aularios Interfacultativos del Campus de Burjassot<\/span><\/td>\n<td><\/td>\n<td><\/td>\n<\/tr>\n<tr>\n<td><span style=\"color: #333333\">Primer ejercicio. Plantilla respuestas correctas<\/span><\/td>\n<td>12\/12\/2017<\/td>\n<td><a href=\"https:\/\/www.bombersdv.es\/wp-content\/uploads\/sites\/2\/2017\/08\/2017BT_004_PRUEBA-1.pdf\" target=\"_blank\" rel=\"noopener\">Plantilla correcci\u00f3n<\/a><\/td>\n<\/tr>\n<tr>\n<td><span style=\"color: #333333\">Anuncio del OTS: Resultados del primer ejercicio<\/span><\/td>\n<td>12\/12\/2017<\/td>\n<td><a href=\"https:\/\/www.bombersdv.es\/wp-content\/uploads\/2018\/02\/2017BT_Anuncio-notas-informatica-castellano.pdf\" target=\"_blank\" rel=\"noopener\">Anuncio<\/a><\/td>\n<\/tr>\n<tr>\n<td><span style=\"color: #333333\">Anuncio del OTS: Suspensi\u00f3n del segundo ejercicio<\/span><\/td>\n<td>19\/12\/2017<\/td>\n<td><a href=\"https:\/\/www.bombersdv.es\/wp-content\/uploads\/2018\/02\/2017BT004_ANUNCIO-cast.pdf\" target=\"_blank\" rel=\"noopener\">Anuncio<\/a><\/td>\n<\/tr>\n<tr>\n<td><span style=\"color: #333333\">Anuncio del OTS: Resultados del primer ejercicio tras revisi\u00f3n<\/span><\/td>\n<td>22\/12\/2017<\/td>\n<td><a href=\"https:\/\/www.bombersdv.es\/wp-content\/uploads\/sites\/2\/2017\/08\/2017BT004ANUNCIO-CAST-NOTA-TRAS-REV.pdf\" target=\"_blank\" rel=\"noopener\">Anuncio<\/a><\/td>\n<\/tr>\n<tr>\n<td>\n<p><span style=\"color: #333333\">Segundo ejercicio: Enunciado y plantilla de correcci\u00f3n.<\/span><\/p>\n<p><span style=\"color: #800000\">Nota aclaratoria: El OTS considera \u201cerror detectable\u201d aquel que o bien es detectado por el compilador de PHP en tiempo de preproceso, o genera un mal funcionamiento en tiempo de ejecuci\u00f3n sobre el navegador.<\/span><\/td>\n<td>17\/01\/2018<\/td>\n<td>\n<p><a href=\"https:\/\/www.bombersdv.es\/wp-content\/uploads\/sites\/2\/2017\/08\/2017BT004_Segundo-Ejercicio-enunciado.pdf\" target=\"_blank\" rel=\"noopener\">Enunciado<\/a><\/p>\n<p><a href=\"https:\/\/www.bombersdv.es\/wp-content\/uploads\/sites\/2\/2017\/08\/2017BT004_Segundo-Ejercicio-resoluci\u00f3n.pdf\" target=\"_blank\" rel=\"noopener\">Plantilla de correcci\u00f3n<\/a><\/td>\n<\/tr>\n<tr>\n<td><span style=\"color: #333333\">Anuncio del OTS: Resultados del segundo ejercicio<\/span><\/td>\n<td>17\/01\/2018<\/td>\n<td><a href=\"https:\/\/www.bombersdv.es\/wp-content\/uploads\/sites\/2\/2017\/08\/2017BT_-Anuncio-resultados-informatica-ejercicio-2-valenciano.pdf\" target=\"_blank\" rel=\"noopener\">Anuncio<\/a><\/td>\n<\/tr>\n<tr>\n<td><span style=\"color: #333333\">Anuncio del OTS: Resultados de la prueba de entrevista y orden bolsa<\/span><\/td>\n<td>23\/01\/2017<\/td>\n<td><a href=\"https:\/\/www.bombersdv.es\/wp-content\/uploads\/2018\/02\/2017BT004_Anuncio-resultados-informatica-definitivos-castellano999.pdf\" target=\"_blank\" rel=\"noopener\">Anuncio<\/a><\/td>\n<\/tr>\n<tr>\n<td><span style=\"color: #333333\">Decreto constituci\u00f3n bolsa<\/span><\/td>\n<td>13\/02\/2018<\/td>\n<td><a href=\"https:\/\/www.bombersdv.es\/wp-content\/uploads\/sites\/2\/2017\/08\/2017BT004_DECRETO.pdf\" target=\"_blank\" rel=\"noopener\">Decreto<\/a><\/td>\n<\/tr>\n<\/tbody>\n<\/table>\n<p><div class=\"fusion-text fusion-text-2\"><\/div><div class=\"fusion-text fusion-text-3\"><\/div>\n<\/p><\/div>\n<div class=\"table-2\"><\/div>\n<\/div><div class=\"fusion-clearfix\"><\/div><\/div><\/div><\/div><\/div><div class=\"fusion-fullwidth fullwidth-box fusion-builder-row-2 nonhundred-percent-fullwidth non-hundred-percent-height-scrolling\" style=\"--awb-border-radius-top-left:0px;--awb-border-radius-top-right:0px;--awb-border-radius-bottom-right:0px;--awb-border-radius-bottom-left:0px;--awb-flex-wrap:wrap;\" ><\/div><\/p>\n","protected":false},"excerpt":{"rendered":"","protected":false},"author":550,"featured_media":0,"parent":15127,"menu_order":0,"comment_status":"closed","ping_status":"closed","template":"","meta":{"footnotes":""},"class_list":["post-28273","page","type-page","status-publish","hentry"],"_links":{"self":[{"href":"https:\/\/www.bombersdv.es\/es\/wp-json\/wp\/v2\/pages\/28273"}],"collection":[{"href":"https:\/\/www.bombersdv.es\/es\/wp-json\/wp\/v2\/pages"}],"about":[{"href":"https:\/\/www.bombersdv.es\/es\/wp-json\/wp\/v2\/types\/page"}],"author":[{"embeddable":true,"href":"https:\/\/www.bombersdv.es\/es\/wp-json\/wp\/v2\/users\/550"}],"replies":[{"embeddable":true,"href":"https:\/\/www.bombersdv.es\/es\/wp-json\/wp\/v2\/comments?post=28273"}],"version-history":[{"count":1,"href":"https:\/\/www.bombersdv.es\/es\/wp-json\/wp\/v2\/pages\/28273\/revisions"}],"predecessor-version":[{"id":40562,"href":"https:\/\/www.bombersdv.es\/es\/wp-json\/wp\/v2\/pages\/28273\/revisions\/40562"}],"up":[{"embeddable":true,"href":"https:\/\/www.bombersdv.es\/es\/wp-json\/wp\/v2\/pages\/15127"}],"wp:attachment":[{"href":"https:\/\/www.bombersdv.es\/es\/wp-json\/wp\/v2\/media?parent=28273"}],"curies":[{"name":"wp","href":"https:\/\/api.w.org\/{rel}","templated":true}]}}