{"id":28283,"date":"2017-08-23T11:04:28","date_gmt":"2017-08-23T10:04:28","guid":{"rendered":"https:\/\/www.bombersdv.es\/2017bt006-bolsa-implantacion-sistema-de-informacion-geografica-gis\/"},"modified":"2018-10-18T18:30:27","modified_gmt":"2018-10-18T18:30:27","slug":"2017bt006-bolsa-implantacion-sistema-de-informacion-geografica-gis","status":"publish","type":"page","link":"https:\/\/www.bombersdv.es\/es\/oposiciones\/procesos-finalizados\/2017bt006-bolsa-implantacion-sistema-de-informacion-geografica-gis\/","title":{"rendered":"2017\/BT006 Bolsa implantaci\u00f3n Sistema de Informaci\u00f3n Geogr\u00e1fica (GIS)"},"content":{"rendered":"<p><div class=\"fusion-fullwidth fullwidth-box fusion-builder-row-1 nonhundred-percent-fullwidth non-hundred-percent-height-scrolling\" style=\"--awb-background-position:left top;--awb-border-radius-top-left:0px;--awb-border-radius-top-right:0px;--awb-border-radius-bottom-right:0px;--awb-border-radius-bottom-left:0px;--awb-padding-top:20px;--awb-padding-bottom:20px;--awb-border-sizes-top:0px;--awb-border-sizes-bottom:0px;--awb-flex-wrap:wrap;\" ><\/div><div class=\"fusion-builder-row fusion-row\"><\/div><div class=\"fusion-layout-column fusion_builder_column fusion-builder-column-0 fusion_builder_column_1_1 1_1 fusion-one-full fusion-column-first fusion-column-last fusion-column-no-min-height\" style=\"--awb-bg-size:cover;--awb-margin-bottom:0px;width:100%;\"><div class=\"fusion-column-wrapper fusion-flex-column-wrapper-legacy\"><div class=\"fusion-clearfix\"><\/div><\/div><\/div><div class=\"fusion-title title fusion-title-1 fusion-sep-none fusion-title-text fusion-title-size-two\"><h2 class=\"fusion-title-heading title-heading-left fusion-responsive-typography-calculated\" style=\"margin:0;--fontSize:34;line-height:1.09;\">2017\/BT006 Bolsa implantaci\u00f3n Sistema de Informaci\u00f3n Geogr\u00e1fica (GIS)<\/h2><\/div><div class=\"fusion-text fusion-text-1\"><\/div><\/p>\n<div class=\"table-2\">\n<table width=\"100%\">\n<thead>\n<tr>\n<th>Tr\u00e1mite<\/th>\n<th>Fecha<\/th>\n<th>Documento(s)<\/th>\n<\/tr>\n<\/thead>\n<tbody>\n<tr>\n<td>Bases Bolsa implantaci\u00f3n Sistema de Informaci\u00f3 Geografica (GIS)<\/td>\n<td>28\/08\/2017<\/td>\n<td><a href=\"https:\/\/www.bombersdv.es\/wp-content\/uploads\/sites\/2\/2017\/08\/2017BT006_-Anuncio-y-Bases-BOLSA-GIS.pdf\" target=\"_blank\" rel=\"noopener\">Anuncio y Bases <\/a><\/td>\n<\/tr>\n<tr>\n<td>Designaci\u00f3n miembros OTS<\/td>\n<td>19\/10\/2017<\/td>\n<td><a href=\"https:\/\/www.bombersdv.es\/wp-content\/uploads\/sites\/2\/2017\/08\/2017BT006_Decreto-nombramiento-OTS.pdf\" target=\"_blank\" rel=\"noopener\">Miembros OTS<\/a><\/td>\n<\/tr>\n<tr>\n<td>Lista de aspirantes admitidos y excluidos<\/td>\n<td>13\/11\/2017<\/td>\n<td><a href=\"https:\/\/www.bombersdv.es\/wp-content\/uploads\/sites\/2\/2017\/08\/2017BT004_-Lista-admitidos-y-excluidos.pdf\" target=\"_blank\" rel=\"noopener\">Lista<\/a><\/td>\n<\/tr>\n<tr>\n<td>Anuncio del OTS<\/td>\n<td>22\/11\/2017<\/td>\n<td><a href=\"https:\/\/www.bombersdv.es\/wp-content\/uploads\/sites\/2\/2017\/08\/2017BT006_Anuncio-OTS.pdf\" target=\"_blank\" rel=\"noopener\">Anuncio<\/a><\/td>\n<\/tr>\n<\/tbody>\n<\/table>\n<\/div>\n","protected":false},"excerpt":{"rendered":"<p>Tr\u00e1mite Fecha Documento(s) Bases Bolsa implantaci\u00f3n Sistema de Informaci\u00f3 Geografica (GIS) 28\/08\/2017 Anuncio y Bases Designaci\u00f3n miembros OTS 19\/10\/2017 Miembros OTS Lista de aspirantes admitidos y excluidos 13\/11\/2017 Lista Anuncio del OTS 22\/11\/2017 Anuncio<\/p>\n","protected":false},"author":29,"featured_media":0,"parent":15127,"menu_order":0,"comment_status":"closed","ping_status":"closed","template":"","meta":{"footnotes":""},"class_list":["post-28283","page","type-page","status-publish","hentry"],"_links":{"self":[{"href":"https:\/\/www.bombersdv.es\/es\/wp-json\/wp\/v2\/pages\/28283"}],"collection":[{"href":"https:\/\/www.bombersdv.es\/es\/wp-json\/wp\/v2\/pages"}],"about":[{"href":"https:\/\/www.bombersdv.es\/es\/wp-json\/wp\/v2\/types\/page"}],"author":[{"embeddable":true,"href":"https:\/\/www.bombersdv.es\/es\/wp-json\/wp\/v2\/users\/29"}],"replies":[{"embeddable":true,"href":"https:\/\/www.bombersdv.es\/es\/wp-json\/wp\/v2\/comments?post=28283"}],"version-history":[{"count":0,"href":"https:\/\/www.bombersdv.es\/es\/wp-json\/wp\/v2\/pages\/28283\/revisions"}],"up":[{"embeddable":true,"href":"https:\/\/www.bombersdv.es\/es\/wp-json\/wp\/v2\/pages\/15127"}],"wp:attachment":[{"href":"https:\/\/www.bombersdv.es\/es\/wp-json\/wp\/v2\/media?parent=28283"}],"curies":[{"name":"wp","href":"https:\/\/api.w.org\/{rel}","templated":true}]}}