{"id":29643,"date":"2017-10-03T09:50:58","date_gmt":"2017-10-03T09:50:58","guid":{"rendered":"https:\/\/www.bombersdv.es\/oposiciones\/2017pi001-promocio-interna-17-places-de-caporal\/"},"modified":"2023-09-04T09:16:20","modified_gmt":"2023-09-04T07:16:20","slug":"2017pi001-promocio-interna-17-places-de-caporal","status":"publish","type":"page","link":"https:\/\/www.bombersdv.es\/es\/oposiciones\/procesos-finalizados\/2017pi001-promocio-interna-17-places-de-caporal\/","title":{"rendered":"2017\/PI001: Promoci\u00f3n Interna 17 plazas de cabo"},"content":{"rendered":"<div class=\"fusion-fullwidth fullwidth-box fusion-builder-row-1 nonhundred-percent-fullwidth non-hundred-percent-height-scrolling\" style=\"--awb-background-position:left top;--awb-border-radius-top-left:0px;--awb-border-radius-top-right:0px;--awb-border-radius-bottom-right:0px;--awb-border-radius-bottom-left:0px;--awb-padding-top:20px;--awb-padding-bottom:20px;--awb-border-sizes-top:0px;--awb-border-sizes-bottom:0px;--awb-flex-wrap:wrap;\" ><div class=\"fusion-builder-row fusion-row\"><div class=\"fusion-layout-column fusion_builder_column fusion-builder-column-0 fusion_builder_column_1_1 1_1 fusion-one-full fusion-column-first fusion-column-last fusion-column-no-min-height\" style=\"--awb-bg-size:cover;--awb-margin-bottom:0px;\"><div class=\"fusion-column-wrapper fusion-flex-column-wrapper-legacy\"><div class=\"fusion-title title fusion-title-1 fusion-sep-none fusion-title-text fusion-title-size-two\"><h2 class=\"fusion-title-heading title-heading-left fusion-responsive-typography-calculated\" style=\"margin:0;--fontSize:34;line-height:1.09;\">2017\/PI001: Promoci\u00f3n Interna 17 plazas de cabo<\/h2><\/div><div class=\"fusion-text fusion-text-1\"><div class=\"table-2\">\n<table width=\"100%\">\n<thead>\n<tr>\n<th>Tr\u00e1mite<\/th>\n<th>Fecha<\/th>\n<th>Documento(s)<\/th>\n<td><\/td>\n<\/tr>\n<\/thead>\n<tbody>\n<tr>\n<td>Bases<\/td>\n<td>03\/10\/2017<\/td>\n<td><a href=\"https:\/\/bop.dival.es\/bop\/drvisapi.dll?LO=00000001a6b7c8d900000005000000510000019b434e3f1c000000000001000000000000000000000000000000000000000000000000000000000000000000000000000000000000&amp;type=application\/pdf\" target=\"_blank\" rel=\"noopener\">Bases<\/a><\/td>\n<td><\/td>\n<\/tr>\n<tr>\n<td>Solicitud<\/td>\n<td>03\/10\/2017<\/td>\n<td><a href=\"https:\/\/www.bombersdv.es\/wp-content\/uploads\/sites\/2\/2017\/10\/2017_PI001-SOLICITUD-CABO.pdf\" target=\"_blank\" rel=\"noopener\">Solicitud<\/a><\/td>\n<td><\/td>\n<\/tr>\n<tr>\n<td>Solicitud turno movilidad<\/td>\n<td>03\/10\/2017<\/td>\n<td><a href=\"https:\/\/www.bombersdv.es\/wp-content\/uploads\/sites\/2\/2017\/10\/2017_PI001-SOLICITUD-CABO-TURNO-MOVILIDAD.pdf\" target=\"_blank\" rel=\"noopener\">Solicitud turno movilidad<\/a><\/td>\n<td><\/td>\n<\/tr>\n<tr>\n<td><span style=\"color: #800000;\"><strong>El plazo de presentaci\u00f3n de solicitudes ser\u00e1 de 20 d\u00edas h\u00e1biles a contar a partir del siguiente al de la publicaci\u00f3n del extracto de la Convocatoria en el Bolet\u00edn Oficial del Estado.<\/strong><\/span><\/td>\n<td><\/td>\n<td><\/td>\n<td><\/td>\n<\/tr>\n<tr>\n<td>\n<p align=\"justify\"><strong>En relaci\u00f3n a la solicitud de <!-- _clau=convalidaci\u00f3_ _numalts=0_ _txtdu=convalidaci\u00f3_ _txtpro=convalidaci\u00f3_ _error=_ _npretro=0_ -->convalidaci\u00f3n de las <!-- _clau=Pruebas_ _numalts=2_ _txtdu=Proves_ _txtpro=Pruebas_ _alt1=1.Pruebas &#091;present d'indicatiu de 'probar'&#093;_ _alt2=2.Pruebes &#091;present de subjuntiu de 'probar'&#093;_ _error=_ _npretro=1_ -->Pruebas F\u00edsicas y Psicot\u00e9cnicas, en caso de que las mismas hayan sido superadas en el propio Consorcio Provincial de Bomberos de Valencia, no ser\u00e1 necesario aportar justificaci\u00f3n, siendo suficiente indicar en la propia solicitud &#8220;ADMINISTRACI\u00d3\/ADMINISTRACI\u00d3N: Consorcio Provincial de Bomberos de Valencia&#8221;, haciendo referencia a la convocatoria en que tales <!-- _clau=pruebas_ _numalts=2_ _txtdu=proves_ _txtpro=pruebas_ _alt1=1.pruebas &#091;present d'indicatiu de 'probar'&#093;_ _alt2=2.pruebes &#091;present de subjuntiu de 'probar'&#093;_ _error=_ _npretro=1_ -->pruebas se <!-- _clau=superaran_ _numalts=2_ _txtdu=superaren_ _txtpro=superaran_ _alt1=1.superaran &#091;pret\u00e8rit imperfet de subjuntiu de 'superar'&#093;_ _alt2=2.superaron &#091;pret\u00e8rit perfet simple de 'superar'&#093;_ _error=_ _npretro=1_ -->superaron.<\/strong><\/p>\n<p align=\"justify\"><strong>Les recordamos que s\u00f3lo podr\u00e1n convalidarse las <!-- _clau=pruebas_ _numalts=2_ _txtdu=proves_ _txtpro=pruebas_ _alt1=1.pruebas &#091;present d'indicatiu de 'probar'&#093;_ _alt2=2.pruebes &#091;present de subjuntiu de 'probar'&#093;_ _error=_ _npretro=1_ -->pruebas realizadas en los \u00faltimos 3 a\u00f1os.<\/strong><\/p>\n<\/td>\n<td>05\/10\/2017<\/td>\n<td><\/td>\n<td><\/td>\n<\/tr>\n<tr>\n<td>\n<p align=\"justify\">Anuncio DOCV (este anuncio no abre el plazo de presentaci\u00f3n de instancias)<\/p>\n<\/td>\n<td>21\/11\/2017<\/td>\n<td><a href=\"https:\/\/www.bombersdv.es\/wp-content\/uploads\/sites\/2\/2017\/10\/2017PI001_Cabo_Extracto-DOCV.pdf\" target=\"_blank\" rel=\"noopener\">Anuncio DOCV<\/a><\/td>\n<td><\/td>\n<\/tr>\n<tr>\n<td>\n<p align=\"justify\">Anuncio extracto convocatoria BOE (con la publicaci\u00f3n de este anuncio se abre el plazo de presentaci\u00f3n de instancias)<\/p>\n<\/td>\n<td>02\/12\/2017<\/td>\n<td><a href=\"https:\/\/www.bombersdv.es\/wp-content\/uploads\/sites\/2\/2017\/10\/2017PI001_Cabo_BOE-A-2017-14139.pdf\" target=\"_blank\" rel=\"noopener\">Anuncio<\/a><\/td>\n<td><\/td>\n<\/tr>\n<tr>\n<td>\n<p align=\"justify\">Lista provisional de admitidos y excluidos<\/p>\n<\/td>\n<td>16\/03\/2018<\/td>\n<td><a href=\"https:\/\/www.bombersdv.es\/wp-content\/uploads\/sites\/2\/2017\/10\/2017PI001_Lista-provisional-admitidos-y-excluidos.pdf\" target=\"_blank\" rel=\"noopener\">Anuncio<\/a><\/td>\n<td><\/td>\n<\/tr>\n<tr>\n<td>\n<p align=\"justify\">Designaci\u00f3n miembros \u00d3rgano T\u00e9cnico de Selecci\u00f3n<\/p>\n<\/td>\n<td>20\/03\/2018<\/td>\n<td><a href=\"https:\/\/www.bombersdv.es\/wp-content\/uploads\/2018\/07\/2017PI001_OTS.pdf\" target=\"_blank\" rel=\"noopener\">Anuncio<\/a><\/td>\n<td><\/td>\n<\/tr>\n<tr>\n<td>\n<p align=\"justify\">Rectificaci\u00f3n Decreto designaci\u00f3n miembros \u00d3rgano T\u00e9cnico de Selecci\u00f3n<\/p>\n<\/td>\n<td>05\/04\/2018<\/td>\n<td><a href=\"https:\/\/www.bombersdv.es\/wp-content\/uploads\/sites\/2\/2017\/10\/2017PI001_Rectificaci\u00f3n-designaci\u00f3n-OTS.pdf\" target=\"_blank\" rel=\"noopener\">Anuncio<\/a><\/td>\n<td><\/td>\n<\/tr>\n<tr>\n<td>\n<p align=\"justify\">Lista definitiva de admitidos y excluidos y fecha primer ejercicio<\/p>\n<\/td>\n<td>18\/05\/2018<\/td>\n<td><a href=\"https:\/\/www.bombersdv.es\/wp-content\/uploads\/sites\/2\/2018\/05\/2017PI001_Lista-definitiva-cabos.pdf\" target=\"_blank\" rel=\"noopener\">Anuncio BOP<\/a><\/td>\n<td><\/td>\n<\/tr>\n<tr>\n<td>\n<p align=\"justify\">Primer ejercicio: D\u00eda 15 de junio, a las 12:00 horas, en el Instituto Valenciano de Audiofonolog\u00eda, calle Juan de Garay, 23 D, Valencia.<\/p>\n<\/td>\n<td>18\/05\/2018<\/td>\n<td><a href=\"https:\/\/goo.gl\/maps\/dcV6WFLfTBr\" target=\"_blank\" rel=\"noopener\">Mapa<\/a><\/td>\n<td><\/td>\n<\/tr>\n<tr>\n<td>\n<p align=\"justify\">Anuncio del tribunal. Puntuaci\u00f3n primer ejercicio, examen y plantilla de correcci\u00f3n.<\/p>\n<\/td>\n<td>28\/06\/2018<\/td>\n<td><a href=\"https:\/\/www.bombersdv.es\/wp-content\/uploads\/2018\/07\/Anuncio-Tibunal-Castellano.pdf\">Anuncio del Tribunal<\/a><\/td>\n<td><\/td>\n<\/tr>\n<tr>\n<td>\n<p align=\"justify\">Designaci\u00f3n asesores pruebas<\/p>\n<\/td>\n<td>03\/07\/2018<\/td>\n<td>\n<p><a href=\"https:\/\/www.bombersdv.es\/wp-content\/uploads\/sites\/2\/2018\/07\/2017PI001_NOTIFICACION20castellano-1.pdf\" target=\"_blank\" rel=\"noopener\">Designaci\u00f3n<\/a><\/p>\n<p><a href=\"https:\/\/www.bombersdv.es\/wp-content\/uploads\/2018\/07\/2017PI001_NOTIFICACION20castellan-1.pdf\" target=\"_blank\" rel=\"noopener\">Designaci\u00f3n<\/a><\/td>\n<td><\/td>\n<\/tr>\n<tr>\n<td>\n<p align=\"justify\">Anuncio del tribunal. Resoluci\u00f3n impugnaci\u00f3n preguntas primer ejercicio.<\/p>\n<\/td>\n<td>03\/07\/2018<\/td>\n<td><a href=\"https:\/\/www.bombersdv.es\/wp-content\/uploads\/2018\/07\/Anuncio-Tribunal-alegaciones-Cabos-1-1.pdf\">Anuncio del Tribunal<\/a><\/td>\n<td><\/td>\n<\/tr>\n<tr>\n<td>\n<p align=\"justify\">Anuncio del tribunal realizaci\u00f3n segundo ejercicio.<\/p>\n<\/td>\n<td>26\/07\/2018<\/td>\n<td><a href=\"https:\/\/www.bombersdv.es\/wp-content\/uploads\/sites\/2\/2018\/07\/Anunio-tribunal-cabos-2-ejercicio.pdf\">Anuncio del Tribunal<\/a><\/td>\n<td><\/td>\n<\/tr>\n<tr>\n<td>\n<p align=\"justify\">Anuncio del tribunal. Publicaci\u00f3n del acta de valoraci\u00f3n de las impugnaciones presentadas.<\/p>\n<\/td>\n<td>01\/08\/2018<\/td>\n<td><a href=\"https:\/\/www.bombersdv.es\/wp-content\/uploads\/sites\/2\/2018\/08\/Acta-Tribunal-cabos-26-06-2018.pdf\">Anuncio del Tribunal<\/a><\/td>\n<td><\/td>\n<\/tr>\n<tr>\n<td>\n<p align=\"justify\">Anuncio del tribunal. Publicaci\u00f3n resultados segundo ejercicio. Supuesto practico.<\/p>\n<\/td>\n<td>21\/09\/2018<\/td>\n<td><a href=\"https:\/\/www.bombersdv.es\/wp-content\/uploads\/sites\/2\/2018\/09\/Anuncio-tribunal-cabos-2109.pdf\">Anuncio del Tribunal<\/a><\/td>\n<td><\/td>\n<\/tr>\n<tr>\n<td>\n<p align=\"justify\">Anuncio del tribunal sobre revisi\u00f3n del segundo ejercicio.<\/p>\n<\/td>\n<td>04\/10\/2018<\/td>\n<td><a href=\"https:\/\/www.bombersdv.es\/wp-content\/uploads\/sites\/2\/2018\/10\/2017PI001_Anuci-revisi\u00f3-exercici.pdf\" target=\"_blank\" rel=\"noopener\">Anuncio<\/a><\/td>\n<td><\/td>\n<\/tr>\n<tr>\n<td>\n<p align=\"justify\">Anuncio del OTS: calificaciones segundo ejercicio y convocator\u00eda tercer ejercicio<\/p>\n<\/td>\n<td>18\/10\/2018<\/td>\n<td><a href=\"https:\/\/www.bombersdv.es\/wp-content\/uploads\/2018\/10\/segundo-ejercicio-cabos275.pdf\">Anuncio<\/a><\/td>\n<td><\/td>\n<\/tr>\n<tr>\n<td>\n<p align=\"justify\">Anuncio del Tribunal. Instrucciones pruebas f\u00edsicas<\/p>\n<\/td>\n<td>19\/10\/2018<\/td>\n<td><a href=\"https:\/\/www.bombersdv.es\/wp-content\/uploads\/2018\/12\/Instrucciones-pruebas-fisicas-cabo-1.pdf\">Anuncio<\/a><\/td>\n<td><\/td>\n<\/tr>\n<tr>\n<td>Anuncio del Tribunal. Convocatoria Pruebas Fisicas<\/td>\n<td>26\/10\/2018<\/td>\n<td>\n<p><a href=\"https:\/\/www.bombersdv.es\/wp-content\/uploads\/2018\/12\/Anuncio-tribunal-de-cabos.pdf\">Anuncio<\/a><\/p>\n<p><a href=\"https:\/\/www.bombersdv.es\/wp-content\/uploads\/2018\/12\/Anuncio-del-tribunal-cabos-correccion.pdf.pdf\">Anuncio correcci\u00f3n exenci\u00f3n<\/a><\/p>\n<p><a href=\"https:\/\/www.bombersdv.es\/wp-content\/uploads\/2018\/12\/Indicacion-pruebas-por-dias-cabo.pdf\">Informaci\u00f3n de las pruebas a realizar por dias<\/a><\/p>\n<p><a href=\"https:\/\/www.bombersdv.es\/wp-content\/uploads\/2018\/12\/INSTALACIONES-DEPORTIVAS-PARQUE-CENTRAL-1-1.pdf\">Croquis instalaciones<\/a><\/p>\n<p><a href=\"https:\/\/youtu.be\/RkzUb7OA7ZQ\">Video<\/a><\/td>\n<td>\n<p>&nbsp;<\/p>\n<p>&nbsp;<\/p>\n<p>&nbsp;<\/p>\n<p>&nbsp;<\/td>\n<\/tr>\n<tr>\n<td>Decreto de la Presidencia-Delegada sobre adici\u00f3n de plazas vacantes<\/td>\n<td>07\/12\/2018<\/td>\n<td><a href=\"https:\/\/www.bombersdv.es\/wp-content\/uploads\/2018\/12\/2017_PI001-Ampliacion-plazas-cabos999-1.pdf\" target=\"_blank\" rel=\"noopener\">Decreto<\/a><\/td>\n<td><\/td>\n<\/tr>\n<tr>\n<td>Anuncio BOP adici\u00f3n de plazas vacantes<\/td>\n<td>19\/12\/2018<\/td>\n<td><a href=\"https:\/\/www.bombersdv.es\/wp-content\/uploads\/2018\/12\/2017PI007_Ampliaci\u00f3n-plazas-cabo.pdf\" target=\"_blank\" rel=\"noopener\">Anuncio BOP<\/a><\/td>\n<td><\/td>\n<\/tr>\n<tr>\n<td>Anuncio del tribunal. Convocatoria 4 Ejercicio. Conocimiento Valenciano.<\/td>\n<td>21\/12\/2018<\/td>\n<td><a href=\"https:\/\/www.bombersdv.es\/wp-content\/uploads\/2018\/12\/Anuncio-tribunal-cabos-4-ejercicio.pdf\" target=\"_blank\" rel=\"noopener\">Anuncio Tribunal<\/a><\/td>\n<td><\/td>\n<\/tr>\n<tr>\n<td>Anuncio del tribunal. Publicaci\u00f3n resultados tercer ejercicio<\/td>\n<td>21\/12\/2018<\/td>\n<td><a href=\"https:\/\/www.bombersdv.es\/wp-content\/uploads\/2019\/01\/Resultados_fisicas_cabo_0611.pdf\">Anuncio Tribunal<\/a><\/td>\n<td><\/td>\n<\/tr>\n<tr>\n<td>Anuncio del tribunal. Resultados 4\u00ba ejercicio y convocatoria 5\u00ba ejercicio. Psicot\u00e9cnico<\/td>\n<td>05\/02\/2019<\/td>\n<td><a href=\"https:\/\/www.bombersdv.es\/wp-content\/uploads\/2019\/02\/Anuncio-del-tribunal-resultados-cabo-cuarto-ejercicio-05022019.pdf\">Anuncio Tribunal<\/a><\/td>\n<td><\/td>\n<\/tr>\n<tr>\n<td>Anuncio del tribunal. Relacion de aspirantes exentos de realizar el 5\u00ba ejercicio. Psicot\u00e9cnico<\/td>\n<td>11\/02\/2019<\/td>\n<td><a href=\"https:\/\/www.bombersdv.es\/wp-content\/uploads\/2019\/02\/Anuncio-del-tribunal-cabos-exencion-prueba-psicotecnica.pdf\">Anuncio Tribunal<\/a><\/td>\n<td><\/td>\n<\/tr>\n<tr>\n<td>Anuncio del tribunal. Resultados 5\u00ba ejercicio y convocatoria 6\u00ba ejercicio. Reconocimiento M\u00e9dico<\/td>\n<td>05\/03\/2019<\/td>\n<td><a href=\"https:\/\/www.bombersdv.es\/wp-content\/uploads\/2019\/03\/Anuncio-del-tribunal-resultados-cabo-quinto-ejercicio-y-convocatoria-6-05032019.pdf \">Anuncio Tribunal<\/a><\/td>\n<td><\/td>\n<\/tr>\n<tr>\n<td>Anuncio BOP adici\u00f3n de plazas vacantes<\/td>\n<td>18\/04\/2019<\/td>\n<td><a href=\"https:\/\/www.bombersdv.es\/wp-content\/uploads\/2019\/04\/Publicacion-BOP-adici\u00f3n-plazas-cabo.pdf\">Anuncio BOP<\/a><\/td>\n<td><\/td>\n<\/tr>\n<tr>\n<td>Anuncio Tribunal para los aspirantes por movilidad. Publicaci\u00f3n baremo y requerimiento documentaci\u00f3n original acreditativa, siendo el plazo de presentaci\u00f3n de 20 d\u00edas h\u00e1biles, con efectos del d\u00eda siguiente a su publicaci\u00f3n en el tablero y p\u00e1gina web<\/td>\n<td>14\/05\/2019<\/td>\n<td><a href=\"https:\/\/www.bombersdv.es\/wp-content\/uploads\/2019\/05\/Anuncio-tribunal-cabos-14-05.pdf\">Anuncio Tribunal<\/a><\/td>\n<td><\/td>\n<\/tr>\n<tr>\n<td>Anuncio Tribunal. Resultados de la fase de concurso y fase de oposici\u00f3n.<\/td>\n<td>10\/07\/2019<\/td>\n<td><a href=\"https:\/\/www.bombersdv.es\/wp-content\/uploads\/2019\/07\/Anunci-tribunal-cabos.pdf\">Anuncio Tribunal<\/a><\/td>\n<td><\/td>\n<\/tr>\n<tr>\n<td>Anuncio del Tribunal publicaci\u00f3n relaci\u00f3n definitiva de resultados<\/td>\n<td>01\/08\/2019<\/td>\n<td><a href=\"https:\/\/www.bombersdv.es\/wp-content\/uploads\/2019\/08\/2017_OP001-Anuncio-OTS-Proceso-2017001-CABO.pdf\" target=\"_blank\" rel=\"noopener\">Anunci<\/a><\/td>\n<td><\/td>\n<\/tr>\n<tr>\n<td>Correcci\u00f3n del Anuncio del Tribunal publicaci\u00f3n relaci\u00f3n definitiva de resultados<\/td>\n<td>10\/09\/2019<\/td>\n<td><a href=\"https:\/\/www.bombersdv.es\/wp-content\/uploads\/2019\/09\/Anuncio-Tribunal-Cabos-10-09-2019.pdf\" target=\"_blank\" rel=\"noopener\">Correcci\u00f3n Anuncio del Tribunal<\/a><\/td>\n<td><\/td>\n<\/tr>\n<tr>\n<td>Anuncio del Tribunal publicaci\u00f3n relaci\u00f3n definitiva de resultados en Aplicaci\u00f3n de la Sentencia n.\u00ba 839\/2019<\/td>\n<td>16\/09\/2019<\/td>\n<td><a href=\"https:\/\/www.bombersdv.es\/wp-content\/uploads\/2019\/09\/Anuncio-tribunal-Cabos-Sentencia.pdf\" target=\"_blank\" rel=\"noopener\">Anuncio del Tribunal<\/a><\/td>\n<td><\/td>\n<\/tr>\n<tr>\n<td>Anuncio del Servicio de Recursos Humanos. Relaci\u00f3n de plazas Vacantes cabos actualizadas a fecha 09-12-2019.<\/td>\n<td>09\/12\/2019<\/td>\n<td><a href=\"https:\/\/www.bombersdv.es\/wp-content\/uploads\/2019\/12\/VACANTS-CAPORALS-09_12_19-1.pdf\" target=\"_blank\" rel=\"noopener\"> Anunci RRHH<\/a><\/td>\n<td><\/td>\n<\/tr>\n<tr>\n<td>Anuncio del Servicio de Recursos Humanos. Instancia solicitud destino de plazas Vacantes cabos.<\/td>\n<td>09\/12\/2019<\/td>\n<td><a href=\"https:\/\/www.bombersdv.es\/wp-content\/uploads\/2019\/12\/INSTANCIA-SOLICITUD-DESTINO-cabos-1.pdf\" target=\"_blank\" rel=\"noopener\"> Instancia destino<\/a><\/td>\n<td><\/td>\n<\/tr>\n<tr>\n<td>Anuncio del Tribunal. Relaci\u00f3n Definitiva de Aprobados por Promoci\u00f3n Interna proceso 2017\/P001 Cabos.<\/td>\n<td>13\/12\/2019<\/td>\n<td><a href=\"https:\/\/www.bombersdv.es\/wp-content\/uploads\/2019\/12\/Anuncio-Tribunal-13-12-2019.pdf\" target=\"_blank\" rel=\"noopener\"> Anuncio Tribunal<\/a><\/td>\n<td><\/td>\n<\/tr>\n<tr>\n<td>Diligencia del Servicio de Recursos Humanos.<\/td>\n<td>13\/12\/2019<\/td>\n<td><a href=\"https:\/\/www.bombersdv.es\/wp-content\/uploads\/2019\/12\/Diligencia20documentacion20aportada20III.pdf\" target=\"_blank\" rel=\"noopener\"> Diligencia RRHH<\/a><\/td>\n<td><\/td>\n<\/tr>\n<tr>\n<td>Publicaci\u00f3n BOP Nombramientos Funcionarios.<\/td>\n<td>16\/01\/2020<\/td>\n<td><a href=\"https:\/\/www.bombersdv.es\/wp-content\/uploads\/2020\/01\/bop-cabos.pdf\" target=\"_blank\" rel=\"noopener\"> Publicaci\u00f3n BOP<\/a><\/td>\n<td><\/td>\n<\/tr>\n<tr>\n<td>Anuncio del Tribunal publicaci\u00f3n relaci\u00f3n definitiva de resultados incluyendo aspirante pendiente de superacion Curso Selectivo<\/td>\n<td>21\/05\/2021<\/td>\n<td><a href=\"https:\/\/www.bombersdv.es\/wp-content\/uploads\/2021\/05\/2017_PI001_Anuncio-OTS-prop-nombramiento-func-carrera-Mario-Polo.pdf\" target=\"_blank\" rel=\"noopener\">Anuncio Tribunal<\/a><\/td>\n<td><\/td>\n<\/tr>\n<tr>\n<td>Anuncio del Servicio de Recursos Humanos: Relaci\u00f3n de plazas Cabos ofertadas<\/td>\n<td>25\/05\/2021<\/td>\n<td><a href=\"https:\/\/www.bombersdv.es\/wp-content\/uploads\/2021\/05\/2017_PI001_Vacantes-cabo-ofertadas-tras-CT-2020-Copia-autentica.pdf\" target=\"_blank\" rel=\"noopener\">Anuncio RRHH<\/a><\/td>\n<td><\/td>\n<\/tr>\n<tr>\n<td>Relaci\u00f3n Definitiva de Aprobados por Promoci\u00f3n Interna proceso 2017\/P001 Cabos. En ejecuci\u00f3n de Sentencia 390\/2021, de 20\/05 y Propuesta curso selectivo IVASPE.<\/td>\n<td>28\/09\/2021<\/td>\n<td><a href=\"https:\/\/www.bombersdv.es\/wp-content\/uploads\/2021\/09\/Anuncio-OTS-Cabos-2017-28_09_2021-Copia-autentica.pdf\" target=\"_blank\" rel=\"noopener\"> Anuncio Tribunal<\/a><\/td>\n<td><\/td>\n<\/tr>\n<tr>\n<td>\n<p><span style=\"color: #ff0000;\">Con la finalidad de poner a disposici\u00f3n de las personas aspirantes la documentaci\u00f3n necesaria para el nombramiento como funcionario de carrera, y a la espera del correspondiente Anuncio emitido al respecto por el \u00d3rgano T\u00e9cnico de Selecci\u00f3n as\u00ed como a la espera de la publicaci\u00f3n de las vacantes, se procede a la publicaci\u00f3n de los siguientes formularios:<\/span><\/p>\n<p><span style=\"color: #ff0000;\">&#8211; Declaraci\u00f3n jurada.<\/span><br \/>\n<span style=\"color: #ff0000;\">&#8211; Solicitud de destinos.<\/span><\/td>\n<td>14\/07\/2023<\/td>\n<td>\n<p><a href=\"https:\/\/www.bombersdv.es\/wp-content\/uploads\/2023\/07\/DECLARACION-JURADA.pdf\" target=\"_blank\" rel=\"noopener\">Declaraci\u00f3n jurada<\/a><\/p>\n<p><a href=\"https:\/\/www.bombersdv.es\/wp-content\/uploads\/2023\/07\/Instancia-Solicitud-Destino-CABO2017_PI001.pdf\" target=\"_blank\" rel=\"noopener\">Solicitud destinos<\/a><\/td>\n<td><\/td>\n<\/tr>\n<tr>\n<td><span style=\"color: #ff0000;\"><span style=\"color: #000000;\">Relaci\u00f3n Definitiva de aspirantes Seleccionados Promoci\u00f3n Interna proceso 2017\/P001 Cabos. En ejecuci\u00f3n de Sentencia 390\/2021, de 20\/05 y emplazamiento acreditaci\u00f3n requisitos.<br \/>\n<\/span><\/span><\/td>\n<td>18\/07\/2023<\/td>\n<td><a href=\"https:\/\/www.bombersdv.es\/wp-content\/uploads\/2023\/07\/Anuncio-OTS-Cabo-2027_PI001-18_07_2023-Copia-autentica-3.pdf\" target=\"_blank\" rel=\"noopener\">Anuncio<\/a><\/td>\n<td><\/td>\n<\/tr>\n<tr>\n<td><span style=\"color: #ff0000;\"><span style=\"color: #000000;\">Anuncio del Servicio de Recursos Humanos sobre las vacantes ofertadas<\/span><\/span><\/td>\n<td>20\/07\/2023<\/td>\n<td><a href=\"https:\/\/www.bombersdv.es\/wp-content\/uploads\/2023\/07\/2017_PI001-y-2021_PI001Anuncio-RRHH-VACANTES-LIBRES-Copia-autentica.pdf\" target=\"_blank\" rel=\"noopener\">Anunci<\/a><\/td>\n<td><\/td>\n<\/tr>\n<tr>\n<td><span style=\"color: #ff0000;\"><span style=\"color: #000000;\">Anuncio del Servicio de Recursos Humanos sobre las vacantes ofertadas (Subsanaci\u00f3n)<br \/>\n<\/span><\/span><\/td>\n<td>21\/07\/2023<\/td>\n<td><a href=\"https:\/\/www.bombersdv.es\/wp-content\/uploads\/2023\/07\/2017_PI001-y-2021-Anuncio-RRHH-VACANTES-LIBRES-2.pdf\" target=\"_blank\" rel=\"noopener\">Anuncio<\/a><\/td>\n<td><\/td>\n<\/tr>\n<tr>\n<td><span style=\"color: #ff0000;\"><span style=\"color: #000000;\">Anuncio BOP: nombramientos funcionarios de carrera<\/span><\/span><\/td>\n<td>14\/08\/2023<\/td>\n<td><a href=\"https:\/\/www.bombersdv.es\/wp-content\/uploads\/2023\/08\/2017_PI001-nomb-func-carrera-caboES.pdf\" target=\"_blank\" rel=\"noopener\">Publicaci\u00f3n BOP<\/a><\/td>\n<td><\/td>\n<\/tr>\n<\/tbody>\n<\/table>\n<\/div>\n<\/div><div class=\"fusion-clearfix\"><\/div><\/div><\/div><\/div><\/div>\n","protected":false},"excerpt":{"rendered":"","protected":false},"author":27,"featured_media":0,"parent":15127,"menu_order":0,"comment_status":"closed","ping_status":"closed","template":"","meta":{"footnotes":""},"class_list":["post-29643","page","type-page","status-publish","hentry"],"_links":{"self":[{"href":"https:\/\/www.bombersdv.es\/es\/wp-json\/wp\/v2\/pages\/29643"}],"collection":[{"href":"https:\/\/www.bombersdv.es\/es\/wp-json\/wp\/v2\/pages"}],"about":[{"href":"https:\/\/www.bombersdv.es\/es\/wp-json\/wp\/v2\/types\/page"}],"author":[{"embeddable":true,"href":"https:\/\/www.bombersdv.es\/es\/wp-json\/wp\/v2\/users\/27"}],"replies":[{"embeddable":true,"href":"https:\/\/www.bombersdv.es\/es\/wp-json\/wp\/v2\/comments?post=29643"}],"version-history":[{"count":48,"href":"https:\/\/www.bombersdv.es\/es\/wp-json\/wp\/v2\/pages\/29643\/revisions"}],"predecessor-version":[{"id":66383,"href":"https:\/\/www.bombersdv.es\/es\/wp-json\/wp\/v2\/pages\/29643\/revisions\/66383"}],"up":[{"embeddable":true,"href":"https:\/\/www.bombersdv.es\/es\/wp-json\/wp\/v2\/pages\/15127"}],"wp:attachment":[{"href":"https:\/\/www.bombersdv.es\/es\/wp-json\/wp\/v2\/media?parent=29643"}],"curies":[{"name":"wp","href":"https:\/\/api.w.org\/{rel}","templated":true}]}}