{"id":3678,"date":"2013-05-24T20:01:55","date_gmt":"2013-05-24T20:01:55","guid":{"rendered":"http:\/\/theme-fusion.com\/avadaxml\/?page_id=3678"},"modified":"2018-10-29T11:44:31","modified_gmt":"2018-10-29T11:44:31","slug":"consorcio","status":"publish","type":"page","link":"https:\/\/www.bombersdv.es\/es\/consorcio\/","title":{"rendered":"Consorcio"},"content":{"rendered":"<p><div class=\"fusion-fullwidth fullwidth-box fusion-builder-row-1 hundred-percent-fullwidth non-hundred-percent-height-scrolling fusion-equal-height-columns\" style=\"--awb-background-position:left top;--awb-border-radius-top-left:0px;--awb-border-radius-top-right:0px;--awb-border-radius-bottom-right:0px;--awb-border-radius-bottom-left:0px;--awb-padding-top:0px;--awb-padding-right:20px;--awb-padding-bottom:0px;--awb-padding-left:20px;--awb-border-sizes-top:0px;--awb-border-sizes-bottom:0px;--awb-flex-wrap:wrap;\" ><div class=\"fusion-builder-row fusion-row\"><div class=\"fusion-layout-column fusion_builder_column fusion-builder-column-0 fusion_builder_column_1_2 1_2 fusion-one-half fusion-column-first\" style=\"--awb-bg-size:cover;--awb-margin-bottom:0px;\"><div class=\"fusion-column-wrapper fusion-flex-column-wrapper-legacy\"><div class=\"fusion-column-content-centered\"><div class=\"fusion-column-content\"><div class=\"fusion-image-element in-legacy-container\" style=\"--awb-caption-title-font-family:var(--h2_typography-font-family);--awb-caption-title-font-weight:var(--h2_typography-font-weight);--awb-caption-title-font-style:var(--h2_typography-font-style);--awb-caption-title-size:var(--h2_typography-font-size);--awb-caption-title-transform:var(--h2_typography-text-transform);--awb-caption-title-line-height:var(--h2_typography-line-height);--awb-caption-title-letter-spacing:var(--h2_typography-letter-spacing);\"><span class=\" fusion-imageframe imageframe-none imageframe-1 hover-type-none\"><img decoding=\"async\" width=\"1024\" height=\"576\" title=\"4_Fotos_AccteMMPP\" src=\"https:\/\/www.bombersdv.es\/wp-content\/uploads\/2017\/01\/4_Fotos_AccteMMPP-1024x576.jpg\" alt class=\"img-responsive wp-image-21213\" srcset=\"https:\/\/www.bombersdv.es\/wp-content\/uploads\/2017\/01\/4_Fotos_AccteMMPP-200x113.jpg 200w, https:\/\/www.bombersdv.es\/wp-content\/uploads\/2017\/01\/4_Fotos_AccteMMPP-400x225.jpg 400w, https:\/\/www.bombersdv.es\/wp-content\/uploads\/2017\/01\/4_Fotos_AccteMMPP-600x338.jpg 600w, https:\/\/www.bombersdv.es\/wp-content\/uploads\/2017\/01\/4_Fotos_AccteMMPP-800x450.jpg 800w, https:\/\/www.bombersdv.es\/wp-content\/uploads\/2017\/01\/4_Fotos_AccteMMPP-1200x675.jpg 1200w, https:\/\/www.bombersdv.es\/wp-content\/uploads\/2017\/01\/4_Fotos_AccteMMPP.jpg 1280w\" sizes=\"(max-width: 800px) 100vw, 800px\" \/><\/span><\/div><\/div><\/div><div class=\"fusion-clearfix\"><\/div><\/div><\/div><div class=\"fusion-layout-column fusion_builder_column fusion-builder-column-1 fusion_builder_column_1_2 1_2 fusion-one-half fusion-column-last\" style=\"--awb-padding-top:60px;--awb-padding-right:60px;--awb-padding-bottom:60px;--awb-padding-left:60px;--awb-bg-size:cover;--awb-margin-bottom:0px;width:48%;\"><div class=\"fusion-column-wrapper fusion-flex-column-wrapper-legacy\"><div class=\"fusion-text fusion-text-1\"><h2><strong><span style=\"color: #d32f13;\">\u00bfQu\u00e9 hacen los Bomberos?<\/span><\/strong><\/h2>\n<p style=\"text-align: justify;\">El <strong>Consorcio Provincial de Bomberos de Valencia<\/strong> es un organismo p\u00fablico cuya misi\u00f3n es la prevenci\u00f3n y extinci\u00f3n de incendios as\u00ed como las tareas de salvamento en la provincia de Valencia, desde su constituci\u00f3n el 31 de octubre de 1986.<\/p>\n<p style=\"text-align: justify;\">En sus veinticinco a\u00f1os de trayectoria, el Consorcio se ha consolidado como uno de los servicios de emergencias m\u00e1s importantes de Espa\u00f1a, con una cobertura territorial de 10.671,48 kil\u00f3metros cuadrados, 5.819 kil\u00f3metros cuadrados de masa forestal, m\u00e1s de 3.000 kil\u00f3metros de carreteras, 1.700.829 veh\u00edculos y cerca de 184.483 empresas contabilizadas en la provincia de Valencia.<\/p>\n<div class=\"fusion-alignleft\"><a class=\"fusion-button button-flat button-medium button-default fusion-button-default button-1 fusion-button-default-span \" target=\"_self\" href=\"\/es\/consorcio\/que-hacen-los-bomberos\/\"><span class=\"fusion-button-text\">Leer M\u00e1s<\/span><\/a><\/div>\n<\/div><div class=\"fusion-clearfix\"><\/div><\/div><\/div><\/div><\/div><div class=\"fusion-fullwidth fullwidth-box fusion-builder-row-2 hundred-percent-fullwidth non-hundred-percent-height-scrolling fusion-equal-height-columns\" style=\"--awb-background-position:left top;--awb-border-radius-top-left:0px;--awb-border-radius-top-right:0px;--awb-border-radius-bottom-right:0px;--awb-border-radius-bottom-left:0px;--awb-padding-top:0px;--awb-padding-right:20px;--awb-padding-bottom:0px;--awb-padding-left:20px;--awb-border-sizes-top:0px;--awb-border-sizes-bottom:0px;--awb-flex-wrap:wrap;\" ><div class=\"fusion-builder-row fusion-row\"><div class=\"fusion-layout-column fusion_builder_column fusion-builder-column-2 fusion_builder_column_1_2 1_2 fusion-one-half fusion-column-first\" style=\"--awb-bg-size:cover;--awb-margin-bottom:0px;\"><div class=\"fusion-column-wrapper fusion-flex-column-wrapper-legacy\"><div class=\"fusion-column-content-centered\"><div class=\"fusion-column-content\"><div class=\"fusion-image-element in-legacy-container\" style=\"--awb-caption-title-font-family:var(--h2_typography-font-family);--awb-caption-title-font-weight:var(--h2_typography-font-weight);--awb-caption-title-font-style:var(--h2_typography-font-style);--awb-caption-title-size:var(--h2_typography-font-size);--awb-caption-title-transform:var(--h2_typography-text-transform);--awb-caption-title-line-height:var(--h2_typography-line-height);--awb-caption-title-letter-spacing:var(--h2_typography-letter-spacing);\"><span class=\" fusion-imageframe imageframe-none imageframe-2 hover-type-none\"><img decoding=\"async\" width=\"1520\" height=\"1024\" title=\"Paterna 027.jpg\" src=\"https:\/\/www.bombersdv.es\/wp-content\/uploads\/2018\/10\/Paterna-027.jpg.jpg\" alt class=\"img-responsive wp-image-42655\" srcset=\"https:\/\/www.bombersdv.es\/wp-content\/uploads\/2018\/10\/Paterna-027.jpg-200x135.jpg 200w, https:\/\/www.bombersdv.es\/wp-content\/uploads\/2018\/10\/Paterna-027.jpg-400x269.jpg 400w, https:\/\/www.bombersdv.es\/wp-content\/uploads\/2018\/10\/Paterna-027.jpg-600x404.jpg 600w, https:\/\/www.bombersdv.es\/wp-content\/uploads\/2018\/10\/Paterna-027.jpg-800x539.jpg 800w, https:\/\/www.bombersdv.es\/wp-content\/uploads\/2018\/10\/Paterna-027.jpg-1200x808.jpg 1200w, https:\/\/www.bombersdv.es\/wp-content\/uploads\/2018\/10\/Paterna-027.jpg.jpg 1520w\" sizes=\"(max-width: 800px) 100vw, 800px\" \/><\/span><\/div><\/div><\/div><div class=\"fusion-clearfix\"><\/div><\/div><\/div><div class=\"fusion-layout-column fusion_builder_column fusion-builder-column-3 fusion_builder_column_1_2 1_2 fusion-one-half fusion-column-last\" style=\"--awb-padding-top:60px;--awb-padding-right:60px;--awb-padding-bottom:60px;--awb-padding-left:60px;--awb-bg-size:cover;--awb-margin-bottom:0px;width:48%;\"><div class=\"fusion-column-wrapper fusion-flex-column-wrapper-legacy\"><div class=\"fusion-text fusion-text-2\"><h2><strong><span style=\"color: #d32f13;\">Nuestra historia<\/span><\/strong><\/h2>\n<p style=\"text-align: justify;\">Los primeros servicios de emergencias de la provincia de Valencia, los <strong>Consorcios Comarcales<\/strong> de bomberos, se constituyeron en 1982. La expansi\u00f3n econ\u00f3mica de los a\u00f1os 60 hab\u00eda conllevado en una transformaci\u00f3n socioecon\u00f3mica y un crecimiento de la poblaci\u00f3n y de la industria. Esto deriv\u00f3 en un notable aumento de los riesgos y, por tanto, de la demanda de servicios de emergencias.<\/p>\n<p style=\"text-align: justify;\">La idea de mancomunar varios municipios por comarcas con el objeto exclusivo de prestar un servicio de bomberos da origen a siete Consorcios Comarcales en la provincia de Valencia auspiciados por la Diputaci\u00f3n: Horta Nord, Horta Sud, Camp de Morvedre, Ribera Baixa, Ribera Alta-Valldigna, La Safor y La Costera.<\/p>\n<div class=\"fusion-alignleft\"><a class=\"fusion-button button-flat button-medium button-default fusion-button-default button-2 fusion-button-default-span \" target=\"_self\" href=\"\/es\/consorcio\/nuestra-historia\/\"><span class=\"fusion-button-text\">Leer M\u00e1s<\/span><\/a><\/div>\n<\/div><div class=\"fusion-clearfix\"><\/div><\/div><\/div><\/div><\/div><div class=\"fusion-fullwidth fullwidth-box fusion-builder-row-3 hundred-percent-fullwidth non-hundred-percent-height-scrolling fusion-equal-height-columns\" style=\"--awb-background-position:left top;--awb-border-radius-top-left:0px;--awb-border-radius-top-right:0px;--awb-border-radius-bottom-right:0px;--awb-border-radius-bottom-left:0px;--awb-padding-top:0px;--awb-padding-right:20px;--awb-padding-bottom:0px;--awb-padding-left:20px;--awb-border-sizes-top:0px;--awb-border-sizes-bottom:0px;--awb-flex-wrap:wrap;\" ><div class=\"fusion-builder-row fusion-row\"><div class=\"fusion-layout-column fusion_builder_column fusion-builder-column-4 fusion_builder_column_1_2 1_2 fusion-one-half fusion-column-first\" style=\"--awb-bg-size:cover;--awb-margin-bottom:0px;\"><div class=\"fusion-column-wrapper fusion-flex-column-wrapper-legacy\"><div class=\"fusion-column-content-centered\"><div class=\"fusion-column-content\"><div class=\"fusion-image-element in-legacy-container\" style=\"--awb-caption-title-font-family:var(--h2_typography-font-family);--awb-caption-title-font-weight:var(--h2_typography-font-weight);--awb-caption-title-font-style:var(--h2_typography-font-style);--awb-caption-title-size:var(--h2_typography-font-size);--awb-caption-title-transform:var(--h2_typography-text-transform);--awb-caption-title-line-height:var(--h2_typography-line-height);--awb-caption-title-letter-spacing:var(--h2_typography-letter-spacing);\"><span class=\" fusion-imageframe imageframe-none imageframe-3 hover-type-none\"><img decoding=\"async\" alt=\"Bombers Consorci Provincial de valencia\" src=\"http:\/\/www.bombersdv.es\/wp-content\/uploads\/2013\/05\/bg-bomberos-04.jpg\" class=\"img-responsive\"\/><\/span><\/div><\/div><\/div><div class=\"fusion-clearfix\"><\/div><\/div><\/div><div class=\"fusion-layout-column fusion_builder_column fusion-builder-column-5 fusion_builder_column_1_2 1_2 fusion-one-half fusion-column-last\" style=\"--awb-padding-top:60px;--awb-padding-right:60px;--awb-padding-bottom:60px;--awb-padding-left:60px;--awb-bg-size:cover;--awb-margin-bottom:0px;width:48%;\"><div class=\"fusion-column-wrapper fusion-flex-column-wrapper-legacy\"><div class=\"fusion-text fusion-text-3\"><h2><strong><span style=\"color: #d32f13;\">Entidades que componen el consorcio<\/span><\/strong><\/h2>\n<h4><span style=\"color: #333333;\">La Organizaci\u00f3n del Consorcio<\/span><\/h4>\n<p style=\"text-align: justify;\"><strong>EEl Consorcio para el Servicio de Prevenci\u00f3n y Extinci\u00f3n de Incendios y Salvamentos (SPEIS), es un servicio P\u00fablico de \u00e1mbito Provincial que tiene como misi\u00f3n la protecci\u00f3n de las personas y bienes comprendidos en su territorio, frente a cualquier accidente como consecuencia de un riesgo que pueda producirse.<\/strong><\/p>\n<div class=\"fusion-alignleft\"><a class=\"fusion-button button-flat button-medium button-default fusion-button-default button-3 fusion-button-default-span \" target=\"_self\" href=\"\/es\/consorcio\/entidades-que-componen-el-consorcio\/\"><span class=\"fusion-button-text\">Leer M\u00e1s<\/span><\/a><\/div>\n<\/div><div class=\"fusion-clearfix\"><\/div><\/div><\/div><\/div><\/div><div class=\"fusion-fullwidth fullwidth-box fusion-builder-row-4 hundred-percent-fullwidth non-hundred-percent-height-scrolling fusion-equal-height-columns\" style=\"--awb-background-position:left top;--awb-border-radius-top-left:0px;--awb-border-radius-top-right:0px;--awb-border-radius-bottom-right:0px;--awb-border-radius-bottom-left:0px;--awb-padding-top:0px;--awb-padding-right:20px;--awb-padding-bottom:0px;--awb-padding-left:20px;--awb-border-sizes-top:0px;--awb-border-sizes-bottom:0px;--awb-flex-wrap:wrap;\" ><div class=\"fusion-builder-row fusion-row\"><div class=\"fusion-layout-column fusion_builder_column fusion-builder-column-6 fusion_builder_column_1_2 1_2 fusion-one-half fusion-column-first\" style=\"--awb-bg-size:cover;--awb-margin-bottom:0px;\"><div class=\"fusion-column-wrapper fusion-flex-column-wrapper-legacy\"><div class=\"fusion-column-content-centered\"><div class=\"fusion-column-content\"><div class=\"fusion-image-element in-legacy-container\" style=\"--awb-caption-title-font-family:var(--h2_typography-font-family);--awb-caption-title-font-weight:var(--h2_typography-font-weight);--awb-caption-title-font-style:var(--h2_typography-font-style);--awb-caption-title-size:var(--h2_typography-font-size);--awb-caption-title-transform:var(--h2_typography-text-transform);--awb-caption-title-line-height:var(--h2_typography-line-height);--awb-caption-title-letter-spacing:var(--h2_typography-letter-spacing);\"><span class=\" fusion-imageframe imageframe-none imageframe-4 hover-type-none\"><img decoding=\"async\" width=\"1500\" height=\"1000\" title=\"bg-oposiciones.jpg\" src=\"https:\/\/www.bombersdv.es\/wp-content\/uploads\/revslider\/portal-empleado\/bg-oposiciones.jpg\" alt class=\"img-responsive wp-image-40279\" srcset=\"https:\/\/www.bombersdv.es\/wp-content\/uploads\/revslider\/portal-empleado\/bg-oposiciones-200x133.jpg 200w, https:\/\/www.bombersdv.es\/wp-content\/uploads\/revslider\/portal-empleado\/bg-oposiciones-400x267.jpg 400w, https:\/\/www.bombersdv.es\/wp-content\/uploads\/revslider\/portal-empleado\/bg-oposiciones-600x400.jpg 600w, https:\/\/www.bombersdv.es\/wp-content\/uploads\/revslider\/portal-empleado\/bg-oposiciones-800x533.jpg 800w, https:\/\/www.bombersdv.es\/wp-content\/uploads\/revslider\/portal-empleado\/bg-oposiciones-1200x800.jpg 1200w, https:\/\/www.bombersdv.es\/wp-content\/uploads\/revslider\/portal-empleado\/bg-oposiciones.jpg 1500w\" sizes=\"(max-width: 800px) 100vw, 800px\" \/><\/span><\/div><\/div><\/div><div class=\"fusion-clearfix\"><\/div><\/div><\/div><div class=\"fusion-layout-column fusion_builder_column fusion-builder-column-7 fusion_builder_column_1_2 1_2 fusion-one-half fusion-column-last\" style=\"--awb-padding-top:60px;--awb-padding-right:60px;--awb-padding-bottom:60px;--awb-padding-left:60px;--awb-bg-size:cover;--awb-margin-bottom:0px;width:48%;\"><div class=\"fusion-column-wrapper fusion-flex-column-wrapper-legacy\"><div class=\"fusion-text fusion-text-4\"><h2><strong><span style=\"color: #d32f13;\"><strong>Organigrama <\/strong><\/span><\/strong><\/h2>\n<h4><span style=\"color: #333333;\">Una organizaci\u00f3n eficiente<\/span><\/h4>\n<p style=\"text-align: justify;\">Los Bomberos se organizan bajo la estructura del Consorcio Provincial de Bomberos de Valencia. Nuestra estructura organizativa permite el desarrollo de la actividad en toda la Provincia adem\u00e1s de ochocientos profesionales con una gran dispersi\u00f3n territorial y un sistema de turnos imprescindible para cubrir las necesidades.<\/p>\n<div class=\"fusion-alignleft\"><a class=\"fusion-button button-flat button-medium button-custom fusion-button-default button-4 fusion-button-span-no \" style=\"--button_accent_color:#ffffff;--button_accent_hover_color:#ffffff;--button_border_hover_color:#ffffff;--button_border_width-top:2px;--button_border_width-right:2px;--button_border_width-bottom:2px;--button_border_width-left:2px;--button_gradient_top_color:#d32f13;--button_gradient_bottom_color:#d32f13;--button_gradient_top_color_hover:#d32f13;--button_gradient_bottom_color_hover:#d32f13;\" target=\"_self\" title=\"saluda-presidente\" aria-label=\"saluda-presidente\" href=\"\/es\/consorcio\/organigrama\/\"><span class=\"fusion-button-text\">Leer m\u00e1s<\/span><\/a><\/div>\n<\/div><div class=\"fusion-clearfix\"><\/div><\/div><\/div><\/div><\/div><div class=\"fusion-fullwidth fullwidth-box fusion-builder-row-5 hundred-percent-fullwidth non-hundred-percent-height-scrolling fusion-equal-height-columns\" style=\"--awb-background-position:left top;--awb-border-radius-top-left:0px;--awb-border-radius-top-right:0px;--awb-border-radius-bottom-right:0px;--awb-border-radius-bottom-left:0px;--awb-padding-top:0px;--awb-padding-right:20px;--awb-padding-bottom:0px;--awb-padding-left:20px;--awb-border-sizes-top:0px;--awb-border-sizes-bottom:0px;--awb-flex-wrap:wrap;\" ><div class=\"fusion-builder-row fusion-row\"><div class=\"fusion-layout-column fusion_builder_column fusion-builder-column-8 fusion_builder_column_1_2 1_2 fusion-one-half fusion-column-first\" style=\"--awb-bg-size:cover;--awb-margin-bottom:0px;\"><div class=\"fusion-column-wrapper fusion-flex-column-wrapper-legacy\"><div class=\"fusion-column-content-centered\"><div class=\"fusion-column-content\"><div class=\"fusion-image-element in-legacy-container\" style=\"--awb-caption-title-font-family:var(--h2_typography-font-family);--awb-caption-title-font-weight:var(--h2_typography-font-weight);--awb-caption-title-font-style:var(--h2_typography-font-style);--awb-caption-title-size:var(--h2_typography-font-size);--awb-caption-title-transform:var(--h2_typography-text-transform);--awb-caption-title-line-height:var(--h2_typography-line-height);--awb-caption-title-letter-spacing:var(--h2_typography-letter-spacing);\"><span class=\" fusion-imageframe imageframe-none imageframe-5 hover-type-none\"><img decoding=\"async\" width=\"1373\" height=\"982\" title=\"Parque de Paterna.jpg\" src=\"https:\/\/www.bombersdv.es\/wp-content\/uploads\/2018\/10\/Parque-de-Paterna.jpg.jpg\" alt class=\"img-responsive wp-image-42657\" srcset=\"https:\/\/www.bombersdv.es\/wp-content\/uploads\/2018\/10\/Parque-de-Paterna.jpg-200x143.jpg 200w, https:\/\/www.bombersdv.es\/wp-content\/uploads\/2018\/10\/Parque-de-Paterna.jpg-400x286.jpg 400w, https:\/\/www.bombersdv.es\/wp-content\/uploads\/2018\/10\/Parque-de-Paterna.jpg-600x429.jpg 600w, https:\/\/www.bombersdv.es\/wp-content\/uploads\/2018\/10\/Parque-de-Paterna.jpg-800x572.jpg 800w, https:\/\/www.bombersdv.es\/wp-content\/uploads\/2018\/10\/Parque-de-Paterna.jpg-1200x858.jpg 1200w, https:\/\/www.bombersdv.es\/wp-content\/uploads\/2018\/10\/Parque-de-Paterna.jpg.jpg 1373w\" sizes=\"(max-width: 800px) 100vw, 800px\" \/><\/span><\/div><\/div><\/div><div class=\"fusion-clearfix\"><\/div><\/div><\/div><div class=\"fusion-layout-column fusion_builder_column fusion-builder-column-9 fusion_builder_column_1_2 1_2 fusion-one-half fusion-column-last\" style=\"--awb-padding-top:60px;--awb-padding-right:60px;--awb-padding-bottom:60px;--awb-padding-left:60px;--awb-bg-size:cover;--awb-margin-bottom:0px;width:48%;\"><div class=\"fusion-column-wrapper fusion-flex-column-wrapper-legacy\"><div class=\"fusion-text fusion-text-5\"><h2><strong><span style=\"color: #d32f13;\">Memorias de Gesti\u00f3n y Estad\u00edsticas<\/span><\/strong><\/h2>\n<h4><span style=\"color: #333333;\">Memorias de actividad<\/span><\/h4>\n<p style=\"text-align: justify;\">El <strong>Consorcio de Bomberos<\/strong> realiza un gran n\u00famero de intervenciones, y moviliza recursos y personas a lo largo de la Provincia. Para conocer bien la actividad, puedes descargar las memorias disponibles de algunos a\u00f1os.<\/p>\n<div class=\"fusion-alignleft\"><a class=\"fusion-button button-flat button-medium button-default fusion-button-default button-5 fusion-button-default-span \" target=\"_self\" href=\"\/es\/consorcio\/memorias-de-actividad\/\"><span class=\"fusion-button-text\">Leer M\u00e1s<\/span><\/a><\/div>\n<\/div><div class=\"fusion-clearfix\"><\/div><\/div><\/div><\/div><\/div><\/p>\n","protected":false},"excerpt":{"rendered":"","protected":false},"author":1,"featured_media":0,"parent":0,"menu_order":0,"comment_status":"closed","ping_status":"closed","template":"100-width.php","meta":{"footnotes":""},"class_list":["post-3678","page","type-page","status-publish","hentry"],"_links":{"self":[{"href":"https:\/\/www.bombersdv.es\/es\/wp-json\/wp\/v2\/pages\/3678"}],"collection":[{"href":"https:\/\/www.bombersdv.es\/es\/wp-json\/wp\/v2\/pages"}],"about":[{"href":"https:\/\/www.bombersdv.es\/es\/wp-json\/wp\/v2\/types\/page"}],"author":[{"embeddable":true,"href":"https:\/\/www.bombersdv.es\/es\/wp-json\/wp\/v2\/users\/1"}],"replies":[{"embeddable":true,"href":"https:\/\/www.bombersdv.es\/es\/wp-json\/wp\/v2\/comments?post=3678"}],"version-history":[{"count":2,"href":"https:\/\/www.bombersdv.es\/es\/wp-json\/wp\/v2\/pages\/3678\/revisions"}],"predecessor-version":[{"id":42660,"href":"https:\/\/www.bombersdv.es\/es\/wp-json\/wp\/v2\/pages\/3678\/revisions\/42660"}],"wp:attachment":[{"href":"https:\/\/www.bombersdv.es\/es\/wp-json\/wp\/v2\/media?parent=3678"}],"curies":[{"name":"wp","href":"https:\/\/api.w.org\/{rel}","templated":true}]}}