{"id":39350,"date":"2018-05-24T06:06:52","date_gmt":"2018-05-24T06:06:52","guid":{"rendered":"https:\/\/www.bombersdv.es\/2018-ce001-concurso-especifico-para-la-provision-de-3-puestos-de-coordinador-jefe-de-sala\/"},"modified":"2019-05-21T09:41:43","modified_gmt":"2019-05-21T07:41:43","slug":"2018-ce001-concurso-especifico-para-la-provision-de-3-puestos-de-coordinador-jefe-de-sala","status":"publish","type":"page","link":"https:\/\/www.bombersdv.es\/es\/oposiciones\/procesos-finalizados\/2018-ce001-concurso-especifico-para-la-provision-de-3-puestos-de-coordinador-jefe-de-sala\/","title":{"rendered":"2018\/CE001: Concurso espec\u00edfico para la provisi\u00f3n de 3 puestos de Coordinador Jefe de Sala"},"content":{"rendered":"<div class=\"fusion-fullwidth fullwidth-box fusion-builder-row-1 nonhundred-percent-fullwidth non-hundred-percent-height-scrolling\" style=\"--awb-background-position:left top;--awb-border-radius-top-left:0px;--awb-border-radius-top-right:0px;--awb-border-radius-bottom-right:0px;--awb-border-radius-bottom-left:0px;--awb-padding-top:20px;--awb-padding-bottom:20px;--awb-border-sizes-top:0px;--awb-border-sizes-bottom:0px;--awb-flex-wrap:wrap;\" ><div class=\"fusion-builder-row fusion-row\"><div class=\"fusion-layout-column fusion_builder_column fusion-builder-column-0 fusion_builder_column_1_1 1_1 fusion-one-full fusion-column-first fusion-column-last fusion-column-no-min-height\" style=\"--awb-bg-size:cover;--awb-margin-bottom:0px;\"><div class=\"fusion-column-wrapper fusion-flex-column-wrapper-legacy\"><div class=\"fusion-title title fusion-title-1 fusion-sep-none fusion-title-text fusion-title-size-two\"><h2 class=\"fusion-title-heading title-heading-left fusion-responsive-typography-calculated\" style=\"margin:0;--fontSize:34;line-height:1.09;\">2018\/CE001: 3 puestos de Coordinador Jefe de Sala<\/h2><\/div><div class=\"fusion-text fusion-text-1\"><div class=\"table-2\">\n<table width=\"100%\">\n<thead>\n<tr>\n<th>Tr\u00e1mite<\/th>\n<th>Fecha<\/th>\n<th>Documento(s)<\/th>\n<\/tr>\n<\/thead>\n<tbody>\n<tr>\n<td>Bases<\/td>\n<td>24\/05\/2018<\/td>\n<td><a href=\"https:\/\/www.bombersdv.es\/wp-content\/uploads\/2018\/05\/2018CE001_Bases-coordinador-jefe-de-sala.pdf\" target=\"_blank\" rel=\"noopener\">Bases BOP<\/a><\/td>\n<\/tr>\n<tr>\n<td>Solicitud<\/td>\n<td>24\/05\/2018<\/td>\n<td><a href=\"https:\/\/www.bombersdv.es\/wp-content\/uploads\/2018\/05\/2018CE001_ANEXO-MODELO-SOLICITUD-VALENCIANO-CASTELLANO.pdf\" target=\"_blank\" rel=\"noopener\">Solicitud<\/a><\/td>\n<\/tr>\n<tr>\n<td><strong>El plazo de presentaci\u00f3n de solicitudes es de 20 d\u00edas h\u00e1biles a contar a partir del d\u00eda siguiente a la publicaci\u00f3n de las bases en el Bolet\u00edn Oficial de la Provincia<\/strong><\/td>\n<td><\/td>\n<td><\/td>\n<\/tr>\n<tr>\n<td><strong>Informe cumplimiento de requisitos por los aspirantes<\/strong><\/td>\n<td>15\/10\/2018<\/td>\n<td><a href=\"https:\/\/www.bombersdv.es\/wp-content\/uploads\/2018\/10\/2018_CE001_-CUMPLIMIENTO-REQUISITOS-POR-LOS-ASPIRANTES-publicacion-castellano.pdf\" target=\"_blank\" rel=\"noopener\">Anuncio<\/a><\/td>\n<\/tr>\n<tr>\n<td><strong>Anuncio OTS: resultado baremaci\u00f3n m\u00e9ritos<\/strong><\/td>\n<td>26\/10\/2018<\/td>\n<td><a href=\"https:\/\/www.bombersdv.es\/wp-content\/uploads\/2018\/12\/2015_CE001_resultados-baremacion-castelleno999.pdf\" target=\"_blank\" rel=\"noopener\">Anuncio<\/a><\/td>\n<\/tr>\n<tr>\n<td><strong>Anuncio OTS: resultado baremaci\u00f3n m\u00e9ritos tras alegaciones y fecha realizaci\u00f3n supuesto pr\u00e1ctico<\/strong><\/td>\n<td>15\/11\/2018<\/td>\n<td><a href=\"https:\/\/www.bombersdv.es\/wp-content\/uploads\/2018\/12\/2018_CE001_Anuncio-OTS-BAREMACION-TRAS-ALEGACIONES-castellano-firm-elect_signed.pdf\" target=\"_blank\" rel=\"noopener\">Anuncio<\/a><\/td>\n<\/tr>\n<tr>\n<td><strong>Anuncio OTS: modificaci\u00f3n fecha realizaci\u00f3n supuesto pr\u00e1ctico<\/strong><\/td>\n<td>19\/11\/2019<\/td>\n<td><a href=\"https:\/\/www.bombersdv.es\/wp-content\/uploads\/2018\/12\/2018_CE001-Modificacion-fecha-examen-castellano.pdf\" target=\"_blank\" rel=\"noopener\">Anuncio<\/a><\/td>\n<\/tr>\n<tr>\n<td><strong>Anuncio OTS<\/strong><\/td>\n<td>03\/12\/2018<\/td>\n<td>\n<p><a href=\"https:\/\/www.bombersdv.es\/wp-content\/uploads\/2018\/12\/2018_CE001_Anuncio-OTS-SUPUESTO-PRACTICO-JEFE-SALA-castellano-FIRMA-ELECTRONICA_signed.pdf\" target=\"_blank\" rel=\"noopener\">Anuncio<\/a><\/p>\n<p><a href=\"https:\/\/www.bombersdv.es\/wp-content\/uploads\/2018\/12\/2018_CE001-sup-prac-castellano999.pdf\" target=\"_blank\" rel=\"noopener\">Prueba<\/a><\/td>\n<\/tr>\n<tr>\n<td><strong>Anuncio OTS: resultados supuesto pr\u00e1ctico y puntuaci\u00f3n total proceso selectivo<\/strong><\/td>\n<td>12\/12\/2018<\/td>\n<td><a href=\"https:\/\/www.bombersdv.es\/wp-content\/uploads\/2018\/12\/2018_CE001_Anuncio-OTS-PUNTUACION-SUPUESTO-PRACTICO-JEFE-SALA-castellano-FIRMA-ELECT_signed.pdf\" target=\"_blank\" rel=\"noopener\">Anuncio<\/a><\/td>\n<\/tr>\n<tr>\n<td><strong>Anuncio OTS: propuesta de adjudicaci\u00f3n provisional<\/strong><\/td>\n<td>19\/12\/2018<\/td>\n<td><a href=\"https:\/\/www.bombersdv.es\/wp-content\/uploads\/2018\/12\/2018_CE001_-Anuncio-OTS-propuesta-adjudicacion-provl-castellano-firma-electronica_signed.pdf\" target=\"_blank\" rel=\"noopener\">Propuesta adjudicacion<\/a><\/td>\n<\/tr>\n<tr>\n<td><strong>Anuncio OTS: constituci\u00f3n bolsa de trabajo temporal<\/strong><\/td>\n<td>27\/12\/2018<\/td>\n<td><a href=\"https:\/\/www.bombersdv.es\/wp-content\/uploads\/2018\/12\/2018_CE001-constitucio-bolsa-castellano.pdf\" target=\"_blank\" rel=\"noopener\">Anuncio<\/a><\/td>\n<\/tr>\n<\/tbody>\n<\/table>\n<\/div>\n<\/div><div class=\"fusion-clearfix\"><\/div><\/div><\/div><\/div><\/div>\n","protected":false},"excerpt":{"rendered":"","protected":false},"author":29,"featured_media":0,"parent":15127,"menu_order":0,"comment_status":"closed","ping_status":"closed","template":"","meta":{"footnotes":""},"class_list":["post-39350","page","type-page","status-publish","hentry"],"_links":{"self":[{"href":"https:\/\/www.bombersdv.es\/es\/wp-json\/wp\/v2\/pages\/39350"}],"collection":[{"href":"https:\/\/www.bombersdv.es\/es\/wp-json\/wp\/v2\/pages"}],"about":[{"href":"https:\/\/www.bombersdv.es\/es\/wp-json\/wp\/v2\/types\/page"}],"author":[{"embeddable":true,"href":"https:\/\/www.bombersdv.es\/es\/wp-json\/wp\/v2\/users\/29"}],"replies":[{"embeddable":true,"href":"https:\/\/www.bombersdv.es\/es\/wp-json\/wp\/v2\/comments?post=39350"}],"version-history":[{"count":11,"href":"https:\/\/www.bombersdv.es\/es\/wp-json\/wp\/v2\/pages\/39350\/revisions"}],"predecessor-version":[{"id":43827,"href":"https:\/\/www.bombersdv.es\/es\/wp-json\/wp\/v2\/pages\/39350\/revisions\/43827"}],"up":[{"embeddable":true,"href":"https:\/\/www.bombersdv.es\/es\/wp-json\/wp\/v2\/pages\/15127"}],"wp:attachment":[{"href":"https:\/\/www.bombersdv.es\/es\/wp-json\/wp\/v2\/media?parent=39350"}],"curies":[{"name":"wp","href":"https:\/\/api.w.org\/{rel}","templated":true}]}}