{"id":39373,"date":"2018-05-28T09:57:09","date_gmt":"2018-05-28T09:57:09","guid":{"rendered":"https:\/\/www.bombersdv.es\/2018-bt001-bolsa-secundaria-provision-temporal-puestos-sargento\/"},"modified":"2019-05-21T09:43:13","modified_gmt":"2019-05-21T07:43:13","slug":"2018-bt001-borsa-secundaria-provisio-temporal-llocs-sergent","status":"publish","type":"page","link":"https:\/\/www.bombersdv.es\/es\/oposiciones\/procesos-finalizados\/2018-bt001-borsa-secundaria-provisio-temporal-llocs-sergent\/","title":{"rendered":"2018\/BT001 Bolsa secundaria provisi\u00f3n temporal puestos sargento"},"content":{"rendered":"<p><div class=\"fusion-fullwidth fullwidth-box fusion-builder-row-1 nonhundred-percent-fullwidth non-hundred-percent-height-scrolling\" style=\"--awb-background-position:left top;--awb-border-radius-top-left:0px;--awb-border-radius-top-right:0px;--awb-border-radius-bottom-right:0px;--awb-border-radius-bottom-left:0px;--awb-padding-top:20px;--awb-padding-bottom:20px;--awb-border-sizes-top:0px;--awb-border-sizes-bottom:0px;--awb-flex-wrap:wrap;\" ><div class=\"fusion-builder-row fusion-row\"><\/div><\/div><div class=\"fusion-fullwidth fullwidth-box fusion-builder-row-2 hundred-percent-fullwidth non-hundred-percent-height-scrolling\" style=\"--awb-border-radius-top-left:0px;--awb-border-radius-top-right:0px;--awb-border-radius-bottom-right:0px;--awb-border-radius-bottom-left:0px;--awb-overflow:visible;--awb-flex-wrap:wrap;\" ><div class=\"fusion-builder-row fusion-row\"><div class=\"fusion-layout-column fusion_builder_column fusion-builder-column-0 fusion_builder_column_1_1 1_1 fusion-one-full fusion-column-first fusion-column-last fusion-column-no-min-height\" style=\"--awb-bg-size:cover;--awb-margin-bottom:0px;\"><div class=\"fusion-column-wrapper fusion-flex-column-wrapper-legacy\"><div class=\"fusion-title title fusion-title-1 fusion-sep-none fusion-title-text fusion-title-size-two\"><h2 class=\"fusion-title-heading title-heading-left fusion-responsive-typography-calculated\" style=\"margin:0;--fontSize:34;line-height:1.09;\">2018\/BT001 Bolsa secundaria provisi\u00f3n temporal puestos sargento<\/h2><\/div><div class=\"fusion-text fusion-text-1\"><div class=\"fusion-text fusion-text-1\"><\/div>\n<div class=\"table-2\">\n<table width=\"1019\">\n<thead>\n<tr>\n<th>Tr\u00e1mite<\/th>\n<th>Fecha<\/th>\n<th>Documento (s)<\/th>\n<\/tr>\n<\/thead>\n<tbody>\n<tr>\n<td>Decreto creaci\u00f3n bolsa secundaria provisi\u00f3n puestos de sargento<\/td>\n<td>28\/05\/2018<\/td>\n<td><a href=\"https:\/\/www.bombersdv.es\/wp-content\/uploads\/sites\/2\/2018\/05\/2018BT001_Notificaci\u00f3n-signed.pdf\" target=\"_blank\" rel=\"noopener\">Decreto<\/a><\/td>\n<\/tr>\n<tr>\n<td>Bases bolsa secundaria provisi\u00f3n puestos de sargento<\/td>\n<td>28\/05\/2018<\/td>\n<td><a href=\"https:\/\/www.bombersdv.es\/wp-content\/uploads\/sites\/2\/2018\/05\/2018BT001_BOLSA-SECUNDARIA-PROVISION-PUESTO-SARGENTO-2018.pdf\" target=\"_blank\" rel=\"noopener\">Bases<\/a><\/td>\n<\/tr>\n<tr>\n<td>Modelo solicitud para participar en el proceso<\/td>\n<td>28\/05\/2018<\/td>\n<td><a href=\"https:\/\/www.bombersdv.es\/wp-content\/uploads\/sites\/2\/2018\/05\/2018BT001_ANEXO-I-solicitud-BOLSA-DE-TRABAJO-SARGENTO.pdf\" target=\"_blank\" rel=\"noopener\">Solicitud<\/a><\/td>\n<\/tr>\n<tr>\n<td>Anuncio de la Comisi\u00f3n de Valorac\u00f3n: valoraci\u00f3n de m\u00e9ritos y aspirantes excluidos<\/td>\n<td>03\/12\/2018<\/td>\n<td>\n<p><a href=\"https:\/\/www.bombersdv.es\/wp-content\/uploads\/2018\/12\/2018BT001_Anuncio-Valoraci\u00f3n-m\u00e9ritos-signed.pdf\" target=\"_blank\" rel=\"noopener\">Anuncio<\/a><\/p>\n<p><a href=\"https:\/\/www.bombersdv.es\/wp-content\/uploads\/2018\/12\/2018BT001_Anexo-I-valoraci\u00f3n-m\u00e9ritos-signed.pdf\" target=\"_blank\" rel=\"noopener\">Anexo I<\/a><\/td>\n<\/tr>\n<tr>\n<td>Anuncio de la Comisi\u00f3n de Valoraci\u00f3n: Puntuaciones definitivas y orden de preferencia de destinos<\/td>\n<td>17\/12\/2018<\/td>\n<td><a href=\"https:\/\/www.bombersdv.es\/wp-content\/uploads\/2018\/12\/Anuncio-Valoraci\u00f3n-m\u00e9ritos-definitiva-signed.pdf\" target=\"_blank\" rel=\"noopener\">Anunci<\/a><\/td>\n<\/tr>\n<tr>\n<td>Incorporaci\u00f3n de aspirantes de la Bolsa Secundaria Sargento 2016\/BT006 a la Bolsa Secundaria Sargento 2018\/BT001<\/td>\n<td>19\/12\/2018<\/td>\n<td><a href=\"https:\/\/www.bombersdv.es\/wp-content\/uploads\/2018\/12\/2018BT001_BS-Sargentos-UNIFICADA.pdf\" target=\"_blank\" rel=\"noopener\">Baremaci\u00f3n<\/a><\/td>\n<\/tr>\n<tr>\n<td>\n<p><span style=\"color: #800000\"><strong>NOTA: Por Decreto n\u00ba 403 de la Presidencia Delegada del Consorcio, de fecha 24-5-2018, se aprueban las bases del proceso selectivo para la constituci\u00f3n de una bolsa de trabajo para la provisi\u00f3n temporal de puestos de sargento en el Consorcio Provincial de Bomberos de Valencia.<\/strong><\/span><\/p>\n<p><span style=\"color: #800000\"><strong>La Base Primera establece que a dicha bolsa \u201cse incorporar\u00e1 de oficio el personal que forme parte de bolsas secundarias anteriores de sargento y cumpla los requisitos establecidos en estas bases, de acuerdo con la puntuaci\u00f3n obtenida en su momento.\u201d<\/strong><\/span><\/p>\n<p><span style=\"color: #800000\"><strong>La Base Novena dispone que \u201cLa Bolsa de Trabajo constituida se regir\u00e1 en cuanto a su funcionamiento, por los Criterios Objetivos que rigen la provisi\u00f3n temporal de puestos de Trabajo del Consorcio de Bomberos de Valencia aprobadas por Decreto de la Presidencia Delegada del Consorcio n\u00famero 1.176 de fecha 23 de noviembre de 2016.\u201d<\/strong><\/span><\/p>\n<p><span style=\"color: #800000\"><strong>Este \u00faltimo Decreto regula la constituci\u00f3n de las bolsas secundarias y el r\u00e9gimen de funcionamiento de las mismas y, al respecto, dice literalmente que \u201cfinalizada la vigencia del nombramiento, la persona se reintegrar\u00e1 a la bolsa de trabajo que le corresponda, en el lugar que, por orden de puntuaci\u00f3n, les corresponda\u201d.<\/strong><\/span><\/p>\n<p><span style=\"color: #800000\"><strong>Por tanto, mientras se mantenga el nombramiento efectuado en la Bolsa Secundaria 2016\/BT006, las personas interesadas seguir\u00e1n prestando sus servicios en el puesto de trabajo asignado en la misma. Una vez finalice el nombramiento, se reincorporar\u00e1n a la vigente Bolsa Secundaria 2018\/BT001 por el orden que en la baremaci\u00f3n conjunta de ambas bolsas les corresponda.<\/strong><\/span><\/td>\n<td><\/td>\n<td><\/td>\n<\/tr>\n<\/tbody>\n<\/table>\n<\/div><div class=\"fusion-clearfix\"><\/div><\/div><\/div><\/div><\/div><\/p>\n<\/div>\n","protected":false},"excerpt":{"rendered":"","protected":false},"author":29,"featured_media":0,"parent":15127,"menu_order":0,"comment_status":"closed","ping_status":"closed","template":"","meta":{"footnotes":""},"class_list":["post-39373","page","type-page","status-publish","hentry"],"_links":{"self":[{"href":"https:\/\/www.bombersdv.es\/es\/wp-json\/wp\/v2\/pages\/39373"}],"collection":[{"href":"https:\/\/www.bombersdv.es\/es\/wp-json\/wp\/v2\/pages"}],"about":[{"href":"https:\/\/www.bombersdv.es\/es\/wp-json\/wp\/v2\/types\/page"}],"author":[{"embeddable":true,"href":"https:\/\/www.bombersdv.es\/es\/wp-json\/wp\/v2\/users\/29"}],"replies":[{"embeddable":true,"href":"https:\/\/www.bombersdv.es\/es\/wp-json\/wp\/v2\/comments?post=39373"}],"version-history":[{"count":7,"href":"https:\/\/www.bombersdv.es\/es\/wp-json\/wp\/v2\/pages\/39373\/revisions"}],"predecessor-version":[{"id":43674,"href":"https:\/\/www.bombersdv.es\/es\/wp-json\/wp\/v2\/pages\/39373\/revisions\/43674"}],"up":[{"embeddable":true,"href":"https:\/\/www.bombersdv.es\/es\/wp-json\/wp\/v2\/pages\/15127"}],"wp:attachment":[{"href":"https:\/\/www.bombersdv.es\/es\/wp-json\/wp\/v2\/media?parent=39373"}],"curies":[{"name":"wp","href":"https:\/\/api.w.org\/{rel}","templated":true}]}}