{"id":40256,"date":"2018-08-21T09:46:41","date_gmt":"2018-08-21T09:46:41","guid":{"rendered":"https:\/\/www.bombersdv.es\/?page_id=40256"},"modified":"2026-04-27T13:41:12","modified_gmt":"2026-04-27T11:41:12","slug":"home","status":"publish","type":"page","link":"https:\/\/www.bombersdv.es\/es\/","title":{"rendered":"Inicio"},"content":{"rendered":"<div class=\"fusion-fullwidth fullwidth-box fusion-builder-row-1 nonhundred-percent-fullwidth non-hundred-percent-height-scrolling\" style=\"--awb-border-radius-top-left:0px;--awb-border-radius-top-right:0px;--awb-border-radius-bottom-right:0px;--awb-border-radius-bottom-left:0px;--awb-flex-wrap:wrap;\" ><div class=\"fusion-builder-row fusion-row\"><div class=\"fusion-layout-column fusion_builder_column fusion-builder-column-0 fusion_builder_column_1_6 1_6 fusion-one-sixth fusion-column-first\" style=\"--awb-bg-size:cover;width:16.666666666667%;width:calc(16.666666666667% - ( ( 4% + 4% ) * 0.16666666666667 ) );margin-right: 4%;\"><div class=\"fusion-column-wrapper fusion-flex-column-wrapper-legacy\"><div class=\"fusion-column-content-centered\"><div class=\"fusion-column-content\"><div class=\"fusion-text fusion-text-1\"><table style=\"width: 100%; border-collapse: collapse; background-color: #d32f13; border-style: none;\" border=\"1\">\n<tbody>\n<tr>\n<td style=\"width: 100%;\"><a href=\"https:\/\/sede.bombersdv.es\/\"><img decoding=\"async\" class=\"aligncenter wp-image-45429 size-full\" src=\"https:\/\/www.bombersdv.es\/\/wp-content\/uploads\/sedeLogo_es.png\" alt=\"\" width=\"390\" height=\"87\" \/><\/a><\/td>\n<\/tr>\n<\/tbody>\n<\/table>\n<\/div><div class=\"fusion-sep-clear\"><\/div><div class=\"fusion-separator fusion-full-width-sep\" style=\"margin-left: auto;margin-right: auto;width:100%;\"><\/div><div class=\"fusion-sep-clear\"><\/div><div class=\"fusion-align-block\"><a class=\"fusion-button button-flat fusion-button-default-size button-default fusion-button-default button-1 fusion-button-span-yes fusion-button-default-type\" target=\"_self\" href=\"https:\/\/www.bombersdv.es\/es\/cita-previa-registre\/\"><span class=\"fusion-button-text\">Cita Previa Registro<\/span><\/a><\/div><div class=\"fusion-sep-clear\"><\/div><div class=\"fusion-separator fusion-full-width-sep\" style=\"margin-left: auto;margin-right: auto;width:100%;\"><\/div><div class=\"fusion-sep-clear\"><\/div><div class=\"fusion-align-block\"><a class=\"fusion-button button-flat fusion-button-default-size button-default fusion-button-default button-2 fusion-button-span-yes fusion-button-default-type\" target=\"_self\" href=\"https:\/\/www.bombersdv.es\/es\/comenex\/eventos-comenex\/\"><span class=\"fusion-button-text\">Encuentros excarcelaci\u00f3n<\/span><\/a><\/div><div class=\"fusion-sep-clear\"><\/div><div class=\"fusion-separator fusion-full-width-sep\" style=\"margin-left: auto;margin-right: auto;width:100%;\"><\/div><div class=\"fusion-sep-clear\"><\/div><div class=\"fusion-align-block\"><a class=\"fusion-button button-flat fusion-button-default-size button-default fusion-button-default button-3 fusion-button-span-yes fusion-button-default-type\" target=\"_self\" href=\"https:\/\/www.bombersdv.es\/es\/colegios\/\"><span class=\"fusion-button-text\">Colegios \/ Divulgacion<\/span><\/a><\/div><div class=\"fusion-sep-clear\"><\/div><div class=\"fusion-separator fusion-full-width-sep\" style=\"margin-left: auto;margin-right: auto;width:100%;\"><\/div><div class=\"fusion-sep-clear\"><\/div><div class=\"fusion-align-block\"><a class=\"fusion-button button-flat fusion-button-default-size button-default fusion-button-default button-4 fusion-button-span-yes fusion-button-default-type\" target=\"_self\" href=\"https:\/\/www.bombersdv.es\/es\/oposicions\/\"><span class=\"fusion-button-text\">Oposiciones<\/span><\/a><\/div><div class=\"fusion-sep-clear\"><\/div><div class=\"fusion-separator fusion-full-width-sep\" style=\"margin-left: auto;margin-right: auto;width:100%;\"><\/div><div class=\"fusion-sep-clear\"><\/div><div class=\"fusion-align-block\"><a class=\"fusion-button button-flat fusion-button-default-size button-default fusion-button-default button-5 fusion-button-span-yes fusion-button-default-type\" target=\"_self\" href=\"https:\/\/www.bombersdv.es\/es\/contactanos\/\"><span class=\"fusion-button-text\">Prevenciones<\/span><\/a><\/div><div class=\"fusion-sep-clear\"><\/div><div class=\"fusion-separator fusion-full-width-sep\" style=\"margin-left: auto;margin-right: auto;width:100%;\"><\/div><div class=\"fusion-sep-clear\"><\/div><div class=\"fusion-align-block\"><a class=\"fusion-button button-flat fusion-button-default-size button-default fusion-button-default button-6 fusion-button-span-yes fusion-button-default-type\" target=\"_self\" href=\"https:\/\/www.bombersdv.es\/es\/perfil-del-contratante\/\"><span class=\"fusion-button-text\">Perfil Contratista<\/span><\/a><\/div><div class=\"fusion-sep-clear\"><\/div><div class=\"fusion-separator fusion-full-width-sep\" style=\"margin-left: auto;margin-right: auto;width:100%;\"><\/div><div class=\"fusion-sep-clear\"><\/div><div class=\"fusion-align-block\"><a class=\"fusion-button button-flat fusion-button-default-size button-default fusion-button-default button-7 fusion-button-span-yes fusion-button-default-type\" target=\"_self\" href=\"https:\/\/www.bombersdv.es\/es\/canales-de-informacion\/\"><span class=\"fusion-button-text\">Canales de Informaci\u00f3n<\/span><\/a><\/div><div class=\"fusion-sep-clear\"><\/div><div class=\"fusion-separator fusion-full-width-sep\" style=\"margin-left: auto;margin-right: auto;width:100%;\"><\/div><div class=\"fusion-sep-clear\"><\/div><div class=\"fusion-align-block\"><a class=\"fusion-button button-flat fusion-button-default-size button-default fusion-button-default button-8 fusion-button-span-yes fusion-button-default-type\" target=\"_self\" href=\"https:\/\/www.bombersdv.es\/es\/events\/category\/publicos\/\"><span class=\"fusion-button-text\">Agenda<\/span><\/a><\/div><\/div><\/div><div class=\"fusion-clearfix\"><\/div><\/div><\/div><div class=\"fusion-layout-column fusion_builder_column fusion-builder-column-1 fusion_builder_column_2_3 2_3 fusion-two-third\" style=\"--awb-bg-size:cover;width:66.666666666667%;width:calc(66.666666666667% - ( ( 4% + 4% ) * 0.66666666666667 ) );margin-right: 4%;\"><div class=\"fusion-column-wrapper fusion-flex-column-wrapper-legacy\"><div class=\"fusion-text fusion-text-2\"><h2 style=\"text-align: center;\"><strong>Novedades<\/strong><\/h2>\n<\/div><div class=\"fusion-alert alert custom alert-custom fusion-alert-center fusion-alert-capitalize awb-alert-native-link-color\" style=\"--awb-background-color:#ff0505;--awb-accent-color:#808080;--awb-border-top-left-radius:0px;--awb-border-top-right-radius:0px;--awb-border-bottom-left-radius:0px;--awb-border-bottom-right-radius:0px;\" role=\"alert\"><div class=\"fusion-alert-content-wrapper\"><span class=\"fusion-alert-content\"><h2><span style=\"color: #ffffff;\"><a style=\"color: #ffffff;\" href=\"https:\/\/somsolidaritat.gva.es\/es\/\" target=\"_blank\" rel=\"noopener\">DANA: informaci\u00f3n sobre ofrecimientos de ayuda<\/a><\/span><\/h2><\/span><\/div><\/div><div class=\"fusion-recent-posts fusion-recent-posts-1 avada-container layout-date-on-side layout-columns-3\"><section class=\"fusion-columns columns fusion-columns-3 columns-3\"><article class=\"post fusion-column column col col-lg-4 col-md-4 col-sm-4\"><div class=\"fusion-date-and-formats\"><div class=\"fusion-date-box updated\"><span class=\"fusion-date\">4<\/span><span class=\"fusion-month-year\">05, 2026<\/span><\/div><div class=\"fusion-format-box\"><i class=\"awb-icon-pen\" aria-hidden=\"true\"><\/i><\/div><\/div><div class=\"recent-posts-content\"><span class=\"vcard\" style=\"display: none;\"><span class=\"fn\"><a href=\"https:\/\/www.bombersdv.es\/es\/author\/comunicacion\/\" title=\"Entradas de Gabinete de Comunicaci\u00f3n\" rel=\"author\">Gabinete de Comunicaci\u00f3n<\/a><\/span><\/span><span class=\"updated\" style=\"display:none;\">2026-05-04T14:47:34+02:00<\/span><h4 class=\"entry-title\"><a href=\"https:\/\/www.bombersdv.es\/es\/el-consorcio-de-bomberos-inicia-las-obras-de-reforma-integral-del-parque-de-torrent\/\">El Consorcio de Bomberos inicia las obras de reforma integral del Parque de Torrent<\/a><\/h4><p>El Consorcio Provincial de Bomberos, entidad dependiente de la Diputaci\u00f3 de Val\u00e8ncia, ha iniciado ya las obras de reforma integral del Parque de Bomberos de Torrent tras la firma del acta de replanteo, en una [...]<\/p><\/div><\/article><article class=\"post fusion-column column col col-lg-4 col-md-4 col-sm-4\"><div class=\"fusion-date-and-formats\"><div class=\"fusion-date-box updated\"><span class=\"fusion-date\">29<\/span><span class=\"fusion-month-year\">04, 2026<\/span><\/div><div class=\"fusion-format-box\"><i class=\"awb-icon-pen\" aria-hidden=\"true\"><\/i><\/div><\/div><div class=\"recent-posts-content\"><span class=\"vcard\" style=\"display: none;\"><span class=\"fn\"><a href=\"https:\/\/www.bombersdv.es\/es\/author\/comunicacion\/\" title=\"Entradas de Gabinete de Comunicaci\u00f3n\" rel=\"author\">Gabinete de Comunicaci\u00f3n<\/a><\/span><\/span><span class=\"updated\" style=\"display:none;\">2026-04-29T17:19:48+02:00<\/span><h4 class=\"entry-title\"><a href=\"https:\/\/www.bombersdv.es\/es\/la-feria-de-emergencias-y-la-carrera-10k-organizadas-por-el-consorcio-provincial-de-bomberos-llegan-a-bunol\/\">La Feria de Emergencias y la carrera 10K organizadas por el Consorcio Provincial de Bomberos llegan a Bu\u00f1ol<\/a><\/h4><p>Bu\u00f1ol acoger\u00e1 los pr\u00f3ximos 23 y 24 de mayo una nueva edici\u00f3n de la Feria de Emergencias y la 10 K Bombers, dos citas impulsadas por el Consorcio Provincial de Bomberos de Valencia, entidad dependiente [...]<\/p><\/div><\/article><article class=\"post fusion-column column col col-lg-4 col-md-4 col-sm-4\"><div class=\"fusion-date-and-formats\"><div class=\"fusion-date-box updated\"><span class=\"fusion-date\">29<\/span><span class=\"fusion-month-year\">04, 2026<\/span><\/div><div class=\"fusion-format-box\"><i class=\"awb-icon-pen\" aria-hidden=\"true\"><\/i><\/div><\/div><div class=\"recent-posts-content\"><span class=\"vcard\" style=\"display: none;\"><span class=\"fn\"><a href=\"https:\/\/www.bombersdv.es\/es\/author\/jcalvillo\/\" title=\"Entradas de jcalvillo\" rel=\"author\">jcalvillo<\/a><\/span><\/span><span class=\"updated\" style=\"display:none;\">2026-04-29T13:43:47+02:00<\/span><h4 class=\"entry-title\"><a href=\"https:\/\/www.bombersdv.es\/es\/acuerdo-de-condiciones-de-trabajo-del-personal-empleado-publico\/\">Acuerdo de condiciones de trabajo del personal empleado p\u00fablico<\/a><\/h4><p>Lo siento, no tienes permiso para ver esta entrada.<\/p><\/div><\/article><article class=\"post fusion-column column col col-lg-4 col-md-4 col-sm-4\"><div class=\"fusion-date-and-formats\"><div class=\"fusion-date-box updated\"><span class=\"fusion-date\">29<\/span><span class=\"fusion-month-year\">04, 2026<\/span><\/div><div class=\"fusion-format-box\"><i class=\"awb-icon-pen\" aria-hidden=\"true\"><\/i><\/div><\/div><div class=\"recent-posts-content\"><span class=\"vcard\" style=\"display: none;\"><span class=\"fn\"><a href=\"https:\/\/www.bombersdv.es\/es\/author\/jcalvillo\/\" title=\"Entradas de jcalvillo\" rel=\"author\">jcalvillo<\/a><\/span><\/span><span class=\"updated\" style=\"display:none;\">2026-04-29T13:04:16+02:00<\/span><h4 class=\"entry-title\"><a href=\"https:\/\/www.bombersdv.es\/es\/publicacion-en-el-bop-del-convenio-colectivo-del-personal-laboral-del-cpbv\/\">Publicaci\u00f3n en el BOP del Convenio Colectivo del personal laboral del CPBV<\/a><\/h4><p>Lo siento, no tienes permiso para ver esta entrada.<\/p><\/div><\/article><article class=\"post fusion-column column col col-lg-4 col-md-4 col-sm-4\"><div class=\"fusion-date-and-formats\"><div class=\"fusion-date-box updated\"><span class=\"fusion-date\">28<\/span><span class=\"fusion-month-year\">04, 2026<\/span><\/div><div class=\"fusion-format-box\"><i class=\"awb-icon-pen\" aria-hidden=\"true\"><\/i><\/div><\/div><div class=\"recent-posts-content\"><span class=\"vcard\" style=\"display: none;\"><span class=\"fn\"><a href=\"https:\/\/www.bombersdv.es\/es\/author\/comunicacion\/\" title=\"Entradas de Gabinete de Comunicaci\u00f3n\" rel=\"author\">Gabinete de Comunicaci\u00f3n<\/a><\/span><\/span><span class=\"updated\" style=\"display:none;\">2026-04-28T12:35:15+02:00<\/span><h4 class=\"entry-title\"><a href=\"https:\/\/www.bombersdv.es\/es\/el-consorcio-provincial-de-bomberos-de-valencia-reformara-de-manera-integral-el-parque-de-la-pobla-de-farnals\/\">El Consorcio Provincial de Bomberos de Valencia reformar\u00e1 de manera integral el parque de la Pobla de Farnals<\/a><\/h4><p>El diputado provincial de Medio Ambiente en la Diputaci\u00f3 de Val\u00e8ncia y presidente del Consorcio de Bomberos, Avelino Mascarell, ha anunciado la futura reforma integral del parque de bomberos de La Pobla de Farnals, una [...]<\/p><\/div><\/article><article class=\"post fusion-column column col col-lg-4 col-md-4 col-sm-4\"><div class=\"fusion-date-and-formats\"><div class=\"fusion-date-box updated\"><span class=\"fusion-date\">23<\/span><span class=\"fusion-month-year\">04, 2026<\/span><\/div><div class=\"fusion-format-box\"><i class=\"awb-icon-pen\" aria-hidden=\"true\"><\/i><\/div><\/div><div class=\"recent-posts-content\"><span class=\"vcard\" style=\"display: none;\"><span class=\"fn\"><a href=\"https:\/\/www.bombersdv.es\/es\/author\/comunicacion\/\" title=\"Entradas de Gabinete de Comunicaci\u00f3n\" rel=\"author\">Gabinete de Comunicaci\u00f3n<\/a><\/span><\/span><span class=\"updated\" style=\"display:none;\">2026-04-23T18:21:34+02:00<\/span><h4 class=\"entry-title\"><a href=\"https:\/\/www.bombersdv.es\/es\/el-equipo-de-bomberos-de-gandia-ganador-del-xvii-encuentro-interno-de-excarcelacion-del-consorcio-de-valencia\/\">El equipo de Bomberos de Gandia, ganador del XVII Encuentro Interno de Excarcelaci\u00f3n del Consorcio de Valencia<\/a><\/h4><p>La 17\u00aa edici\u00f3n del Encuentro Interno de Excarcelaci\u00f3n del Consorcio de Bomberos de Valencia, celebrada en el parque de bomberos de Sagunto, se ha cerrado con la proclamaci\u00f3n del equipo de Gandia como ganador de [...]<\/p><\/div><\/article><\/section><\/div><div class=\"fusion-text fusion-text-3\"><p><a href=\"https:\/\/www.bombersdv.es\/es\/noticias-portada\/\">Entradas anteriores &gt;&gt;<\/a><\/p>\n<\/div><div class=\"fusion-clearfix\"><\/div><\/div><\/div><div class=\"fusion-layout-column fusion_builder_column fusion-builder-column-2 fusion_builder_column_1_6 1_6 fusion-one-sixth fusion-column-last\" style=\"--awb-padding-top:3%;--awb-bg-size:cover;width:16.666666666667%;width:calc(16.666666666667% - ( ( 4% + 4% ) * 0.16666666666667 ) );\"><div class=\"fusion-column-wrapper fusion-flex-column-wrapper-legacy\"><div class=\"fusion-clearfix\"><\/div><\/div><\/div><div class=\"fusion-layout-column fusion_builder_column fusion-builder-column-3 fusion_builder_column_1_1 1_1 fusion-one-full fusion-column-first fusion-column-last\" style=\"--awb-bg-size:cover;\"><div class=\"fusion-column-wrapper fusion-flex-column-wrapper-legacy\"><div class=\"fusion-section-separator section-separator triangle fusion-section-separator-1\" style=\"--awb-border-top:1px solid #f6f6f6;--awb-spacer-height:1px;--awb-svg-margin-left:0;--awb-svg-margin-right:0;--awb-icon-color:#ffffff;\"><div class=\"fusion-section-separator-svg\"><div class=\"divider-candy-arrow top\" style=\"bottom:0px;border-bottom-color: #f6f6f6;\"><\/div><div class=\"divider-candy top\" style=\"top:-21px;border-bottom:1px solid #f6f6f6;border-left:1px solid #f6f6f6;\"><\/div><\/div><div class=\"fusion-section-separator-spacer\"><div class=\"fusion-section-separator-spacer-height\"><\/div><\/div><\/div><div class=\"fusion-clearfix\"><\/div><\/div><\/div><\/div><\/div>\n","protected":false},"excerpt":{"rendered":"","protected":false},"author":1,"featured_media":0,"parent":0,"menu_order":0,"comment_status":"closed","ping_status":"closed","template":"","meta":{"footnotes":""},"class_list":["post-40256","page","type-page","status-publish","hentry"],"_links":{"self":[{"href":"https:\/\/www.bombersdv.es\/es\/wp-json\/wp\/v2\/pages\/40256"}],"collection":[{"href":"https:\/\/www.bombersdv.es\/es\/wp-json\/wp\/v2\/pages"}],"about":[{"href":"https:\/\/www.bombersdv.es\/es\/wp-json\/wp\/v2\/types\/page"}],"author":[{"embeddable":true,"href":"https:\/\/www.bombersdv.es\/es\/wp-json\/wp\/v2\/users\/1"}],"replies":[{"embeddable":true,"href":"https:\/\/www.bombersdv.es\/es\/wp-json\/wp\/v2\/comments?post=40256"}],"version-history":[{"count":88,"href":"https:\/\/www.bombersdv.es\/es\/wp-json\/wp\/v2\/pages\/40256\/revisions"}],"predecessor-version":[{"id":74250,"href":"https:\/\/www.bombersdv.es\/es\/wp-json\/wp\/v2\/pages\/40256\/revisions\/74250"}],"wp:attachment":[{"href":"https:\/\/www.bombersdv.es\/es\/wp-json\/wp\/v2\/media?parent=40256"}],"curies":[{"name":"wp","href":"https:\/\/api.w.org\/{rel}","templated":true}]}}