{"id":40830,"date":"2018-10-22T17:11:53","date_gmt":"2018-10-22T17:11:53","guid":{"rendered":"https:\/\/www.bombersdv.es\/oposiciones\/procesos-en-marcha\/2018-op003-consolidacio-docupacio-temporal-1-tecnic-especialista-informatica\/"},"modified":"2019-11-12T20:17:36","modified_gmt":"2019-11-12T19:17:36","slug":"2018-op003-consolidacio-docupacio-temporal-1-tecnic-especialista-informatica","status":"publish","type":"page","link":"https:\/\/www.bombersdv.es\/es\/oposiciones\/procesos-finalizados\/2018-op003-consolidacio-docupacio-temporal-1-tecnic-especialista-informatica\/","title":{"rendered":"2018\/OP003 Consolidaci\u00f3n de Empleo Temporal: 1 T\u00e9cnico Especialista Inform\u00e1tica"},"content":{"rendered":"<p><div class=\"fusion-fullwidth fullwidth-box fusion-builder-row-1 nonhundred-percent-fullwidth non-hundred-percent-height-scrolling\" style=\"--awb-background-position:left top;--awb-border-radius-top-left:0px;--awb-border-radius-top-right:0px;--awb-border-radius-bottom-right:0px;--awb-border-radius-bottom-left:0px;--awb-padding-top:20px;--awb-padding-bottom:20px;--awb-border-sizes-top:0px;--awb-border-sizes-bottom:0px;--awb-flex-wrap:wrap;\" ><div class=\"fusion-builder-row fusion-row\"><div class=\"fusion-layout-column fusion_builder_column fusion-builder-column-0 fusion_builder_column_1_1 1_1 fusion-one-full fusion-column-first fusion-column-last fusion-column-no-min-height\" style=\"--awb-bg-size:cover;--awb-margin-bottom:0px;\"><div class=\"fusion-column-wrapper fusion-flex-column-wrapper-legacy\"><div class=\"fusion-title title fusion-title-1 fusion-sep-none fusion-title-text fusion-title-size-two\"><h2 class=\"fusion-title-heading title-heading-left fusion-responsive-typography-calculated\" style=\"margin:0;--fontSize:34;line-height:1.09;\">2018\/OP003 Consolidaci\u00f3n de Empleo Temporal: 1 T\u00e9cnico Especialista Inform\u00e1tica<\/h2><\/div><div class=\"fusion-text fusion-text-1\"><div class=\"fusion-text fusion-text-1\"><\/div>\n<div class=\"table-2\">\n<table width=\"100%\">\n<thead>\n<tr>\n<th>Tr\u00e1mite<\/th>\n<th>Fecha<\/th>\n<th>Documento(s)<\/th>\n<\/tr>\n<\/thead>\n<tbody>\n<tr>\n<td>Bases Consolidaci\u00f3n Empleo Temporal: 1 T\u00e9cnico Especialista Inform\u00e1tica<\/td>\n<td>09\/08\/2018<\/td>\n<td><a href=\"http:\/\/bop.dival.es\/bop\/drvisapi.dll?LO=00000001A6B7C8D9000000050000002B00001DDC434EBC18000000000001000000000000000000000000000000000000000000000000000000000000000000000000000000000000&amp;type=application\/pdf#page=59\" target=\"_blank\" rel=\"noopener\">Anuncio BOP<\/a><\/td>\n<\/tr>\n<tr>\n<td>Publicaci\u00f3n anuncio en el Diari Oficial de la Generalitat Valenciana<\/td>\n<td>22\/08\/2018<\/td>\n<td><a href=\"https:\/\/www.bombersdv.es\/wp-content\/uploads\/2018\/10\/2018OP003_Anuncio-DOGV.pdf\">Anuncio<\/a><\/td>\n<\/tr>\n<tr>\n<td>Publicaci\u00f3n anuncio en el Bolet\u00edn Oficial del Estado<\/td>\n<td>30\/08\/2018<\/td>\n<td><a href=\"https:\/\/www.bombersdv.es\/wp-content\/uploads\/2018\/10\/2018_OP002-3-4-5_anuncio-boe.pdf\">Anuncio<\/a><\/td>\n<\/tr>\n<tr>\n<td>Modelo solicitud<\/td>\n<td>30\/08\/2018<\/td>\n<td><a href=\"https:\/\/www.bombersdv.es\/wp-content\/uploads\/2018\/10\/2018OP_003-SOL.LICITUD-DADMISSI\u00d3-PROVES-SELECTIVES.pdf\">Solicitud<\/a><\/td>\n<\/tr>\n<tr>\n<td>Designaci\u00f3n miembros del OTS<\/td>\n<td>04\/10\/2018<\/td>\n<td><a href=\"https:\/\/www.bombersdv.es\/wp-content\/uploads\/2018\/10\/2018OP003_Designaci\u00f3n-OTS.pdf\">Anuncio<\/a><\/td>\n<\/tr>\n<tr>\n<td>Lista provisional de admitidos<\/td>\n<td>23\/11\/2018<\/td>\n<td><a href=\"https:\/\/www.bombersdv.es\/wp-content\/uploads\/2018\/12\/2018OP003_Lista-admitidos.pdf\" target=\"_blank\" rel=\"noopener\">Anuncio BOP<\/a><\/td>\n<\/tr>\n<tr>\n<td>Publicaci\u00f3n Lista definitiva de admitidos<\/td>\n<td>31\/01\/2019<\/td>\n<td><a href=\"https:\/\/www.bombersdv.es\/wp-content\/uploads\/2019\/01\/publicacion-BOP-listas-admitidos-informatica.pdf\" target=\"_blank\" rel=\"noopener\">Anuncio BOP<\/a><\/td>\n<\/tr>\n<tr>\n<td>Anuncio OTS<\/td>\n<td>27\/02\/2019<\/td>\n<td>\n<p><a href=\"https:\/\/www.bombersdv.es\/wp-content\/uploads\/2019\/02\/2017_OP003_Anuncio-EXAMEN-Y-PLANTILLAsigned.pdf\" target=\"_blank\" rel=\"noopener\">Anuncio<\/a><\/p>\n<p><a href=\"https:\/\/www.bombersdv.es\/wp-content\/uploads\/2019\/02\/2017_OP_Examen_Castellano_2.pdf\" target=\"_blank\" rel=\"noopener\">Prueba<\/a><\/p>\n<p><a href=\"https:\/\/www.bombersdv.es\/wp-content\/uploads\/2019\/02\/2017_OP003_TablaCorrecci\u00f3n-Ejercicio-2.pdf\" target=\"_blank\" rel=\"noopener\">Plantilla<\/a><\/td>\n<\/tr>\n<tr>\n<td>Anuncio OTS relativo a calificaciones Ejercicio 1<\/td>\n<td>11\/03\/2019<\/td>\n<td><a href=\"https:\/\/www.bombersdv.es\/wp-content\/uploads\/2019\/03\/2018_OP003_Anuncio-resultados-ejercicio1COLUMNAS.pdf\" target=\"_blank\" rel=\"noopener\">Anuncio<\/a><\/td>\n<\/tr>\n<tr>\n<td>Anuncio OTS<\/td>\n<td>09\/04\/2019<\/td>\n<td>\n<p><a href=\"https:\/\/www.bombersdv.es\/wp-content\/uploads\/2019\/04\/2018_OP003_-Anuncio-informatica999.pdf\" target=\"_blank\" rel=\"noopener\">Anuncio<\/a><\/p>\n<p><a href=\"https:\/\/www.bombersdv.es\/wp-content\/uploads\/2019\/04\/2018_OP003-supuesto-practico-castellano.pdf\" target=\"_blank\" rel=\"noopener\">Prueba<\/a><\/p>\n<p><a href=\"https:\/\/www.bombersdv.es\/wp-content\/uploads\/2019\/04\/2018_OP001_-Tabla-Correcci\u00f3n.pdf\" target=\"_blank\" rel=\"noopener\">Plantilla<\/a><\/td>\n<\/tr>\n<tr>\n<td>Anuncio OTS relativo a calificaciones Ejercicio 2<\/td>\n<td>03\/05\/2019<\/td>\n<td><a href=\"https:\/\/www.bombersdv.es\/wp-content\/uploads\/2019\/05\/2018_OP003-INFORMATICA999.pdf\" target=\"_blank\" rel=\"noopener\">Anuncio<\/a><\/td>\n<\/tr>\n<tr>\n<td>Anuncio OTS relativo a Relaci\u00f3n Provisional personas aprobadas<\/td>\n<td>05\/06\/2019<\/td>\n<td><a href=\"https:\/\/www.bombersdv.es\/wp-content\/uploads\/2019\/06\/2018_OP003_anuncio-RELACION-PROVISIONAL.pdf\" target=\"_blank\" rel=\"noopener\">Anuncio<\/a><\/td>\n<\/tr>\n<tr>\n<td>Anuncio OTS relativo a Relaci\u00f3n definitiva de personas seleccionadas<\/td>\n<td>09\/09\/2019<\/td>\n<td><a href=\"https:\/\/www.bombersdv.es\/wp-content\/uploads\/2019\/09\/2018_op003_Anuncio-firmado-elevaci\u00f3n-a-definitiva-puntuaciones.pdf\" target=\"_blank\" rel=\"noopener\">Anuncio<\/a><\/td>\n<\/tr>\n<tr>\n<td>Publicaci\u00f3n BOP<\/td>\n<td>12\/11\/2019<\/td>\n<td><a href=\"https:\/\/www.bombersdv.es\/wp-content\/uploads\/2019\/11\/BOP-informatica.pdf\" target=\"_blank\" rel=\"noopener\">Publicaci\u00f3n BOP<\/a><\/td>\n<\/tr>\n<\/tbody>\n<\/table>\n<\/div>\n<\/div><div class=\"fusion-clearfix\"><\/div><\/div><\/div><\/div><\/div><div class=\"fusion-fullwidth fullwidth-box fusion-builder-row-2 nonhundred-percent-fullwidth non-hundred-percent-height-scrolling\" style=\"--awb-border-radius-top-left:0px;--awb-border-radius-top-right:0px;--awb-border-radius-bottom-right:0px;--awb-border-radius-bottom-left:0px;--awb-flex-wrap:wrap;\" ><\/div><\/p>\n","protected":false},"excerpt":{"rendered":"","protected":false},"author":1,"featured_media":0,"parent":15127,"menu_order":0,"comment_status":"closed","ping_status":"closed","template":"","meta":{"footnotes":""},"class_list":["post-40830","page","type-page","status-publish","hentry"],"_links":{"self":[{"href":"https:\/\/www.bombersdv.es\/es\/wp-json\/wp\/v2\/pages\/40830"}],"collection":[{"href":"https:\/\/www.bombersdv.es\/es\/wp-json\/wp\/v2\/pages"}],"about":[{"href":"https:\/\/www.bombersdv.es\/es\/wp-json\/wp\/v2\/types\/page"}],"author":[{"embeddable":true,"href":"https:\/\/www.bombersdv.es\/es\/wp-json\/wp\/v2\/users\/1"}],"replies":[{"embeddable":true,"href":"https:\/\/www.bombersdv.es\/es\/wp-json\/wp\/v2\/comments?post=40830"}],"version-history":[{"count":17,"href":"https:\/\/www.bombersdv.es\/es\/wp-json\/wp\/v2\/pages\/40830\/revisions"}],"predecessor-version":[{"id":48283,"href":"https:\/\/www.bombersdv.es\/es\/wp-json\/wp\/v2\/pages\/40830\/revisions\/48283"}],"up":[{"embeddable":true,"href":"https:\/\/www.bombersdv.es\/es\/wp-json\/wp\/v2\/pages\/15127"}],"wp:attachment":[{"href":"https:\/\/www.bombersdv.es\/es\/wp-json\/wp\/v2\/media?parent=40830"}],"curies":[{"name":"wp","href":"https:\/\/api.w.org\/{rel}","templated":true}]}}