{"id":42536,"date":"2018-10-25T09:01:31","date_gmt":"2018-10-25T09:01:31","guid":{"rendered":"https:\/\/www.bombersdv.es\/oposiciones\/procesos-en-marcha\/2018-op002-consolidacio-docupacio-temporal-2-auxiliars-administratius\/"},"modified":"2019-11-12T20:20:59","modified_gmt":"2019-11-12T19:20:59","slug":"2018-op002-consolidacio-docupacio-temporal-2-auxiliars-administratius","status":"publish","type":"page","link":"https:\/\/www.bombersdv.es\/es\/oposiciones\/procesos-finalizados\/2018-op002-consolidacio-docupacio-temporal-2-auxiliars-administratius\/","title":{"rendered":"2018\/OP002 Consolidaci\u00f3n de Ocupaci\u00f3n Temporal: 2 auxiliares administrativos"},"content":{"rendered":"<p><div class=\"fusion-fullwidth fullwidth-box fusion-builder-row-1 nonhundred-percent-fullwidth non-hundred-percent-height-scrolling\" style=\"--awb-background-position:left top;--awb-border-radius-top-left:0px;--awb-border-radius-top-right:0px;--awb-border-radius-bottom-right:0px;--awb-border-radius-bottom-left:0px;--awb-padding-top:20px;--awb-padding-bottom:20px;--awb-border-sizes-top:0px;--awb-border-sizes-bottom:0px;--awb-flex-wrap:wrap;\" ><\/div><div class=\"fusion-builder-row fusion-row\"><\/div><div class=\"fusion-layout-column fusion_builder_column fusion-builder-column-0 fusion_builder_column_1_1 1_1 fusion-one-full fusion-column-first fusion-column-last fusion-column-no-min-height\" style=\"--awb-bg-size:cover;--awb-margin-bottom:0px;width:100%;\"><div class=\"fusion-column-wrapper fusion-flex-column-wrapper-legacy\"><div class=\"fusion-clearfix\"><\/div><\/div><\/div><div class=\"fusion-title title fusion-title-1 fusion-sep-none fusion-title-text fusion-title-size-two\"><h2 class=\"fusion-title-heading title-heading-left fusion-responsive-typography-calculated\" style=\"margin:0;--fontSize:34;line-height:1.09;\">2018\/OP002 Consolidaci\u00f3n de Empleo Temporal: 2 auxiliares administrativos<\/h2><\/div><div class=\"fusion-text fusion-text-1\"><\/div><\/p>\n<div class=\"table-2\">\n<table width=\"100%\">\n<thead>\n<tr>\n<th>Tr\u00e1mite<\/th>\n<th>Fecha<\/th>\n<th>Documento(s)<\/th>\n<\/tr>\n<\/thead>\n<tbody>\n<tr>\n<td>Bases Consolidaci\u00f3n Empleo Temporal: 2 auxiliares administrativos<\/td>\n<td>09\/08\/2018<\/td>\n<td><a href=\"http:\/\/bop.dival.es\/bop\/drvisapi.dll?LO=00000001A6B7C8D9000000050000002B00001DDC434EBC18000000000001000000000000000000000000000000000000000000000000000000000000000000000000000000000000&amp;type=application\/pdf#page=7\" target=\"_blank\" rel=\"noopener\">Anuncio BOP<\/a><\/td>\n<\/tr>\n<tr>\n<td>Publicaci\u00f3n anuncio en el Diari Oficial de la Generalitat Valenciana<\/td>\n<td>22\/08\/2018<\/td>\n<td><a href=\"https:\/\/www.bombersdv.es\/wp-content\/uploads\/2018\/10\/2018OP002_Anuncio-DOGV.pdf\" target=\"_blank\" rel=\"noopener\">Anuncio<\/a><\/td>\n<\/tr>\n<tr>\n<td>Publicaci\u00f3n anuncio en el Bolet\u00edn Oficial del Estado<\/td>\n<td>30\/08\/2018<\/td>\n<td><a href=\"https:\/\/www.bombersdv.es\/wp-content\/uploads\/2018\/10\/2018_OP002-3-4-5_anuncio-boe.pdf\" target=\"_blank\" rel=\"noopener\">Anuncio<\/a><\/td>\n<\/tr>\n<tr>\n<td>Modelo solicitud<\/td>\n<td>30\/08\/2018<\/td>\n<td><a href=\"https:\/\/www.bombersdv.es\/wp-content\/uploads\/2018\/10\/2018_OP002-SOL.LICITUD-DADMISSI\u00d3-PROVES-SELECTIVES.pdf\" target=\"_blank\" rel=\"noopener\">Solicitud<\/a><\/td>\n<\/tr>\n<tr>\n<td>Anuncio designaci\u00f3n miembros OTS<\/td>\n<td>01\/10\/2018<\/td>\n<td><a href=\"https:\/\/www.bombersdv.es\/wp-content\/uploads\/2018\/10\/2018OP002_Designaci\u00f3n-miembros-OTS.pdf\" target=\"_blank\" rel=\"noopener\">Anuncio BOP<\/a><\/td>\n<\/tr>\n<tr>\n<td>Lista provisional de admitidos y excluidos<\/td>\n<td>23\/11\/2018<\/td>\n<td><a href=\"https:\/\/www.bombersdv.es\/wp-content\/uploads\/2018\/12\/2018OP002_Lista-provisional-admitidos-y-excluidos.pdf\" target=\"_blank\" rel=\"noopener\">Anuncio BOP<\/a><\/td>\n<\/tr>\n<tr>\n<td>Publicaci\u00f3n lista definitiva de admitidos y excluidos<\/td>\n<td>31\/01\/2019<\/td>\n<td><a href=\"https:\/\/www.bombersdv.es\/wp-content\/uploads\/2019\/01\/Publicacion-BOP-lista-definitiva-admitidos-auxiliars-administratius.pdf\" target=\"_blank\" rel=\"noopener\">Anuncio BOP<\/a><\/td>\n<\/tr>\n<tr>\n<td>Designaci\u00f3n asesor confecci\u00f3n ejercicio 1<\/td>\n<td>27\/02\/2019<\/td>\n<td><a href=\"https:\/\/www.bombersdv.es\/wp-content\/uploads\/2019\/02\/2018_OP_006_-Anuncio-desingacion-asesor-Rafa-Torres.pdf\" target=\"_blank\" rel=\"noopener\">Anuncio<\/a><\/td>\n<\/tr>\n<tr>\n<td>Anuncio OTS<\/td>\n<td>01\/03\/2019<\/td>\n<td>\n<p><a href=\"https:\/\/www.bombersdv.es\/wp-content\/uploads\/2019\/03\/2018_OP002_-Anunci-EXAMEN-Y-PLANTILLA-signed.pdf\" target=\"_blank\" rel=\"noopener\">Anuncio<\/a><\/p>\n<p><a href=\"https:\/\/www.bombersdv.es\/wp-content\/uploads\/2019\/03\/2018_OP002_-examen-28-febrero-2-castellano.pdf\" target=\"_blank\" rel=\"noopener\">Prueba<\/a><\/p>\n<p><a href=\"https:\/\/www.bombersdv.es\/wp-content\/uploads\/2019\/03\/2018_OP002_Plantilla-examen2_respuestas.pdf\" target=\"_blank\" rel=\"noopener\">Plantilla<\/a><\/td>\n<\/tr>\n<tr>\n<td>\n<p>Anuncio OTS<\/p>\n<p>En relaci\u00f3n a la plantilla de respuestas publicada se comunica que se han detectados los siguientes errores, haci\u00e9ndose p\u00fablica la siguiente aclaraci\u00f3n para el conocimiento de todos los interesados:<\/p>\n<p align=\"justify\"><span style=\"font-family: Arial, sans-serif;\"><strong><span style=\"color: #ff0000;\">Pregunta 15, la respuesta correcta es la \u201ca)\u201d<\/span><\/strong>, es decir, \u201c<span style=\"font-size: medium;\"><i>a &#8211; El transcurso del plazo de seis meses desde su inicio sin dictarse resoluci\u00f3n producir\u00e1 la caducidad del mismo.<\/i><\/span><span style=\"font-size: medium;\">\u201d <\/span><\/span><\/p>\n<p align=\"justify\"><span style=\"font-family: Arial, sans-serif;\"><span style=\"color: #ff0000;\"><strong>Pregunta 59, la respuesta correcta es la \u201cb)\u201d<\/strong><\/span>, es decir \u201c<span style=\"font-size: medium;\"><i>b &#8211; El personal que acceda a una plaza de segunda actividad no seguir\u00e1 teniendo la consideraci\u00f3n de operativo<\/i><\/span><span style=\"font-size: medium;\">.\u201d<\/span><\/span><\/p>\n<\/td>\n<td>04\/03\/2019<\/td>\n<td><span style=\"color: #0000ff;\">Anuncio<\/span><\/td>\n<\/tr>\n<tr>\n<td>Anuncio OTS relativo a calificaciones Ejercicio 1<\/td>\n<td>22\/03\/2019<\/td>\n<td><span style=\"color: #0000ff;\"><a href=\"https:\/\/www.bombersdv.es\/wp-content\/uploads\/2019\/03\/2018OP002Anuncio-resultados-ejercicio-COLUMNAS-11-abril-signed.pdf\" target=\"_blank\" rel=\"noopener\">Anuncio<\/a><\/span><\/td>\n<\/tr>\n<tr>\n<td>Anuncio OTS<\/td>\n<td>11\/04\/2019<\/td>\n<td>\n<p><a href=\"https:\/\/www.bombersdv.es\/wp-content\/uploads\/2019\/04\/2018_002_Anuncio-supuesto-practico.pdf\" target=\"_blank\" rel=\"noopener\">Anuncio<\/a><\/p>\n<p><span style=\"color: #0000ff;\"><a href=\"https:\/\/www.bombersdv.es\/wp-content\/uploads\/2019\/04\/2018_002_Supuesto-practico-castellano.pdf\" target=\"_blank\" rel=\"noopener\">Prueba<\/a><\/span><\/p>\n<p><span style=\"color: #0000ff;\"><a href=\"https:\/\/www.bombersdv.es\/wp-content\/uploads\/2019\/04\/2018_002_Plantilla.pdf\" target=\"_blank\" rel=\"noopener\">Plantilla<\/a><\/span><\/td>\n<\/tr>\n<tr>\n<td>Anuncio OTS relativo a calificaciones Ejercicio 2<\/td>\n<td>20\/05\/2019<\/td>\n<td><a href=\"https:\/\/www.bombersdv.es\/wp-content\/uploads\/2019\/05\/2018_OP_002_-Anuncio-resultados-ejercicio-2-signed-pdf.pdf\" target=\"_blank\" rel=\"noopener\">Anuncio<\/a><\/td>\n<\/tr>\n<tr>\n<td>Anuncio OTS relativo a calificaciones Ejercicio 3<\/td>\n<td>28\/05\/2019<\/td>\n<td><a href=\"https:\/\/www.bombersdv.es\/wp-content\/uploads\/2019\/05\/2018_OP_Anuncio_resultados_ejercicio_valenciano_2018_OP002.pdf\">Anuncio<\/a><\/td>\n<\/tr>\n<tr>\n<td>Relaci\u00f3n provisional resultados fase oposici\u00f3n<\/td>\n<td>04\/06\/2019<\/td>\n<td><a href=\"https:\/\/www.bombersdv.es\/wp-content\/uploads\/2019\/06\/2018_op002_Anuncio-ots-inicio-fase-concurso.pdf\" target=\"_blank\" rel=\"noopener\">Anuncio<\/a><\/td>\n<\/tr>\n<tr>\n<td>Anuncio OTS: Relaci\u00f3n provisional de personas aprobadas<\/td>\n<td>26\/06\/2019<\/td>\n<td><a href=\"https:\/\/www.bombersdv.es\/wp-content\/uploads\/2019\/06\/2018OP002Anuncio20OTS.pdf\" target=\"_blank\" rel=\"noopener\">Anuncio<\/a><\/td>\n<\/tr>\n<tr>\n<td>Anuncio OTS: Relaci\u00f3n definitiva de personas aprobadas y apertura de plazo para presentar documentaci\u00f3n<\/td>\n<td>03\/10\/2019<\/td>\n<td><a href=\"https:\/\/www.bombersdv.es\/wp-content\/uploads\/2019\/10\/2018OP002Anuncio20resultados20TOTAL20PROCESO.pdf\" target=\"_blank\" rel=\"noopener\">Anuncio<\/a><\/td>\n<\/tr>\n<tr>\n<td>Publicaci\u00f3n BOP<\/td>\n<td>12\/11\/2019<\/td>\n<td><a href=\"https:\/\/www.bombersdv.es\/wp-content\/uploads\/2019\/11\/BOP-Ajudants.pdf\" target=\"_blank\" rel=\"noopener\">Publicaci\u00f3n BOP<\/a><\/td>\n<\/tr>\n<\/tbody>\n<\/table>\n<\/div>\n","protected":false},"excerpt":{"rendered":"<p>Tr\u00e1mite Fecha Documento(s) Bases Consolidaci\u00f3n Empleo Temporal: 2 auxiliares administrativos 09\/08\/2018 Anuncio BOP Publicaci\u00f3n anuncio en el Diari Oficial de la Generalitat Valenciana 22\/08\/2018 Anuncio Publicaci\u00f3n anuncio en el Bolet\u00edn Oficial del Estado 30\/08\/2018 Anuncio Modelo solicitud 30\/08\/2018 Solicitud Anuncio designaci\u00f3n miembros OTS 01\/10\/2018 Anuncio BOP Lista provisional de admitidos y excluidos 23\/11\/2018 Anuncio BOP [&hellip;]<\/p>\n","protected":false},"author":1,"featured_media":0,"parent":15127,"menu_order":0,"comment_status":"closed","ping_status":"closed","template":"","meta":{"footnotes":""},"class_list":["post-42536","page","type-page","status-publish","hentry"],"_links":{"self":[{"href":"https:\/\/www.bombersdv.es\/es\/wp-json\/wp\/v2\/pages\/42536"}],"collection":[{"href":"https:\/\/www.bombersdv.es\/es\/wp-json\/wp\/v2\/pages"}],"about":[{"href":"https:\/\/www.bombersdv.es\/es\/wp-json\/wp\/v2\/types\/page"}],"author":[{"embeddable":true,"href":"https:\/\/www.bombersdv.es\/es\/wp-json\/wp\/v2\/users\/1"}],"replies":[{"embeddable":true,"href":"https:\/\/www.bombersdv.es\/es\/wp-json\/wp\/v2\/comments?post=42536"}],"version-history":[{"count":19,"href":"https:\/\/www.bombersdv.es\/es\/wp-json\/wp\/v2\/pages\/42536\/revisions"}],"predecessor-version":[{"id":48286,"href":"https:\/\/www.bombersdv.es\/es\/wp-json\/wp\/v2\/pages\/42536\/revisions\/48286"}],"up":[{"embeddable":true,"href":"https:\/\/www.bombersdv.es\/es\/wp-json\/wp\/v2\/pages\/15127"}],"wp:attachment":[{"href":"https:\/\/www.bombersdv.es\/es\/wp-json\/wp\/v2\/media?parent=42536"}],"curies":[{"name":"wp","href":"https:\/\/api.w.org\/{rel}","templated":true}]}}