{"id":42543,"date":"2018-10-25T09:22:29","date_gmt":"2018-10-25T09:22:29","guid":{"rendered":"https:\/\/www.bombersdv.es\/oposiciones\/procesos-en-marcha\/2018-op004-consolidacio-docupacio-temporal-1-tecnic-responsable-unitat-prl\/"},"modified":"2025-06-04T13:15:34","modified_gmt":"2025-06-04T11:15:34","slug":"2018-op004-consolidacio-docupacio-temporal-1-tecnic-responsable-unitat-prl","status":"publish","type":"page","link":"https:\/\/www.bombersdv.es\/es\/oposiciones\/procesos-en-marcha\/2018-op004-consolidacio-docupacio-temporal-1-tecnic-responsable-unitat-prl\/","title":{"rendered":"2018\/OP004 Consolidaci\u00f3n de Empleo Temporal: 1 T\u00e9cnico responsable unidad PRL"},"content":{"rendered":"<p><div class=\"fusion-fullwidth fullwidth-box fusion-builder-row-1 nonhundred-percent-fullwidth non-hundred-percent-height-scrolling\" style=\"--awb-background-position:left top;--awb-border-radius-top-left:0px;--awb-border-radius-top-right:0px;--awb-border-radius-bottom-right:0px;--awb-border-radius-bottom-left:0px;--awb-padding-top:20px;--awb-padding-bottom:20px;--awb-border-sizes-top:0px;--awb-border-sizes-bottom:0px;--awb-flex-wrap:wrap;\" ><\/div><div class=\"fusion-builder-row fusion-row\"><\/div><div class=\"fusion-layout-column fusion_builder_column fusion-builder-column-0 fusion_builder_column_1_1 1_1 fusion-one-full fusion-column-first fusion-column-last fusion-column-no-min-height\" style=\"--awb-bg-size:cover;--awb-margin-bottom:0px;width:100%;\"><div class=\"fusion-column-wrapper fusion-flex-column-wrapper-legacy\"><div class=\"fusion-clearfix\"><\/div><\/div><\/div><div class=\"fusion-title title fusion-title-1 fusion-sep-none fusion-title-text fusion-title-size-two\"><h2 class=\"fusion-title-heading title-heading-left fusion-responsive-typography-calculated\" style=\"margin:0;--fontSize:34;line-height:1.09;\">2018\/OP004 Consolidaci\u00f3n de Empleo Temporal: 1 T\u00e9cnico responsable unidad PRL<\/h2><\/div><div class=\"fusion-text fusion-text-1\"><\/div><\/p>\n<div class=\"table-2\">\n<table style=\"width: 99.2175%;\" width=\"100%\">\n<thead>\n<tr style=\"height: 24px;\">\n<th style=\"width: 70.6573%; height: 24px;\">Tr\u00e1mite<\/th>\n<th style=\"width: 12.2848%; height: 24px;\">Fecha<\/th>\n<th style=\"width: 16.2754%; height: 24px;\">Documento(s)<\/th>\n<\/tr>\n<\/thead>\n<tbody>\n<tr style=\"height: 24px;\">\n<td style=\"width: 70.6573%; height: 24px;\">Bases Consolidaci\u00f3n Empleo Temporal: 1 T\u00e9cnico responsable unidad PRL<\/td>\n<td style=\"width: 12.2848%; height: 24px;\">09\/08\/2018<\/td>\n<td style=\"width: 16.2754%; height: 24px;\"><a href=\"https:\/\/www.bombersdv.es\/wp-content\/uploads\/2023\/10\/bases-2018-OP004.pdf\" target=\"_blank\" rel=\"noopener\">Anuncio BOP<\/a><\/td>\n<\/tr>\n<tr style=\"height: 24px;\">\n<td style=\"width: 70.6573%; height: 24px;\">Publicaci\u00f3n anuncio en el Diari Oficial de la Generalitat Valenciana<\/td>\n<td style=\"width: 12.2848%; height: 24px;\">22\/08\/2018<\/td>\n<td style=\"width: 16.2754%; height: 24px;\"><a href=\"https:\/\/www.bombersdv.es\/wp-content\/uploads\/2018\/10\/2018OP004_Anuncio-DOGV.pdf\" target=\"_blank\" rel=\"noopener\">Anuncio<\/a><\/td>\n<\/tr>\n<tr style=\"height: 24px;\">\n<td style=\"width: 70.6573%; height: 24px;\">Publicaci\u00f3n anuncio en el Bolet\u00edn Oficial del Estado<\/td>\n<td style=\"width: 12.2848%; height: 24px;\">30\/08\/2018<\/td>\n<td style=\"width: 16.2754%; height: 24px;\"><a href=\"https:\/\/www.bombersdv.es\/wp-content\/uploads\/sites\/2\/2018\/08\/2018_OP002-3-4-5_anuncio-boe.pdf\" target=\"_blank\" rel=\"noopener\">Anuncio<\/a><\/td>\n<\/tr>\n<tr style=\"height: 24px;\">\n<td style=\"width: 70.6573%; height: 24px;\">Modelo solicitud<\/td>\n<td style=\"width: 12.2848%; height: 24px;\">30\/08\/2018<\/td>\n<td style=\"width: 16.2754%; height: 24px;\"><a href=\"https:\/\/www.bombersdv.es\/wp-content\/uploads\/2018\/10\/2018OP_004-SOL.LICITUD-DADMISSI\u00d3-PROVES-SELECTIVES.pdf\" target=\"_blank\" rel=\"noopener\">Solicitud<\/a><\/td>\n<\/tr>\n<tr style=\"height: 24px;\">\n<td style=\"width: 70.6573%; height: 24px;\">Anuncio designaci\u00f3n miembros OTS<\/td>\n<td style=\"width: 12.2848%; height: 24px;\">23\/10\/2018<\/td>\n<td style=\"width: 16.2754%; height: 24px;\"><a href=\"https:\/\/www.bombersdv.es\/wp-content\/uploads\/sites\/2\/2018\/10\/2018OP004_Anuncio-BOP-OTS.pdf\" target=\"_blank\" rel=\"noopener\">Anuncio BOP<\/a><\/td>\n<\/tr>\n<tr style=\"height: 24px;\">\n<td style=\"width: 70.6573%; height: 24px;\">Rectificaci\u00f3 error designaci\u00f3 membres OTS<\/td>\n<td style=\"width: 12.2848%; height: 24px;\">15\/11\/2018<\/td>\n<td style=\"width: 16.2754%; height: 24px;\"><a href=\"https:\/\/www.bombersdv.es\/wp-content\/uploads\/2018\/11\/2018OP004_Rectificaci\u00f3n-OTS.pdf\" target=\"_blank\" rel=\"noopener\">Anunci BOP<\/a><\/td>\n<\/tr>\n<tr style=\"height: 24px;\">\n<td style=\"width: 70.6573%; height: 24px;\">Lista provisional de admitidos y excluidos<\/td>\n<td style=\"width: 12.2848%; height: 24px;\">17\/12\/2018<\/td>\n<td style=\"width: 16.2754%; height: 24px;\"><a href=\"https:\/\/www.bombersdv.es\/wp-content\/uploads\/2023\/11\/2018_OP004_Dilig-PRL-TEC-RESP-LISTA-PROV-sust-public-BOP.pdf\" target=\"_blank\" rel=\"noopener\">Diligencia publicaci\u00f3n<\/a><\/td>\n<\/tr>\n<tr style=\"height: 24px;\">\n<td style=\"width: 70.6573%; height: 24px;\">Lista definitiva de admitidos y excluidos y fecha de examen del primer ejercicio<\/td>\n<td style=\"width: 12.2848%; height: 24px;\">11\/10\/2023<\/td>\n<td style=\"width: 16.2754%; height: 24px;\"><a href=\"https:\/\/www.bombersdv.es\/wp-content\/uploads\/2023\/11\/2018_OP004_Dilig-PRL-TEC-RESP-LISTA-DEF-sust-public-BOP.pdf\" target=\"_blank\" rel=\"noopener\">Diligencia publicaci\u00f3n<\/a><\/td>\n<\/tr>\n<tr>\n<td style=\"width: 70.6573%;\">Notificaci\u00f3n estimaci\u00f3n recurso reposici\u00f3n y suspensi\u00f3n primer ejercicio 9 de noviembre de 2023<\/td>\n<td style=\"width: 12.2848%;\">07\/11\/2023<\/td>\n<td style=\"width: 16.2754%;\"><a href=\"https:\/\/www.bombersdv.es\/wp-content\/uploads\/2023\/11\/2018_OP004_ESTIMACION-REC-REPOSIC-Y-SUSPENSION-PRUEBA-9-NOV-2023.pdf\" target=\"_blank\" rel=\"noopener\">Notificaci\u00f3n<\/a><\/td>\n<\/tr>\n<tr>\n<td style=\"width: 70.6573%;\">Publicaci\u00f3n estimaci\u00f3n recurso reposici\u00f3n y suspensi\u00f3n primer ejercicio 9 de noviembre de 2023<\/td>\n<td style=\"width: 12.2848%;\">22\/11\/2023<\/td>\n<td style=\"width: 16.2754%;\"><a href=\"https:\/\/www.bombersdv.es\/wp-content\/uploads\/2023\/11\/2018_OP004_RESP-UNIDAD-DE-PRL-cast.pdf\" target=\"_blank\" rel=\"noopener\">Publicaci\u00f3n BOP<\/a><\/td>\n<\/tr>\n<tr>\n<td style=\"width: 70.6573%;\">Decreto 1262, de 17\/10\/2024, por el que se convoca a la realizaci\u00f3n del primer ejercicio .- Prueba te\u00f3rica conocimientos del temario.<\/td>\n<td style=\"width: 12.2848%;\">18\/10\/2024<\/td>\n<td style=\"width: 16.2754%;\"><a href=\"https:\/\/www.bombersdv.es\/wp-content\/uploads\/2024\/10\/Fecha-examen-2018-OP004.pdf\" target=\"_blank\" rel=\"noopener\">Anuncio<\/a><\/td>\n<\/tr>\n<tr>\n<td style=\"width: 70.6573%;\">Publicaci\u00f3n BOP Anuncio sobre convocatoria\u00a0 primer ejercicio<\/td>\n<td style=\"width: 12.2848%;\">25\/10\/2024<\/td>\n<td style=\"width: 16.2754%;\"><a href=\"https:\/\/www.bombersdv.es\/wp-content\/uploads\/2024\/10\/2018_OP004-RESP-UNIDAD-PRL-CONV-EXAMEN-1ES.pdf\" target=\"_blank\" rel=\"noopener\">Anuncio BOP<\/a><\/td>\n<\/tr>\n<tr>\n<td style=\"width: 70.6573%;\">\n<p><em><span style=\"color: #ff0000;\">Actualizaci\u00f3n anuncio<\/span><\/em><\/p>\n<p>Anuncio del OTS por el que se hacen p\u00fablica las preguntas anuladas relativas al primer Ejercicio, as\u00ed como el Examen realizado y plantilla de respuestas<\/td>\n<td style=\"width: 12.2848%;\">15\/11\/2024<\/td>\n<td style=\"width: 16.2754%;\">\n<p><a href=\"https:\/\/www.bombersdv.es\/wp-content\/uploads\/2024\/11\/Anuncio-13112024-OTS-2018OP004-rec.pdf\" target=\"_blank\" rel=\"noopener\">Anuncio OTS<\/a><\/p>\n<p><a href=\"https:\/\/www.bombersdv.es\/wp-content\/uploads\/2024\/11\/Examen-y-respuestas-OP004-rec.pdf\" target=\"_blank\" rel=\"noopener\">Examen y respuestas<\/a><\/td>\n<\/tr>\n<tr>\n<td style=\"width: 70.6573%;\"><span style=\"color: #000000;\">Anuncio OTS: resultados primer ejercicio<\/span><\/td>\n<td style=\"width: 12.2848%;\">04\/06\/2025<\/td>\n<td style=\"width: 16.2754%;\"><a href=\"https:\/\/www.bombersdv.es\/wp-content\/uploads\/2025\/06\/2018_OP004_ANUNCIO-OTS-RESPONS-UNIDAD-PRL-calif-EJERCICIO-1-1.pdf\" target=\"_blank\" rel=\"noopener\">Anuncio OTS<\/a><\/td>\n<\/tr>\n<\/tbody>\n<\/table>\n<\/div>\n","protected":false},"excerpt":{"rendered":"<p>Tr\u00e1mite Fecha Documento(s) Bases Consolidaci\u00f3n Empleo Temporal: 1 T\u00e9cnico responsable unidad PRL 09\/08\/2018 Anuncio BOP Publicaci\u00f3n anuncio en el Diari Oficial de la Generalitat Valenciana 22\/08\/2018 Anuncio Publicaci\u00f3n anuncio en el Bolet\u00edn Oficial del Estado 30\/08\/2018 Anuncio Modelo solicitud 30\/08\/2018 Solicitud Anuncio designaci\u00f3n miembros OTS 23\/10\/2018 Anuncio BOP Rectificaci\u00f3 error designaci\u00f3 membres OTS 15\/11\/2018 Anunci [&hellip;]<\/p>\n","protected":false},"author":1,"featured_media":0,"parent":15126,"menu_order":0,"comment_status":"closed","ping_status":"closed","template":"","meta":{"footnotes":""},"class_list":["post-42543","page","type-page","status-publish","hentry"],"_links":{"self":[{"href":"https:\/\/www.bombersdv.es\/es\/wp-json\/wp\/v2\/pages\/42543"}],"collection":[{"href":"https:\/\/www.bombersdv.es\/es\/wp-json\/wp\/v2\/pages"}],"about":[{"href":"https:\/\/www.bombersdv.es\/es\/wp-json\/wp\/v2\/types\/page"}],"author":[{"embeddable":true,"href":"https:\/\/www.bombersdv.es\/es\/wp-json\/wp\/v2\/users\/1"}],"replies":[{"embeddable":true,"href":"https:\/\/www.bombersdv.es\/es\/wp-json\/wp\/v2\/comments?post=42543"}],"version-history":[{"count":24,"href":"https:\/\/www.bombersdv.es\/es\/wp-json\/wp\/v2\/pages\/42543\/revisions"}],"predecessor-version":[{"id":72991,"href":"https:\/\/www.bombersdv.es\/es\/wp-json\/wp\/v2\/pages\/42543\/revisions\/72991"}],"up":[{"embeddable":true,"href":"https:\/\/www.bombersdv.es\/es\/wp-json\/wp\/v2\/pages\/15126"}],"wp:attachment":[{"href":"https:\/\/www.bombersdv.es\/es\/wp-json\/wp\/v2\/media?parent=42543"}],"curies":[{"name":"wp","href":"https:\/\/api.w.org\/{rel}","templated":true}]}}