{"id":42549,"date":"2018-10-25T09:55:14","date_gmt":"2018-10-25T09:55:14","guid":{"rendered":"https:\/\/www.bombersdv.es\/oposiciones\/procesos-en-marcha\/2018-op005-consolidacio-docupacio-temporal-1-tecnic-prl\/"},"modified":"2025-06-04T13:21:44","modified_gmt":"2025-06-04T11:21:44","slug":"2018-op005-consolidacio-docupacio-temporal-1-tecnic-prl","status":"publish","type":"page","link":"https:\/\/www.bombersdv.es\/es\/oposiciones\/procesos-en-marcha\/2018-op005-consolidacio-docupacio-temporal-1-tecnic-prl\/","title":{"rendered":"2018\/OP005 Consolidaci\u00f3n de Empleo Temporal: 1 T\u00e9cnico PRL"},"content":{"rendered":"<p><div class=\"fusion-fullwidth fullwidth-box fusion-builder-row-1 nonhundred-percent-fullwidth non-hundred-percent-height-scrolling\" style=\"--awb-background-position:left top;--awb-border-radius-top-left:0px;--awb-border-radius-top-right:0px;--awb-border-radius-bottom-right:0px;--awb-border-radius-bottom-left:0px;--awb-padding-top:20px;--awb-padding-bottom:20px;--awb-border-sizes-top:0px;--awb-border-sizes-bottom:0px;--awb-flex-wrap:wrap;\" ><\/div><div class=\"fusion-builder-row fusion-row\"><\/div><div class=\"fusion-layout-column fusion_builder_column fusion-builder-column-0 fusion_builder_column_1_1 1_1 fusion-one-full fusion-column-first fusion-column-last fusion-column-no-min-height\" style=\"--awb-bg-size:cover;--awb-margin-bottom:0px;width:100%;\"><div class=\"fusion-column-wrapper fusion-flex-column-wrapper-legacy\"><div class=\"fusion-clearfix\"><\/div><\/div><\/div><div class=\"fusion-title title fusion-title-1 fusion-sep-none fusion-title-text fusion-title-size-two\"><h2 class=\"fusion-title-heading title-heading-left fusion-responsive-typography-calculated\" style=\"margin:0;--fontSize:34;line-height:1.09;\">2018\/OP005 Consolidaci\u00f3n de Empleo Temporal: 1 T\u00e9cnico PRL<\/h2><\/div><div class=\"fusion-text fusion-text-1\"><\/div><\/p>\n<div class=\"table-2\">\n<table style=\"width: 99.1335%;\" width=\"100%\">\n<thead>\n<tr>\n<th style=\"width: 77.643%;\">Tr\u00e1mite<\/th>\n<th style=\"width: 7.97227%;\">Fecha<\/th>\n<th style=\"width: 13.5182%;\">Documento(s)<\/th>\n<\/tr>\n<\/thead>\n<tbody>\n<tr>\n<td style=\"width: 77.643%;\">Bases Consolidaci\u00f3n Empleo Temporal: 1 T\u00e9cnico PRL<\/td>\n<td style=\"width: 7.97227%;\">09\/08\/2018<\/td>\n<td style=\"width: 13.5182%;\"><a href=\"https:\/\/www.bombersdv.es\/wp-content\/uploads\/2023\/10\/bases-2018-OP005-2.pdf\" target=\"_blank\" rel=\"noopener\">Anuncio BOP<\/a><\/td>\n<\/tr>\n<tr>\n<td style=\"width: 77.643%;\">Publicaci\u00f3n anuncio en el Diari Oficial de la Generalitat Valenciana<\/td>\n<td style=\"width: 7.97227%;\">22\/08\/2018<\/td>\n<td style=\"width: 13.5182%;\"><a href=\"https:\/\/www.bombersdv.es\/wp-content\/uploads\/sites\/2\/2018\/08\/2018IO005_Anuncio-DOGV.pdf\" target=\"_blank\" rel=\"noopener\">Anuncio<\/a><\/td>\n<\/tr>\n<tr>\n<td style=\"width: 77.643%;\">Publicaci\u00f3n anuncio en el Bolet\u00edn Oficial del Estado<\/td>\n<td style=\"width: 7.97227%;\">30\/08\/2018<\/td>\n<td style=\"width: 13.5182%;\"><a href=\"https:\/\/www.bombersdv.es\/wp-content\/uploads\/sites\/2\/2018\/08\/2018_OP002-3-4-5_anuncio-boe.pdf\" target=\"_blank\" rel=\"noopener\">Anuncio<\/a><\/td>\n<\/tr>\n<tr>\n<td style=\"width: 77.643%;\">Modelo solicitud<\/td>\n<td style=\"width: 7.97227%;\">30\/08\/2018<\/td>\n<td style=\"width: 13.5182%;\"><a href=\"https:\/\/www.bombersdv.es\/wp-content\/uploads\/sites\/2\/2018\/08\/SOL.LICITUD-DADMISSI\u00d3-PROVES-SELECTIVES-2018OP005.pdf\" target=\"_blank\" rel=\"noopener\">Solicitud<\/a><\/td>\n<\/tr>\n<tr>\n<td style=\"width: 77.643%;\">Anuncio designaci\u00f3n miembros OTS<\/td>\n<td style=\"width: 7.97227%;\">23\/10\/2018<\/td>\n<td style=\"width: 13.5182%;\"><a href=\"https:\/\/www.bombersdv.es\/wp-content\/uploads\/2018\/10\/2018OP005_Anuncio-BOP-OTS.pdf\" target=\"_blank\" rel=\"noopener\">Anuncio BOP<\/a><\/td>\n<\/tr>\n<tr>\n<td style=\"width: 77.643%;\">Rectificaci\u00f3n error designaci\u00f3n miembros OTS<\/td>\n<td style=\"width: 7.97227%;\">15\/11\/2018<\/td>\n<td style=\"width: 13.5182%;\"><a href=\"https:\/\/www.bombersdv.es\/wp-content\/uploads\/2018\/12\/2018OP005_Rectificaci\u00f3n-OTS.pdf\" target=\"_blank\" rel=\"noopener\">Anuncio BOP<\/a><\/td>\n<\/tr>\n<tr>\n<td style=\"width: 77.643%;\">Lista provisional de admitidos y excluidos<\/td>\n<td style=\"width: 7.97227%;\">17\/12\/2018<\/td>\n<td style=\"width: 13.5182%;\"><a href=\"https:\/\/www.bombersdv.es\/wp-content\/uploads\/2023\/11\/2018_OP004_Dilig-PRL-TEC-SUP-LISTA-PROV-sust-public-BOP.pdf\">Diligencia publicaci\u00f3n<\/a><\/td>\n<\/tr>\n<tr>\n<td style=\"width: 77.643%;\">Lista definitiva de admitidos y excluidos y fecha de examen del primer ejercicio<\/td>\n<td style=\"width: 7.97227%;\">11\/10\/2023<\/td>\n<td style=\"width: 13.5182%;\"><a href=\"https:\/\/www.bombersdv.es\/wp-content\/uploads\/2023\/11\/2018_OP004_Dilig-PRL-TEC-SUP-LISTA-DEF-sust-public-BOP.pdf\" target=\"_blank\" rel=\"noopener\">Diligencia publicaci\u00f3n<\/a><\/td>\n<\/tr>\n<tr>\n<td style=\"width: 77.643%;\">Suspensi\u00f3n prueba te\u00f3rica sobre conocimientos del temario prevista para el d\u00eda 13\/11\/2023<\/td>\n<td style=\"width: 7.97227%;\">07\/11\/2023<\/td>\n<td style=\"width: 13.5182%;\"><a href=\"https:\/\/www.bombersdv.es\/wp-content\/uploads\/2023\/11\/2018_OP005_DECRETO-SUSPENSION-PRUEBA-13-NOV-2023-ok-1.pdf\" target=\"_blank\" rel=\"noopener\">Notificaci\u00f3n<\/a><\/td>\n<\/tr>\n<tr>\n<td style=\"width: 77.643%;\">Decreto 1259, de 17\/10\/2024, por el que se convoca a la realizaci\u00f3n del primer ejercicio .- Prueba te\u00f3rica conocimientos del temario.<\/td>\n<td style=\"width: 7.97227%;\">18\/10\/2024<\/td>\n<td style=\"width: 13.5182%;\"><a href=\"https:\/\/www.bombersdv.es\/wp-content\/uploads\/2024\/10\/convocatoria-examen-OP005.pdf\" target=\"_blank\" rel=\"noopener\">Anuncio<\/a><\/td>\n<\/tr>\n<tr>\n<td style=\"width: 77.643%;\">Publicaci\u00f3n BOP Anuncio sobre convocatoria primer ejercicio<\/td>\n<td style=\"width: 7.97227%;\">25\/10\/2024<\/td>\n<td style=\"width: 13.5182%;\"><a href=\"https:\/\/www.bombersdv.es\/wp-content\/uploads\/2024\/10\/2018_OP005-TEC-SUP-PRL-CONV-EXAMEN-1-ES.pdf\" target=\"_blank\" rel=\"noopener\">Anuncio BOP<\/a><\/td>\n<\/tr>\n<tr>\n<td style=\"width: 77.643%;\">Anuncio del OTS por el que se hacen p\u00fablico el Examen correspondiente al primer ejercicio y plantilla de respuestas<\/td>\n<td style=\"width: 7.97227%;\">14\/11\/2024<\/td>\n<td style=\"width: 13.5182%;\"><a href=\"https:\/\/www.bombersdv.es\/wp-content\/uploads\/2024\/11\/Anuncio-13112024-OTS-2018OP005.pdf\" target=\"_blank\" rel=\"noopener\">Anuncio<\/a><br \/>\n<a href=\"https:\/\/www.bombersdv.es\/wp-content\/uploads\/2024\/11\/Examen-i-respuestas-OP005.pdf\" target=\"_blank\" rel=\"noopener\">Examen y respuestas<\/a><\/td>\n<\/tr>\n<tr>\n<td style=\"width: 77.643%;\">Anuncio OTS: resultados primer ejercicio<\/td>\n<td style=\"width: 7.97227%;\">04\/06\/2025<\/td>\n<td style=\"width: 13.5182%;\"><a href=\"https:\/\/www.bombersdv.es\/wp-content\/uploads\/2025\/06\/2018_OP005_ANUNCIO-OTS-TEC-SUP-PRL-calif-EJERCICIO-1-1.pdf\" target=\"_blank\" rel=\"noopener\">Anuncio OTS<\/a><\/td>\n<\/tr>\n<\/tbody>\n<\/table>\n<\/div>\n","protected":false},"excerpt":{"rendered":"<p>Tr\u00e1mite Fecha Documento(s) Bases Consolidaci\u00f3n Empleo Temporal: 1 T\u00e9cnico PRL 09\/08\/2018 Anuncio BOP Publicaci\u00f3n anuncio en el Diari Oficial de la Generalitat Valenciana 22\/08\/2018 Anuncio Publicaci\u00f3n anuncio en el Bolet\u00edn Oficial del Estado 30\/08\/2018 Anuncio Modelo solicitud 30\/08\/2018 Solicitud Anuncio designaci\u00f3n miembros OTS 23\/10\/2018 Anuncio BOP Rectificaci\u00f3n error designaci\u00f3n miembros OTS 15\/11\/2018 Anuncio BOP Lista [&hellip;]<\/p>\n","protected":false},"author":1,"featured_media":0,"parent":15126,"menu_order":0,"comment_status":"closed","ping_status":"closed","template":"","meta":{"footnotes":""},"class_list":["post-42549","page","type-page","status-publish","hentry"],"_links":{"self":[{"href":"https:\/\/www.bombersdv.es\/es\/wp-json\/wp\/v2\/pages\/42549"}],"collection":[{"href":"https:\/\/www.bombersdv.es\/es\/wp-json\/wp\/v2\/pages"}],"about":[{"href":"https:\/\/www.bombersdv.es\/es\/wp-json\/wp\/v2\/types\/page"}],"author":[{"embeddable":true,"href":"https:\/\/www.bombersdv.es\/es\/wp-json\/wp\/v2\/users\/1"}],"replies":[{"embeddable":true,"href":"https:\/\/www.bombersdv.es\/es\/wp-json\/wp\/v2\/comments?post=42549"}],"version-history":[{"count":19,"href":"https:\/\/www.bombersdv.es\/es\/wp-json\/wp\/v2\/pages\/42549\/revisions"}],"predecessor-version":[{"id":72994,"href":"https:\/\/www.bombersdv.es\/es\/wp-json\/wp\/v2\/pages\/42549\/revisions\/72994"}],"up":[{"embeddable":true,"href":"https:\/\/www.bombersdv.es\/es\/wp-json\/wp\/v2\/pages\/15126"}],"wp:attachment":[{"href":"https:\/\/www.bombersdv.es\/es\/wp-json\/wp\/v2\/media?parent=42549"}],"curies":[{"name":"wp","href":"https:\/\/api.w.org\/{rel}","templated":true}]}}