{"id":42557,"date":"2018-10-25T10:20:09","date_gmt":"2018-10-25T10:20:09","guid":{"rendered":"https:\/\/www.bombersdv.es\/oposiciones\/procesos-en-marcha\/proces-bomber-cp001-concurs-de-trasllats-edicio-2018\/"},"modified":"2019-01-14T08:59:09","modified_gmt":"2019-01-14T08:59:09","slug":"proces-bomber-cp001-concurs-de-trasllats-edicio-2018","status":"publish","type":"page","link":"https:\/\/www.bombersdv.es\/es\/oposiciones\/procesos-finalizados\/proces-bomber-cp001-concurs-de-trasllats-edicio-2018\/","title":{"rendered":"Proceso BOMBERO\/CP001: Concurso de Traslados Edici\u00f3n 2018"},"content":{"rendered":"<div class=\"fusion-fullwidth fullwidth-box fusion-builder-row-1 nonhundred-percent-fullwidth non-hundred-percent-height-scrolling\" style=\"--awb-background-position:left top;--awb-border-radius-top-left:0px;--awb-border-radius-top-right:0px;--awb-border-radius-bottom-right:0px;--awb-border-radius-bottom-left:0px;--awb-padding-top:20px;--awb-padding-bottom:20px;--awb-border-sizes-top:0px;--awb-border-sizes-bottom:0px;--awb-flex-wrap:wrap;\" ><div class=\"fusion-builder-row fusion-row\"><div class=\"fusion-layout-column fusion_builder_column fusion-builder-column-0 fusion_builder_column_1_1 1_1 fusion-one-full fusion-column-first fusion-column-last fusion-column-no-min-height\" style=\"--awb-bg-size:cover;--awb-margin-bottom:0px;\"><div class=\"fusion-column-wrapper fusion-flex-column-wrapper-legacy\"><div class=\"fusion-title title fusion-title-1 fusion-sep-none fusion-title-text fusion-title-size-two\"><h2 class=\"fusion-title-heading title-heading-left fusion-responsive-typography-calculated\" style=\"margin:0;--fontSize:34;line-height:1.09;\">Proceso BOMBERO\/CP001: Concurso de Traslados Ed. 2018<\/h2><\/div><div class=\"fusion-text fusion-text-1\"><div class=\"table-2\">\n<table width=\"100%\">\n<thead>\n<tr>\n<th>Tr\u00e1mite<\/th>\n<th>Fecha<\/th>\n<th>Documento(s)<\/th>\n<\/tr>\n<\/thead>\n<tbody>\n<tr>\n<td>Anuncio modificaci\u00f3n base segunda convocatoria permanente concurso traslados de los puestos de bombero, cabo y sargento<\/td>\n<td>20\/08\/2018<\/td>\n<td><a href=\"https:\/\/www.bombersdv.es\/wp-content\/uploads\/sites\/2\/2018\/08\/CP001Concurso-traslados-Ed.-2018.pdf\" target=\"_blank\" rel=\"noopener\">Anuncio<\/a><\/td>\n<\/tr>\n<tr>\n<td>Anuncio candidatos que no han obtenido destino en edici\u00f3n anterior<\/td>\n<td>24\/08\/2018<\/td>\n<td><a href=\"https:\/\/www.bombersdv.es\/wp-content\/uploads\/sites\/2\/2018\/08\/BOMBEROS-CP001_Candidatos-edicion.pdf\" target=\"_blank\" rel=\"noopener\">Anuncio<\/a><\/td>\n<\/tr>\n<tr>\n<td>Anuncio vacantes<\/td>\n<td>03\/09\/2018<\/td>\n<td><a href=\"https:\/\/www.bombersdv.es\/wp-content\/uploads\/2018\/09\/2018CP001Anunci_convocatoria_4_edicio_Vacant_CASTELLANO.pdf\" target=\"_blank\" rel=\"noopener\">Anuncio<\/a><\/td>\n<\/tr>\n<tr>\n<td>Subsanaci\u00f3n de errores<\/td>\n<td>24\/09\/2018<\/td>\n<td><a href=\"https:\/\/www.bombersdv.es\/wp-content\/uploads\/2018\/09\/ANUNCIO20CANDIDATOS20SUBSANACION20ERRORES20CASTELLANO.pdf\" target=\"_blank\" rel=\"noopener\">Anuncio<\/a><\/td>\n<\/tr>\n<tr>\n<td>Lista de admitidos y renuncias<\/td>\n<td>14\/11\/2018<\/td>\n<td><a href=\"https:\/\/www.bombersdv.es\/wp-content\/uploads\/2018\/11\/2018CP001_Llista-admesos-bomber.pdf\" target=\"_blank\" rel=\"noopener\">Lista de admitidos y renuncias<\/a><\/td>\n<\/tr>\n<tr>\n<td>Anuncio de la Comisi\u00f3n de Valoraci\u00f3n<\/td>\n<td>16\/11\/2018<\/td>\n<td>\n<p><a href=\"https:\/\/www.bombersdv.es\/wp-content\/uploads\/2018\/11\/2018CP001_Anuncio-Valoraci\u00f3n-m\u00e9ritos.pdf\" target=\"_blank\" rel=\"noopener\">Anuncio<\/a><\/p>\n<p><a href=\"https:\/\/www.bombersdv.es\/wp-content\/uploads\/2018\/11\/2018CP001_Anexo-I-Puntuaciones.pdf\" target=\"_blank\" rel=\"noopener\">Anexo I<\/a><\/p>\n<p><a href=\"https:\/\/www.bombersdv.es\/wp-content\/uploads\/2018\/11\/2018CP001_Puntuaciones.pdf\" target=\"_blank\" rel=\"noopener\">Tabla de puntuaciones<\/a><\/td>\n<\/tr>\n<tr>\n<td>Anunci de la Comissi\u00f3 de Valoraci\u00f3: adjudicaci\u00f3 de vacants<\/td>\n<td>28\/11\/2018<\/td>\n<td>\n<p><a href=\"https:\/\/www.bombersdv.es\/wp-content\/uploads\/2018\/11\/2018CP001_Anuncio-Adjudicaci\u00f3n-Destinos-signed.pdf\" target=\"_blank\" rel=\"noopener\">Anunci<\/a><\/p>\n<p><a href=\"https:\/\/www.bombersdv.es\/wp-content\/uploads\/2018\/11\/2018CP001_Anexo-I-Adjudicaci\u00f3n-Destinos-signed.pdf\" target=\"_blank\" rel=\"noopener\">Annex I<\/a><\/p>\n<p><a href=\"https:\/\/www.bombersdv.es\/wp-content\/uploads\/2018\/11\/2018CP001_Adjudicaciones-destinos-vacantes-CT-Bomberos.pdf\" target=\"_blank\" rel=\"noopener\">Adjudicacions<\/a><\/td>\n<\/tr>\n<\/tbody>\n<\/table>\n<\/div>\n<\/div><div class=\"fusion-clearfix\"><\/div><\/div><\/div><\/div><\/div>\n","protected":false},"excerpt":{"rendered":"","protected":false},"author":1,"featured_media":0,"parent":15127,"menu_order":0,"comment_status":"closed","ping_status":"closed","template":"","meta":{"footnotes":""},"class_list":["post-42557","page","type-page","status-publish","hentry"],"_links":{"self":[{"href":"https:\/\/www.bombersdv.es\/es\/wp-json\/wp\/v2\/pages\/42557"}],"collection":[{"href":"https:\/\/www.bombersdv.es\/es\/wp-json\/wp\/v2\/pages"}],"about":[{"href":"https:\/\/www.bombersdv.es\/es\/wp-json\/wp\/v2\/types\/page"}],"author":[{"embeddable":true,"href":"https:\/\/www.bombersdv.es\/es\/wp-json\/wp\/v2\/users\/1"}],"replies":[{"embeddable":true,"href":"https:\/\/www.bombersdv.es\/es\/wp-json\/wp\/v2\/comments?post=42557"}],"version-history":[{"count":5,"href":"https:\/\/www.bombersdv.es\/es\/wp-json\/wp\/v2\/pages\/42557\/revisions"}],"predecessor-version":[{"id":42746,"href":"https:\/\/www.bombersdv.es\/es\/wp-json\/wp\/v2\/pages\/42557\/revisions\/42746"}],"up":[{"embeddable":true,"href":"https:\/\/www.bombersdv.es\/es\/wp-json\/wp\/v2\/pages\/15127"}],"wp:attachment":[{"href":"https:\/\/www.bombersdv.es\/es\/wp-json\/wp\/v2\/media?parent=42557"}],"curies":[{"name":"wp","href":"https:\/\/api.w.org\/{rel}","templated":true}]}}