{"id":42649,"date":"2018-10-29T08:04:51","date_gmt":"2018-10-29T08:04:51","guid":{"rendered":"https:\/\/www.bombersdv.es\/?page_id=42649"},"modified":"2019-01-14T09:16:37","modified_gmt":"2019-01-14T09:16:37","slug":"rgpd2018-op001","status":"publish","type":"page","link":"https:\/\/www.bombersdv.es\/es\/rgpd2018-op001\/","title":{"rendered":"Informaci\u00f3n para el tratamiento de datos en el proceso 2018\/OP001"},"content":{"rendered":"<h2 style=\"text-align: center;\" align=\"justify\"><strong>Informaci\u00f3n para el tratamiento de datos en el proceso 2018\/OP001<\/strong><\/h2>\n<p align=\"justify\">Aqu\u00ed podr\u00e1 encontrar la informaci\u00f3n sobre el tratamiento de los datos personales en el proceso selectivo 2018\/OP001 en cumplimiento del art\u00edculo 13 del REGLAMENTO (UE) 2016\/679 DEL PARLAMENTO EUROPEO Y DEL CONSEJO de 27 de abril de 2016 relativo a la protecci\u00f3n de las personas f\u00edsicas en lo que respecta al tratamiento de datos personales y a la libre circulaci\u00f3n de estos datos (Reglamento general de protecci\u00f3n de datos) en lo sucesivo RGPD<\/p>\n<p align=\"justify\"><b>Responsable del tratamiento de sus datos: <\/b><\/p>\n<p align=\"justify\"><u>Identidad:<\/u> Consorcio para el Servicio de Prevenci\u00f3n y Extinci\u00f3n de Incendios y de Salvamento de la provincia de Valencia<\/p>\n<p align=\"justify\"><u>Forma de contactar con el responsable<\/u>: Por correo electr\u00f3nico en la direcci\u00f3n <u><a href=\"mailto:infobombers@bombersdv.es\">infobombers@bombersdv.es<\/a><\/u> Por correo postal en la direcci\u00f3n Cami de Mocada 24, 46009 Val\u00e8ncia.<\/p>\n<p align=\"justify\"><u>Datos de Contacto del Delegado de protecci\u00f3n de datos<\/u>: Para cualquier consulta o queja relacionada con el tratamiento de estos datos, el Consorcio pone a su disposici\u00f3n el buz\u00f3n del delegado de protecci\u00f3n de datos <u><a href=\"mailto:dpd@bombersdv.es\">dpd@bombersdv.es<\/a><\/u><\/p>\n<p align=\"justify\"><b>Finalidad del tratamiento: <\/b><\/p>\n<p align=\"justify\">Los datos facilitados y los incorporados a lo largo del proceso como consecuencia de la realizaci\u00f3n de pruebas u otras incidencias, ser\u00e1n utilizados exclusivamente para la gesti\u00f3n del proceso selectivo 2018\/OP001 y las posibles bolsas de trabajo que se deriven del mismo. Incluir\u00e1 la publicaci\u00f3n de las listas y anuncios a las que se hace referencia en las bases de la convocatoria y en el resto de normativa reguladora del acceso a la funci\u00f3n p\u00fablica. En ning\u00fan caso se realizar\u00e1 la publicaci\u00f3n conjunta del nombre y apellidos con el numero completo del DNI o similar que se realizar\u00e1 en la forma prevista en la Ley Org\u00e1nica 3\/2018, de 5 de diciembre, de Protecci\u00f3n de Datos Personales y garant\u00eda de los derechos digitales..<\/p>\n<p align=\"justify\">Los datos obtenidos como consecuencia de actos m\u00e9dicos (reconocimientos u otras pruebas) quedar\u00e1n bajo la exclusiva responsabilidad de los profesionales encargados de su obtenci\u00f3n y elaboraci\u00f3n, quienes facilitar\u00e1n al Consorcio las conclusiones o valoraciones imprescindibles para el desarrollo del proceso y, en su caso, la necesaria para su incorporaci\u00f3n como funcionarios.<\/p>\n<p align=\"justify\"><b>Tiempo de conservaci\u00f3n de sus datos<\/b><\/p>\n<p align=\"justify\">Los datos personales publicados ser\u00e1n eliminados de nuestra web trascurridos dos meses desde la fecha de finalizaci\u00f3n del plazo para presentar cualquier tipo de recurso contra el proceso.<\/p>\n<p align=\"justify\">Los contenidos en el expediente administrativo ser\u00e1n conservados siguiendo las normas de gesti\u00f3n documental y archivo que resulten de aplicaci\u00f3n al Consorcio<\/p>\n<p align=\"justify\"><b>Legitimaci\u00f3n para el tratamiento de tus datos<\/b><\/p>\n<p align=\"justify\">La legitimaci\u00f3n para la solicitud y tratamiento de sus datos procede de una obligaci\u00f3n legal que se fundamenta tanto en Ley 39\/2015, de 1 de octubre, del Procedimiento Administrativo Com\u00fan de las Administraciones P\u00fablicas como en la normativa reguladora del acceso a la funci\u00f3n p\u00fablica y, en \u00faltimo extremo, en los art\u00edculos 23 y 103 del texto constitucional.<\/p>\n<p align=\"justify\">Como administraci\u00f3n p\u00fablica que es, el Consorcio debe desarrollar los procesos de selecci\u00f3n de sus funcionarios de acuerdo, entre otros, con los principios de transparencia y publicidad, como garantes del principio de igualdad. Por eso, de participar en el proceso, sus datos ser\u00e1n publicados formando parte de las listas provisionales y definitivas de personas admitidas y excluidas, la relaci\u00f3n de personas finalmente aprobadas y el nombramiento como funcionarios de carrera si procede, as\u00ed como en las de resultados de cada uno de los ejercicios y en definitiva cuando lo aconsejen razones de inter\u00e9s p\u00fablico apreciadas por el \u00f3rgano competente hasta la finalizaci\u00f3n de las pruebas selectivas o, en su caso, la fase de concurso.<\/p>\n<p align=\"justify\">Las listas y resto de publicaciones se expondr\u00e1n en las sedes y p\u00e1gina web que se se\u00f1alan en las bases de la convocatoria y, cuando proceda, en los diarios oficiales.<\/p>\n<p align=\"justify\"><b>Cesi\u00f3n de datos:<\/b><\/p>\n<p align=\"justify\">No se ceder\u00e1n ni se transferir\u00e1n sin su consentimiento salvo que exista una previsi\u00f3n legal o a requerimiento de jueces o tribunales.<\/p>\n<p align=\"justify\">El procedimiento incluye la realizaci\u00f3n de un curso selectivo en el IVASPE y la pr\u00e1ctica de reconocimientos m\u00e9dicos. En ambos casos se utilizar\u00e1n los datos personales imprescindibles. El Consorcio garantizar\u00e1 que los encargos de los tratamientos se realizan de acuerdo con lo establecido en el RGPD.<\/p>\n<p align=\"justify\"><b>Derechos<\/b><\/p>\n<p align=\"justify\">Cualquier persona tiene derecho a obtener confirmaci\u00f3n sobre los tratamientos de sus datos que se llevan a cabo por el Consorcio para el Servicio de Prevenci\u00f3n y Extinci\u00f3n de Incendios y de Salvamento de la provincia de Valencia.<\/p>\n<p align=\"justify\">Puede ejercer sus derechos de acceso, rectificaci\u00f3n, supresi\u00f3n y portabilidad de sus datos, de limitaci\u00f3n y oposici\u00f3n a su tratamiento, as\u00ed como a no ser objeto de decisiones basadas \u00fanicamente en el tratamiento automatizado de sus datos, cuando procedan, ante el Consorcio, Cam\u00ed de Moncada 24, 46009 Val\u00e8ncia.<\/p>\n<p align=\"justify\"><u>Peculiaridades del derecho de oposici\u00f3n en un proceso selectivo:<\/u> La AEPD recoge en su informe 0358\/2015 que no cabe ejercitar el derecho de oposici\u00f3n respecto de los datos de car\u00e1cter personal que sean necesarios para el cumplimiento del principio de publicidad y transparencia del proceso selectivo. Es decir, en este punto existe una ley que, al consagrar el principio de publicidad, expresamente prev\u00e9 el tratamiento de datos de car\u00e1cter personal, sin que pueda cesarse en el tratamiento para lograr el buen fin del proceso selectivo. Y se entiende impl\u00edcitamente otorgado el consentimiento para el tratamiento de datos al aceptar las bases y efectuar la solicitud de participaci\u00f3n.<\/p>\n<p align=\"justify\"><u>Posibilidad de presentar una reclamaci\u00f3n ante la Agencia de protecci\u00f3n de Datos<\/u>: Si considera que el tratamiento de datos personales no se ajusta a lo previsto en la normativa de aplicaci\u00f3n y sus peticiones al Responsable y al Delegado de protecci\u00f3n de Datos no han sido debidamente atendidas, puede presentar la oportuna reclamaci\u00f3n ante la Agencia Espa\u00f1ola de Protecci\u00f3n de Datos. En su p\u00e1gina web <span style=\"color: #808080;\"><a style=\"color: #808080;\" href=\"https:\/\/www.aepd.es\/\">https:\/\/www.aepd.es\/<\/a><\/span> encontrar\u00e1 m\u00e1s informaci\u00f3n sobre la forma de hacerlo.<\/p>\n","protected":false},"excerpt":{"rendered":"<p>Informaci\u00f3n para el tratamiento de datos en el proceso 2018\/OP001 Aqu\u00ed podr\u00e1 encontrar la informaci\u00f3n sobre el tratamiento de los datos personales en el proceso selectivo 2018\/OP001 en cumplimiento del art\u00edculo 13 del REGLAMENTO (UE) 2016\/679 DEL PARLAMENTO EUROPEO Y DEL CONSEJO de 27 de abril de 2016 relativo a la protecci\u00f3n de las personas [&hellip;]<\/p>\n","protected":false},"author":1,"featured_media":0,"parent":0,"menu_order":0,"comment_status":"closed","ping_status":"closed","template":"","meta":{"footnotes":""},"class_list":["post-42649","page","type-page","status-publish","hentry"],"_links":{"self":[{"href":"https:\/\/www.bombersdv.es\/es\/wp-json\/wp\/v2\/pages\/42649"}],"collection":[{"href":"https:\/\/www.bombersdv.es\/es\/wp-json\/wp\/v2\/pages"}],"about":[{"href":"https:\/\/www.bombersdv.es\/es\/wp-json\/wp\/v2\/types\/page"}],"author":[{"embeddable":true,"href":"https:\/\/www.bombersdv.es\/es\/wp-json\/wp\/v2\/users\/1"}],"replies":[{"embeddable":true,"href":"https:\/\/www.bombersdv.es\/es\/wp-json\/wp\/v2\/comments?post=42649"}],"version-history":[{"count":3,"href":"https:\/\/www.bombersdv.es\/es\/wp-json\/wp\/v2\/pages\/42649\/revisions"}],"predecessor-version":[{"id":44091,"href":"https:\/\/www.bombersdv.es\/es\/wp-json\/wp\/v2\/pages\/42649\/revisions\/44091"}],"wp:attachment":[{"href":"https:\/\/www.bombersdv.es\/es\/wp-json\/wp\/v2\/media?parent=42649"}],"curies":[{"name":"wp","href":"https:\/\/api.w.org\/{rel}","templated":true}]}}