{"id":43076,"date":"2018-11-19T11:04:58","date_gmt":"2018-11-19T11:04:58","guid":{"rendered":"https:\/\/www.bombersdv.es\/incorporacio-com-a-bomber-de-zona-2019\/"},"modified":"2019-01-14T08:55:32","modified_gmt":"2019-01-14T08:55:32","slug":"incorporacio-com-a-bomber-de-zona-2019","status":"publish","type":"page","link":"https:\/\/www.bombersdv.es\/es\/oposiciones\/procesos-finalizados\/incorporacio-com-a-bomber-de-zona-2019\/","title":{"rendered":"Incorporaci\u00f3n como bombero de zona 2019"},"content":{"rendered":"<p><div class=\"fusion-fullwidth fullwidth-box fusion-builder-row-1 nonhundred-percent-fullwidth non-hundred-percent-height-scrolling\" style=\"--awb-background-position:left top;--awb-border-radius-top-left:0px;--awb-border-radius-top-right:0px;--awb-border-radius-bottom-right:0px;--awb-border-radius-bottom-left:0px;--awb-padding-top:20px;--awb-padding-bottom:20px;--awb-border-sizes-top:0px;--awb-border-sizes-bottom:0px;--awb-flex-wrap:wrap;\" ><\/div><div class=\"fusion-builder-row fusion-row\"><\/div><div class=\"fusion-layout-column fusion_builder_column fusion-builder-column-0 fusion_builder_column_1_1 1_1 fusion-one-full fusion-column-first fusion-column-last fusion-column-no-min-height\" style=\"--awb-bg-size:cover;--awb-margin-bottom:0px;width:100%;\"><div class=\"fusion-column-wrapper fusion-flex-column-wrapper-legacy\"><div class=\"fusion-clearfix\"><\/div><\/div><\/div><div class=\"fusion-title title fusion-title-1 fusion-sep-none fusion-title-text fusion-title-size-two\"><h2 class=\"fusion-title-heading title-heading-left fusion-responsive-typography-calculated\" style=\"margin:0;--fontSize:34;line-height:1.09;\">Incorporaci\u00f3n como bombero de zona 2019<\/h2><\/div><div class=\"fusion-text fusion-text-1\"><\/div><\/p>\n<div class=\"table-2\">\n<table width=\"100%\">\n<thead>\n<tr>\n<th>Tr\u00e1mite<\/th>\n<th>Fecha<\/th>\n<th>Documento (s)<\/th>\n<\/tr>\n<\/thead>\n<tbody>\n<tr>\n<td>Anuncio incorporaci\u00f3n bomberos de zona 2019<\/td>\n<td>19\/11\/2018<\/td>\n<td><a href=\"https:\/\/www.bombersdv.es\/wp-content\/uploads\/2018\/12\/Comunicacion-parques-con-modelo-solicitud.pdf\" target=\"_blank\" rel=\"noopener\">Comunicaci\u00f3n parques con modelo de solicitud<\/a><\/td>\n<\/tr>\n<tr>\n<td>Comunicaci\u00f3n ampliaci\u00f3n plazo presentaci\u00f3n solicitudes<\/td>\n<td>21\/11\/2018<\/td>\n<td><a href=\"https:\/\/www.bombersdv.es\/wp-content\/uploads\/2018\/12\/Comunicacion20ampliacion20plazo20presentacion20solicitud.pdf\" target=\"_blank\" rel=\"noopener\">Ampliaci\u00f3n plazo presentaci\u00f3n solicitudes<\/a><\/td>\n<\/tr>\n<tr>\n<td>Modelo de solicitud<\/td>\n<td><\/td>\n<td><a href=\"https:\/\/www.bombersdv.es\/wp-content\/uploads\/2018\/12\/INSTANCIA-BOMB-ZONA.pdf\" target=\"_blank\" rel=\"noopener\">Solicitud<\/a><\/td>\n<\/tr>\n<\/tbody>\n<\/table>\n<\/div>\n","protected":false},"excerpt":{"rendered":"<p>Tr\u00e1mite Fecha Documento (s) Anuncio incorporaci\u00f3n bomberos de zona 2019 19\/11\/2018 Comunicaci\u00f3n parques con modelo de solicitud Comunicaci\u00f3n ampliaci\u00f3n plazo presentaci\u00f3n solicitudes 21\/11\/2018 Ampliaci\u00f3n plazo presentaci\u00f3n solicitudes Modelo de solicitud Solicitud<\/p>\n","protected":false},"author":1,"featured_media":0,"parent":15127,"menu_order":0,"comment_status":"closed","ping_status":"closed","template":"","meta":{"footnotes":""},"class_list":["post-43076","page","type-page","status-publish","hentry"],"_links":{"self":[{"href":"https:\/\/www.bombersdv.es\/es\/wp-json\/wp\/v2\/pages\/43076"}],"collection":[{"href":"https:\/\/www.bombersdv.es\/es\/wp-json\/wp\/v2\/pages"}],"about":[{"href":"https:\/\/www.bombersdv.es\/es\/wp-json\/wp\/v2\/types\/page"}],"author":[{"embeddable":true,"href":"https:\/\/www.bombersdv.es\/es\/wp-json\/wp\/v2\/users\/1"}],"replies":[{"embeddable":true,"href":"https:\/\/www.bombersdv.es\/es\/wp-json\/wp\/v2\/comments?post=43076"}],"version-history":[{"count":3,"href":"https:\/\/www.bombersdv.es\/es\/wp-json\/wp\/v2\/pages\/43076\/revisions"}],"predecessor-version":[{"id":43528,"href":"https:\/\/www.bombersdv.es\/es\/wp-json\/wp\/v2\/pages\/43076\/revisions\/43528"}],"up":[{"embeddable":true,"href":"https:\/\/www.bombersdv.es\/es\/wp-json\/wp\/v2\/pages\/15127"}],"wp:attachment":[{"href":"https:\/\/www.bombersdv.es\/es\/wp-json\/wp\/v2\/media?parent=43076"}],"curies":[{"name":"wp","href":"https:\/\/api.w.org\/{rel}","templated":true}]}}